{"id":241730,"date":"2025-02-06T15:54:43","date_gmt":"2025-02-06T15:54:43","guid":{"rendered":"https:\/\/msacanada.ca\/a-propos\/board-of-directors\/"},"modified":"2025-05-14T21:55:22","modified_gmt":"2025-05-14T21:55:22","slug":"conseil-administration","status":"publish","type":"page","link":"https:\/\/msacanada.ca\/fr\/a-propos\/conseil-administration\/","title":{"rendered":"Conseil d\u2019administration"},"content":{"rendered":"<div class=\"wpb-content-wrapper\"><p>[vc_row][vc_column][vc_row_inner equal_height=\u00a0\u00bbyes\u00a0\u00bb gap=\u00a0\u00bb30&Prime;][vc_column_inner width=\u00a0\u00bb1\/3&Prime; css=\u00a0\u00bb.vc_custom_1738860355799{padding: 30px !important;background-color: #F8F8F8 !important;border-radius: 15px !important;}\u00a0\u00bb][vc_column_text css=\u00a0\u00bb\u00a0\u00bb]<\/p>\n<div align=\"center\">\n<p><img loading=\"lazy\" decoding=\"async\" class=\"alignnone size-medium wp-image-208\" src=\"https:\/\/msacanada.ca\/wp-content\/uploads\/2025\/02\/michelle-craigen-300x300.png\" alt=\"Michelle Craigen\" width=\"300\" height=\"300\" srcset=\"https:\/\/msacanada.ca\/wp-content\/uploads\/2025\/02\/michelle-craigen-300x300.png 300w, https:\/\/msacanada.ca\/wp-content\/uploads\/2025\/02\/michelle-craigen-150x150.png 150w, https:\/\/msacanada.ca\/wp-content\/uploads\/2025\/02\/michelle-craigen.png 320w\" sizes=\"auto, (max-width: 300px) 100vw, 300px\" \/><\/p>\n<h3>Michelle Craigen, MS<\/h3>\n<p><strong>Membre du conseil d\u2019administration;<br \/>\nConseill\u00e8re \u00e0 la planification des \u00e9v\u00e9nements<\/strong><\/p>\n<p><em>Bracebridge, Ontario<\/em><\/p>\n<\/div>\n<p>[\/vc_column_text][\/vc_column_inner][vc_column_inner width=\u00a0\u00bb1\/3&Prime; css=\u00a0\u00bb.vc_custom_1738860452599{padding: 30px !important;background-color: #F8F8F8 !important;border-radius: 15px !important;}\u00a0\u00bb][vc_column_text css=\u00a0\u00bb\u00a0\u00bb]<\/p>\n<div align=\"center\">\n<p><img loading=\"lazy\" decoding=\"async\" class=\"alignnone size-medium wp-image-212\" src=\"https:\/\/msacanada.ca\/wp-content\/uploads\/2025\/02\/phililp-fortier-300x300.png\" alt=\"Philip M. Fortier\" width=\"300\" height=\"300\" srcset=\"https:\/\/msacanada.ca\/wp-content\/uploads\/2025\/02\/phililp-fortier-300x300.png 300w, https:\/\/msacanada.ca\/wp-content\/uploads\/2025\/02\/phililp-fortier-150x150.png 150w, https:\/\/msacanada.ca\/wp-content\/uploads\/2025\/02\/phililp-fortier.png 329w\" sizes=\"auto, (max-width: 300px) 100vw, 300px\" \/><\/p>\n<h3>Philip M. Fortier, MA<\/h3>\n<p><strong>Pr\u00e9sident du conseil d\u2019administration;<br \/>\nMembre du Conseil des repr\u00e9sentants de MSA United<\/strong><\/p>\n<p><em>University of Detroit Mercy,<br \/>\nD\u00e9troit, Michigan<\/em><\/p>\n<\/div>\n<p>[\/vc_column_text][\/vc_column_inner][vc_column_inner width=\u00a0\u00bb1\/3&Prime; css=\u00a0\u00bb.vc_custom_1738860463763{padding: 30px !important;background-color: #F8F8F8 !important;border-radius: 15px !important;}\u00a0\u00bb][vc_column_text css=\u00a0\u00bb\u00a0\u00bb]<\/p>\n<div align=\"center\">\n<p><img loading=\"lazy\" decoding=\"async\" class=\"alignnone size-medium wp-image-213\" src=\"https:\/\/msacanada.ca\/wp-content\/uploads\/2025\/02\/beth-steve-foster-300x300.png\" alt=\"Beth Foster\" width=\"300\" height=\"300\" srcset=\"https:\/\/msacanada.ca\/wp-content\/uploads\/2025\/02\/beth-steve-foster-300x300.png 300w, https:\/\/msacanada.ca\/wp-content\/uploads\/2025\/02\/beth-steve-foster-150x150.png 150w, https:\/\/msacanada.ca\/wp-content\/uploads\/2025\/02\/beth-steve-foster.png 332w\" sizes=\"auto, (max-width: 300px) 100vw, 300px\" \/><\/p>\n<h3>Beth Foster<\/h3>\n<p><strong>Vice-pr\u00e9sidente du conseil d\u2019administration;<br \/>\nConseill\u00e8re aux \u00e9v\u00e9nements et collectes de fonds<br \/>\n(Photographi\u00e9e avec son \u00e9poux Steve, d\u00e9c\u00e9d\u00e9)<\/strong><\/p>\n<p><em>Aylmer, Ontario<\/em><\/p>\n<\/div>\n<p>[\/vc_column_text][\/vc_column_inner][\/vc_row_inner][vc_row_inner equal_height=\u00a0\u00bbyes\u00a0\u00bb gap=\u00a0\u00bb30&Prime;][vc_column_inner width=\u00a0\u00bb1\/3&Prime; css=\u00a0\u00bb.vc_custom_1738860355799{padding: 30px !important;background-color: #F8F8F8 !important;border-radius: 15px !important;}\u00a0\u00bb][vc_column_text css=\u00a0\u00bb\u00a0\u00bb]<\/p>\n<div align=\"center\">\n<p><img loading=\"lazy\" decoding=\"async\" class=\"alignnone size-medium wp-image-216\" src=\"https:\/\/msacanada.ca\/wp-content\/uploads\/2025\/02\/Mark-Lassam-300x300.png\" alt=\"Mark Lassam\" width=\"300\" height=\"300\" srcset=\"https:\/\/msacanada.ca\/wp-content\/uploads\/2025\/02\/Mark-Lassam-300x300.png 300w, https:\/\/msacanada.ca\/wp-content\/uploads\/2025\/02\/Mark-Lassam-150x150.png 150w, https:\/\/msacanada.ca\/wp-content\/uploads\/2025\/02\/Mark-Lassam.png 323w\" sizes=\"auto, (max-width: 300px) 100vw, 300px\" \/><\/p>\n<h3>Mark Lassam, CPA, CA<\/h3>\n<p><strong>Membre du conseil d\u2019administration; Tr\u00e9sori\u00e8re<\/strong><\/p>\n<p><em>St. Thomas, Ontario<\/em><\/p>\n<\/div>\n<p>[\/vc_column_text][\/vc_column_inner][vc_column_inner width=\u00a0\u00bb1\/3&Prime; css=\u00a0\u00bb.vc_custom_1738860452599{padding: 30px !important;background-color: #F8F8F8 !important;border-radius: 15px !important;}\u00a0\u00bb][vc_column_text css=\u00a0\u00bb\u00a0\u00bb]<\/p>\n<div align=\"center\">\n<p><img loading=\"lazy\" decoding=\"async\" class=\"alignnone size-medium wp-image-218\" src=\"https:\/\/msacanada.ca\/wp-content\/uploads\/2025\/02\/Val-Harper-300x300.png\" alt=\"Val Harper\" width=\"300\" height=\"300\" srcset=\"https:\/\/msacanada.ca\/wp-content\/uploads\/2025\/02\/Val-Harper-300x300.png 300w, https:\/\/msacanada.ca\/wp-content\/uploads\/2025\/02\/Val-Harper-150x150.png 150w, https:\/\/msacanada.ca\/wp-content\/uploads\/2025\/02\/Val-Harper.png 392w\" sizes=\"auto, (max-width: 300px) 100vw, 300px\" \/><\/p>\n<h3>Philip M. Fortier, MA<\/h3>\n<p><strong>Membre du conseil d\u2019administration<\/strong><\/p>\n<p><em>Winnipeg, Manitoba<\/em><\/p>\n<\/div>\n<p>[\/vc_column_text][\/vc_column_inner][vc_column_inner width=\u00a0\u00bb1\/3&Prime; css=\u00a0\u00bb.vc_custom_1738860463763{padding: 30px !important;background-color: #F8F8F8 !important;border-radius: 15px !important;}\u00a0\u00bb][vc_column_text css=\u00a0\u00bb\u00a0\u00bb]<\/p>\n<div align=\"center\">\n<p><img loading=\"lazy\" decoding=\"async\" class=\"alignnone size-full wp-image-219\" src=\"https:\/\/msacanada.ca\/wp-content\/uploads\/2025\/02\/Isabelle-Paquette.png\" alt=\"Isabelle Paquette\" width=\"300\" height=\"300\" srcset=\"https:\/\/msacanada.ca\/wp-content\/uploads\/2025\/02\/Isabelle-Paquette.png 266w, https:\/\/msacanada.ca\/wp-content\/uploads\/2025\/02\/Isabelle-Paquette-150x150.png 150w\" sizes=\"auto, (max-width: 300px) 100vw, 300px\" \/><\/p>\n<h3>Isabelle Paquette<\/h3>\n<p><strong>Membre du conseil d\u2019administration;<br \/>\nSecr\u00e9taire du conseil<\/strong><\/p>\n<p><em>Montr\u00e9al (Qu\u00e9bec)<\/em><\/p>\n<\/div>\n<p>[\/vc_column_text][\/vc_column_inner][\/vc_row_inner][\/vc_column][\/vc_row]<\/p>\n<\/div>","protected":false},"excerpt":{"rendered":"<p>[vc_row][vc_column][vc_row_inner equal_height=\u00a0\u00bbyes\u00a0\u00bb gap=\u00a0\u00bb30&Prime;][vc_column_inner width=\u00a0\u00bb1\/3&Prime; css=\u00a0\u00bb.vc_custom_1738860355799{padding: 30px !important;background-color: #F8F8F8 !important;border-radius: 15px !important;}\u00a0\u00bb][vc_column_text css=\u00a0\u00bb\u00a0\u00bb] Michelle Craigen, MS Membre du conseil d\u2019administration; Conseill\u00e8re \u00e0 la planification des \u00e9v\u00e9nements Bracebridge, Ontario [\/vc_column_text][\/vc_column_inner][vc_column_inner width=\u00a0\u00bb1\/3&Prime; css=\u00a0\u00bb.vc_custom_1738860452599{padding: 30px !important;background-color: #F8F8F8 !important;border-radius: 15px !important;}\u00a0\u00bb][vc_column_text css=\u00a0\u00bb\u00a0\u00bb] Philip M. Fortier, MA Pr\u00e9sident du conseil d\u2019administration; Membre du Conseil des repr\u00e9sentants de MSA United University of&hellip;<\/p>\n","protected":false},"author":2,"featured_media":241712,"parent":241726,"menu_order":0,"comment_status":"closed","ping_status":"closed","template":"","meta":{"footnotes":""},"class_list":["post-241730","page","type-page","status-publish","has-post-thumbnail","hentry","description-off"],"yoast_head":"<!-- This site is optimized with the Yoast SEO plugin v25.3 - https:\/\/yoast.com\/wordpress\/plugins\/seo\/ -->\n<title>Conseil d\u2019administration | Vaincre l\u2019AMS Canada<\/title>\n<meta name=\"description\" content=\"Rencontrez les membres d\u00e9vou\u00e9s et b\u00e9n\u00e9voles du conseil d\u2019administration qui dirigent Vaincre l\u2019AMS Canada dans sa mission de soutien \u00e0 la communaut\u00e9 atteinte de l\u2019AMS partout au pays.\" \/>\n<meta name=\"robots\" content=\"index, follow, max-snippet:-1, max-image-preview:large, max-video-preview:-1\" \/>\n<link rel=\"canonical\" href=\"https:\/\/msacanada.ca\/fr\/a-propos\/conseil-administration\/\" \/>\n<meta property=\"og:locale\" content=\"fr_FR\" \/>\n<meta property=\"og:type\" content=\"article\" \/>\n<meta property=\"og:title\" content=\"Conseil d\u2019administration | Vaincre l\u2019AMS Canada\" \/>\n<meta property=\"og:description\" content=\"Rencontrez les membres d\u00e9vou\u00e9s et b\u00e9n\u00e9voles du conseil d\u2019administration qui dirigent Vaincre l\u2019AMS Canada dans sa mission de soutien \u00e0 la communaut\u00e9 atteinte de l\u2019AMS partout au pays.\" \/>\n<meta property=\"og:url\" content=\"https:\/\/msacanada.ca\/fr\/a-propos\/conseil-administration\/\" \/>\n<meta property=\"og:site_name\" content=\"MSA Canada\" \/>\n<meta property=\"article:publisher\" content=\"https:\/\/www.facebook.com\/defeatmsacanada\/\" \/>\n<meta property=\"article:modified_time\" content=\"2025-05-14T21:55:22+00:00\" \/>\n<meta property=\"og:image\" content=\"https:\/\/msacanada.ca\/wp-content\/uploads\/2025\/04\/MSA-Featured.jpg\" \/>\n\t<meta property=\"og:image:width\" content=\"1920\" \/>\n\t<meta property=\"og:image:height\" content=\"1008\" \/>\n\t<meta property=\"og:image:type\" content=\"image\/jpeg\" \/>\n<meta name=\"twitter:card\" content=\"summary_large_image\" \/>\n<meta name=\"twitter:label1\" content=\"Dur\u00e9e de lecture estim\u00e9e\" \/>\n\t<meta name=\"twitter:data1\" content=\"3 minutes\" \/>\n<script type=\"application\/ld+json\" class=\"yoast-schema-graph\">{\"@context\":\"https:\/\/schema.org\",\"@graph\":[{\"@type\":\"WebPage\",\"@id\":\"https:\/\/msacanada.ca\/fr\/a-propos\/conseil-administration\/\",\"url\":\"https:\/\/msacanada.ca\/fr\/a-propos\/conseil-administration\/\",\"name\":\"Conseil d\u2019administration | Vaincre l\u2019AMS Canada\",\"isPartOf\":{\"@id\":\"https:\/\/msacanada.ca\/fr\/#website\"},\"primaryImageOfPage\":{\"@id\":\"https:\/\/msacanada.ca\/fr\/a-propos\/conseil-administration\/#primaryimage\"},\"image\":{\"@id\":\"https:\/\/msacanada.ca\/fr\/a-propos\/conseil-administration\/#primaryimage\"},\"thumbnailUrl\":\"https:\/\/msacanada.ca\/wp-content\/uploads\/2025\/04\/MSA-Featured.jpg\",\"datePublished\":\"2025-02-06T15:54:43+00:00\",\"dateModified\":\"2025-05-14T21:55:22+00:00\",\"description\":\"Rencontrez les membres d\u00e9vou\u00e9s et b\u00e9n\u00e9voles du conseil d\u2019administration qui dirigent Vaincre l\u2019AMS Canada dans sa mission de soutien \u00e0 la communaut\u00e9 atteinte de l\u2019AMS partout au pays.\",\"breadcrumb\":{\"@id\":\"https:\/\/msacanada.ca\/fr\/a-propos\/conseil-administration\/#breadcrumb\"},\"inLanguage\":\"fr-FR\",\"potentialAction\":[{\"@type\":\"ReadAction\",\"target\":[\"https:\/\/msacanada.ca\/fr\/a-propos\/conseil-administration\/\"]}]},{\"@type\":\"ImageObject\",\"inLanguage\":\"fr-FR\",\"@id\":\"https:\/\/msacanada.ca\/fr\/a-propos\/conseil-administration\/#primaryimage\",\"url\":\"https:\/\/msacanada.ca\/wp-content\/uploads\/2025\/04\/MSA-Featured.jpg\",\"contentUrl\":\"https:\/\/msacanada.ca\/wp-content\/uploads\/2025\/04\/MSA-Featured.jpg\",\"width\":1920,\"height\":1008},{\"@type\":\"BreadcrumbList\",\"@id\":\"https:\/\/msacanada.ca\/fr\/a-propos\/conseil-administration\/#breadcrumb\",\"itemListElement\":[{\"@type\":\"ListItem\",\"position\":1,\"name\":\"Home\",\"item\":\"https:\/\/msacanada.ca\/fr\/\"},{\"@type\":\"ListItem\",\"position\":2,\"name\":\"\u00c0 propos de l&#8217;AMS\",\"item\":\"https:\/\/msacanada.ca\/fr\/about\/\"},{\"@type\":\"ListItem\",\"position\":3,\"name\":\"Conseil d\u2019administration\"}]},{\"@type\":\"WebSite\",\"@id\":\"https:\/\/msacanada.ca\/fr\/#website\",\"url\":\"https:\/\/msacanada.ca\/fr\/\",\"name\":\"MSA Canada\",\"description\":\"Defeat MSA\/Vaincre AMS Canada\",\"publisher\":{\"@id\":\"https:\/\/msacanada.ca\/fr\/#organization\"},\"potentialAction\":[{\"@type\":\"SearchAction\",\"target\":{\"@type\":\"EntryPoint\",\"urlTemplate\":\"https:\/\/msacanada.ca\/fr\/?s={search_term_string}\"},\"query-input\":{\"@type\":\"PropertyValueSpecification\",\"valueRequired\":true,\"valueName\":\"search_term_string\"}}],\"inLanguage\":\"fr-FR\"},{\"@type\":\"Organization\",\"@id\":\"https:\/\/msacanada.ca\/fr\/#organization\",\"name\":\"MSA Canada\",\"url\":\"https:\/\/msacanada.ca\/fr\/\",\"logo\":{\"@type\":\"ImageObject\",\"inLanguage\":\"fr-FR\",\"@id\":\"https:\/\/msacanada.ca\/fr\/#\/schema\/logo\/image\/\",\"url\":\"https:\/\/msacanada.ca\/wp-content\/uploads\/2024\/11\/MSA-Canada-Logo-ret.png\",\"contentUrl\":\"https:\/\/msacanada.ca\/wp-content\/uploads\/2024\/11\/MSA-Canada-Logo-ret.png\",\"width\":400,\"height\":400,\"caption\":\"MSA Canada\"},\"image\":{\"@id\":\"https:\/\/msacanada.ca\/fr\/#\/schema\/logo\/image\/\"},\"sameAs\":[\"https:\/\/www.facebook.com\/defeatmsacanada\/\",\"https:\/\/www.instagram.com\/msaamscanada\/\",\"https:\/\/www.youtube.com\/channel\/UCT9R2fSQUFmhiJ_xP3hICxg\",\"https:\/\/www.linkedin.com\/company\/defeatmsacanada\"]}]}<\/script>\n<!-- \/ Yoast SEO plugin. -->","yoast_head_json":{"title":"Conseil d\u2019administration | Vaincre l\u2019AMS Canada","description":"Rencontrez les membres d\u00e9vou\u00e9s et b\u00e9n\u00e9voles du conseil d\u2019administration qui dirigent Vaincre l\u2019AMS Canada dans sa mission de soutien \u00e0 la communaut\u00e9 atteinte de l\u2019AMS partout au pays.","robots":{"index":"index","follow":"follow","max-snippet":"max-snippet:-1","max-image-preview":"max-image-preview:large","max-video-preview":"max-video-preview:-1"},"canonical":"https:\/\/msacanada.ca\/fr\/a-propos\/conseil-administration\/","og_locale":"fr_FR","og_type":"article","og_title":"Conseil d\u2019administration | Vaincre l\u2019AMS Canada","og_description":"Rencontrez les membres d\u00e9vou\u00e9s et b\u00e9n\u00e9voles du conseil d\u2019administration qui dirigent Vaincre l\u2019AMS Canada dans sa mission de soutien \u00e0 la communaut\u00e9 atteinte de l\u2019AMS partout au pays.","og_url":"https:\/\/msacanada.ca\/fr\/a-propos\/conseil-administration\/","og_site_name":"MSA Canada","article_publisher":"https:\/\/www.facebook.com\/defeatmsacanada\/","article_modified_time":"2025-05-14T21:55:22+00:00","og_image":[{"width":1920,"height":1008,"url":"https:\/\/msacanada.ca\/wp-content\/uploads\/2025\/04\/MSA-Featured.jpg","type":"image\/jpeg"}],"twitter_card":"summary_large_image","twitter_misc":{"Dur\u00e9e de lecture estim\u00e9e":"3 minutes"},"schema":{"@context":"https:\/\/schema.org","@graph":[{"@type":"WebPage","@id":"https:\/\/msacanada.ca\/fr\/a-propos\/conseil-administration\/","url":"https:\/\/msacanada.ca\/fr\/a-propos\/conseil-administration\/","name":"Conseil d\u2019administration | Vaincre l\u2019AMS Canada","isPartOf":{"@id":"https:\/\/msacanada.ca\/fr\/#website"},"primaryImageOfPage":{"@id":"https:\/\/msacanada.ca\/fr\/a-propos\/conseil-administration\/#primaryimage"},"image":{"@id":"https:\/\/msacanada.ca\/fr\/a-propos\/conseil-administration\/#primaryimage"},"thumbnailUrl":"https:\/\/msacanada.ca\/wp-content\/uploads\/2025\/04\/MSA-Featured.jpg","datePublished":"2025-02-06T15:54:43+00:00","dateModified":"2025-05-14T21:55:22+00:00","description":"Rencontrez les membres d\u00e9vou\u00e9s et b\u00e9n\u00e9voles du conseil d\u2019administration qui dirigent Vaincre l\u2019AMS Canada dans sa mission de soutien \u00e0 la communaut\u00e9 atteinte de l\u2019AMS partout au pays.","breadcrumb":{"@id":"https:\/\/msacanada.ca\/fr\/a-propos\/conseil-administration\/#breadcrumb"},"inLanguage":"fr-FR","potentialAction":[{"@type":"ReadAction","target":["https:\/\/msacanada.ca\/fr\/a-propos\/conseil-administration\/"]}]},{"@type":"ImageObject","inLanguage":"fr-FR","@id":"https:\/\/msacanada.ca\/fr\/a-propos\/conseil-administration\/#primaryimage","url":"https:\/\/msacanada.ca\/wp-content\/uploads\/2025\/04\/MSA-Featured.jpg","contentUrl":"https:\/\/msacanada.ca\/wp-content\/uploads\/2025\/04\/MSA-Featured.jpg","width":1920,"height":1008},{"@type":"BreadcrumbList","@id":"https:\/\/msacanada.ca\/fr\/a-propos\/conseil-administration\/#breadcrumb","itemListElement":[{"@type":"ListItem","position":1,"name":"Home","item":"https:\/\/msacanada.ca\/fr\/"},{"@type":"ListItem","position":2,"name":"\u00c0 propos de l&#8217;AMS","item":"https:\/\/msacanada.ca\/fr\/about\/"},{"@type":"ListItem","position":3,"name":"Conseil d\u2019administration"}]},{"@type":"WebSite","@id":"https:\/\/msacanada.ca\/fr\/#website","url":"https:\/\/msacanada.ca\/fr\/","name":"MSA Canada","description":"Defeat MSA\/Vaincre AMS Canada","publisher":{"@id":"https:\/\/msacanada.ca\/fr\/#organization"},"potentialAction":[{"@type":"SearchAction","target":{"@type":"EntryPoint","urlTemplate":"https:\/\/msacanada.ca\/fr\/?s={search_term_string}"},"query-input":{"@type":"PropertyValueSpecification","valueRequired":true,"valueName":"search_term_string"}}],"inLanguage":"fr-FR"},{"@type":"Organization","@id":"https:\/\/msacanada.ca\/fr\/#organization","name":"MSA Canada","url":"https:\/\/msacanada.ca\/fr\/","logo":{"@type":"ImageObject","inLanguage":"fr-FR","@id":"https:\/\/msacanada.ca\/fr\/#\/schema\/logo\/image\/","url":"https:\/\/msacanada.ca\/wp-content\/uploads\/2024\/11\/MSA-Canada-Logo-ret.png","contentUrl":"https:\/\/msacanada.ca\/wp-content\/uploads\/2024\/11\/MSA-Canada-Logo-ret.png","width":400,"height":400,"caption":"MSA Canada"},"image":{"@id":"https:\/\/msacanada.ca\/fr\/#\/schema\/logo\/image\/"},"sameAs":["https:\/\/www.facebook.com\/defeatmsacanada\/","https:\/\/www.instagram.com\/msaamscanada\/","https:\/\/www.youtube.com\/channel\/UCT9R2fSQUFmhiJ_xP3hICxg","https:\/\/www.linkedin.com\/company\/defeatmsacanada"]}]}},"_links":{"self":[{"href":"https:\/\/msacanada.ca\/fr\/wp-json\/wp\/v2\/pages\/241730","targetHints":{"allow":["GET"]}}],"collection":[{"href":"https:\/\/msacanada.ca\/fr\/wp-json\/wp\/v2\/pages"}],"about":[{"href":"https:\/\/msacanada.ca\/fr\/wp-json\/wp\/v2\/types\/page"}],"author":[{"embeddable":true,"href":"https:\/\/msacanada.ca\/fr\/wp-json\/wp\/v2\/users\/2"}],"replies":[{"embeddable":true,"href":"https:\/\/msacanada.ca\/fr\/wp-json\/wp\/v2\/comments?post=241730"}],"version-history":[{"count":2,"href":"https:\/\/msacanada.ca\/fr\/wp-json\/wp\/v2\/pages\/241730\/revisions"}],"predecessor-version":[{"id":241732,"href":"https:\/\/msacanada.ca\/fr\/wp-json\/wp\/v2\/pages\/241730\/revisions\/241732"}],"up":[{"embeddable":true,"href":"https:\/\/msacanada.ca\/fr\/wp-json\/wp\/v2\/pages\/241726"}],"wp:featuredmedia":[{"embeddable":true,"href":"https:\/\/msacanada.ca\/fr\/wp-json\/wp\/v2\/media\/241712"}],"wp:attachment":[{"href":"https:\/\/msacanada.ca\/fr\/wp-json\/wp\/v2\/media?parent=241730"}],"curies":[{"name":"wp","href":"https:\/\/api.w.org\/{rel}","templated":true}]}}