{"id":241733,"date":"2025-02-06T18:41:34","date_gmt":"2025-02-06T18:41:34","guid":{"rendered":"https:\/\/msacanada.ca\/a-propos\/financials\/"},"modified":"2025-05-16T21:14:54","modified_gmt":"2025-05-16T21:14:54","slug":"finances","status":"publish","type":"page","link":"https:\/\/msacanada.ca\/fr\/a-propos\/finances\/","title":{"rendered":"Finances"},"content":{"rendered":"<div class=\"wpb-content-wrapper\"><p>[vc_row full_width=\u00a0\u00bbstretch_row\u00a0\u00bb][vc_column][vc_column_text css=\u00a0\u00bb.vc_custom_1747259742278{margin-bottom: 20px !important;}\u00a0\u00bb]<\/p>\n<h2>Organisation de bienfaisance enregistr\u00e9e<\/h2>\n<p>Defeat MSA Canada\/Vaincre l\u2019AMS Canada est une organisation de bienfaisance enregistr\u00e9e officielle, reconnue par l&rsquo;Agence du revenu du Canada. Les contributions \u00e0 l&rsquo;organisation sont d\u00e9ductibles. Elle est qualifi\u00e9e pour recevoir des legs, des donations, des transferts et des cadeaux d\u00e9ductibles d&rsquo;imp\u00f4t.[\/vc_column_text]<style type=\"text\/css\" data-type=\"the7_shortcodes-inline-css\">#default-btn-184d61639a010b894e77a9f102e12dc5 {\n  border-radius: 3px;\n  font-size: 14px;\n  line-height: 16px;\n}\n.btn-shadow#default-btn-184d61639a010b894e77a9f102e12dc5 {\n  box-shadow: 0 1px 6px rgba(0,0,0,0.12);\n  transition: box-shadow 0.2s ease-out, opacity 0.45s;\n}\n.btn-shadow#default-btn-184d61639a010b894e77a9f102e12dc5:hover {\n  box-shadow: 0 5px 11px 0 rgba(0,0,0,0.18), 0 4px 15px 0 rgba(0,0,0,0.15);\n}\n.btn-3d#default-btn-184d61639a010b894e77a9f102e12dc5 {\n  box-shadow: 0px 2px 0px 0px #5c5166;\n}\n.btn-3d#default-btn-184d61639a010b894e77a9f102e12dc5:hover {\n  box-shadow: 0px 2px 0px 0px #403848;\n}\n.btn-flat#default-btn-184d61639a010b894e77a9f102e12dc5 {\n  box-shadow: none;\n}\n.btn-flat#default-btn-184d61639a010b894e77a9f102e12dc5:hover {\n  box-shadow: none;\n}\n#default-btn-184d61639a010b894e77a9f102e12dc5.ico-right-side > i {\n  margin-right: 0px;\n  margin-left: 10px;\n}\n#default-btn-184d61639a010b894e77a9f102e12dc5 > i {\n  margin-right: 10px;\n  font-size: 14px;\n}\n#default-btn-184d61639a010b894e77a9f102e12dc5:not(:hover) {\n  border-width: 1px;\n  border-color: #7B54A0 !important;\n  color: #FFFFFF;\n  background: #7B54A0 !important;\n  padding: 10px 15px 10px 15px;\n}\n#default-btn-184d61639a010b894e77a9f102e12dc5:not(:hover) * {\n  color: #FFFFFF;\n}\n#default-btn-184d61639a010b894e77a9f102e12dc5:hover {\n  border-width: 1px;\n  border-color: #5F407D !important;\n  color: #FFFFFF;\n  background: #5F407D !important;\n  padding: 10px 15px 10px 15px;\n}\n#default-btn-184d61639a010b894e77a9f102e12dc5:hover * {\n  color: #FFFFFF;\n}\n#default-btn-184d61639a010b894e77a9f102e12dc5.ico-right-side > i {\n  margin-right: 0px;\n  margin-left: 10px;\n}\n#default-btn-184d61639a010b894e77a9f102e12dc5 > i {\n  margin-right: 10px;\n}\n<\/style><a href=\"https:\/\/apps.cra-arc.gc.ca\/ebci\/hacc\/srch\/pub\/dsplyCptchFrm\" class=\"default-btn-shortcode dt-btn link-hover-off ico-right-side btn-inline-left btn-flat \" target=\"_blank\" id=\"default-btn-184d61639a010b894e77a9f102e12dc5\" rel=\"noopener\"><span>Inscription au r\u00e9pertoire des organismes de bienfaisance<\/span><i class=\"dt-icon-the7-arrow-0-41\"><\/i><\/a>[vc_empty_space height=\u00a0\u00bb50px\u00a0\u00bb][vc_row_inner][vc_column_inner]<div class=\"dt-fancy-separator title-left h3-size accent-border-color\" style=\"width: 100%;\"><div class=\"dt-fancy-title\" style=\"color: #1E1E1E;\"><span class=\"separator-holder separator-left\"><\/span>Financement pour le soutien aux patients atteints de l&#039;AMS, la sensibilisation et l&#039;\u00e9ducation<span class=\"separator-holder separator-right\"><\/span><\/div><\/div>[vc_empty_space height=\u00a0\u00bb20px\u00a0\u00bb][vc_column_text css=\u00a0\u00bb\u00a0\u00bb]Une partie des fonds collect\u00e9s par Defeat MSA Canada\/Vaincre l\u2019AMS Canada gr\u00e2ce aux dons et autres sources de financement sera dirig\u00e9e vers des initiatives visant \u00e0 aider les patients actuellement atteints de la maladie, \u00e0 soutenir l&rsquo;\u00e9ducation des professionnels de la sant\u00e9 et \u00e0 d\u00e9velopper des campagnes de sensibilisation. Afin de mener \u00e0 bien ces activit\u00e9s, de mani\u00e8re \u00e9conomiquement viable et avec un impact plus important, Defeat MSA Canada\/Vaincre AMS Canada collaborera avec nos organismes de bienfaisance partenaires pour atteindre nos objectifs de soutien, d&rsquo;\u00e9ducation et de sensibilisation.[\/vc_column_text][\/vc_column_inner][\/vc_row_inner][vc_row_inner][vc_column_inner]<div class=\"dt-fancy-separator title-left h3-size accent-border-color\" style=\"width: 100%;\"><div class=\"dt-fancy-title\" style=\"color: #1E1E1E;\"><span class=\"separator-holder separator-left\"><\/span>Financement pour la recherche curative sur l&#039;AMS<span class=\"separator-holder separator-right\"><\/span><\/div><\/div>[vc_empty_space height=\u00a0\u00bb20px\u00a0\u00bb][vc_column_text css=\u00a0\u00bb\u00a0\u00bb]Une autre partie des fonds collect\u00e9s par Defeat MSA Canada\/Vaincre l&rsquo;AMS Canada gr\u00e2ce aux dons et autres sources de financement sera dirig\u00e9e vers des efforts visant \u00e0 gu\u00e9rir et\/ou ralentir la progression de la maladie. \u00c0 cet \u00e9gard, nous encouragerons les recherches prometteuses les plus proches de l&rsquo;application clinique et, pour ce faire de mani\u00e8re \u00e9conomiquement viable, Defeat MSA Canada\/Vaincre AMS Canada consultera \u00e0 la fois les membres de son propre comit\u00e9 consultatif de recherche b\u00e9n\u00e9vole, des experts ad hoc et des partenaires d&rsquo;organismes de bienfaisance alli\u00e9s. Comme pour toutes nos activit\u00e9s, notre objectif sera de maintenir les plus hauts standards d&rsquo;\u00e9thique professionnelle, d&rsquo;int\u00e9grit\u00e9 organisationnelle et de transparence financi\u00e8re.<\/p>\n<p><strong>Le conseil d&rsquo;administration, le directeur de l&rsquo;organisation et tous les conseillers associ\u00e9s \u00e0 l&rsquo;organisation sont des b\u00e9n\u00e9voles. Il n&rsquo;y a pas d&#8217;employ\u00e9s r\u00e9mun\u00e9r\u00e9s.<\/strong>[\/vc_column_text][\/vc_column_inner][\/vc_row_inner]<style type=\"text\/css\" data-type=\"the7_shortcodes-inline-css\">#default-btn-f091d4baf3c510adaf45bfc079766cee {\n  border-radius: 3px;\n  font-size: 16px;\n  line-height: 18px;\n}\n.btn-shadow#default-btn-f091d4baf3c510adaf45bfc079766cee {\n  box-shadow: 0 1px 6px rgba(0,0,0,0.12);\n  transition: box-shadow 0.2s ease-out, opacity 0.45s;\n}\n.btn-shadow#default-btn-f091d4baf3c510adaf45bfc079766cee:hover {\n  box-shadow: 0 5px 11px 0 rgba(0,0,0,0.18), 0 4px 15px 0 rgba(0,0,0,0.15);\n}\n.btn-3d#default-btn-f091d4baf3c510adaf45bfc079766cee {\n  box-shadow: 0px 2px 0px 0px #903143;\n}\n.btn-3d#default-btn-f091d4baf3c510adaf45bfc079766cee:hover {\n  box-shadow: 0px 2px 0px 0px #67202d;\n}\n.btn-flat#default-btn-f091d4baf3c510adaf45bfc079766cee {\n  box-shadow: none;\n}\n.btn-flat#default-btn-f091d4baf3c510adaf45bfc079766cee:hover {\n  box-shadow: none;\n}\n#default-btn-f091d4baf3c510adaf45bfc079766cee.ico-right-side > i {\n  margin-right: 0px;\n  margin-left: 10px;\n}\n#default-btn-f091d4baf3c510adaf45bfc079766cee > i {\n  margin-right: 10px;\n  font-size: 16px;\n}\n#default-btn-f091d4baf3c510adaf45bfc079766cee:not(:hover) {\n  border-width: 1px;\n  border-color: #D72749 !important;\n  color: #FFFFFF;\n  background: #D72749 !important;\n  padding: 15px 20px 15px 20px;\n}\n#default-btn-f091d4baf3c510adaf45bfc079766cee:not(:hover) * {\n  color: #FFFFFF;\n}\n#default-btn-f091d4baf3c510adaf45bfc079766cee:hover {\n  border-width: 1px;\n  border-color: #A91B36 !important;\n  color: #FFFFFF;\n  background: #A91B36 !important;\n  padding: 15px 20px 15px 20px;\n}\n#default-btn-f091d4baf3c510adaf45bfc079766cee:hover * {\n  color: #FFFFFF;\n}\n#default-btn-f091d4baf3c510adaf45bfc079766cee.ico-right-side > i {\n  margin-right: 0px;\n  margin-left: 10px;\n}\n#default-btn-f091d4baf3c510adaf45bfc079766cee > i {\n  margin-right: 10px;\n}\n<\/style><a href=\"https:\/\/msacanada.ca\/wp-content\/uploads\/2025\/02\/CORPORATE-LICENSE-CHARITABLE-ORGANIZATION.pdf\" class=\"default-btn-shortcode dt-btn link-hover-off ico-right-side btn-inline-left btn-flat  vc_custom_1747258026290\" target=\"_blank\" id=\"default-btn-f091d4baf3c510adaf45bfc079766cee\" rel=\"noopener\"><span>LICENCE CORPORATIVE<\/span><i class=\"fas fa-file-pdf\"><\/i><\/a><style type=\"text\/css\" data-type=\"the7_shortcodes-inline-css\">#default-btn-9a3aa1019d81c73e6203ecb058f61d18 {\n  border-radius: 3px;\n  font-size: 16px;\n  line-height: 18px;\n}\n.btn-shadow#default-btn-9a3aa1019d81c73e6203ecb058f61d18 {\n  box-shadow: 0 1px 6px rgba(0,0,0,0.12);\n  transition: box-shadow 0.2s ease-out, opacity 0.45s;\n}\n.btn-shadow#default-btn-9a3aa1019d81c73e6203ecb058f61d18:hover {\n  box-shadow: 0 5px 11px 0 rgba(0,0,0,0.18), 0 4px 15px 0 rgba(0,0,0,0.15);\n}\n.btn-3d#default-btn-9a3aa1019d81c73e6203ecb058f61d18 {\n  box-shadow: 0px 2px 0px 0px #903143;\n}\n.btn-3d#default-btn-9a3aa1019d81c73e6203ecb058f61d18:hover {\n  box-shadow: 0px 2px 0px 0px #67202d;\n}\n.btn-flat#default-btn-9a3aa1019d81c73e6203ecb058f61d18 {\n  box-shadow: none;\n}\n.btn-flat#default-btn-9a3aa1019d81c73e6203ecb058f61d18:hover {\n  box-shadow: none;\n}\n#default-btn-9a3aa1019d81c73e6203ecb058f61d18.ico-right-side > i {\n  margin-right: 0px;\n  margin-left: 10px;\n}\n#default-btn-9a3aa1019d81c73e6203ecb058f61d18 > i {\n  margin-right: 10px;\n  font-size: 16px;\n}\n#default-btn-9a3aa1019d81c73e6203ecb058f61d18:not(:hover) {\n  border-width: 1px;\n  border-color: #D72749 !important;\n  color: #FFFFFF;\n  background: #D72749 !important;\n  padding: 15px 20px 15px 20px;\n}\n#default-btn-9a3aa1019d81c73e6203ecb058f61d18:not(:hover) * {\n  color: #FFFFFF;\n}\n#default-btn-9a3aa1019d81c73e6203ecb058f61d18:hover {\n  border-width: 1px;\n  border-color: #A91B36 !important;\n  color: #FFFFFF;\n  background: #A91B36 !important;\n  padding: 15px 20px 15px 20px;\n}\n#default-btn-9a3aa1019d81c73e6203ecb058f61d18:hover * {\n  color: #FFFFFF;\n}\n#default-btn-9a3aa1019d81c73e6203ecb058f61d18.ico-right-side > i {\n  margin-right: 0px;\n  margin-left: 10px;\n}\n#default-btn-9a3aa1019d81c73e6203ecb058f61d18 > i {\n  margin-right: 10px;\n}\n<\/style><a href=\"https:\/\/msacanada.ca\/wp-content\/uploads\/2025\/02\/CANADIAN-LETTER-CHARITIABLE-REG.pdf\" class=\"default-btn-shortcode dt-btn link-hover-off ico-right-side btn-inline-left btn-flat  vc_custom_1747258039733\" target=\"_blank\" id=\"default-btn-9a3aa1019d81c73e6203ecb058f61d18\" rel=\"noopener\"><span>LETTRE D&rsquo;ENREGISTREMENT D&rsquo;ORGANISME DE BIENFAISANCE<\/span><i class=\"fas fa-file-pdf\"><\/i><\/a><style type=\"text\/css\" data-type=\"the7_shortcodes-inline-css\">#default-btn-5886dab13724d7f2c942eaae4ce5866c {\n  border-radius: 3px;\n  font-size: 16px;\n  line-height: 18px;\n}\n.btn-shadow#default-btn-5886dab13724d7f2c942eaae4ce5866c {\n  box-shadow: 0 1px 6px rgba(0,0,0,0.12);\n  transition: box-shadow 0.2s ease-out, opacity 0.45s;\n}\n.btn-shadow#default-btn-5886dab13724d7f2c942eaae4ce5866c:hover {\n  box-shadow: 0 5px 11px 0 rgba(0,0,0,0.18), 0 4px 15px 0 rgba(0,0,0,0.15);\n}\n.btn-3d#default-btn-5886dab13724d7f2c942eaae4ce5866c {\n  box-shadow: 0px 2px 0px 0px #903143;\n}\n.btn-3d#default-btn-5886dab13724d7f2c942eaae4ce5866c:hover {\n  box-shadow: 0px 2px 0px 0px #67202d;\n}\n.btn-flat#default-btn-5886dab13724d7f2c942eaae4ce5866c {\n  box-shadow: none;\n}\n.btn-flat#default-btn-5886dab13724d7f2c942eaae4ce5866c:hover {\n  box-shadow: none;\n}\n#default-btn-5886dab13724d7f2c942eaae4ce5866c.ico-right-side > i {\n  margin-right: 0px;\n  margin-left: 10px;\n}\n#default-btn-5886dab13724d7f2c942eaae4ce5866c > i {\n  margin-right: 10px;\n  font-size: 16px;\n}\n#default-btn-5886dab13724d7f2c942eaae4ce5866c:not(:hover) {\n  border-width: 1px;\n  border-color: #D72749 !important;\n  color: #FFFFFF;\n  background: #D72749 !important;\n  padding: 15px 20px 15px 20px;\n}\n#default-btn-5886dab13724d7f2c942eaae4ce5866c:not(:hover) * {\n  color: #FFFFFF;\n}\n#default-btn-5886dab13724d7f2c942eaae4ce5866c:hover {\n  border-width: 1px;\n  border-color: #A91B36 !important;\n  color: #FFFFFF;\n  background: #A91B36 !important;\n  padding: 15px 20px 15px 20px;\n}\n#default-btn-5886dab13724d7f2c942eaae4ce5866c:hover * {\n  color: #FFFFFF;\n}\n#default-btn-5886dab13724d7f2c942eaae4ce5866c.ico-right-side > i {\n  margin-right: 0px;\n  margin-left: 10px;\n}\n#default-btn-5886dab13724d7f2c942eaae4ce5866c > i {\n  margin-right: 10px;\n}\n<\/style><a href=\"https:\/\/msacanada.ca\/wp-content\/uploads\/2025\/02\/Supplementary-Letters-Patent-June-7-2021.pdf\" class=\"default-btn-shortcode dt-btn link-hover-off ico-right-side btn-inline-left btn-flat  vc_custom_1747258057400\" target=\"_blank\" id=\"default-btn-5886dab13724d7f2c942eaae4ce5866c\" rel=\"noopener\"><span>LETTR\u00c9S PATENTES<\/span><i class=\"fas fa-file-pdf\"><\/i><\/a><style type=\"text\/css\" data-type=\"the7_shortcodes-inline-css\">#default-btn-e74dca0ea0ab9f554673462d8747b930 {\n  border-radius: 3px;\n  font-size: 16px;\n  line-height: 18px;\n}\n.btn-shadow#default-btn-e74dca0ea0ab9f554673462d8747b930 {\n  box-shadow: 0 1px 6px rgba(0,0,0,0.12);\n  transition: box-shadow 0.2s ease-out, opacity 0.45s;\n}\n.btn-shadow#default-btn-e74dca0ea0ab9f554673462d8747b930:hover {\n  box-shadow: 0 5px 11px 0 rgba(0,0,0,0.18), 0 4px 15px 0 rgba(0,0,0,0.15);\n}\n.btn-3d#default-btn-e74dca0ea0ab9f554673462d8747b930 {\n  box-shadow: 0px 2px 0px 0px #903143;\n}\n.btn-3d#default-btn-e74dca0ea0ab9f554673462d8747b930:hover {\n  box-shadow: 0px 2px 0px 0px #67202d;\n}\n.btn-flat#default-btn-e74dca0ea0ab9f554673462d8747b930 {\n  box-shadow: none;\n}\n.btn-flat#default-btn-e74dca0ea0ab9f554673462d8747b930:hover {\n  box-shadow: none;\n}\n#default-btn-e74dca0ea0ab9f554673462d8747b930.ico-right-side > i {\n  margin-right: 0px;\n  margin-left: 10px;\n}\n#default-btn-e74dca0ea0ab9f554673462d8747b930 > i {\n  margin-right: 10px;\n  font-size: 16px;\n}\n#default-btn-e74dca0ea0ab9f554673462d8747b930:not(:hover) {\n  border-width: 1px;\n  border-color: #D72749 !important;\n  color: #FFFFFF;\n  background: #D72749 !important;\n  padding: 15px 20px 15px 20px;\n}\n#default-btn-e74dca0ea0ab9f554673462d8747b930:not(:hover) * {\n  color: #FFFFFF;\n}\n#default-btn-e74dca0ea0ab9f554673462d8747b930:hover {\n  border-width: 1px;\n  border-color: #A91B36 !important;\n  color: #FFFFFF;\n  background: #A91B36 !important;\n  padding: 15px 20px 15px 20px;\n}\n#default-btn-e74dca0ea0ab9f554673462d8747b930:hover * {\n  color: #FFFFFF;\n}\n#default-btn-e74dca0ea0ab9f554673462d8747b930.ico-right-side > i {\n  margin-right: 0px;\n  margin-left: 10px;\n}\n#default-btn-e74dca0ea0ab9f554673462d8747b930 > i {\n  margin-right: 10px;\n}\n<\/style><a href=\"https:\/\/msacanada.ca\/wp-content\/uploads\/2025\/02\/Incorporation-Defeat-MSA-Vaincre-AMS-Canada.pdf\" class=\"default-btn-shortcode dt-btn link-hover-off ico-right-side btn-inline-left btn-flat  vc_custom_1747258070526\" target=\"_blank\" id=\"default-btn-e74dca0ea0ab9f554673462d8747b930\" rel=\"noopener\"><span>CERTIFICAT DE STATUT CORPORATIF<\/span><i class=\"fas fa-file-pdf\"><\/i><\/a>[\/vc_column][\/vc_row]<\/p>\n<\/div>","protected":false},"excerpt":{"rendered":"<p>[vc_row full_width=\u00a0\u00bbstretch_row\u00a0\u00bb][vc_column][vc_column_text css=\u00a0\u00bb.vc_custom_1747259742278{margin-bottom: 20px !important;}\u00a0\u00bb] Organisation de bienfaisance enregistr\u00e9e Defeat MSA Canada\/Vaincre l\u2019AMS Canada est une organisation de bienfaisance enregistr\u00e9e officielle, reconnue par l&rsquo;Agence du revenu du Canada. Les contributions \u00e0 l&rsquo;organisation sont d\u00e9ductibles. Elle est qualifi\u00e9e pour recevoir des legs, des donations, des transferts et des cadeaux d\u00e9ductibles d&rsquo;imp\u00f4t.[\/vc_column_text][vc_empty_space height=\u00a0\u00bb50px\u00a0\u00bb][vc_row_inner][vc_column_inner][vc_empty_space height=\u00a0\u00bb20px\u00a0\u00bb][vc_column_text css=\u00a0\u00bb\u00a0\u00bb]Une partie des&hellip;<\/p>\n","protected":false},"author":2,"featured_media":241712,"parent":241726,"menu_order":0,"comment_status":"closed","ping_status":"closed","template":"","meta":{"footnotes":""},"class_list":["post-241733","page","type-page","status-publish","has-post-thumbnail","hentry","description-off"],"yoast_head":"<!-- This site is optimized with the Yoast SEO plugin v25.3 - https:\/\/yoast.com\/wordpress\/plugins\/seo\/ -->\n<title>Finances | Vaincre l&#039;AMS Canada<\/title>\n<meta name=\"description\" content=\"Defeat MSA Canada est une organisation de bienfaisance enregistr\u00e9e au Canada. D\u00e9couvrez notre transparence financi\u00e8re et comment vos contributions soutiennent notre mission.\" \/>\n<meta name=\"robots\" content=\"index, follow, max-snippet:-1, max-image-preview:large, max-video-preview:-1\" \/>\n<link rel=\"canonical\" href=\"https:\/\/msacanada.ca\/fr\/a-propos\/finances\/\" \/>\n<meta property=\"og:locale\" content=\"fr_FR\" \/>\n<meta property=\"og:type\" content=\"article\" \/>\n<meta property=\"og:title\" content=\"Finances | Vaincre l&#039;AMS Canada\" \/>\n<meta property=\"og:description\" content=\"Defeat MSA Canada est une organisation de bienfaisance enregistr\u00e9e au Canada. D\u00e9couvrez notre transparence financi\u00e8re et comment vos contributions soutiennent notre mission.\" \/>\n<meta property=\"og:url\" content=\"https:\/\/msacanada.ca\/fr\/a-propos\/finances\/\" \/>\n<meta property=\"og:site_name\" content=\"MSA Canada\" \/>\n<meta property=\"article:publisher\" content=\"https:\/\/www.facebook.com\/defeatmsacanada\/\" \/>\n<meta property=\"article:modified_time\" content=\"2025-05-16T21:14:54+00:00\" \/>\n<meta property=\"og:image\" content=\"https:\/\/msacanada.ca\/wp-content\/uploads\/2025\/04\/MSA-Featured.jpg\" \/>\n\t<meta property=\"og:image:width\" content=\"1920\" \/>\n\t<meta property=\"og:image:height\" content=\"1008\" \/>\n\t<meta property=\"og:image:type\" content=\"image\/jpeg\" \/>\n<meta name=\"twitter:card\" content=\"summary_large_image\" \/>\n<meta name=\"twitter:label1\" content=\"Dur\u00e9e de lecture estim\u00e9e\" \/>\n\t<meta name=\"twitter:data1\" content=\"3 minutes\" \/>\n<script type=\"application\/ld+json\" class=\"yoast-schema-graph\">{\"@context\":\"https:\/\/schema.org\",\"@graph\":[{\"@type\":\"WebPage\",\"@id\":\"https:\/\/msacanada.ca\/fr\/a-propos\/finances\/\",\"url\":\"https:\/\/msacanada.ca\/fr\/a-propos\/finances\/\",\"name\":\"Finances | Vaincre l'AMS Canada\",\"isPartOf\":{\"@id\":\"https:\/\/msacanada.ca\/fr\/#website\"},\"primaryImageOfPage\":{\"@id\":\"https:\/\/msacanada.ca\/fr\/a-propos\/finances\/#primaryimage\"},\"image\":{\"@id\":\"https:\/\/msacanada.ca\/fr\/a-propos\/finances\/#primaryimage\"},\"thumbnailUrl\":\"https:\/\/msacanada.ca\/wp-content\/uploads\/2025\/04\/MSA-Featured.jpg\",\"datePublished\":\"2025-02-06T18:41:34+00:00\",\"dateModified\":\"2025-05-16T21:14:54+00:00\",\"description\":\"Defeat MSA Canada est une organisation de bienfaisance enregistr\u00e9e au Canada. D\u00e9couvrez notre transparence financi\u00e8re et comment vos contributions soutiennent notre mission.\",\"breadcrumb\":{\"@id\":\"https:\/\/msacanada.ca\/fr\/a-propos\/finances\/#breadcrumb\"},\"inLanguage\":\"fr-FR\",\"potentialAction\":[{\"@type\":\"ReadAction\",\"target\":[\"https:\/\/msacanada.ca\/fr\/a-propos\/finances\/\"]}]},{\"@type\":\"ImageObject\",\"inLanguage\":\"fr-FR\",\"@id\":\"https:\/\/msacanada.ca\/fr\/a-propos\/finances\/#primaryimage\",\"url\":\"https:\/\/msacanada.ca\/wp-content\/uploads\/2025\/04\/MSA-Featured.jpg\",\"contentUrl\":\"https:\/\/msacanada.ca\/wp-content\/uploads\/2025\/04\/MSA-Featured.jpg\",\"width\":1920,\"height\":1008},{\"@type\":\"BreadcrumbList\",\"@id\":\"https:\/\/msacanada.ca\/fr\/a-propos\/finances\/#breadcrumb\",\"itemListElement\":[{\"@type\":\"ListItem\",\"position\":1,\"name\":\"Home\",\"item\":\"https:\/\/msacanada.ca\/fr\/\"},{\"@type\":\"ListItem\",\"position\":2,\"name\":\"\u00c0 propos de l&#8217;AMS\",\"item\":\"https:\/\/msacanada.ca\/fr\/about\/\"},{\"@type\":\"ListItem\",\"position\":3,\"name\":\"Finances\"}]},{\"@type\":\"WebSite\",\"@id\":\"https:\/\/msacanada.ca\/fr\/#website\",\"url\":\"https:\/\/msacanada.ca\/fr\/\",\"name\":\"MSA Canada\",\"description\":\"Defeat MSA\/Vaincre AMS Canada\",\"publisher\":{\"@id\":\"https:\/\/msacanada.ca\/fr\/#organization\"},\"potentialAction\":[{\"@type\":\"SearchAction\",\"target\":{\"@type\":\"EntryPoint\",\"urlTemplate\":\"https:\/\/msacanada.ca\/fr\/?s={search_term_string}\"},\"query-input\":{\"@type\":\"PropertyValueSpecification\",\"valueRequired\":true,\"valueName\":\"search_term_string\"}}],\"inLanguage\":\"fr-FR\"},{\"@type\":\"Organization\",\"@id\":\"https:\/\/msacanada.ca\/fr\/#organization\",\"name\":\"MSA Canada\",\"url\":\"https:\/\/msacanada.ca\/fr\/\",\"logo\":{\"@type\":\"ImageObject\",\"inLanguage\":\"fr-FR\",\"@id\":\"https:\/\/msacanada.ca\/fr\/#\/schema\/logo\/image\/\",\"url\":\"https:\/\/msacanada.ca\/wp-content\/uploads\/2024\/11\/MSA-Canada-Logo-ret.png\",\"contentUrl\":\"https:\/\/msacanada.ca\/wp-content\/uploads\/2024\/11\/MSA-Canada-Logo-ret.png\",\"width\":400,\"height\":400,\"caption\":\"MSA Canada\"},\"image\":{\"@id\":\"https:\/\/msacanada.ca\/fr\/#\/schema\/logo\/image\/\"},\"sameAs\":[\"https:\/\/www.facebook.com\/defeatmsacanada\/\",\"https:\/\/www.instagram.com\/msaamscanada\/\",\"https:\/\/www.youtube.com\/channel\/UCT9R2fSQUFmhiJ_xP3hICxg\",\"https:\/\/www.linkedin.com\/company\/defeatmsacanada\"]}]}<\/script>\n<!-- \/ Yoast SEO plugin. -->","yoast_head_json":{"title":"Finances | Vaincre l'AMS Canada","description":"Defeat MSA Canada est une organisation de bienfaisance enregistr\u00e9e au Canada. D\u00e9couvrez notre transparence financi\u00e8re et comment vos contributions soutiennent notre mission.","robots":{"index":"index","follow":"follow","max-snippet":"max-snippet:-1","max-image-preview":"max-image-preview:large","max-video-preview":"max-video-preview:-1"},"canonical":"https:\/\/msacanada.ca\/fr\/a-propos\/finances\/","og_locale":"fr_FR","og_type":"article","og_title":"Finances | Vaincre l'AMS Canada","og_description":"Defeat MSA Canada est une organisation de bienfaisance enregistr\u00e9e au Canada. D\u00e9couvrez notre transparence financi\u00e8re et comment vos contributions soutiennent notre mission.","og_url":"https:\/\/msacanada.ca\/fr\/a-propos\/finances\/","og_site_name":"MSA Canada","article_publisher":"https:\/\/www.facebook.com\/defeatmsacanada\/","article_modified_time":"2025-05-16T21:14:54+00:00","og_image":[{"width":1920,"height":1008,"url":"https:\/\/msacanada.ca\/wp-content\/uploads\/2025\/04\/MSA-Featured.jpg","type":"image\/jpeg"}],"twitter_card":"summary_large_image","twitter_misc":{"Dur\u00e9e de lecture estim\u00e9e":"3 minutes"},"schema":{"@context":"https:\/\/schema.org","@graph":[{"@type":"WebPage","@id":"https:\/\/msacanada.ca\/fr\/a-propos\/finances\/","url":"https:\/\/msacanada.ca\/fr\/a-propos\/finances\/","name":"Finances | Vaincre l'AMS Canada","isPartOf":{"@id":"https:\/\/msacanada.ca\/fr\/#website"},"primaryImageOfPage":{"@id":"https:\/\/msacanada.ca\/fr\/a-propos\/finances\/#primaryimage"},"image":{"@id":"https:\/\/msacanada.ca\/fr\/a-propos\/finances\/#primaryimage"},"thumbnailUrl":"https:\/\/msacanada.ca\/wp-content\/uploads\/2025\/04\/MSA-Featured.jpg","datePublished":"2025-02-06T18:41:34+00:00","dateModified":"2025-05-16T21:14:54+00:00","description":"Defeat MSA Canada est une organisation de bienfaisance enregistr\u00e9e au Canada. D\u00e9couvrez notre transparence financi\u00e8re et comment vos contributions soutiennent notre mission.","breadcrumb":{"@id":"https:\/\/msacanada.ca\/fr\/a-propos\/finances\/#breadcrumb"},"inLanguage":"fr-FR","potentialAction":[{"@type":"ReadAction","target":["https:\/\/msacanada.ca\/fr\/a-propos\/finances\/"]}]},{"@type":"ImageObject","inLanguage":"fr-FR","@id":"https:\/\/msacanada.ca\/fr\/a-propos\/finances\/#primaryimage","url":"https:\/\/msacanada.ca\/wp-content\/uploads\/2025\/04\/MSA-Featured.jpg","contentUrl":"https:\/\/msacanada.ca\/wp-content\/uploads\/2025\/04\/MSA-Featured.jpg","width":1920,"height":1008},{"@type":"BreadcrumbList","@id":"https:\/\/msacanada.ca\/fr\/a-propos\/finances\/#breadcrumb","itemListElement":[{"@type":"ListItem","position":1,"name":"Home","item":"https:\/\/msacanada.ca\/fr\/"},{"@type":"ListItem","position":2,"name":"\u00c0 propos de l&#8217;AMS","item":"https:\/\/msacanada.ca\/fr\/about\/"},{"@type":"ListItem","position":3,"name":"Finances"}]},{"@type":"WebSite","@id":"https:\/\/msacanada.ca\/fr\/#website","url":"https:\/\/msacanada.ca\/fr\/","name":"MSA Canada","description":"Defeat MSA\/Vaincre AMS Canada","publisher":{"@id":"https:\/\/msacanada.ca\/fr\/#organization"},"potentialAction":[{"@type":"SearchAction","target":{"@type":"EntryPoint","urlTemplate":"https:\/\/msacanada.ca\/fr\/?s={search_term_string}"},"query-input":{"@type":"PropertyValueSpecification","valueRequired":true,"valueName":"search_term_string"}}],"inLanguage":"fr-FR"},{"@type":"Organization","@id":"https:\/\/msacanada.ca\/fr\/#organization","name":"MSA Canada","url":"https:\/\/msacanada.ca\/fr\/","logo":{"@type":"ImageObject","inLanguage":"fr-FR","@id":"https:\/\/msacanada.ca\/fr\/#\/schema\/logo\/image\/","url":"https:\/\/msacanada.ca\/wp-content\/uploads\/2024\/11\/MSA-Canada-Logo-ret.png","contentUrl":"https:\/\/msacanada.ca\/wp-content\/uploads\/2024\/11\/MSA-Canada-Logo-ret.png","width":400,"height":400,"caption":"MSA Canada"},"image":{"@id":"https:\/\/msacanada.ca\/fr\/#\/schema\/logo\/image\/"},"sameAs":["https:\/\/www.facebook.com\/defeatmsacanada\/","https:\/\/www.instagram.com\/msaamscanada\/","https:\/\/www.youtube.com\/channel\/UCT9R2fSQUFmhiJ_xP3hICxg","https:\/\/www.linkedin.com\/company\/defeatmsacanada"]}]}},"_links":{"self":[{"href":"https:\/\/msacanada.ca\/fr\/wp-json\/wp\/v2\/pages\/241733","targetHints":{"allow":["GET"]}}],"collection":[{"href":"https:\/\/msacanada.ca\/fr\/wp-json\/wp\/v2\/pages"}],"about":[{"href":"https:\/\/msacanada.ca\/fr\/wp-json\/wp\/v2\/types\/page"}],"author":[{"embeddable":true,"href":"https:\/\/msacanada.ca\/fr\/wp-json\/wp\/v2\/users\/2"}],"replies":[{"embeddable":true,"href":"https:\/\/msacanada.ca\/fr\/wp-json\/wp\/v2\/comments?post=241733"}],"version-history":[{"count":4,"href":"https:\/\/msacanada.ca\/fr\/wp-json\/wp\/v2\/pages\/241733\/revisions"}],"predecessor-version":[{"id":242464,"href":"https:\/\/msacanada.ca\/fr\/wp-json\/wp\/v2\/pages\/241733\/revisions\/242464"}],"up":[{"embeddable":true,"href":"https:\/\/msacanada.ca\/fr\/wp-json\/wp\/v2\/pages\/241726"}],"wp:featuredmedia":[{"embeddable":true,"href":"https:\/\/msacanada.ca\/fr\/wp-json\/wp\/v2\/media\/241712"}],"wp:attachment":[{"href":"https:\/\/msacanada.ca\/fr\/wp-json\/wp\/v2\/media?parent=241733"}],"curies":[{"name":"wp","href":"https:\/\/api.w.org\/{rel}","templated":true}]}}