{"id":241744,"date":"2025-02-13T23:52:40","date_gmt":"2025-02-13T23:52:40","guid":{"rendered":"https:\/\/msacanada.ca\/programmes-de-dons\/crowd-fundraising\/"},"modified":"2025-05-16T20:08:20","modified_gmt":"2025-05-16T20:08:20","slug":"collecte-de-fonds-en-ligne","status":"publish","type":"page","link":"https:\/\/msacanada.ca\/fr\/programmes-de-dons\/collecte-de-fonds-en-ligne\/","title":{"rendered":"Collecte de fonds en ligne"},"content":{"rendered":"<div class=\"wpb-content-wrapper\"><p>[vc_row][vc_column][vc_column_text css=\u00a0\u00bb\u00a0\u00bb]<\/p>\n<div align=\"center\">\n<h2>COLLECTES DE FONDS <span style=\"color: #7b54a0;\">EN L&rsquo;HONNEUR<br \/>\n<\/span><\/h2>\n<\/div>\n<p>[\/vc_column_text][vc_column_text css=\u00a0\u00bb\u00a0\u00bb]<\/p>\n<div align=\"center\">\n<p><img loading=\"lazy\" decoding=\"async\" class=\"alignnone wp-image-527\" src=\"https:\/\/msacanada.ca\/wp-content\/uploads\/2025\/02\/Canada-Helps-Logo.jpg\" alt=\"\" width=\"332\" height=\"118\" srcset=\"https:\/\/msacanada.ca\/wp-content\/uploads\/2025\/02\/Canada-Helps-Logo.jpg 600w, https:\/\/msacanada.ca\/wp-content\/uploads\/2025\/02\/Canada-Helps-Logo-300x107.jpg 300w\" sizes=\"auto, (max-width: 332px) 100vw, 332px\" \/><\/p>\n<h3>Aidez-nous \u2013 C&rsquo;est facile avec Canada Helps!<\/h3>\n<p>RENDRE HOMMAGE \u00c0 QUELQU&rsquo;UN ATTEINT DE L&rsquo;AMS. Aidez-nous \u00e0 vaincre l&rsquo;AMS d\u00e8s maintenant!<\/p><\/div>\n<p>[\/vc_column_text]<style type=\"text\/css\" data-type=\"the7_shortcodes-inline-css\">#default-btn-cb950c92b4b300cdc5369154b758ece2 {\n  border-radius: 3px;\n  font-size: 16px;\n  line-height: 18px;\n}\n.btn-shadow#default-btn-cb950c92b4b300cdc5369154b758ece2 {\n  box-shadow: 0 1px 6px rgba(0,0,0,0.12);\n  transition: box-shadow 0.2s ease-out, opacity 0.45s;\n}\n.btn-shadow#default-btn-cb950c92b4b300cdc5369154b758ece2:hover {\n  box-shadow: 0 5px 11px 0 rgba(0,0,0,0.18), 0 4px 15px 0 rgba(0,0,0,0.15);\n}\n.btn-3d#default-btn-cb950c92b4b300cdc5369154b758ece2 {\n  box-shadow: 0px 2px 0px 0px #903143;\n}\n.btn-3d#default-btn-cb950c92b4b300cdc5369154b758ece2:hover {\n  box-shadow: 0px 2px 0px 0px #691f2d;\n}\n.btn-flat#default-btn-cb950c92b4b300cdc5369154b758ece2 {\n  box-shadow: none;\n}\n.btn-flat#default-btn-cb950c92b4b300cdc5369154b758ece2:hover {\n  box-shadow: none;\n}\n#default-btn-cb950c92b4b300cdc5369154b758ece2.ico-right-side > i {\n  margin-right: 0px;\n  margin-left: 10px;\n}\n#default-btn-cb950c92b4b300cdc5369154b758ece2 > i {\n  margin-right: 10px;\n  font-size: 16px;\n}\n#default-btn-cb950c92b4b300cdc5369154b758ece2:not(:hover) {\n  border-width: 1px;\n  border-color: #D72749 !important;\n  color: #FFFFFF;\n  background: #D72749 !important;\n  padding: 15px 20px 15px 20px;\n}\n#default-btn-cb950c92b4b300cdc5369154b758ece2:not(:hover) * {\n  color: #FFFFFF;\n}\n#default-btn-cb950c92b4b300cdc5369154b758ece2:hover {\n  border-width: 1px;\n  border-color: #AC1936 !important;\n  color: #FFFFFF;\n  background: #AC1936 !important;\n  padding: 15px 20px 15px 20px;\n}\n#default-btn-cb950c92b4b300cdc5369154b758ece2:hover * {\n  color: #FFFFFF;\n}\n#default-btn-cb950c92b4b300cdc5369154b758ece2.ico-right-side > i {\n  margin-right: 0px;\n  margin-left: 10px;\n}\n#default-btn-cb950c92b4b300cdc5369154b758ece2 > i {\n  margin-right: 10px;\n}\n<\/style><div class=\"btn-align-center\"><a href=\"https:\/\/www.canadahelps.org\/fr\/organismesdebienfaisance\/defeat-msa-multiple-system-atrophy-canada\/\" class=\"default-btn-shortcode dt-btn link-hover-off ico-right-side btn-flat \" target=\"_blank\" id=\"default-btn-cb950c92b4b300cdc5369154b758ece2\" rel=\"noopener\"><span>CR\u00c9ER UNE COLLECTE DE FONDS<\/span><i class=\"dt-icon-the7-arrow-0-41\"><\/i><\/a><\/div>[vc_empty_space height=\u00a0\u00bb50px\u00a0\u00bb][vc_column_text css=\u00a0\u00bb\u00a0\u00bb]<\/p>\n<div align=\"center\">Enregistrement d&rsquo;organisme de bienfaisance : 758784284RR0001<\/div>\n<p>[\/vc_column_text][\/vc_column][\/vc_row]<\/p>\n<\/div>","protected":false},"excerpt":{"rendered":"<p>[vc_row][vc_column][vc_column_text css=\u00a0\u00bb\u00a0\u00bb] COLLECTES DE FONDS EN L&rsquo;HONNEUR [\/vc_column_text][vc_column_text css=\u00a0\u00bb\u00a0\u00bb] Aidez-nous \u2013 C&rsquo;est facile avec Canada Helps! RENDRE HOMMAGE \u00c0 QUELQU&rsquo;UN ATTEINT DE L&rsquo;AMS. Aidez-nous \u00e0 vaincre l&rsquo;AMS d\u00e8s maintenant! [\/vc_column_text][vc_empty_space height=\u00a0\u00bb50px\u00a0\u00bb][vc_column_text css=\u00a0\u00bb\u00a0\u00bb] Enregistrement d&rsquo;organisme de bienfaisance : 758784284RR0001 [\/vc_column_text][\/vc_column][\/vc_row]<\/p>\n","protected":false},"author":2,"featured_media":241712,"parent":241742,"menu_order":0,"comment_status":"closed","ping_status":"closed","template":"","meta":{"footnotes":""},"class_list":["post-241744","page","type-page","status-publish","has-post-thumbnail","hentry","description-off"],"yoast_head":"<!-- This site is optimized with the Yoast SEO plugin v25.3 - https:\/\/yoast.com\/wordpress\/plugins\/seo\/ -->\n<title>Luttez contre l&#039;AMS avec Vaincre l&#039;AMS Canada<\/title>\n<meta name=\"description\" content=\"Lancez une collecte de fonds ou rendez hommage via CanadaHelps. Ensemble, vainquons l&#039;AMS au Canada.\" \/>\n<meta name=\"robots\" content=\"index, follow, max-snippet:-1, max-image-preview:large, max-video-preview:-1\" \/>\n<link rel=\"canonical\" href=\"https:\/\/msacanada.ca\/fr\/programmes-de-dons\/collecte-de-fonds-en-ligne\/\" \/>\n<meta property=\"og:locale\" content=\"fr_FR\" \/>\n<meta property=\"og:type\" content=\"article\" \/>\n<meta property=\"og:title\" content=\"Luttez contre l&#039;AMS avec Vaincre l&#039;AMS Canada\" \/>\n<meta property=\"og:description\" content=\"Lancez une collecte de fonds ou rendez hommage via CanadaHelps. Ensemble, vainquons l&#039;AMS au Canada.\" \/>\n<meta property=\"og:url\" content=\"https:\/\/msacanada.ca\/fr\/programmes-de-dons\/collecte-de-fonds-en-ligne\/\" \/>\n<meta property=\"og:site_name\" content=\"MSA Canada\" \/>\n<meta property=\"article:publisher\" content=\"https:\/\/www.facebook.com\/defeatmsacanada\/\" \/>\n<meta property=\"article:modified_time\" content=\"2025-05-16T20:08:20+00:00\" \/>\n<meta property=\"og:image\" content=\"https:\/\/msacanada.ca\/wp-content\/uploads\/2025\/04\/MSA-Featured.jpg\" \/>\n\t<meta property=\"og:image:width\" content=\"1920\" \/>\n\t<meta property=\"og:image:height\" content=\"1008\" \/>\n\t<meta property=\"og:image:type\" content=\"image\/jpeg\" \/>\n<meta name=\"twitter:card\" content=\"summary_large_image\" \/>\n<meta name=\"twitter:label1\" content=\"Dur\u00e9e de lecture estim\u00e9e\" \/>\n\t<meta name=\"twitter:data1\" content=\"1 minute\" \/>\n<script type=\"application\/ld+json\" class=\"yoast-schema-graph\">{\"@context\":\"https:\/\/schema.org\",\"@graph\":[{\"@type\":\"WebPage\",\"@id\":\"https:\/\/msacanada.ca\/fr\/programmes-de-dons\/collecte-de-fonds-en-ligne\/\",\"url\":\"https:\/\/msacanada.ca\/fr\/programmes-de-dons\/collecte-de-fonds-en-ligne\/\",\"name\":\"Luttez contre l'AMS avec Vaincre l'AMS Canada\",\"isPartOf\":{\"@id\":\"https:\/\/msacanada.ca\/fr\/#website\"},\"primaryImageOfPage\":{\"@id\":\"https:\/\/msacanada.ca\/fr\/programmes-de-dons\/collecte-de-fonds-en-ligne\/#primaryimage\"},\"image\":{\"@id\":\"https:\/\/msacanada.ca\/fr\/programmes-de-dons\/collecte-de-fonds-en-ligne\/#primaryimage\"},\"thumbnailUrl\":\"https:\/\/msacanada.ca\/wp-content\/uploads\/2025\/04\/MSA-Featured.jpg\",\"datePublished\":\"2025-02-13T23:52:40+00:00\",\"dateModified\":\"2025-05-16T20:08:20+00:00\",\"description\":\"Lancez une collecte de fonds ou rendez hommage via CanadaHelps. Ensemble, vainquons l'AMS au Canada.\",\"breadcrumb\":{\"@id\":\"https:\/\/msacanada.ca\/fr\/programmes-de-dons\/collecte-de-fonds-en-ligne\/#breadcrumb\"},\"inLanguage\":\"fr-FR\",\"potentialAction\":[{\"@type\":\"ReadAction\",\"target\":[\"https:\/\/msacanada.ca\/fr\/programmes-de-dons\/collecte-de-fonds-en-ligne\/\"]}]},{\"@type\":\"ImageObject\",\"inLanguage\":\"fr-FR\",\"@id\":\"https:\/\/msacanada.ca\/fr\/programmes-de-dons\/collecte-de-fonds-en-ligne\/#primaryimage\",\"url\":\"https:\/\/msacanada.ca\/wp-content\/uploads\/2025\/04\/MSA-Featured.jpg\",\"contentUrl\":\"https:\/\/msacanada.ca\/wp-content\/uploads\/2025\/04\/MSA-Featured.jpg\",\"width\":1920,\"height\":1008},{\"@type\":\"BreadcrumbList\",\"@id\":\"https:\/\/msacanada.ca\/fr\/programmes-de-dons\/collecte-de-fonds-en-ligne\/#breadcrumb\",\"itemListElement\":[{\"@type\":\"ListItem\",\"position\":1,\"name\":\"Home\",\"item\":\"https:\/\/msacanada.ca\/fr\/\"},{\"@type\":\"ListItem\",\"position\":2,\"name\":\"Programmes de dons\",\"item\":\"https:\/\/msacanada.ca\/fr\/giving-programs\/\"},{\"@type\":\"ListItem\",\"position\":3,\"name\":\"Collecte de fonds en ligne\"}]},{\"@type\":\"WebSite\",\"@id\":\"https:\/\/msacanada.ca\/fr\/#website\",\"url\":\"https:\/\/msacanada.ca\/fr\/\",\"name\":\"MSA Canada\",\"description\":\"Defeat MSA\/Vaincre AMS Canada\",\"publisher\":{\"@id\":\"https:\/\/msacanada.ca\/fr\/#organization\"},\"potentialAction\":[{\"@type\":\"SearchAction\",\"target\":{\"@type\":\"EntryPoint\",\"urlTemplate\":\"https:\/\/msacanada.ca\/fr\/?s={search_term_string}\"},\"query-input\":{\"@type\":\"PropertyValueSpecification\",\"valueRequired\":true,\"valueName\":\"search_term_string\"}}],\"inLanguage\":\"fr-FR\"},{\"@type\":\"Organization\",\"@id\":\"https:\/\/msacanada.ca\/fr\/#organization\",\"name\":\"MSA Canada\",\"url\":\"https:\/\/msacanada.ca\/fr\/\",\"logo\":{\"@type\":\"ImageObject\",\"inLanguage\":\"fr-FR\",\"@id\":\"https:\/\/msacanada.ca\/fr\/#\/schema\/logo\/image\/\",\"url\":\"https:\/\/msacanada.ca\/wp-content\/uploads\/2024\/11\/MSA-Canada-Logo-ret.png\",\"contentUrl\":\"https:\/\/msacanada.ca\/wp-content\/uploads\/2024\/11\/MSA-Canada-Logo-ret.png\",\"width\":400,\"height\":400,\"caption\":\"MSA Canada\"},\"image\":{\"@id\":\"https:\/\/msacanada.ca\/fr\/#\/schema\/logo\/image\/\"},\"sameAs\":[\"https:\/\/www.facebook.com\/defeatmsacanada\/\",\"https:\/\/www.instagram.com\/msaamscanada\/\",\"https:\/\/www.youtube.com\/channel\/UCT9R2fSQUFmhiJ_xP3hICxg\",\"https:\/\/www.linkedin.com\/company\/defeatmsacanada\"]}]}<\/script>\n<!-- \/ Yoast SEO plugin. -->","yoast_head_json":{"title":"Luttez contre l'AMS avec Vaincre l'AMS Canada","description":"Lancez une collecte de fonds ou rendez hommage via CanadaHelps. Ensemble, vainquons l'AMS au Canada.","robots":{"index":"index","follow":"follow","max-snippet":"max-snippet:-1","max-image-preview":"max-image-preview:large","max-video-preview":"max-video-preview:-1"},"canonical":"https:\/\/msacanada.ca\/fr\/programmes-de-dons\/collecte-de-fonds-en-ligne\/","og_locale":"fr_FR","og_type":"article","og_title":"Luttez contre l'AMS avec Vaincre l'AMS Canada","og_description":"Lancez une collecte de fonds ou rendez hommage via CanadaHelps. Ensemble, vainquons l'AMS au Canada.","og_url":"https:\/\/msacanada.ca\/fr\/programmes-de-dons\/collecte-de-fonds-en-ligne\/","og_site_name":"MSA Canada","article_publisher":"https:\/\/www.facebook.com\/defeatmsacanada\/","article_modified_time":"2025-05-16T20:08:20+00:00","og_image":[{"width":1920,"height":1008,"url":"https:\/\/msacanada.ca\/wp-content\/uploads\/2025\/04\/MSA-Featured.jpg","type":"image\/jpeg"}],"twitter_card":"summary_large_image","twitter_misc":{"Dur\u00e9e de lecture estim\u00e9e":"1 minute"},"schema":{"@context":"https:\/\/schema.org","@graph":[{"@type":"WebPage","@id":"https:\/\/msacanada.ca\/fr\/programmes-de-dons\/collecte-de-fonds-en-ligne\/","url":"https:\/\/msacanada.ca\/fr\/programmes-de-dons\/collecte-de-fonds-en-ligne\/","name":"Luttez contre l'AMS avec Vaincre l'AMS Canada","isPartOf":{"@id":"https:\/\/msacanada.ca\/fr\/#website"},"primaryImageOfPage":{"@id":"https:\/\/msacanada.ca\/fr\/programmes-de-dons\/collecte-de-fonds-en-ligne\/#primaryimage"},"image":{"@id":"https:\/\/msacanada.ca\/fr\/programmes-de-dons\/collecte-de-fonds-en-ligne\/#primaryimage"},"thumbnailUrl":"https:\/\/msacanada.ca\/wp-content\/uploads\/2025\/04\/MSA-Featured.jpg","datePublished":"2025-02-13T23:52:40+00:00","dateModified":"2025-05-16T20:08:20+00:00","description":"Lancez une collecte de fonds ou rendez hommage via CanadaHelps. Ensemble, vainquons l'AMS au Canada.","breadcrumb":{"@id":"https:\/\/msacanada.ca\/fr\/programmes-de-dons\/collecte-de-fonds-en-ligne\/#breadcrumb"},"inLanguage":"fr-FR","potentialAction":[{"@type":"ReadAction","target":["https:\/\/msacanada.ca\/fr\/programmes-de-dons\/collecte-de-fonds-en-ligne\/"]}]},{"@type":"ImageObject","inLanguage":"fr-FR","@id":"https:\/\/msacanada.ca\/fr\/programmes-de-dons\/collecte-de-fonds-en-ligne\/#primaryimage","url":"https:\/\/msacanada.ca\/wp-content\/uploads\/2025\/04\/MSA-Featured.jpg","contentUrl":"https:\/\/msacanada.ca\/wp-content\/uploads\/2025\/04\/MSA-Featured.jpg","width":1920,"height":1008},{"@type":"BreadcrumbList","@id":"https:\/\/msacanada.ca\/fr\/programmes-de-dons\/collecte-de-fonds-en-ligne\/#breadcrumb","itemListElement":[{"@type":"ListItem","position":1,"name":"Home","item":"https:\/\/msacanada.ca\/fr\/"},{"@type":"ListItem","position":2,"name":"Programmes de dons","item":"https:\/\/msacanada.ca\/fr\/giving-programs\/"},{"@type":"ListItem","position":3,"name":"Collecte de fonds en ligne"}]},{"@type":"WebSite","@id":"https:\/\/msacanada.ca\/fr\/#website","url":"https:\/\/msacanada.ca\/fr\/","name":"MSA Canada","description":"Defeat MSA\/Vaincre AMS Canada","publisher":{"@id":"https:\/\/msacanada.ca\/fr\/#organization"},"potentialAction":[{"@type":"SearchAction","target":{"@type":"EntryPoint","urlTemplate":"https:\/\/msacanada.ca\/fr\/?s={search_term_string}"},"query-input":{"@type":"PropertyValueSpecification","valueRequired":true,"valueName":"search_term_string"}}],"inLanguage":"fr-FR"},{"@type":"Organization","@id":"https:\/\/msacanada.ca\/fr\/#organization","name":"MSA Canada","url":"https:\/\/msacanada.ca\/fr\/","logo":{"@type":"ImageObject","inLanguage":"fr-FR","@id":"https:\/\/msacanada.ca\/fr\/#\/schema\/logo\/image\/","url":"https:\/\/msacanada.ca\/wp-content\/uploads\/2024\/11\/MSA-Canada-Logo-ret.png","contentUrl":"https:\/\/msacanada.ca\/wp-content\/uploads\/2024\/11\/MSA-Canada-Logo-ret.png","width":400,"height":400,"caption":"MSA Canada"},"image":{"@id":"https:\/\/msacanada.ca\/fr\/#\/schema\/logo\/image\/"},"sameAs":["https:\/\/www.facebook.com\/defeatmsacanada\/","https:\/\/www.instagram.com\/msaamscanada\/","https:\/\/www.youtube.com\/channel\/UCT9R2fSQUFmhiJ_xP3hICxg","https:\/\/www.linkedin.com\/company\/defeatmsacanada"]}]}},"_links":{"self":[{"href":"https:\/\/msacanada.ca\/fr\/wp-json\/wp\/v2\/pages\/241744","targetHints":{"allow":["GET"]}}],"collection":[{"href":"https:\/\/msacanada.ca\/fr\/wp-json\/wp\/v2\/pages"}],"about":[{"href":"https:\/\/msacanada.ca\/fr\/wp-json\/wp\/v2\/types\/page"}],"author":[{"embeddable":true,"href":"https:\/\/msacanada.ca\/fr\/wp-json\/wp\/v2\/users\/2"}],"replies":[{"embeddable":true,"href":"https:\/\/msacanada.ca\/fr\/wp-json\/wp\/v2\/comments?post=241744"}],"version-history":[{"count":3,"href":"https:\/\/msacanada.ca\/fr\/wp-json\/wp\/v2\/pages\/241744\/revisions"}],"predecessor-version":[{"id":242393,"href":"https:\/\/msacanada.ca\/fr\/wp-json\/wp\/v2\/pages\/241744\/revisions\/242393"}],"up":[{"embeddable":true,"href":"https:\/\/msacanada.ca\/fr\/wp-json\/wp\/v2\/pages\/241742"}],"wp:featuredmedia":[{"embeddable":true,"href":"https:\/\/msacanada.ca\/fr\/wp-json\/wp\/v2\/media\/241712"}],"wp:attachment":[{"href":"https:\/\/msacanada.ca\/fr\/wp-json\/wp\/v2\/media?parent=241744"}],"curies":[{"name":"wp","href":"https:\/\/api.w.org\/{rel}","templated":true}]}}