{"id":241753,"date":"2025-02-10T14:31:34","date_gmt":"2025-02-10T14:31:34","guid":{"rendered":"https:\/\/msacanada.ca\/programmes-de-dons\/fonds-de-legs\/adelene-mcgillivary-fund-for-msa-research\/"},"modified":"2025-05-14T23:36:12","modified_gmt":"2025-05-14T23:36:12","slug":"fonds-adelene-mcgillivary-pour-le-soutien-et-la-recherche-sur-lams","status":"publish","type":"page","link":"https:\/\/msacanada.ca\/fr\/programmes-de-dons\/fonds-de-legs\/fonds-adelene-mcgillivary-pour-le-soutien-et-la-recherche-sur-lams\/","title":{"rendered":"Fonds Adelene McGillivary pour le soutien et la recherche sur l&rsquo;AMS"},"content":{"rendered":"<div class=\"wpb-content-wrapper\"><p>[vc_row][vc_column][vc_row_inner][vc_column_inner width=\u00a0\u00bb1\/4&Prime;][vc_column_text css=\u00a0\u00bb\u00a0\u00bb]<img loading=\"lazy\" decoding=\"async\" class=\"alignnone size-full wp-image-473\" src=\"https:\/\/msacanada.ca\/wp-content\/uploads\/2025\/02\/Adelene-McGillivary.png\" alt=\"Adelene McGillivary\" width=\"379\" height=\"379\" srcset=\"https:\/\/msacanada.ca\/wp-content\/uploads\/2025\/02\/Adelene-McGillivary.png 379w, https:\/\/msacanada.ca\/wp-content\/uploads\/2025\/02\/Adelene-McGillivary-300x300.png 300w, https:\/\/msacanada.ca\/wp-content\/uploads\/2025\/02\/Adelene-McGillivary-150x150.png 150w\" sizes=\"auto, (max-width: 379px) 100vw, 379px\" \/>[\/vc_column_text][\/vc_column_inner][vc_column_inner width=\u00a0\u00bb3\/4&Prime;][vc_column_text css=\u00a0\u00bb\u00a0\u00bb]Adelene McGillivary (en photo avec son \u00e9poux Royce), \u00e2g\u00e9e de 77 ans et originaire de Westville, en Nouvelle-\u00c9cosse, est d\u00e9c\u00e9d\u00e9e le jeudi 3 d\u00e9cembre 2020 aux soins palliatifs de l\u2019H\u00f4pital Aberdeen.<\/p>\n<p>N\u00e9e \u00e0 Westville le 5 janvier 1943, elle \u00e9tait la fille de feu Joseph et Doris (Bramwell) Partington.<\/p>\n<p>Adelene a travaill\u00e9 pendant 22 ans chez The Co-Operators Insurance. Elle \u00e9tait membre de l\u2019\u00e9glise anglicane St. Bees, o\u00f9 elle chantait dans la chorale. \u00c0 la retraite, elle a rejoint le Glasgow New Horizons Band ainsi que le Pictou County Brass and Reed Band, o\u00f9 elle jouait de la fl\u00fbte. Elle faisait \u00e9galement partie du club des a\u00een\u00e9s de Westville.<\/p>\n<p>Adelene laisse dans le deuil son \u00e9poux depuis 49 ans, Royce\u202f; sa s\u0153ur Joyce Marcipont\u202f; son fr\u00e8re Robert (Sandra) Partington\u202f; ses neveux Michael et Donald, ainsi que plusieurs cousins et cousines.<\/p>\n<p>Outre ses parents, elle est pr\u00e9c\u00e9d\u00e9e dans la mort par son beau-fr\u00e8re Leonard Marcipont.<\/p>\n<p>Les dons peuvent \u00eatre faits \u00e0 Defeat Multiple System Atrophy Canada, 3041 Dougall Avenue, Windsor, Ontario, N9E 1S3.<br \/>\n[\/vc_column_text]<style type=\"text\/css\" data-type=\"the7_shortcodes-inline-css\">#default-btn-4317857619e3143cff4eb3febc85c2d3 {\n  border-radius: 3px;\n  font-size: 16px;\n  line-height: 18px;\n}\n.btn-shadow#default-btn-4317857619e3143cff4eb3febc85c2d3 {\n  box-shadow: 0 1px 6px rgba(0,0,0,0.12);\n  transition: box-shadow 0.2s ease-out, opacity 0.45s;\n}\n.btn-shadow#default-btn-4317857619e3143cff4eb3febc85c2d3:hover {\n  box-shadow: 0 5px 11px 0 rgba(0,0,0,0.18), 0 4px 15px 0 rgba(0,0,0,0.15);\n}\n.btn-3d#default-btn-4317857619e3143cff4eb3febc85c2d3 {\n  box-shadow: 0px 2px 0px 0px #903143;\n}\n.btn-3d#default-btn-4317857619e3143cff4eb3febc85c2d3:hover {\n  box-shadow: 0px 2px 0px 0px #562b2f;\n}\n.btn-flat#default-btn-4317857619e3143cff4eb3febc85c2d3 {\n  box-shadow: none;\n}\n.btn-flat#default-btn-4317857619e3143cff4eb3febc85c2d3:hover {\n  box-shadow: none;\n}\n#default-btn-4317857619e3143cff4eb3febc85c2d3.ico-right-side > i {\n  margin-right: 0px;\n  margin-left: 10px;\n}\n#default-btn-4317857619e3143cff4eb3febc85c2d3 > i {\n  margin-right: 10px;\n  font-size: 16px;\n}\n#default-btn-4317857619e3143cff4eb3febc85c2d3:not(:hover) {\n  border-width: 1px;\n  border-color: #D72749 !important;\n  color: #FFFFFF;\n  background: #D72749 !important;\n  padding: 15px 20px 15px 20px;\n}\n#default-btn-4317857619e3143cff4eb3febc85c2d3:not(:hover) * {\n  color: #FFFFFF;\n}\n#default-btn-4317857619e3143cff4eb3febc85c2d3:hover {\n  border-width: 1px;\n  border-color: #922C35 !important;\n  color: #FFFFFF;\n  background: #922C35 !important;\n  padding: 15px 20px 15px 20px;\n}\n#default-btn-4317857619e3143cff4eb3febc85c2d3:hover * {\n  color: #FFFFFF;\n}\n#default-btn-4317857619e3143cff4eb3febc85c2d3.ico-right-side > i {\n  margin-right: 0px;\n  margin-left: 10px;\n}\n#default-btn-4317857619e3143cff4eb3febc85c2d3 > i {\n  margin-right: 10px;\n}\n<\/style><a href=\"https:\/\/msacanada.ca\/donate\/\" class=\"default-btn-shortcode dt-btn link-hover-off ico-right-side btn-inline-left btn-flat \" id=\"default-btn-4317857619e3143cff4eb3febc85c2d3\"><span>FAIRE UN DON AU FONDS ADELENE MCGILLIVARY<\/span><i class=\"dt-icon-the7-arrow-0-41\"><\/i><\/a>[\/vc_column_inner][\/vc_row_inner][\/vc_column][\/vc_row]<\/p>\n<\/div>","protected":false},"excerpt":{"rendered":"<p>[vc_row][vc_column][vc_row_inner][vc_column_inner width=\u00a0\u00bb1\/4&Prime;][vc_column_text css=\u00a0\u00bb\u00a0\u00bb][\/vc_column_text][\/vc_column_inner][vc_column_inner width=\u00a0\u00bb3\/4&Prime;][vc_column_text css=\u00a0\u00bb\u00a0\u00bb]Adelene McGillivary (en photo avec son \u00e9poux Royce), \u00e2g\u00e9e de 77 ans et originaire de Westville, en Nouvelle-\u00c9cosse, est d\u00e9c\u00e9d\u00e9e le jeudi 3 d\u00e9cembre 2020 aux soins palliatifs de l\u2019H\u00f4pital Aberdeen. N\u00e9e \u00e0 Westville le 5 janvier 1943, elle \u00e9tait la fille de feu Joseph et Doris (Bramwell) Partington. Adelene a&hellip;<\/p>\n","protected":false},"author":2,"featured_media":241712,"parent":241747,"menu_order":0,"comment_status":"closed","ping_status":"closed","template":"","meta":{"footnotes":""},"class_list":["post-241753","page","type-page","status-publish","has-post-thumbnail","hentry","description-off"],"yoast_head":"<!-- This site is optimized with the Yoast SEO plugin v25.3 - https:\/\/yoast.com\/wordpress\/plugins\/seo\/ -->\n<title>Fonds Adelene McGillivary pour le soutien et la recherche sur l&#039;AMS<\/title>\n<meta name=\"description\" content=\"En m\u00e9moire d\u2019Adelene McGillivary. Les dons faits en son honneur soutiennent la recherche et la d\u00e9fense des droits li\u00e9s \u00e0 l\u2019AMS par l\u2019interm\u00e9diaire de Vaincre l\u2019AMS Canada\" \/>\n<meta name=\"robots\" content=\"index, follow, max-snippet:-1, max-image-preview:large, max-video-preview:-1\" \/>\n<link rel=\"canonical\" href=\"https:\/\/msacanada.ca\/fr\/programmes-de-dons\/fonds-de-legs\/fonds-adelene-mcgillivary-pour-le-soutien-et-la-recherche-sur-lams\/\" \/>\n<meta property=\"og:locale\" content=\"fr_FR\" \/>\n<meta property=\"og:type\" content=\"article\" \/>\n<meta property=\"og:title\" content=\"Fonds Adelene McGillivary pour le soutien et la recherche sur l&#039;AMS\" \/>\n<meta property=\"og:description\" content=\"En m\u00e9moire d\u2019Adelene McGillivary. Les dons faits en son honneur soutiennent la recherche et la d\u00e9fense des droits li\u00e9s \u00e0 l\u2019AMS par l\u2019interm\u00e9diaire de Vaincre l\u2019AMS Canada\" \/>\n<meta property=\"og:url\" content=\"https:\/\/msacanada.ca\/fr\/programmes-de-dons\/fonds-de-legs\/fonds-adelene-mcgillivary-pour-le-soutien-et-la-recherche-sur-lams\/\" \/>\n<meta property=\"og:site_name\" content=\"MSA Canada\" \/>\n<meta property=\"article:publisher\" content=\"https:\/\/www.facebook.com\/defeatmsacanada\/\" \/>\n<meta property=\"article:modified_time\" content=\"2025-05-14T23:36:12+00:00\" \/>\n<meta property=\"og:image\" content=\"https:\/\/msacanada.ca\/wp-content\/uploads\/2025\/04\/MSA-Featured.jpg\" \/>\n\t<meta property=\"og:image:width\" content=\"1920\" \/>\n\t<meta property=\"og:image:height\" content=\"1008\" \/>\n\t<meta property=\"og:image:type\" content=\"image\/jpeg\" \/>\n<meta name=\"twitter:card\" content=\"summary_large_image\" \/>\n<meta name=\"twitter:label1\" content=\"Dur\u00e9e de lecture estim\u00e9e\" \/>\n\t<meta name=\"twitter:data1\" content=\"2 minutes\" \/>\n<script type=\"application\/ld+json\" class=\"yoast-schema-graph\">{\"@context\":\"https:\/\/schema.org\",\"@graph\":[{\"@type\":\"WebPage\",\"@id\":\"https:\/\/msacanada.ca\/fr\/programmes-de-dons\/fonds-de-legs\/fonds-adelene-mcgillivary-pour-le-soutien-et-la-recherche-sur-lams\/\",\"url\":\"https:\/\/msacanada.ca\/fr\/programmes-de-dons\/fonds-de-legs\/fonds-adelene-mcgillivary-pour-le-soutien-et-la-recherche-sur-lams\/\",\"name\":\"Fonds Adelene McGillivary pour le soutien et la recherche sur l'AMS\",\"isPartOf\":{\"@id\":\"https:\/\/msacanada.ca\/fr\/#website\"},\"primaryImageOfPage\":{\"@id\":\"https:\/\/msacanada.ca\/fr\/programmes-de-dons\/fonds-de-legs\/fonds-adelene-mcgillivary-pour-le-soutien-et-la-recherche-sur-lams\/#primaryimage\"},\"image\":{\"@id\":\"https:\/\/msacanada.ca\/fr\/programmes-de-dons\/fonds-de-legs\/fonds-adelene-mcgillivary-pour-le-soutien-et-la-recherche-sur-lams\/#primaryimage\"},\"thumbnailUrl\":\"https:\/\/msacanada.ca\/wp-content\/uploads\/2025\/04\/MSA-Featured.jpg\",\"datePublished\":\"2025-02-10T14:31:34+00:00\",\"dateModified\":\"2025-05-14T23:36:12+00:00\",\"description\":\"En m\u00e9moire d\u2019Adelene McGillivary. Les dons faits en son honneur soutiennent la recherche et la d\u00e9fense des droits li\u00e9s \u00e0 l\u2019AMS par l\u2019interm\u00e9diaire de Vaincre l\u2019AMS Canada\",\"breadcrumb\":{\"@id\":\"https:\/\/msacanada.ca\/fr\/programmes-de-dons\/fonds-de-legs\/fonds-adelene-mcgillivary-pour-le-soutien-et-la-recherche-sur-lams\/#breadcrumb\"},\"inLanguage\":\"fr-FR\",\"potentialAction\":[{\"@type\":\"ReadAction\",\"target\":[\"https:\/\/msacanada.ca\/fr\/programmes-de-dons\/fonds-de-legs\/fonds-adelene-mcgillivary-pour-le-soutien-et-la-recherche-sur-lams\/\"]}]},{\"@type\":\"ImageObject\",\"inLanguage\":\"fr-FR\",\"@id\":\"https:\/\/msacanada.ca\/fr\/programmes-de-dons\/fonds-de-legs\/fonds-adelene-mcgillivary-pour-le-soutien-et-la-recherche-sur-lams\/#primaryimage\",\"url\":\"https:\/\/msacanada.ca\/wp-content\/uploads\/2025\/04\/MSA-Featured.jpg\",\"contentUrl\":\"https:\/\/msacanada.ca\/wp-content\/uploads\/2025\/04\/MSA-Featured.jpg\",\"width\":1920,\"height\":1008},{\"@type\":\"BreadcrumbList\",\"@id\":\"https:\/\/msacanada.ca\/fr\/programmes-de-dons\/fonds-de-legs\/fonds-adelene-mcgillivary-pour-le-soutien-et-la-recherche-sur-lams\/#breadcrumb\",\"itemListElement\":[{\"@type\":\"ListItem\",\"position\":1,\"name\":\"Home\",\"item\":\"https:\/\/msacanada.ca\/fr\/\"},{\"@type\":\"ListItem\",\"position\":2,\"name\":\"Programmes de dons\",\"item\":\"https:\/\/msacanada.ca\/fr\/giving-programs\/\"},{\"@type\":\"ListItem\",\"position\":3,\"name\":\"Fonds de legs\",\"item\":\"https:\/\/msacanada.ca\/fr\/giving-programs\/legacy-funds\/\"},{\"@type\":\"ListItem\",\"position\":4,\"name\":\"Fonds Adelene McGillivary pour le soutien et la recherche sur l&#8217;AMS\"}]},{\"@type\":\"WebSite\",\"@id\":\"https:\/\/msacanada.ca\/fr\/#website\",\"url\":\"https:\/\/msacanada.ca\/fr\/\",\"name\":\"MSA Canada\",\"description\":\"Defeat MSA\/Vaincre AMS Canada\",\"publisher\":{\"@id\":\"https:\/\/msacanada.ca\/fr\/#organization\"},\"potentialAction\":[{\"@type\":\"SearchAction\",\"target\":{\"@type\":\"EntryPoint\",\"urlTemplate\":\"https:\/\/msacanada.ca\/fr\/?s={search_term_string}\"},\"query-input\":{\"@type\":\"PropertyValueSpecification\",\"valueRequired\":true,\"valueName\":\"search_term_string\"}}],\"inLanguage\":\"fr-FR\"},{\"@type\":\"Organization\",\"@id\":\"https:\/\/msacanada.ca\/fr\/#organization\",\"name\":\"MSA Canada\",\"url\":\"https:\/\/msacanada.ca\/fr\/\",\"logo\":{\"@type\":\"ImageObject\",\"inLanguage\":\"fr-FR\",\"@id\":\"https:\/\/msacanada.ca\/fr\/#\/schema\/logo\/image\/\",\"url\":\"https:\/\/msacanada.ca\/wp-content\/uploads\/2024\/11\/MSA-Canada-Logo-ret.png\",\"contentUrl\":\"https:\/\/msacanada.ca\/wp-content\/uploads\/2024\/11\/MSA-Canada-Logo-ret.png\",\"width\":400,\"height\":400,\"caption\":\"MSA Canada\"},\"image\":{\"@id\":\"https:\/\/msacanada.ca\/fr\/#\/schema\/logo\/image\/\"},\"sameAs\":[\"https:\/\/www.facebook.com\/defeatmsacanada\/\",\"https:\/\/www.instagram.com\/msaamscanada\/\",\"https:\/\/www.youtube.com\/channel\/UCT9R2fSQUFmhiJ_xP3hICxg\",\"https:\/\/www.linkedin.com\/company\/defeatmsacanada\"]}]}<\/script>\n<!-- \/ Yoast SEO plugin. -->","yoast_head_json":{"title":"Fonds Adelene McGillivary pour le soutien et la recherche sur l'AMS","description":"En m\u00e9moire d\u2019Adelene McGillivary. Les dons faits en son honneur soutiennent la recherche et la d\u00e9fense des droits li\u00e9s \u00e0 l\u2019AMS par l\u2019interm\u00e9diaire de Vaincre l\u2019AMS Canada","robots":{"index":"index","follow":"follow","max-snippet":"max-snippet:-1","max-image-preview":"max-image-preview:large","max-video-preview":"max-video-preview:-1"},"canonical":"https:\/\/msacanada.ca\/fr\/programmes-de-dons\/fonds-de-legs\/fonds-adelene-mcgillivary-pour-le-soutien-et-la-recherche-sur-lams\/","og_locale":"fr_FR","og_type":"article","og_title":"Fonds Adelene McGillivary pour le soutien et la recherche sur l'AMS","og_description":"En m\u00e9moire d\u2019Adelene McGillivary. Les dons faits en son honneur soutiennent la recherche et la d\u00e9fense des droits li\u00e9s \u00e0 l\u2019AMS par l\u2019interm\u00e9diaire de Vaincre l\u2019AMS Canada","og_url":"https:\/\/msacanada.ca\/fr\/programmes-de-dons\/fonds-de-legs\/fonds-adelene-mcgillivary-pour-le-soutien-et-la-recherche-sur-lams\/","og_site_name":"MSA Canada","article_publisher":"https:\/\/www.facebook.com\/defeatmsacanada\/","article_modified_time":"2025-05-14T23:36:12+00:00","og_image":[{"width":1920,"height":1008,"url":"https:\/\/msacanada.ca\/wp-content\/uploads\/2025\/04\/MSA-Featured.jpg","type":"image\/jpeg"}],"twitter_card":"summary_large_image","twitter_misc":{"Dur\u00e9e de lecture estim\u00e9e":"2 minutes"},"schema":{"@context":"https:\/\/schema.org","@graph":[{"@type":"WebPage","@id":"https:\/\/msacanada.ca\/fr\/programmes-de-dons\/fonds-de-legs\/fonds-adelene-mcgillivary-pour-le-soutien-et-la-recherche-sur-lams\/","url":"https:\/\/msacanada.ca\/fr\/programmes-de-dons\/fonds-de-legs\/fonds-adelene-mcgillivary-pour-le-soutien-et-la-recherche-sur-lams\/","name":"Fonds Adelene McGillivary pour le soutien et la recherche sur l'AMS","isPartOf":{"@id":"https:\/\/msacanada.ca\/fr\/#website"},"primaryImageOfPage":{"@id":"https:\/\/msacanada.ca\/fr\/programmes-de-dons\/fonds-de-legs\/fonds-adelene-mcgillivary-pour-le-soutien-et-la-recherche-sur-lams\/#primaryimage"},"image":{"@id":"https:\/\/msacanada.ca\/fr\/programmes-de-dons\/fonds-de-legs\/fonds-adelene-mcgillivary-pour-le-soutien-et-la-recherche-sur-lams\/#primaryimage"},"thumbnailUrl":"https:\/\/msacanada.ca\/wp-content\/uploads\/2025\/04\/MSA-Featured.jpg","datePublished":"2025-02-10T14:31:34+00:00","dateModified":"2025-05-14T23:36:12+00:00","description":"En m\u00e9moire d\u2019Adelene McGillivary. Les dons faits en son honneur soutiennent la recherche et la d\u00e9fense des droits li\u00e9s \u00e0 l\u2019AMS par l\u2019interm\u00e9diaire de Vaincre l\u2019AMS Canada","breadcrumb":{"@id":"https:\/\/msacanada.ca\/fr\/programmes-de-dons\/fonds-de-legs\/fonds-adelene-mcgillivary-pour-le-soutien-et-la-recherche-sur-lams\/#breadcrumb"},"inLanguage":"fr-FR","potentialAction":[{"@type":"ReadAction","target":["https:\/\/msacanada.ca\/fr\/programmes-de-dons\/fonds-de-legs\/fonds-adelene-mcgillivary-pour-le-soutien-et-la-recherche-sur-lams\/"]}]},{"@type":"ImageObject","inLanguage":"fr-FR","@id":"https:\/\/msacanada.ca\/fr\/programmes-de-dons\/fonds-de-legs\/fonds-adelene-mcgillivary-pour-le-soutien-et-la-recherche-sur-lams\/#primaryimage","url":"https:\/\/msacanada.ca\/wp-content\/uploads\/2025\/04\/MSA-Featured.jpg","contentUrl":"https:\/\/msacanada.ca\/wp-content\/uploads\/2025\/04\/MSA-Featured.jpg","width":1920,"height":1008},{"@type":"BreadcrumbList","@id":"https:\/\/msacanada.ca\/fr\/programmes-de-dons\/fonds-de-legs\/fonds-adelene-mcgillivary-pour-le-soutien-et-la-recherche-sur-lams\/#breadcrumb","itemListElement":[{"@type":"ListItem","position":1,"name":"Home","item":"https:\/\/msacanada.ca\/fr\/"},{"@type":"ListItem","position":2,"name":"Programmes de dons","item":"https:\/\/msacanada.ca\/fr\/giving-programs\/"},{"@type":"ListItem","position":3,"name":"Fonds de legs","item":"https:\/\/msacanada.ca\/fr\/giving-programs\/legacy-funds\/"},{"@type":"ListItem","position":4,"name":"Fonds Adelene McGillivary pour le soutien et la recherche sur l&#8217;AMS"}]},{"@type":"WebSite","@id":"https:\/\/msacanada.ca\/fr\/#website","url":"https:\/\/msacanada.ca\/fr\/","name":"MSA Canada","description":"Defeat MSA\/Vaincre AMS Canada","publisher":{"@id":"https:\/\/msacanada.ca\/fr\/#organization"},"potentialAction":[{"@type":"SearchAction","target":{"@type":"EntryPoint","urlTemplate":"https:\/\/msacanada.ca\/fr\/?s={search_term_string}"},"query-input":{"@type":"PropertyValueSpecification","valueRequired":true,"valueName":"search_term_string"}}],"inLanguage":"fr-FR"},{"@type":"Organization","@id":"https:\/\/msacanada.ca\/fr\/#organization","name":"MSA Canada","url":"https:\/\/msacanada.ca\/fr\/","logo":{"@type":"ImageObject","inLanguage":"fr-FR","@id":"https:\/\/msacanada.ca\/fr\/#\/schema\/logo\/image\/","url":"https:\/\/msacanada.ca\/wp-content\/uploads\/2024\/11\/MSA-Canada-Logo-ret.png","contentUrl":"https:\/\/msacanada.ca\/wp-content\/uploads\/2024\/11\/MSA-Canada-Logo-ret.png","width":400,"height":400,"caption":"MSA Canada"},"image":{"@id":"https:\/\/msacanada.ca\/fr\/#\/schema\/logo\/image\/"},"sameAs":["https:\/\/www.facebook.com\/defeatmsacanada\/","https:\/\/www.instagram.com\/msaamscanada\/","https:\/\/www.youtube.com\/channel\/UCT9R2fSQUFmhiJ_xP3hICxg","https:\/\/www.linkedin.com\/company\/defeatmsacanada"]}]}},"_links":{"self":[{"href":"https:\/\/msacanada.ca\/fr\/wp-json\/wp\/v2\/pages\/241753","targetHints":{"allow":["GET"]}}],"collection":[{"href":"https:\/\/msacanada.ca\/fr\/wp-json\/wp\/v2\/pages"}],"about":[{"href":"https:\/\/msacanada.ca\/fr\/wp-json\/wp\/v2\/types\/page"}],"author":[{"embeddable":true,"href":"https:\/\/msacanada.ca\/fr\/wp-json\/wp\/v2\/users\/2"}],"replies":[{"embeddable":true,"href":"https:\/\/msacanada.ca\/fr\/wp-json\/wp\/v2\/comments?post=241753"}],"version-history":[{"count":2,"href":"https:\/\/msacanada.ca\/fr\/wp-json\/wp\/v2\/pages\/241753\/revisions"}],"predecessor-version":[{"id":241755,"href":"https:\/\/msacanada.ca\/fr\/wp-json\/wp\/v2\/pages\/241753\/revisions\/241755"}],"up":[{"embeddable":true,"href":"https:\/\/msacanada.ca\/fr\/wp-json\/wp\/v2\/pages\/241747"}],"wp:featuredmedia":[{"embeddable":true,"href":"https:\/\/msacanada.ca\/fr\/wp-json\/wp\/v2\/media\/241712"}],"wp:attachment":[{"href":"https:\/\/msacanada.ca\/fr\/wp-json\/wp\/v2\/media?parent=241753"}],"curies":[{"name":"wp","href":"https:\/\/api.w.org\/{rel}","templated":true}]}}