{"id":241756,"date":"2025-02-10T14:06:39","date_gmt":"2025-02-10T14:06:39","guid":{"rendered":"https:\/\/msacanada.ca\/programmes-de-dons\/fonds-de-legs\/anne-marie-brady-fund-for-msa-research\/"},"modified":"2025-05-14T23:35:51","modified_gmt":"2025-05-14T23:35:51","slug":"fonds-anne-marie-brady-pour-la-recherche-sur-lams","status":"publish","type":"page","link":"https:\/\/msacanada.ca\/fr\/programmes-de-dons\/fonds-de-legs\/fonds-anne-marie-brady-pour-la-recherche-sur-lams\/","title":{"rendered":"Fonds Anne-Marie Brady pour la recherche sur l\u2019AMS"},"content":{"rendered":"<div class=\"wpb-content-wrapper\"><p>[vc_row][vc_column][vc_row_inner][vc_column_inner width=\u00a0\u00bb1\/4&Prime;][vc_column_text css=\u00a0\u00bb\u00a0\u00bb]<img loading=\"lazy\" decoding=\"async\" class=\"alignnone size-full wp-image-451\" src=\"https:\/\/msacanada.ca\/wp-content\/uploads\/2025\/02\/Anne-Marie-Brady.png\" alt=\"ANNE MARIE BRADY\" width=\"406\" height=\"406\" srcset=\"https:\/\/msacanada.ca\/wp-content\/uploads\/2025\/02\/Anne-Marie-Brady.png 406w, https:\/\/msacanada.ca\/wp-content\/uploads\/2025\/02\/Anne-Marie-Brady-300x300.png 300w, https:\/\/msacanada.ca\/wp-content\/uploads\/2025\/02\/Anne-Marie-Brady-150x150.png 150w\" sizes=\"auto, (max-width: 406px) 100vw, 406px\" \/>[\/vc_column_text][\/vc_column_inner][vc_column_inner width=\u00a0\u00bb3\/4&Prime;][vc_column_text css=\u00a0\u00bb\u00a0\u00bb]Anne Marie Brady (8 mai 1949 \u2013 19 juillet 2020) \u00e9tait une femme gentille, patiente et g\u00e9n\u00e9reuse, avec un sourire magnifique et contagieux qui illuminait chaque pi\u00e8ce. Toujours pr\u00eate \u00e0 aider les autres, elle a men\u00e9 une carri\u00e8re d\u2019infirmi\u00e8re, puis d\u2019enseignante. Anne Marie voyait le bon en chacun et se faisait des amis partout o\u00f9 elle allait. Elle aimait profond\u00e9ment son mari et ses trois enfants. Devenir grand-m\u00e8re de deux petites filles fut l\u2019un des plus grands bonheurs de sa vie. Sa famille et ses amis garderont toujours pr\u00e9cieusement le souvenir de son amour pour les f\u00eates, le tricot, la p\u00e2tisserie, la lecture, les jeux, et les moments pass\u00e9s entour\u00e9e de ses proches.<\/p>\n<p>Anne Marie a re\u00e7u un diagnostic d\u2019AMS en janvier 2018. Elle a conserv\u00e9 son optimisme tout au long de son combat courageux contre cette maladie. Le Fonds Anne Marie Brady pour la recherche sur l\u2019AMS a \u00e9t\u00e9 cr\u00e9\u00e9 par la famille Brady, en m\u00e9moire de leur bien-aim\u00e9e Anne Marie. Sa famille esp\u00e8re que ce fonds contribuera \u00e0 faire mieux conna\u00eetre l\u2019AMS et \u00e0 faire progresser les d\u00e9couvertes dans son traitement.<br \/>\n[\/vc_column_text]<style type=\"text\/css\" data-type=\"the7_shortcodes-inline-css\">#default-btn-4317857619e3143cff4eb3febc85c2d3 {\n  border-radius: 3px;\n  font-size: 16px;\n  line-height: 18px;\n}\n.btn-shadow#default-btn-4317857619e3143cff4eb3febc85c2d3 {\n  box-shadow: 0 1px 6px rgba(0,0,0,0.12);\n  transition: box-shadow 0.2s ease-out, opacity 0.45s;\n}\n.btn-shadow#default-btn-4317857619e3143cff4eb3febc85c2d3:hover {\n  box-shadow: 0 5px 11px 0 rgba(0,0,0,0.18), 0 4px 15px 0 rgba(0,0,0,0.15);\n}\n.btn-3d#default-btn-4317857619e3143cff4eb3febc85c2d3 {\n  box-shadow: 0px 2px 0px 0px #903143;\n}\n.btn-3d#default-btn-4317857619e3143cff4eb3febc85c2d3:hover {\n  box-shadow: 0px 2px 0px 0px #562b2f;\n}\n.btn-flat#default-btn-4317857619e3143cff4eb3febc85c2d3 {\n  box-shadow: none;\n}\n.btn-flat#default-btn-4317857619e3143cff4eb3febc85c2d3:hover {\n  box-shadow: none;\n}\n#default-btn-4317857619e3143cff4eb3febc85c2d3.ico-right-side > i {\n  margin-right: 0px;\n  margin-left: 10px;\n}\n#default-btn-4317857619e3143cff4eb3febc85c2d3 > i {\n  margin-right: 10px;\n  font-size: 16px;\n}\n#default-btn-4317857619e3143cff4eb3febc85c2d3:not(:hover) {\n  border-width: 1px;\n  border-color: #D72749 !important;\n  color: #FFFFFF;\n  background: #D72749 !important;\n  padding: 15px 20px 15px 20px;\n}\n#default-btn-4317857619e3143cff4eb3febc85c2d3:not(:hover) * {\n  color: #FFFFFF;\n}\n#default-btn-4317857619e3143cff4eb3febc85c2d3:hover {\n  border-width: 1px;\n  border-color: #922C35 !important;\n  color: #FFFFFF;\n  background: #922C35 !important;\n  padding: 15px 20px 15px 20px;\n}\n#default-btn-4317857619e3143cff4eb3febc85c2d3:hover * {\n  color: #FFFFFF;\n}\n#default-btn-4317857619e3143cff4eb3febc85c2d3.ico-right-side > i {\n  margin-right: 0px;\n  margin-left: 10px;\n}\n#default-btn-4317857619e3143cff4eb3febc85c2d3 > i {\n  margin-right: 10px;\n}\n<\/style><a href=\"https:\/\/msacanada.ca\/donate\/\" class=\"default-btn-shortcode dt-btn link-hover-off ico-right-side btn-inline-left btn-flat \" id=\"default-btn-4317857619e3143cff4eb3febc85c2d3\"><span>FAIRE UN DON AU FONDS COMM\u00c9MORATIF ANNE MARIE BRADY<\/span><i class=\"dt-icon-the7-arrow-0-41\"><\/i><\/a>[\/vc_column_inner][\/vc_row_inner][\/vc_column][\/vc_row]<\/p>\n<\/div>","protected":false},"excerpt":{"rendered":"<p>[vc_row][vc_column][vc_row_inner][vc_column_inner width=\u00a0\u00bb1\/4&Prime;][vc_column_text css=\u00a0\u00bb\u00a0\u00bb][\/vc_column_text][\/vc_column_inner][vc_column_inner width=\u00a0\u00bb3\/4&Prime;][vc_column_text css=\u00a0\u00bb\u00a0\u00bb]Anne Marie Brady (8 mai 1949 \u2013 19 juillet 2020) \u00e9tait une femme gentille, patiente et g\u00e9n\u00e9reuse, avec un sourire magnifique et contagieux qui illuminait chaque pi\u00e8ce. Toujours pr\u00eate \u00e0 aider les autres, elle a men\u00e9 une carri\u00e8re d\u2019infirmi\u00e8re, puis d\u2019enseignante. Anne Marie voyait le bon en chacun et se faisait&hellip;<\/p>\n","protected":false},"author":2,"featured_media":241712,"parent":241747,"menu_order":0,"comment_status":"closed","ping_status":"closed","template":"","meta":{"footnotes":""},"class_list":["post-241756","page","type-page","status-publish","has-post-thumbnail","hentry","description-off"],"yoast_head":"<!-- This site is optimized with the Yoast SEO plugin v25.3 - https:\/\/yoast.com\/wordpress\/plugins\/seo\/ -->\n<title>Fonds Anne-Marie Brady pour la recherche sur l\u2019AMS<\/title>\n<meta name=\"description\" content=\"En m\u00e9moire d\u2019Anne-Marie Brady. Les dons faits en son honneur soutiennent la recherche et la d\u00e9fense des droits li\u00e9s \u00e0 l\u2019AMS par l\u2019interm\u00e9diaire de Vaincre l\u2019AMS Canada.\" \/>\n<meta name=\"robots\" content=\"index, follow, max-snippet:-1, max-image-preview:large, max-video-preview:-1\" \/>\n<link rel=\"canonical\" href=\"https:\/\/msacanada.ca\/fr\/programmes-de-dons\/fonds-de-legs\/fonds-anne-marie-brady-pour-la-recherche-sur-lams\/\" \/>\n<meta property=\"og:locale\" content=\"fr_FR\" \/>\n<meta property=\"og:type\" content=\"article\" \/>\n<meta property=\"og:title\" content=\"Fonds Anne-Marie Brady pour la recherche sur l\u2019AMS\" \/>\n<meta property=\"og:description\" content=\"En m\u00e9moire d\u2019Anne-Marie Brady. Les dons faits en son honneur soutiennent la recherche et la d\u00e9fense des droits li\u00e9s \u00e0 l\u2019AMS par l\u2019interm\u00e9diaire de Vaincre l\u2019AMS Canada.\" \/>\n<meta property=\"og:url\" content=\"https:\/\/msacanada.ca\/fr\/programmes-de-dons\/fonds-de-legs\/fonds-anne-marie-brady-pour-la-recherche-sur-lams\/\" \/>\n<meta property=\"og:site_name\" content=\"MSA Canada\" \/>\n<meta property=\"article:publisher\" content=\"https:\/\/www.facebook.com\/defeatmsacanada\/\" \/>\n<meta property=\"article:modified_time\" content=\"2025-05-14T23:35:51+00:00\" \/>\n<meta property=\"og:image\" content=\"https:\/\/msacanada.ca\/wp-content\/uploads\/2025\/04\/MSA-Featured.jpg\" \/>\n\t<meta property=\"og:image:width\" content=\"1920\" \/>\n\t<meta property=\"og:image:height\" content=\"1008\" \/>\n\t<meta property=\"og:image:type\" content=\"image\/jpeg\" \/>\n<meta name=\"twitter:card\" content=\"summary_large_image\" \/>\n<meta name=\"twitter:label1\" content=\"Dur\u00e9e de lecture estim\u00e9e\" \/>\n\t<meta name=\"twitter:data1\" content=\"2 minutes\" \/>\n<script type=\"application\/ld+json\" class=\"yoast-schema-graph\">{\"@context\":\"https:\/\/schema.org\",\"@graph\":[{\"@type\":\"WebPage\",\"@id\":\"https:\/\/msacanada.ca\/fr\/programmes-de-dons\/fonds-de-legs\/fonds-anne-marie-brady-pour-la-recherche-sur-lams\/\",\"url\":\"https:\/\/msacanada.ca\/fr\/programmes-de-dons\/fonds-de-legs\/fonds-anne-marie-brady-pour-la-recherche-sur-lams\/\",\"name\":\"Fonds Anne-Marie Brady pour la recherche sur l\u2019AMS\",\"isPartOf\":{\"@id\":\"https:\/\/msacanada.ca\/fr\/#website\"},\"primaryImageOfPage\":{\"@id\":\"https:\/\/msacanada.ca\/fr\/programmes-de-dons\/fonds-de-legs\/fonds-anne-marie-brady-pour-la-recherche-sur-lams\/#primaryimage\"},\"image\":{\"@id\":\"https:\/\/msacanada.ca\/fr\/programmes-de-dons\/fonds-de-legs\/fonds-anne-marie-brady-pour-la-recherche-sur-lams\/#primaryimage\"},\"thumbnailUrl\":\"https:\/\/msacanada.ca\/wp-content\/uploads\/2025\/04\/MSA-Featured.jpg\",\"datePublished\":\"2025-02-10T14:06:39+00:00\",\"dateModified\":\"2025-05-14T23:35:51+00:00\",\"description\":\"En m\u00e9moire d\u2019Anne-Marie Brady. Les dons faits en son honneur soutiennent la recherche et la d\u00e9fense des droits li\u00e9s \u00e0 l\u2019AMS par l\u2019interm\u00e9diaire de Vaincre l\u2019AMS Canada.\",\"breadcrumb\":{\"@id\":\"https:\/\/msacanada.ca\/fr\/programmes-de-dons\/fonds-de-legs\/fonds-anne-marie-brady-pour-la-recherche-sur-lams\/#breadcrumb\"},\"inLanguage\":\"fr-FR\",\"potentialAction\":[{\"@type\":\"ReadAction\",\"target\":[\"https:\/\/msacanada.ca\/fr\/programmes-de-dons\/fonds-de-legs\/fonds-anne-marie-brady-pour-la-recherche-sur-lams\/\"]}]},{\"@type\":\"ImageObject\",\"inLanguage\":\"fr-FR\",\"@id\":\"https:\/\/msacanada.ca\/fr\/programmes-de-dons\/fonds-de-legs\/fonds-anne-marie-brady-pour-la-recherche-sur-lams\/#primaryimage\",\"url\":\"https:\/\/msacanada.ca\/wp-content\/uploads\/2025\/04\/MSA-Featured.jpg\",\"contentUrl\":\"https:\/\/msacanada.ca\/wp-content\/uploads\/2025\/04\/MSA-Featured.jpg\",\"width\":1920,\"height\":1008},{\"@type\":\"BreadcrumbList\",\"@id\":\"https:\/\/msacanada.ca\/fr\/programmes-de-dons\/fonds-de-legs\/fonds-anne-marie-brady-pour-la-recherche-sur-lams\/#breadcrumb\",\"itemListElement\":[{\"@type\":\"ListItem\",\"position\":1,\"name\":\"Home\",\"item\":\"https:\/\/msacanada.ca\/fr\/\"},{\"@type\":\"ListItem\",\"position\":2,\"name\":\"Programmes de dons\",\"item\":\"https:\/\/msacanada.ca\/fr\/giving-programs\/\"},{\"@type\":\"ListItem\",\"position\":3,\"name\":\"Fonds de legs\",\"item\":\"https:\/\/msacanada.ca\/fr\/giving-programs\/legacy-funds\/\"},{\"@type\":\"ListItem\",\"position\":4,\"name\":\"Fonds Anne-Marie Brady pour la recherche sur l\u2019AMS\"}]},{\"@type\":\"WebSite\",\"@id\":\"https:\/\/msacanada.ca\/fr\/#website\",\"url\":\"https:\/\/msacanada.ca\/fr\/\",\"name\":\"MSA Canada\",\"description\":\"Defeat MSA\/Vaincre AMS Canada\",\"publisher\":{\"@id\":\"https:\/\/msacanada.ca\/fr\/#organization\"},\"potentialAction\":[{\"@type\":\"SearchAction\",\"target\":{\"@type\":\"EntryPoint\",\"urlTemplate\":\"https:\/\/msacanada.ca\/fr\/?s={search_term_string}\"},\"query-input\":{\"@type\":\"PropertyValueSpecification\",\"valueRequired\":true,\"valueName\":\"search_term_string\"}}],\"inLanguage\":\"fr-FR\"},{\"@type\":\"Organization\",\"@id\":\"https:\/\/msacanada.ca\/fr\/#organization\",\"name\":\"MSA Canada\",\"url\":\"https:\/\/msacanada.ca\/fr\/\",\"logo\":{\"@type\":\"ImageObject\",\"inLanguage\":\"fr-FR\",\"@id\":\"https:\/\/msacanada.ca\/fr\/#\/schema\/logo\/image\/\",\"url\":\"https:\/\/msacanada.ca\/wp-content\/uploads\/2024\/11\/MSA-Canada-Logo-ret.png\",\"contentUrl\":\"https:\/\/msacanada.ca\/wp-content\/uploads\/2024\/11\/MSA-Canada-Logo-ret.png\",\"width\":400,\"height\":400,\"caption\":\"MSA Canada\"},\"image\":{\"@id\":\"https:\/\/msacanada.ca\/fr\/#\/schema\/logo\/image\/\"},\"sameAs\":[\"https:\/\/www.facebook.com\/defeatmsacanada\/\",\"https:\/\/www.instagram.com\/msaamscanada\/\",\"https:\/\/www.youtube.com\/channel\/UCT9R2fSQUFmhiJ_xP3hICxg\",\"https:\/\/www.linkedin.com\/company\/defeatmsacanada\"]}]}<\/script>\n<!-- \/ Yoast SEO plugin. -->","yoast_head_json":{"title":"Fonds Anne-Marie Brady pour la recherche sur l\u2019AMS","description":"En m\u00e9moire d\u2019Anne-Marie Brady. Les dons faits en son honneur soutiennent la recherche et la d\u00e9fense des droits li\u00e9s \u00e0 l\u2019AMS par l\u2019interm\u00e9diaire de Vaincre l\u2019AMS Canada.","robots":{"index":"index","follow":"follow","max-snippet":"max-snippet:-1","max-image-preview":"max-image-preview:large","max-video-preview":"max-video-preview:-1"},"canonical":"https:\/\/msacanada.ca\/fr\/programmes-de-dons\/fonds-de-legs\/fonds-anne-marie-brady-pour-la-recherche-sur-lams\/","og_locale":"fr_FR","og_type":"article","og_title":"Fonds Anne-Marie Brady pour la recherche sur l\u2019AMS","og_description":"En m\u00e9moire d\u2019Anne-Marie Brady. Les dons faits en son honneur soutiennent la recherche et la d\u00e9fense des droits li\u00e9s \u00e0 l\u2019AMS par l\u2019interm\u00e9diaire de Vaincre l\u2019AMS Canada.","og_url":"https:\/\/msacanada.ca\/fr\/programmes-de-dons\/fonds-de-legs\/fonds-anne-marie-brady-pour-la-recherche-sur-lams\/","og_site_name":"MSA Canada","article_publisher":"https:\/\/www.facebook.com\/defeatmsacanada\/","article_modified_time":"2025-05-14T23:35:51+00:00","og_image":[{"width":1920,"height":1008,"url":"https:\/\/msacanada.ca\/wp-content\/uploads\/2025\/04\/MSA-Featured.jpg","type":"image\/jpeg"}],"twitter_card":"summary_large_image","twitter_misc":{"Dur\u00e9e de lecture estim\u00e9e":"2 minutes"},"schema":{"@context":"https:\/\/schema.org","@graph":[{"@type":"WebPage","@id":"https:\/\/msacanada.ca\/fr\/programmes-de-dons\/fonds-de-legs\/fonds-anne-marie-brady-pour-la-recherche-sur-lams\/","url":"https:\/\/msacanada.ca\/fr\/programmes-de-dons\/fonds-de-legs\/fonds-anne-marie-brady-pour-la-recherche-sur-lams\/","name":"Fonds Anne-Marie Brady pour la recherche sur l\u2019AMS","isPartOf":{"@id":"https:\/\/msacanada.ca\/fr\/#website"},"primaryImageOfPage":{"@id":"https:\/\/msacanada.ca\/fr\/programmes-de-dons\/fonds-de-legs\/fonds-anne-marie-brady-pour-la-recherche-sur-lams\/#primaryimage"},"image":{"@id":"https:\/\/msacanada.ca\/fr\/programmes-de-dons\/fonds-de-legs\/fonds-anne-marie-brady-pour-la-recherche-sur-lams\/#primaryimage"},"thumbnailUrl":"https:\/\/msacanada.ca\/wp-content\/uploads\/2025\/04\/MSA-Featured.jpg","datePublished":"2025-02-10T14:06:39+00:00","dateModified":"2025-05-14T23:35:51+00:00","description":"En m\u00e9moire d\u2019Anne-Marie Brady. Les dons faits en son honneur soutiennent la recherche et la d\u00e9fense des droits li\u00e9s \u00e0 l\u2019AMS par l\u2019interm\u00e9diaire de Vaincre l\u2019AMS Canada.","breadcrumb":{"@id":"https:\/\/msacanada.ca\/fr\/programmes-de-dons\/fonds-de-legs\/fonds-anne-marie-brady-pour-la-recherche-sur-lams\/#breadcrumb"},"inLanguage":"fr-FR","potentialAction":[{"@type":"ReadAction","target":["https:\/\/msacanada.ca\/fr\/programmes-de-dons\/fonds-de-legs\/fonds-anne-marie-brady-pour-la-recherche-sur-lams\/"]}]},{"@type":"ImageObject","inLanguage":"fr-FR","@id":"https:\/\/msacanada.ca\/fr\/programmes-de-dons\/fonds-de-legs\/fonds-anne-marie-brady-pour-la-recherche-sur-lams\/#primaryimage","url":"https:\/\/msacanada.ca\/wp-content\/uploads\/2025\/04\/MSA-Featured.jpg","contentUrl":"https:\/\/msacanada.ca\/wp-content\/uploads\/2025\/04\/MSA-Featured.jpg","width":1920,"height":1008},{"@type":"BreadcrumbList","@id":"https:\/\/msacanada.ca\/fr\/programmes-de-dons\/fonds-de-legs\/fonds-anne-marie-brady-pour-la-recherche-sur-lams\/#breadcrumb","itemListElement":[{"@type":"ListItem","position":1,"name":"Home","item":"https:\/\/msacanada.ca\/fr\/"},{"@type":"ListItem","position":2,"name":"Programmes de dons","item":"https:\/\/msacanada.ca\/fr\/giving-programs\/"},{"@type":"ListItem","position":3,"name":"Fonds de legs","item":"https:\/\/msacanada.ca\/fr\/giving-programs\/legacy-funds\/"},{"@type":"ListItem","position":4,"name":"Fonds Anne-Marie Brady pour la recherche sur l\u2019AMS"}]},{"@type":"WebSite","@id":"https:\/\/msacanada.ca\/fr\/#website","url":"https:\/\/msacanada.ca\/fr\/","name":"MSA Canada","description":"Defeat MSA\/Vaincre AMS Canada","publisher":{"@id":"https:\/\/msacanada.ca\/fr\/#organization"},"potentialAction":[{"@type":"SearchAction","target":{"@type":"EntryPoint","urlTemplate":"https:\/\/msacanada.ca\/fr\/?s={search_term_string}"},"query-input":{"@type":"PropertyValueSpecification","valueRequired":true,"valueName":"search_term_string"}}],"inLanguage":"fr-FR"},{"@type":"Organization","@id":"https:\/\/msacanada.ca\/fr\/#organization","name":"MSA Canada","url":"https:\/\/msacanada.ca\/fr\/","logo":{"@type":"ImageObject","inLanguage":"fr-FR","@id":"https:\/\/msacanada.ca\/fr\/#\/schema\/logo\/image\/","url":"https:\/\/msacanada.ca\/wp-content\/uploads\/2024\/11\/MSA-Canada-Logo-ret.png","contentUrl":"https:\/\/msacanada.ca\/wp-content\/uploads\/2024\/11\/MSA-Canada-Logo-ret.png","width":400,"height":400,"caption":"MSA Canada"},"image":{"@id":"https:\/\/msacanada.ca\/fr\/#\/schema\/logo\/image\/"},"sameAs":["https:\/\/www.facebook.com\/defeatmsacanada\/","https:\/\/www.instagram.com\/msaamscanada\/","https:\/\/www.youtube.com\/channel\/UCT9R2fSQUFmhiJ_xP3hICxg","https:\/\/www.linkedin.com\/company\/defeatmsacanada"]}]}},"_links":{"self":[{"href":"https:\/\/msacanada.ca\/fr\/wp-json\/wp\/v2\/pages\/241756","targetHints":{"allow":["GET"]}}],"collection":[{"href":"https:\/\/msacanada.ca\/fr\/wp-json\/wp\/v2\/pages"}],"about":[{"href":"https:\/\/msacanada.ca\/fr\/wp-json\/wp\/v2\/types\/page"}],"author":[{"embeddable":true,"href":"https:\/\/msacanada.ca\/fr\/wp-json\/wp\/v2\/users\/2"}],"replies":[{"embeddable":true,"href":"https:\/\/msacanada.ca\/fr\/wp-json\/wp\/v2\/comments?post=241756"}],"version-history":[{"count":2,"href":"https:\/\/msacanada.ca\/fr\/wp-json\/wp\/v2\/pages\/241756\/revisions"}],"predecessor-version":[{"id":241758,"href":"https:\/\/msacanada.ca\/fr\/wp-json\/wp\/v2\/pages\/241756\/revisions\/241758"}],"up":[{"embeddable":true,"href":"https:\/\/msacanada.ca\/fr\/wp-json\/wp\/v2\/pages\/241747"}],"wp:featuredmedia":[{"embeddable":true,"href":"https:\/\/msacanada.ca\/fr\/wp-json\/wp\/v2\/media\/241712"}],"wp:attachment":[{"href":"https:\/\/msacanada.ca\/fr\/wp-json\/wp\/v2\/media?parent=241756"}],"curies":[{"name":"wp","href":"https:\/\/api.w.org\/{rel}","templated":true}]}}