{"id":241765,"date":"2025-02-10T14:23:30","date_gmt":"2025-02-10T14:23:30","guid":{"rendered":"https:\/\/msacanada.ca\/programmes-de-dons\/fonds-de-legs\/garneau-family-legacy-fund\/"},"modified":"2025-05-14T23:34:40","modified_gmt":"2025-05-14T23:34:40","slug":"fonds-commemoratif-de-la-famille-garneau","status":"publish","type":"page","link":"https:\/\/msacanada.ca\/fr\/programmes-de-dons\/fonds-de-legs\/fonds-commemoratif-de-la-famille-garneau\/","title":{"rendered":"Fonds comm\u00e9moratif de la famille Garneau"},"content":{"rendered":"<div class=\"wpb-content-wrapper\"><p>[vc_row][vc_column][vc_row_inner][vc_column_inner width=\u00a0\u00bb1\/4&Prime;][vc_column_text css=\u00a0\u00bb\u00a0\u00bb]<img loading=\"lazy\" decoding=\"async\" class=\"alignnone wp-image-462\" src=\"https:\/\/msacanada.ca\/wp-content\/uploads\/2025\/02\/Valerie-Garneau-1.png\" alt=\"Val\u00e9rie Garneau\" width=\"400\" height=\"400\" srcset=\"https:\/\/msacanada.ca\/wp-content\/uploads\/2025\/02\/Valerie-Garneau-1.png 415w, https:\/\/msacanada.ca\/wp-content\/uploads\/2025\/02\/Valerie-Garneau-1-300x300.png 300w, https:\/\/msacanada.ca\/wp-content\/uploads\/2025\/02\/Valerie-Garneau-1-150x150.png 150w\" sizes=\"auto, (max-width: 400px) 100vw, 400px\" \/>[\/vc_column_text][\/vc_column_inner][vc_column_inner width=\u00a0\u00bb3\/4&Prime;][vc_column_text css=\u00a0\u00bb\u00a0\u00bb]La famille Garneau c\u2019est toujours impliqu\u00e9 dans le monde fun\u00e9raire canadien d\u2019o\u00f9 l\u2019importance pour eux que cette page soit bilingue. The Garneau family has always been involved in the Canadian funeral world. It is important for them to help others in the community, throughout Canada.<\/p>\n<p>Depuis 2 ans les m\u00e9decins cherchent pourquoi ma sant\u00e9 se d\u00e9t\u00e9riorait rapidement. En mars 2020, 4 jours avant la pand\u00e9mie, le diagnostic tombait. Apr\u00e8s avoir \u00e9limin\u00e9 plusieurs maladies, enfin nous avions trouv\u00e9, c\u2019est l\u2019atrophie multisystemis\u00e9e, une maladie tr\u00e8s rare mieux connue par son acronyme l\u2019AMS. Je suis une m\u00e8re de famille tr\u00e8s impliqu\u00e9e dans tous les causes de mon milieu. J\u2019ai \u00e9t\u00e9 la premi\u00e8re pr\u00e9sidente de la Corporation des thanatologues du Qu\u00e9bec. J\u2019ai toujours travaill\u00e9 plus de 50 heures par semaine comme directeur de fun\u00e9railles et j\u2019ai compl\u00e9t\u00e9 un dipl\u00f4me universitaire Je suis incapable de demeurer inactive longtemps. Mais cela \u00e0 beaucoup changer.<\/p>\n<p>Je ne sais pas combien de temps il me reste \u00e0 vivre. Comme je le r\u00e9p\u00e8te, il n\u2019y aura pas de miracle pour moi, mais je peux et je veux aider les autres. Si je peux aider une seule personne, un seul conjoint, un seul enfant, mes objectifs de vie seront atteints.[\/vc_column_text][\/vc_column_inner][\/vc_row_inner][vc_row_inner css=\u00a0\u00bb.vc_custom_1739197558413{margin-top: 30px !important;}\u00a0\u00bb][vc_column_inner width=\u00a0\u00bb1\/4&Prime;][vc_column_text css=\u00a0\u00bb\u00a0\u00bb]<img loading=\"lazy\" decoding=\"async\" class=\"alignnone wp-image-463\" src=\"https:\/\/msacanada.ca\/wp-content\/uploads\/2025\/02\/Andre-Garneau.png\" alt=\"Andr\u00e9 Garneau\" width=\"400\" height=\"400\" srcset=\"https:\/\/msacanada.ca\/wp-content\/uploads\/2025\/02\/Andre-Garneau.png 423w, https:\/\/msacanada.ca\/wp-content\/uploads\/2025\/02\/Andre-Garneau-300x300.png 300w, https:\/\/msacanada.ca\/wp-content\/uploads\/2025\/02\/Andre-Garneau-150x150.png 150w\" sizes=\"auto, (max-width: 400px) 100vw, 400px\" \/>[\/vc_column_text][\/vc_column_inner][vc_column_inner width=\u00a0\u00bb3\/4&Prime;][vc_column_text css=\u00a0\u00bb\u00a0\u00bb]<strong>Andr\u00e9 Garneau, 1948-2020 : D\u00e9fenseur de l\u2019AMS\/MSA<\/strong><\/p>\n<p>Andr\u00e9 est l\u2019oncle de Val\u00e9rie. Complice de son p\u00e8re depuis l\u2019enfance, il a toujours \u00e9t\u00e9 proche de la famille. D\u00e9c\u00e9d\u00e9 le 11 septembre 2020, d\u2019un arr\u00eat cardiaque, l\u2019\u00e9pouse et les enfants de cet ancien militaire ont d\u00e9cid\u00e9 en sa m\u00e9moire de supporter la fondation vaincre l\u2019AMS pour aider sa ni\u00e8ce. Andr\u00e9 aurait d\u00e9sir\u00e9 que la recherche continue et qu\u2019un m\u00e9dicament soit trouv\u00e9 pour aider dans cette horrible maladie.[\/vc_column_text]<style type=\"text\/css\" data-type=\"the7_shortcodes-inline-css\">#default-btn-4317857619e3143cff4eb3febc85c2d3 {\n  border-radius: 3px;\n  font-size: 16px;\n  line-height: 18px;\n}\n.btn-shadow#default-btn-4317857619e3143cff4eb3febc85c2d3 {\n  box-shadow: 0 1px 6px rgba(0,0,0,0.12);\n  transition: box-shadow 0.2s ease-out, opacity 0.45s;\n}\n.btn-shadow#default-btn-4317857619e3143cff4eb3febc85c2d3:hover {\n  box-shadow: 0 5px 11px 0 rgba(0,0,0,0.18), 0 4px 15px 0 rgba(0,0,0,0.15);\n}\n.btn-3d#default-btn-4317857619e3143cff4eb3febc85c2d3 {\n  box-shadow: 0px 2px 0px 0px #903143;\n}\n.btn-3d#default-btn-4317857619e3143cff4eb3febc85c2d3:hover {\n  box-shadow: 0px 2px 0px 0px #562b2f;\n}\n.btn-flat#default-btn-4317857619e3143cff4eb3febc85c2d3 {\n  box-shadow: none;\n}\n.btn-flat#default-btn-4317857619e3143cff4eb3febc85c2d3:hover {\n  box-shadow: none;\n}\n#default-btn-4317857619e3143cff4eb3febc85c2d3.ico-right-side > i {\n  margin-right: 0px;\n  margin-left: 10px;\n}\n#default-btn-4317857619e3143cff4eb3febc85c2d3 > i {\n  margin-right: 10px;\n  font-size: 16px;\n}\n#default-btn-4317857619e3143cff4eb3febc85c2d3:not(:hover) {\n  border-width: 1px;\n  border-color: #D72749 !important;\n  color: #FFFFFF;\n  background: #D72749 !important;\n  padding: 15px 20px 15px 20px;\n}\n#default-btn-4317857619e3143cff4eb3febc85c2d3:not(:hover) * {\n  color: #FFFFFF;\n}\n#default-btn-4317857619e3143cff4eb3febc85c2d3:hover {\n  border-width: 1px;\n  border-color: #922C35 !important;\n  color: #FFFFFF;\n  background: #922C35 !important;\n  padding: 15px 20px 15px 20px;\n}\n#default-btn-4317857619e3143cff4eb3febc85c2d3:hover * {\n  color: #FFFFFF;\n}\n#default-btn-4317857619e3143cff4eb3febc85c2d3.ico-right-side > i {\n  margin-right: 0px;\n  margin-left: 10px;\n}\n#default-btn-4317857619e3143cff4eb3febc85c2d3 > i {\n  margin-right: 10px;\n}\n<\/style><a href=\"https:\/\/msacanada.ca\/donate\/\" class=\"default-btn-shortcode dt-btn link-hover-off ico-right-side btn-inline-left btn-flat \" id=\"default-btn-4317857619e3143cff4eb3febc85c2d3\"><span>DONATE TO GARNEAU FAMILY\/FOND DE LA FAMILLLE GARNEAU<\/span><i class=\"dt-icon-the7-arrow-0-41\"><\/i><\/a>[\/vc_column_inner][\/vc_row_inner][\/vc_column][\/vc_row]<\/p>\n<\/div>","protected":false},"excerpt":{"rendered":"<p>[vc_row][vc_column][vc_row_inner][vc_column_inner width=\u00a0\u00bb1\/4&Prime;][vc_column_text css=\u00a0\u00bb\u00a0\u00bb][\/vc_column_text][\/vc_column_inner][vc_column_inner width=\u00a0\u00bb3\/4&Prime;][vc_column_text css=\u00a0\u00bb\u00a0\u00bb]La famille Garneau c\u2019est toujours impliqu\u00e9 dans le monde fun\u00e9raire canadien d\u2019o\u00f9 l\u2019importance pour eux que cette page soit bilingue. The Garneau family has always been involved in the Canadian funeral world. It is important for them to help others in the community, throughout Canada. Depuis 2 ans les m\u00e9decins cherchent&hellip;<\/p>\n","protected":false},"author":2,"featured_media":241712,"parent":241747,"menu_order":0,"comment_status":"closed","ping_status":"closed","template":"","meta":{"footnotes":""},"class_list":["post-241765","page","type-page","status-publish","has-post-thumbnail","hentry","description-off"],"yoast_head":"<!-- This site is optimized with the Yoast SEO plugin v25.3 - https:\/\/yoast.com\/wordpress\/plugins\/seo\/ -->\n<title>Fonds comm\u00e9moratif de la famille Garneau | Vaincre l\u2019AMS Canada<\/title>\n<meta name=\"description\" content=\"En m\u00e9moire de Val\u00e9rie Garneau. Les dons faits en son honneur soutiennent la recherche et la d\u00e9fense de l\u2019AMS via Vaincre l\u2019AMS Canada.\" \/>\n<meta name=\"robots\" content=\"index, follow, max-snippet:-1, max-image-preview:large, max-video-preview:-1\" \/>\n<link rel=\"canonical\" href=\"https:\/\/msacanada.ca\/fr\/programmes-de-dons\/fonds-de-legs\/fonds-commemoratif-de-la-famille-garneau\/\" \/>\n<meta property=\"og:locale\" content=\"fr_FR\" \/>\n<meta property=\"og:type\" content=\"article\" \/>\n<meta property=\"og:title\" content=\"Fonds comm\u00e9moratif de la famille Garneau | Vaincre l\u2019AMS Canada\" \/>\n<meta property=\"og:description\" content=\"En m\u00e9moire de Val\u00e9rie Garneau. Les dons faits en son honneur soutiennent la recherche et la d\u00e9fense de l\u2019AMS via Vaincre l\u2019AMS Canada.\" \/>\n<meta property=\"og:url\" content=\"https:\/\/msacanada.ca\/fr\/programmes-de-dons\/fonds-de-legs\/fonds-commemoratif-de-la-famille-garneau\/\" \/>\n<meta property=\"og:site_name\" content=\"MSA Canada\" \/>\n<meta property=\"article:publisher\" content=\"https:\/\/www.facebook.com\/defeatmsacanada\/\" \/>\n<meta property=\"article:modified_time\" content=\"2025-05-14T23:34:40+00:00\" \/>\n<meta property=\"og:image\" content=\"https:\/\/msacanada.ca\/wp-content\/uploads\/2025\/04\/MSA-Featured.jpg\" \/>\n\t<meta property=\"og:image:width\" content=\"1920\" \/>\n\t<meta property=\"og:image:height\" content=\"1008\" \/>\n\t<meta property=\"og:image:type\" content=\"image\/jpeg\" \/>\n<meta name=\"twitter:card\" content=\"summary_large_image\" \/>\n<meta name=\"twitter:label1\" content=\"Dur\u00e9e de lecture estim\u00e9e\" \/>\n\t<meta name=\"twitter:data1\" content=\"2 minutes\" \/>\n<script type=\"application\/ld+json\" class=\"yoast-schema-graph\">{\"@context\":\"https:\/\/schema.org\",\"@graph\":[{\"@type\":\"WebPage\",\"@id\":\"https:\/\/msacanada.ca\/fr\/programmes-de-dons\/fonds-de-legs\/fonds-commemoratif-de-la-famille-garneau\/\",\"url\":\"https:\/\/msacanada.ca\/fr\/programmes-de-dons\/fonds-de-legs\/fonds-commemoratif-de-la-famille-garneau\/\",\"name\":\"Fonds comm\u00e9moratif de la famille Garneau | Vaincre l\u2019AMS Canada\",\"isPartOf\":{\"@id\":\"https:\/\/msacanada.ca\/fr\/#website\"},\"primaryImageOfPage\":{\"@id\":\"https:\/\/msacanada.ca\/fr\/programmes-de-dons\/fonds-de-legs\/fonds-commemoratif-de-la-famille-garneau\/#primaryimage\"},\"image\":{\"@id\":\"https:\/\/msacanada.ca\/fr\/programmes-de-dons\/fonds-de-legs\/fonds-commemoratif-de-la-famille-garneau\/#primaryimage\"},\"thumbnailUrl\":\"https:\/\/msacanada.ca\/wp-content\/uploads\/2025\/04\/MSA-Featured.jpg\",\"datePublished\":\"2025-02-10T14:23:30+00:00\",\"dateModified\":\"2025-05-14T23:34:40+00:00\",\"description\":\"En m\u00e9moire de Val\u00e9rie Garneau. Les dons faits en son honneur soutiennent la recherche et la d\u00e9fense de l\u2019AMS via Vaincre l\u2019AMS Canada.\",\"breadcrumb\":{\"@id\":\"https:\/\/msacanada.ca\/fr\/programmes-de-dons\/fonds-de-legs\/fonds-commemoratif-de-la-famille-garneau\/#breadcrumb\"},\"inLanguage\":\"fr-FR\",\"potentialAction\":[{\"@type\":\"ReadAction\",\"target\":[\"https:\/\/msacanada.ca\/fr\/programmes-de-dons\/fonds-de-legs\/fonds-commemoratif-de-la-famille-garneau\/\"]}]},{\"@type\":\"ImageObject\",\"inLanguage\":\"fr-FR\",\"@id\":\"https:\/\/msacanada.ca\/fr\/programmes-de-dons\/fonds-de-legs\/fonds-commemoratif-de-la-famille-garneau\/#primaryimage\",\"url\":\"https:\/\/msacanada.ca\/wp-content\/uploads\/2025\/04\/MSA-Featured.jpg\",\"contentUrl\":\"https:\/\/msacanada.ca\/wp-content\/uploads\/2025\/04\/MSA-Featured.jpg\",\"width\":1920,\"height\":1008},{\"@type\":\"BreadcrumbList\",\"@id\":\"https:\/\/msacanada.ca\/fr\/programmes-de-dons\/fonds-de-legs\/fonds-commemoratif-de-la-famille-garneau\/#breadcrumb\",\"itemListElement\":[{\"@type\":\"ListItem\",\"position\":1,\"name\":\"Home\",\"item\":\"https:\/\/msacanada.ca\/fr\/\"},{\"@type\":\"ListItem\",\"position\":2,\"name\":\"Programmes de dons\",\"item\":\"https:\/\/msacanada.ca\/fr\/giving-programs\/\"},{\"@type\":\"ListItem\",\"position\":3,\"name\":\"Fonds de legs\",\"item\":\"https:\/\/msacanada.ca\/fr\/giving-programs\/legacy-funds\/\"},{\"@type\":\"ListItem\",\"position\":4,\"name\":\"Fonds comm\u00e9moratif de la famille Garneau\"}]},{\"@type\":\"WebSite\",\"@id\":\"https:\/\/msacanada.ca\/fr\/#website\",\"url\":\"https:\/\/msacanada.ca\/fr\/\",\"name\":\"MSA Canada\",\"description\":\"Defeat MSA\/Vaincre AMS Canada\",\"publisher\":{\"@id\":\"https:\/\/msacanada.ca\/fr\/#organization\"},\"potentialAction\":[{\"@type\":\"SearchAction\",\"target\":{\"@type\":\"EntryPoint\",\"urlTemplate\":\"https:\/\/msacanada.ca\/fr\/?s={search_term_string}\"},\"query-input\":{\"@type\":\"PropertyValueSpecification\",\"valueRequired\":true,\"valueName\":\"search_term_string\"}}],\"inLanguage\":\"fr-FR\"},{\"@type\":\"Organization\",\"@id\":\"https:\/\/msacanada.ca\/fr\/#organization\",\"name\":\"MSA Canada\",\"url\":\"https:\/\/msacanada.ca\/fr\/\",\"logo\":{\"@type\":\"ImageObject\",\"inLanguage\":\"fr-FR\",\"@id\":\"https:\/\/msacanada.ca\/fr\/#\/schema\/logo\/image\/\",\"url\":\"https:\/\/msacanada.ca\/wp-content\/uploads\/2024\/11\/MSA-Canada-Logo-ret.png\",\"contentUrl\":\"https:\/\/msacanada.ca\/wp-content\/uploads\/2024\/11\/MSA-Canada-Logo-ret.png\",\"width\":400,\"height\":400,\"caption\":\"MSA Canada\"},\"image\":{\"@id\":\"https:\/\/msacanada.ca\/fr\/#\/schema\/logo\/image\/\"},\"sameAs\":[\"https:\/\/www.facebook.com\/defeatmsacanada\/\",\"https:\/\/www.instagram.com\/msaamscanada\/\",\"https:\/\/www.youtube.com\/channel\/UCT9R2fSQUFmhiJ_xP3hICxg\",\"https:\/\/www.linkedin.com\/company\/defeatmsacanada\"]}]}<\/script>\n<!-- \/ Yoast SEO plugin. -->","yoast_head_json":{"title":"Fonds comm\u00e9moratif de la famille Garneau | Vaincre l\u2019AMS Canada","description":"En m\u00e9moire de Val\u00e9rie Garneau. Les dons faits en son honneur soutiennent la recherche et la d\u00e9fense de l\u2019AMS via Vaincre l\u2019AMS Canada.","robots":{"index":"index","follow":"follow","max-snippet":"max-snippet:-1","max-image-preview":"max-image-preview:large","max-video-preview":"max-video-preview:-1"},"canonical":"https:\/\/msacanada.ca\/fr\/programmes-de-dons\/fonds-de-legs\/fonds-commemoratif-de-la-famille-garneau\/","og_locale":"fr_FR","og_type":"article","og_title":"Fonds comm\u00e9moratif de la famille Garneau | Vaincre l\u2019AMS Canada","og_description":"En m\u00e9moire de Val\u00e9rie Garneau. Les dons faits en son honneur soutiennent la recherche et la d\u00e9fense de l\u2019AMS via Vaincre l\u2019AMS Canada.","og_url":"https:\/\/msacanada.ca\/fr\/programmes-de-dons\/fonds-de-legs\/fonds-commemoratif-de-la-famille-garneau\/","og_site_name":"MSA Canada","article_publisher":"https:\/\/www.facebook.com\/defeatmsacanada\/","article_modified_time":"2025-05-14T23:34:40+00:00","og_image":[{"width":1920,"height":1008,"url":"https:\/\/msacanada.ca\/wp-content\/uploads\/2025\/04\/MSA-Featured.jpg","type":"image\/jpeg"}],"twitter_card":"summary_large_image","twitter_misc":{"Dur\u00e9e de lecture estim\u00e9e":"2 minutes"},"schema":{"@context":"https:\/\/schema.org","@graph":[{"@type":"WebPage","@id":"https:\/\/msacanada.ca\/fr\/programmes-de-dons\/fonds-de-legs\/fonds-commemoratif-de-la-famille-garneau\/","url":"https:\/\/msacanada.ca\/fr\/programmes-de-dons\/fonds-de-legs\/fonds-commemoratif-de-la-famille-garneau\/","name":"Fonds comm\u00e9moratif de la famille Garneau | Vaincre l\u2019AMS Canada","isPartOf":{"@id":"https:\/\/msacanada.ca\/fr\/#website"},"primaryImageOfPage":{"@id":"https:\/\/msacanada.ca\/fr\/programmes-de-dons\/fonds-de-legs\/fonds-commemoratif-de-la-famille-garneau\/#primaryimage"},"image":{"@id":"https:\/\/msacanada.ca\/fr\/programmes-de-dons\/fonds-de-legs\/fonds-commemoratif-de-la-famille-garneau\/#primaryimage"},"thumbnailUrl":"https:\/\/msacanada.ca\/wp-content\/uploads\/2025\/04\/MSA-Featured.jpg","datePublished":"2025-02-10T14:23:30+00:00","dateModified":"2025-05-14T23:34:40+00:00","description":"En m\u00e9moire de Val\u00e9rie Garneau. Les dons faits en son honneur soutiennent la recherche et la d\u00e9fense de l\u2019AMS via Vaincre l\u2019AMS Canada.","breadcrumb":{"@id":"https:\/\/msacanada.ca\/fr\/programmes-de-dons\/fonds-de-legs\/fonds-commemoratif-de-la-famille-garneau\/#breadcrumb"},"inLanguage":"fr-FR","potentialAction":[{"@type":"ReadAction","target":["https:\/\/msacanada.ca\/fr\/programmes-de-dons\/fonds-de-legs\/fonds-commemoratif-de-la-famille-garneau\/"]}]},{"@type":"ImageObject","inLanguage":"fr-FR","@id":"https:\/\/msacanada.ca\/fr\/programmes-de-dons\/fonds-de-legs\/fonds-commemoratif-de-la-famille-garneau\/#primaryimage","url":"https:\/\/msacanada.ca\/wp-content\/uploads\/2025\/04\/MSA-Featured.jpg","contentUrl":"https:\/\/msacanada.ca\/wp-content\/uploads\/2025\/04\/MSA-Featured.jpg","width":1920,"height":1008},{"@type":"BreadcrumbList","@id":"https:\/\/msacanada.ca\/fr\/programmes-de-dons\/fonds-de-legs\/fonds-commemoratif-de-la-famille-garneau\/#breadcrumb","itemListElement":[{"@type":"ListItem","position":1,"name":"Home","item":"https:\/\/msacanada.ca\/fr\/"},{"@type":"ListItem","position":2,"name":"Programmes de dons","item":"https:\/\/msacanada.ca\/fr\/giving-programs\/"},{"@type":"ListItem","position":3,"name":"Fonds de legs","item":"https:\/\/msacanada.ca\/fr\/giving-programs\/legacy-funds\/"},{"@type":"ListItem","position":4,"name":"Fonds comm\u00e9moratif de la famille Garneau"}]},{"@type":"WebSite","@id":"https:\/\/msacanada.ca\/fr\/#website","url":"https:\/\/msacanada.ca\/fr\/","name":"MSA Canada","description":"Defeat MSA\/Vaincre AMS Canada","publisher":{"@id":"https:\/\/msacanada.ca\/fr\/#organization"},"potentialAction":[{"@type":"SearchAction","target":{"@type":"EntryPoint","urlTemplate":"https:\/\/msacanada.ca\/fr\/?s={search_term_string}"},"query-input":{"@type":"PropertyValueSpecification","valueRequired":true,"valueName":"search_term_string"}}],"inLanguage":"fr-FR"},{"@type":"Organization","@id":"https:\/\/msacanada.ca\/fr\/#organization","name":"MSA Canada","url":"https:\/\/msacanada.ca\/fr\/","logo":{"@type":"ImageObject","inLanguage":"fr-FR","@id":"https:\/\/msacanada.ca\/fr\/#\/schema\/logo\/image\/","url":"https:\/\/msacanada.ca\/wp-content\/uploads\/2024\/11\/MSA-Canada-Logo-ret.png","contentUrl":"https:\/\/msacanada.ca\/wp-content\/uploads\/2024\/11\/MSA-Canada-Logo-ret.png","width":400,"height":400,"caption":"MSA Canada"},"image":{"@id":"https:\/\/msacanada.ca\/fr\/#\/schema\/logo\/image\/"},"sameAs":["https:\/\/www.facebook.com\/defeatmsacanada\/","https:\/\/www.instagram.com\/msaamscanada\/","https:\/\/www.youtube.com\/channel\/UCT9R2fSQUFmhiJ_xP3hICxg","https:\/\/www.linkedin.com\/company\/defeatmsacanada"]}]}},"_links":{"self":[{"href":"https:\/\/msacanada.ca\/fr\/wp-json\/wp\/v2\/pages\/241765","targetHints":{"allow":["GET"]}}],"collection":[{"href":"https:\/\/msacanada.ca\/fr\/wp-json\/wp\/v2\/pages"}],"about":[{"href":"https:\/\/msacanada.ca\/fr\/wp-json\/wp\/v2\/types\/page"}],"author":[{"embeddable":true,"href":"https:\/\/msacanada.ca\/fr\/wp-json\/wp\/v2\/users\/2"}],"replies":[{"embeddable":true,"href":"https:\/\/msacanada.ca\/fr\/wp-json\/wp\/v2\/comments?post=241765"}],"version-history":[{"count":2,"href":"https:\/\/msacanada.ca\/fr\/wp-json\/wp\/v2\/pages\/241765\/revisions"}],"predecessor-version":[{"id":241767,"href":"https:\/\/msacanada.ca\/fr\/wp-json\/wp\/v2\/pages\/241765\/revisions\/241767"}],"up":[{"embeddable":true,"href":"https:\/\/msacanada.ca\/fr\/wp-json\/wp\/v2\/pages\/241747"}],"wp:featuredmedia":[{"embeddable":true,"href":"https:\/\/msacanada.ca\/fr\/wp-json\/wp\/v2\/media\/241712"}],"wp:attachment":[{"href":"https:\/\/msacanada.ca\/fr\/wp-json\/wp\/v2\/media?parent=241765"}],"curies":[{"name":"wp","href":"https:\/\/api.w.org\/{rel}","templated":true}]}}