{"id":241769,"date":"2025-02-10T14:39:41","date_gmt":"2025-02-10T14:39:41","guid":{"rendered":"https:\/\/msacanada.ca\/programmes-de-dons\/fonds-de-legs\/kelly-murphy-fund-for-msa-research\/"},"modified":"2025-05-14T23:33:51","modified_gmt":"2025-05-14T23:33:51","slug":"fonds-kelly-murphy-pour-la-sensibilisation-a-lams","status":"publish","type":"page","link":"https:\/\/msacanada.ca\/fr\/programmes-de-dons\/fonds-de-legs\/fonds-kelly-murphy-pour-la-sensibilisation-a-lams\/","title":{"rendered":"Fonds Kelly Murphy pour la sensibilisation \u00e0 l\u2019AMS"},"content":{"rendered":"<div class=\"wpb-content-wrapper\"><p>[vc_row][vc_column][vc_row_inner][vc_column_inner width=\u00a0\u00bb1\/4&Prime;][vc_column_text css=\u00a0\u00bb\u00a0\u00bb]<img loading=\"lazy\" decoding=\"async\" class=\"alignnone size-full wp-image-476\" src=\"https:\/\/msacanada.ca\/wp-content\/uploads\/2025\/02\/Kelly-Murphy-1.png\" alt=\"Kelly Murphy\" width=\"456\" height=\"456\" srcset=\"https:\/\/msacanada.ca\/wp-content\/uploads\/2025\/02\/Kelly-Murphy-1.png 456w, https:\/\/msacanada.ca\/wp-content\/uploads\/2025\/02\/Kelly-Murphy-1-300x300.png 300w, https:\/\/msacanada.ca\/wp-content\/uploads\/2025\/02\/Kelly-Murphy-1-150x150.png 150w\" sizes=\"auto, (max-width: 456px) 100vw, 456px\" \/>[\/vc_column_text][\/vc_column_inner][vc_column_inner width=\u00a0\u00bb3\/4&Prime;][vc_column_text css=\u00a0\u00bb\u00a0\u00bb]En 2019, apr\u00e8s des ann\u00e9es de rendez-vous m\u00e9dicaux et d\u2019investigations, Kelly Murphy a malheureusement re\u00e7u un diagnostic d\u2019Atrophie Multi-Syst\u00e9mique. Lorsqu\u2019une personne re\u00e7oit une nouvelle aussi bouleversante, elle peut aborder son diagnostic de deux fa\u00e7ons : soit l\u2019accepter et vivre ses jours tels quels, soit faire tout ce qu\u2019elle peut pour r\u00e9aliser ses r\u00eaves, aimer la vie et la vivre pleinement. Si vous connaissiez Kelly, vous savez qu\u2019elle a choisi la deuxi\u00e8me option.<\/p>\n<p>Kelly et son mari Mark, mari\u00e9s depuis 40 ans, ont pass\u00e9 d\u2019innombrables heures en voiture lors de leurs c\u00e9l\u00e8bres voyages sur la route, et lorsque la route ne pouvait pas les mener o\u00f9 ils voulaient aller, ils prenaient l\u2019avion ou le bateau. Ils ont profit\u00e9 de voyages en Floride, en Alaska, \u00e0 l\u2019\u00cele-du-Prince-\u00c9douard, en Nouvelle-\u00c9cosse, en Colombie-Britannique et en Alberta, pour ne nommer que ceux-l\u00e0. Leurs enfants et petits-enfants ont eu la chance de participer \u00e0 quelques-unes de ces aventures, notamment un voyage \u00e0 Disney !<\/p>\n<p>Lorsque la sant\u00e9 de Kelly a d\u00e9clin\u00e9 ces derni\u00e8res ann\u00e9es, elle a guid\u00e9 sa famille avec son attitude positive et son esprit combatif. Sa devise a toujours \u00e9t\u00e9 \u00ab Sois plus fort que la temp\u00eate \u00bb et en cela, Kelly l\u2019a assur\u00e9ment \u00e9t\u00e9 !<\/p>\n<p>Elle a continu\u00e9 d\u2019inspirer tous ceux qui l\u2019entouraient. Elle a lanc\u00e9 un blog sur l\u2019AMS, o\u00f9 la famille, les amis et d\u2019autres patients pouvaient suivre son parcours. D\u2019autres patients atteints d\u2019AMS lui ont pos\u00e9 des questions et Kelly leur a offert son soutien. Kelly et Mark ont encore accumul\u00e9 des kilom\u00e8tres en voyageant, afin que Kelly puisse participer \u00e0 un essai clinique aux \u00c9tats-Unis (Kelly a en fait \u00e9t\u00e9 la premi\u00e8re personne au monde \u00e0 recevoir cette infusion particuli\u00e8re pour l\u2019AMS !). Kelly a aussi \u00e9t\u00e9 conseill\u00e8re en d\u00e9fense des patients et administratrice pour D\u00e9faite AMS\/Vaincre AMS Canada, le seul groupe de d\u00e9fense des droits des patients atteints d\u2019AMS au Canada. En faisant tous ces efforts, Kelly esp\u00e9rait sensibiliser le public, recueillir des fonds et, un jour, trouver un rem\u00e8de \u00e0 l\u2019Atrophie Multi-Syst\u00e9mique.<\/p>\n<p>Pour Kelly, la premi\u00e8re \u00e9tape vers un rem\u00e8de \u00e9tait la sensibilisation. \u00ab Avec la sensibilisation vient plus de soutien, avec plus de soutien vient plus de recherche, et avec plus de recherche vient un rem\u00e8de pour l\u2019AMS ! \u00bb<\/p>\n<p>Malheureusement, nous avons perdu Kelly. Mais aujourd\u2019hui, en son honneur, l\u2019effort pour faire conna\u00eetre cette maladie peu connue continue partout. Joignez-vous \u00e0 nous dans ce combat essentiel.<br \/>\n[\/vc_column_text]<style type=\"text\/css\" data-type=\"the7_shortcodes-inline-css\">#default-btn-4317857619e3143cff4eb3febc85c2d3 {\n  border-radius: 3px;\n  font-size: 16px;\n  line-height: 18px;\n}\n.btn-shadow#default-btn-4317857619e3143cff4eb3febc85c2d3 {\n  box-shadow: 0 1px 6px rgba(0,0,0,0.12);\n  transition: box-shadow 0.2s ease-out, opacity 0.45s;\n}\n.btn-shadow#default-btn-4317857619e3143cff4eb3febc85c2d3:hover {\n  box-shadow: 0 5px 11px 0 rgba(0,0,0,0.18), 0 4px 15px 0 rgba(0,0,0,0.15);\n}\n.btn-3d#default-btn-4317857619e3143cff4eb3febc85c2d3 {\n  box-shadow: 0px 2px 0px 0px #903143;\n}\n.btn-3d#default-btn-4317857619e3143cff4eb3febc85c2d3:hover {\n  box-shadow: 0px 2px 0px 0px #562b2f;\n}\n.btn-flat#default-btn-4317857619e3143cff4eb3febc85c2d3 {\n  box-shadow: none;\n}\n.btn-flat#default-btn-4317857619e3143cff4eb3febc85c2d3:hover {\n  box-shadow: none;\n}\n#default-btn-4317857619e3143cff4eb3febc85c2d3.ico-right-side > i {\n  margin-right: 0px;\n  margin-left: 10px;\n}\n#default-btn-4317857619e3143cff4eb3febc85c2d3 > i {\n  margin-right: 10px;\n  font-size: 16px;\n}\n#default-btn-4317857619e3143cff4eb3febc85c2d3:not(:hover) {\n  border-width: 1px;\n  border-color: #D72749 !important;\n  color: #FFFFFF;\n  background: #D72749 !important;\n  padding: 15px 20px 15px 20px;\n}\n#default-btn-4317857619e3143cff4eb3febc85c2d3:not(:hover) * {\n  color: #FFFFFF;\n}\n#default-btn-4317857619e3143cff4eb3febc85c2d3:hover {\n  border-width: 1px;\n  border-color: #922C35 !important;\n  color: #FFFFFF;\n  background: #922C35 !important;\n  padding: 15px 20px 15px 20px;\n}\n#default-btn-4317857619e3143cff4eb3febc85c2d3:hover * {\n  color: #FFFFFF;\n}\n#default-btn-4317857619e3143cff4eb3febc85c2d3.ico-right-side > i {\n  margin-right: 0px;\n  margin-left: 10px;\n}\n#default-btn-4317857619e3143cff4eb3febc85c2d3 > i {\n  margin-right: 10px;\n}\n<\/style><a href=\"https:\/\/msacanada.ca\/donate\/\" class=\"default-btn-shortcode dt-btn link-hover-off ico-right-side btn-inline-left btn-flat \" id=\"default-btn-4317857619e3143cff4eb3febc85c2d3\"><span>FAITES UN DON AU FONDS KELLY MURPHY<\/span><i class=\"dt-icon-the7-arrow-0-41\"><\/i><\/a>[\/vc_column_inner][\/vc_row_inner][\/vc_column][\/vc_row]<\/p>\n<\/div>","protected":false},"excerpt":{"rendered":"<p>[vc_row][vc_column][vc_row_inner][vc_column_inner width=\u00a0\u00bb1\/4&Prime;][vc_column_text css=\u00a0\u00bb\u00a0\u00bb][\/vc_column_text][\/vc_column_inner][vc_column_inner width=\u00a0\u00bb3\/4&Prime;][vc_column_text css=\u00a0\u00bb\u00a0\u00bb]En 2019, apr\u00e8s des ann\u00e9es de rendez-vous m\u00e9dicaux et d\u2019investigations, Kelly Murphy a malheureusement re\u00e7u un diagnostic d\u2019Atrophie Multi-Syst\u00e9mique. Lorsqu\u2019une personne re\u00e7oit une nouvelle aussi bouleversante, elle peut aborder son diagnostic de deux fa\u00e7ons : soit l\u2019accepter et vivre ses jours tels quels, soit faire tout ce qu\u2019elle peut pour r\u00e9aliser&hellip;<\/p>\n","protected":false},"author":2,"featured_media":241712,"parent":241747,"menu_order":0,"comment_status":"closed","ping_status":"closed","template":"","meta":{"footnotes":""},"class_list":["post-241769","page","type-page","status-publish","has-post-thumbnail","hentry","description-off"],"yoast_head":"<!-- This site is optimized with the Yoast SEO plugin v25.3 - https:\/\/yoast.com\/wordpress\/plugins\/seo\/ -->\n<title>Fonds Kelly Murphy pour la sensibilisation \u00e0 l\u2019AMS<\/title>\n<meta name=\"description\" content=\"En m\u00e9moire de Kelly Murphy. Les dons faits en son honneur soutiennent la recherche et la d\u00e9fense de l\u2019AMS via Vaincre l\u2019AMS Canada.\" \/>\n<meta name=\"robots\" content=\"index, follow, max-snippet:-1, max-image-preview:large, max-video-preview:-1\" \/>\n<link rel=\"canonical\" href=\"https:\/\/msacanada.ca\/fr\/programmes-de-dons\/fonds-de-legs\/fonds-kelly-murphy-pour-la-sensibilisation-a-lams\/\" \/>\n<meta property=\"og:locale\" content=\"fr_FR\" \/>\n<meta property=\"og:type\" content=\"article\" \/>\n<meta property=\"og:title\" content=\"Fonds Kelly Murphy pour la sensibilisation \u00e0 l\u2019AMS\" \/>\n<meta property=\"og:description\" content=\"En m\u00e9moire de Kelly Murphy. Les dons faits en son honneur soutiennent la recherche et la d\u00e9fense de l\u2019AMS via Vaincre l\u2019AMS Canada.\" \/>\n<meta property=\"og:url\" content=\"https:\/\/msacanada.ca\/fr\/programmes-de-dons\/fonds-de-legs\/fonds-kelly-murphy-pour-la-sensibilisation-a-lams\/\" \/>\n<meta property=\"og:site_name\" content=\"MSA Canada\" \/>\n<meta property=\"article:publisher\" content=\"https:\/\/www.facebook.com\/defeatmsacanada\/\" \/>\n<meta property=\"article:modified_time\" content=\"2025-05-14T23:33:51+00:00\" \/>\n<meta property=\"og:image\" content=\"https:\/\/msacanada.ca\/wp-content\/uploads\/2025\/04\/MSA-Featured.jpg\" \/>\n\t<meta property=\"og:image:width\" content=\"1920\" \/>\n\t<meta property=\"og:image:height\" content=\"1008\" \/>\n\t<meta property=\"og:image:type\" content=\"image\/jpeg\" \/>\n<meta name=\"twitter:card\" content=\"summary_large_image\" \/>\n<meta name=\"twitter:label1\" content=\"Dur\u00e9e de lecture estim\u00e9e\" \/>\n\t<meta name=\"twitter:data1\" content=\"3 minutes\" \/>\n<script type=\"application\/ld+json\" class=\"yoast-schema-graph\">{\"@context\":\"https:\/\/schema.org\",\"@graph\":[{\"@type\":\"WebPage\",\"@id\":\"https:\/\/msacanada.ca\/fr\/programmes-de-dons\/fonds-de-legs\/fonds-kelly-murphy-pour-la-sensibilisation-a-lams\/\",\"url\":\"https:\/\/msacanada.ca\/fr\/programmes-de-dons\/fonds-de-legs\/fonds-kelly-murphy-pour-la-sensibilisation-a-lams\/\",\"name\":\"Fonds Kelly Murphy pour la sensibilisation \u00e0 l\u2019AMS\",\"isPartOf\":{\"@id\":\"https:\/\/msacanada.ca\/fr\/#website\"},\"primaryImageOfPage\":{\"@id\":\"https:\/\/msacanada.ca\/fr\/programmes-de-dons\/fonds-de-legs\/fonds-kelly-murphy-pour-la-sensibilisation-a-lams\/#primaryimage\"},\"image\":{\"@id\":\"https:\/\/msacanada.ca\/fr\/programmes-de-dons\/fonds-de-legs\/fonds-kelly-murphy-pour-la-sensibilisation-a-lams\/#primaryimage\"},\"thumbnailUrl\":\"https:\/\/msacanada.ca\/wp-content\/uploads\/2025\/04\/MSA-Featured.jpg\",\"datePublished\":\"2025-02-10T14:39:41+00:00\",\"dateModified\":\"2025-05-14T23:33:51+00:00\",\"description\":\"En m\u00e9moire de Kelly Murphy. Les dons faits en son honneur soutiennent la recherche et la d\u00e9fense de l\u2019AMS via Vaincre l\u2019AMS Canada.\",\"breadcrumb\":{\"@id\":\"https:\/\/msacanada.ca\/fr\/programmes-de-dons\/fonds-de-legs\/fonds-kelly-murphy-pour-la-sensibilisation-a-lams\/#breadcrumb\"},\"inLanguage\":\"fr-FR\",\"potentialAction\":[{\"@type\":\"ReadAction\",\"target\":[\"https:\/\/msacanada.ca\/fr\/programmes-de-dons\/fonds-de-legs\/fonds-kelly-murphy-pour-la-sensibilisation-a-lams\/\"]}]},{\"@type\":\"ImageObject\",\"inLanguage\":\"fr-FR\",\"@id\":\"https:\/\/msacanada.ca\/fr\/programmes-de-dons\/fonds-de-legs\/fonds-kelly-murphy-pour-la-sensibilisation-a-lams\/#primaryimage\",\"url\":\"https:\/\/msacanada.ca\/wp-content\/uploads\/2025\/04\/MSA-Featured.jpg\",\"contentUrl\":\"https:\/\/msacanada.ca\/wp-content\/uploads\/2025\/04\/MSA-Featured.jpg\",\"width\":1920,\"height\":1008},{\"@type\":\"BreadcrumbList\",\"@id\":\"https:\/\/msacanada.ca\/fr\/programmes-de-dons\/fonds-de-legs\/fonds-kelly-murphy-pour-la-sensibilisation-a-lams\/#breadcrumb\",\"itemListElement\":[{\"@type\":\"ListItem\",\"position\":1,\"name\":\"Home\",\"item\":\"https:\/\/msacanada.ca\/fr\/\"},{\"@type\":\"ListItem\",\"position\":2,\"name\":\"Programmes de dons\",\"item\":\"https:\/\/msacanada.ca\/fr\/giving-programs\/\"},{\"@type\":\"ListItem\",\"position\":3,\"name\":\"Fonds de legs\",\"item\":\"https:\/\/msacanada.ca\/fr\/giving-programs\/legacy-funds\/\"},{\"@type\":\"ListItem\",\"position\":4,\"name\":\"Fonds Kelly Murphy pour la sensibilisation \u00e0 l\u2019AMS\"}]},{\"@type\":\"WebSite\",\"@id\":\"https:\/\/msacanada.ca\/fr\/#website\",\"url\":\"https:\/\/msacanada.ca\/fr\/\",\"name\":\"MSA Canada\",\"description\":\"Defeat MSA\/Vaincre AMS Canada\",\"publisher\":{\"@id\":\"https:\/\/msacanada.ca\/fr\/#organization\"},\"potentialAction\":[{\"@type\":\"SearchAction\",\"target\":{\"@type\":\"EntryPoint\",\"urlTemplate\":\"https:\/\/msacanada.ca\/fr\/?s={search_term_string}\"},\"query-input\":{\"@type\":\"PropertyValueSpecification\",\"valueRequired\":true,\"valueName\":\"search_term_string\"}}],\"inLanguage\":\"fr-FR\"},{\"@type\":\"Organization\",\"@id\":\"https:\/\/msacanada.ca\/fr\/#organization\",\"name\":\"MSA Canada\",\"url\":\"https:\/\/msacanada.ca\/fr\/\",\"logo\":{\"@type\":\"ImageObject\",\"inLanguage\":\"fr-FR\",\"@id\":\"https:\/\/msacanada.ca\/fr\/#\/schema\/logo\/image\/\",\"url\":\"https:\/\/msacanada.ca\/wp-content\/uploads\/2024\/11\/MSA-Canada-Logo-ret.png\",\"contentUrl\":\"https:\/\/msacanada.ca\/wp-content\/uploads\/2024\/11\/MSA-Canada-Logo-ret.png\",\"width\":400,\"height\":400,\"caption\":\"MSA Canada\"},\"image\":{\"@id\":\"https:\/\/msacanada.ca\/fr\/#\/schema\/logo\/image\/\"},\"sameAs\":[\"https:\/\/www.facebook.com\/defeatmsacanada\/\",\"https:\/\/www.instagram.com\/msaamscanada\/\",\"https:\/\/www.youtube.com\/channel\/UCT9R2fSQUFmhiJ_xP3hICxg\",\"https:\/\/www.linkedin.com\/company\/defeatmsacanada\"]}]}<\/script>\n<!-- \/ Yoast SEO plugin. -->","yoast_head_json":{"title":"Fonds Kelly Murphy pour la sensibilisation \u00e0 l\u2019AMS","description":"En m\u00e9moire de Kelly Murphy. Les dons faits en son honneur soutiennent la recherche et la d\u00e9fense de l\u2019AMS via Vaincre l\u2019AMS Canada.","robots":{"index":"index","follow":"follow","max-snippet":"max-snippet:-1","max-image-preview":"max-image-preview:large","max-video-preview":"max-video-preview:-1"},"canonical":"https:\/\/msacanada.ca\/fr\/programmes-de-dons\/fonds-de-legs\/fonds-kelly-murphy-pour-la-sensibilisation-a-lams\/","og_locale":"fr_FR","og_type":"article","og_title":"Fonds Kelly Murphy pour la sensibilisation \u00e0 l\u2019AMS","og_description":"En m\u00e9moire de Kelly Murphy. Les dons faits en son honneur soutiennent la recherche et la d\u00e9fense de l\u2019AMS via Vaincre l\u2019AMS Canada.","og_url":"https:\/\/msacanada.ca\/fr\/programmes-de-dons\/fonds-de-legs\/fonds-kelly-murphy-pour-la-sensibilisation-a-lams\/","og_site_name":"MSA Canada","article_publisher":"https:\/\/www.facebook.com\/defeatmsacanada\/","article_modified_time":"2025-05-14T23:33:51+00:00","og_image":[{"width":1920,"height":1008,"url":"https:\/\/msacanada.ca\/wp-content\/uploads\/2025\/04\/MSA-Featured.jpg","type":"image\/jpeg"}],"twitter_card":"summary_large_image","twitter_misc":{"Dur\u00e9e de lecture estim\u00e9e":"3 minutes"},"schema":{"@context":"https:\/\/schema.org","@graph":[{"@type":"WebPage","@id":"https:\/\/msacanada.ca\/fr\/programmes-de-dons\/fonds-de-legs\/fonds-kelly-murphy-pour-la-sensibilisation-a-lams\/","url":"https:\/\/msacanada.ca\/fr\/programmes-de-dons\/fonds-de-legs\/fonds-kelly-murphy-pour-la-sensibilisation-a-lams\/","name":"Fonds Kelly Murphy pour la sensibilisation \u00e0 l\u2019AMS","isPartOf":{"@id":"https:\/\/msacanada.ca\/fr\/#website"},"primaryImageOfPage":{"@id":"https:\/\/msacanada.ca\/fr\/programmes-de-dons\/fonds-de-legs\/fonds-kelly-murphy-pour-la-sensibilisation-a-lams\/#primaryimage"},"image":{"@id":"https:\/\/msacanada.ca\/fr\/programmes-de-dons\/fonds-de-legs\/fonds-kelly-murphy-pour-la-sensibilisation-a-lams\/#primaryimage"},"thumbnailUrl":"https:\/\/msacanada.ca\/wp-content\/uploads\/2025\/04\/MSA-Featured.jpg","datePublished":"2025-02-10T14:39:41+00:00","dateModified":"2025-05-14T23:33:51+00:00","description":"En m\u00e9moire de Kelly Murphy. Les dons faits en son honneur soutiennent la recherche et la d\u00e9fense de l\u2019AMS via Vaincre l\u2019AMS Canada.","breadcrumb":{"@id":"https:\/\/msacanada.ca\/fr\/programmes-de-dons\/fonds-de-legs\/fonds-kelly-murphy-pour-la-sensibilisation-a-lams\/#breadcrumb"},"inLanguage":"fr-FR","potentialAction":[{"@type":"ReadAction","target":["https:\/\/msacanada.ca\/fr\/programmes-de-dons\/fonds-de-legs\/fonds-kelly-murphy-pour-la-sensibilisation-a-lams\/"]}]},{"@type":"ImageObject","inLanguage":"fr-FR","@id":"https:\/\/msacanada.ca\/fr\/programmes-de-dons\/fonds-de-legs\/fonds-kelly-murphy-pour-la-sensibilisation-a-lams\/#primaryimage","url":"https:\/\/msacanada.ca\/wp-content\/uploads\/2025\/04\/MSA-Featured.jpg","contentUrl":"https:\/\/msacanada.ca\/wp-content\/uploads\/2025\/04\/MSA-Featured.jpg","width":1920,"height":1008},{"@type":"BreadcrumbList","@id":"https:\/\/msacanada.ca\/fr\/programmes-de-dons\/fonds-de-legs\/fonds-kelly-murphy-pour-la-sensibilisation-a-lams\/#breadcrumb","itemListElement":[{"@type":"ListItem","position":1,"name":"Home","item":"https:\/\/msacanada.ca\/fr\/"},{"@type":"ListItem","position":2,"name":"Programmes de dons","item":"https:\/\/msacanada.ca\/fr\/giving-programs\/"},{"@type":"ListItem","position":3,"name":"Fonds de legs","item":"https:\/\/msacanada.ca\/fr\/giving-programs\/legacy-funds\/"},{"@type":"ListItem","position":4,"name":"Fonds Kelly Murphy pour la sensibilisation \u00e0 l\u2019AMS"}]},{"@type":"WebSite","@id":"https:\/\/msacanada.ca\/fr\/#website","url":"https:\/\/msacanada.ca\/fr\/","name":"MSA Canada","description":"Defeat MSA\/Vaincre AMS Canada","publisher":{"@id":"https:\/\/msacanada.ca\/fr\/#organization"},"potentialAction":[{"@type":"SearchAction","target":{"@type":"EntryPoint","urlTemplate":"https:\/\/msacanada.ca\/fr\/?s={search_term_string}"},"query-input":{"@type":"PropertyValueSpecification","valueRequired":true,"valueName":"search_term_string"}}],"inLanguage":"fr-FR"},{"@type":"Organization","@id":"https:\/\/msacanada.ca\/fr\/#organization","name":"MSA Canada","url":"https:\/\/msacanada.ca\/fr\/","logo":{"@type":"ImageObject","inLanguage":"fr-FR","@id":"https:\/\/msacanada.ca\/fr\/#\/schema\/logo\/image\/","url":"https:\/\/msacanada.ca\/wp-content\/uploads\/2024\/11\/MSA-Canada-Logo-ret.png","contentUrl":"https:\/\/msacanada.ca\/wp-content\/uploads\/2024\/11\/MSA-Canada-Logo-ret.png","width":400,"height":400,"caption":"MSA Canada"},"image":{"@id":"https:\/\/msacanada.ca\/fr\/#\/schema\/logo\/image\/"},"sameAs":["https:\/\/www.facebook.com\/defeatmsacanada\/","https:\/\/www.instagram.com\/msaamscanada\/","https:\/\/www.youtube.com\/channel\/UCT9R2fSQUFmhiJ_xP3hICxg","https:\/\/www.linkedin.com\/company\/defeatmsacanada"]}]}},"_links":{"self":[{"href":"https:\/\/msacanada.ca\/fr\/wp-json\/wp\/v2\/pages\/241769","targetHints":{"allow":["GET"]}}],"collection":[{"href":"https:\/\/msacanada.ca\/fr\/wp-json\/wp\/v2\/pages"}],"about":[{"href":"https:\/\/msacanada.ca\/fr\/wp-json\/wp\/v2\/types\/page"}],"author":[{"embeddable":true,"href":"https:\/\/msacanada.ca\/fr\/wp-json\/wp\/v2\/users\/2"}],"replies":[{"embeddable":true,"href":"https:\/\/msacanada.ca\/fr\/wp-json\/wp\/v2\/comments?post=241769"}],"version-history":[{"count":2,"href":"https:\/\/msacanada.ca\/fr\/wp-json\/wp\/v2\/pages\/241769\/revisions"}],"predecessor-version":[{"id":241771,"href":"https:\/\/msacanada.ca\/fr\/wp-json\/wp\/v2\/pages\/241769\/revisions\/241771"}],"up":[{"embeddable":true,"href":"https:\/\/msacanada.ca\/fr\/wp-json\/wp\/v2\/pages\/241747"}],"wp:featuredmedia":[{"embeddable":true,"href":"https:\/\/msacanada.ca\/fr\/wp-json\/wp\/v2\/media\/241712"}],"wp:attachment":[{"href":"https:\/\/msacanada.ca\/fr\/wp-json\/wp\/v2\/media?parent=241769"}],"curies":[{"name":"wp","href":"https:\/\/api.w.org\/{rel}","templated":true}]}}