{"id":241796,"date":"2025-02-14T00:57:22","date_gmt":"2025-02-14T00:57:22","guid":{"rendered":"https:\/\/msacanada.ca\/education-ams\/medical-resources\/"},"modified":"2025-05-15T00:30:33","modified_gmt":"2025-05-15T00:30:33","slug":"ressources-medicales","status":"publish","type":"page","link":"https:\/\/msacanada.ca\/fr\/education-ams\/ressources-medicales\/","title":{"rendered":"Ressources m\u00e9dicales"},"content":{"rendered":"<div class=\"wpb-content-wrapper\"><p>[vc_row][vc_column][vc_column_text css=\u00a0\u00bb\u00a0\u00bb]<\/p>\n<h2>RESSOURCES <span style=\"color: #7b54a0;\">M\u00c9DICALES<\/span> LI\u00c9ES \u00c0 L\u2019AMS<\/h2>\n<p>[\/vc_column_text][vc_column_text css=\u00a0\u00bb\u00a0\u00bb]<a href=\"https:\/\/www.parkinson.ca\/wp-content\/uploads\/Multiple-System-Atrophy-English.pdf\" target=\"_blank\" rel=\"noopener\">Parkinson Society \u2013 Canada (en anglais seulement)<\/a><\/p>\n<p><a href=\"http:\/\/www.cihr-irsc.gc.ca\/e\/193.html\" target=\"_blank\" rel=\"noopener\">Instituts de recherche en sant\u00e9 du Canada (en anglais seulement)<\/a><\/p>\n<p><a href=\"https:\/\/www.msatrust.org.uk\/\" target=\"_blank\" rel=\"noopener\">MSA Trust UK (en anglais seulement)<\/a><\/p>\n<p><a href=\"https:\/\/www.raredisease.org.uk\/\" target=\"_blank\" rel=\"noopener\">Rare Diseases UK (en anglais seulement)<\/a><\/p>\n<p><a href=\"https:\/\/www.alliance-maladies-rares.org\/\" target=\"_blank\" rel=\"noopener\">Alliance des Maladies Rares (France) (en anglais seulement)<\/a><\/p>\n<p><a href=\"https:\/\/rqmo.org\/\" target=\"_blank\" rel=\"noopener\">Regroupement qu\u00e9b\u00e9cois des maladies orphelines &#8211; RQMO (Qu\u00e9bec, Canada) (en anglais seulement)<\/a><\/p>\n<p><a href=\"https:\/\/www.raredisorders.ca\/\" target=\"_blank\" rel=\"noopener\">Organisation canadienne des maladies rares (CORD) (en anglais seulement)<\/a><\/p>\n<p><a href=\"https:\/\/rarediseases.org\/rare-diseases\/multiple-system-atrophy\/\" target=\"_blank\" rel=\"noopener\">Organisation nationale des maladies rares \u2013 USA (NORD) (en anglais seulement)<\/a><\/p>\n<p><a href=\"https:\/\/www.eurordis.org\/\" target=\"_blank\" rel=\"noopener\">Organisation europ\u00e9enne des maladies rares (Eurordis) (en anglais seulement)<\/a><\/p>\n<p><a href=\"https:\/\/rareshare.org\/\" target=\"_blank\" rel=\"noopener\">RareShare (en anglais seulement)<\/a><\/p>\n<p><a href=\"https:\/\/health-products.canada.ca\/dpd-bdpp\/index-eng.jsp\" target=\"_blank\" rel=\"noopener\">Drug Finder (Gouvernement du Canada) (en anglais seulement)<\/a><\/p>\n<p><a href=\"https:\/\/www.ninds.nih.gov\/Disorders\/Patient-Caregiver-Education\/Fact-Sheets\/Multiple-System-Atrophy\" target=\"_blank\" rel=\"noopener\">Institut national des troubles neurologiques et des AVC (MSA Fact) (en anglais seulement)<\/a><\/p>\n<p><a href=\"https:\/\/medlineplus.gov\/ency\/article\/000757.htm\" target=\"_blank\" rel=\"noopener\">Medline Plus (Biblioth\u00e8que de m\u00e9decine des \u00c9tats-Unis) (en anglais seulement)<\/a><\/p>\n<p><a href=\"https:\/\/www.msdmanuals.com\/en-nz\/home\/brain,-spinal-cord,-and-nerve-disorders\/autonomic-nervous-system-disorders\/multiple-system-atrophy-msa\" target=\"_blank\" rel=\"noopener\">\u00ab Sur l\u2019atrophie multisyst\u00e9mique \u00bb (Manuel Merck, par Philip Low, MD) (en anglais seulement)<\/a><\/p>\n<p><a href=\"http:\/\/omim.org\/entry\/146500\" target=\"_blank\" rel=\"noopener\">Online Mendelian Inheritance in Man\u00ae \u2013 Troubles g\u00e9n\u00e9tiques connus (en anglais seulement)<\/a><\/p>\n<p><a href=\"https:\/\/www.who.int\/ictrp\/en\/\" target=\"_blank\" rel=\"noopener\">Organisation mondiale de la sant\u00e9 : Plateforme internationale des registres d\u2019essais cliniques (en anglais seulement)<\/a><\/p>\n<p><a href=\"https:\/\/clinicaltrials.gov\/ct2\/results?cond=%22multiple%20system%20atrophy%22\" target=\"_blank\" rel=\"noopener\">Essais cliniques en cours li\u00e9s \u00e0 la MSA (Gouvernement des \u00c9tats-Unis) (en anglais seulement)<\/a>[\/vc_column_text][\/vc_column][\/vc_row][vc_row full_width=\u00a0\u00bbstretch_row\u00a0\u00bb css=\u00a0\u00bb.vc_custom_1739494638933{margin-top: 50px !important;margin-bottom: -70px !important;padding-top: 30px !important;padding-bottom: 50px !important;background-color: #F8F8F8 !important;}\u00a0\u00bb][vc_column][vc_column_text css=\u00a0\u00bb\u00a0\u00bb]<\/p>\n<h2>RECHERCHE DANS LE <span style=\"color: #7b54a0;\">R\u00c9PERTOIRE DES M\u00c9DECINS<\/span><\/h2>\n<p>[\/vc_column_text][vc_column_text css=\u00a0\u00bb\u00a0\u00bb]<a href=\"https:\/\/mds.movementdisorders.org\/directory\/?_ga=2.70982800.107332071.1561119859-1897931678.1561119859\" target=\"_blank\" rel=\"noopener\">Soci\u00e9t\u00e9 Internationale des Troubles du Mouvement (en anglais seulement)<\/a> (TROUVER UN M\u00c9DECIN SP\u00c9CIALIS\u00c9 EN TROUBLES DU MOUVEMENT)<\/p>\n<p><a href=\"http:\/\/americanautonomicsociety.org\/view\/physician-specialty-listing-directory-view\/\" target=\"_blank\" rel=\"noopener\">Consortium des Troubles Autonomes (en anglais seulement)<\/a> (TROUVER UN M\u00c9DECIN SP\u00c9CIALIS\u00c9 EN TROUBLES DU MOUVEMENT)[\/vc_column_text][\/vc_column][\/vc_row]<\/p>\n<\/div>","protected":false},"excerpt":{"rendered":"<p>[vc_row][vc_column][vc_column_text css=\u00a0\u00bb\u00a0\u00bb] RESSOURCES M\u00c9DICALES LI\u00c9ES \u00c0 L\u2019AMS [\/vc_column_text][vc_column_text css=\u00a0\u00bb\u00a0\u00bb]Parkinson Society \u2013 Canada (en anglais seulement) Instituts de recherche en sant\u00e9 du Canada (en anglais seulement) MSA Trust UK (en anglais seulement) Rare Diseases UK (en anglais seulement) Alliance des Maladies Rares (France) (en anglais seulement) Regroupement qu\u00e9b\u00e9cois des maladies orphelines &#8211; RQMO (Qu\u00e9bec, Canada) (en&hellip;<\/p>\n","protected":false},"author":2,"featured_media":241712,"parent":241791,"menu_order":0,"comment_status":"closed","ping_status":"closed","template":"","meta":{"footnotes":""},"class_list":["post-241796","page","type-page","status-publish","has-post-thumbnail","hentry","description-off"],"yoast_head":"<!-- This site is optimized with the Yoast SEO plugin v25.3 - https:\/\/yoast.com\/wordpress\/plugins\/seo\/ -->\n<title>MSA Medical Resources | Defeat MSA Canada<\/title>\n<meta name=\"description\" content=\"Explore essential links to medical resources related to Multiple System Atrophy. Stay informed and support for MSA patients.\" \/>\n<meta name=\"robots\" content=\"index, follow, max-snippet:-1, max-image-preview:large, max-video-preview:-1\" \/>\n<link rel=\"canonical\" href=\"https:\/\/msacanada.ca\/fr\/education-ams\/ressources-medicales\/\" \/>\n<meta property=\"og:locale\" content=\"fr_FR\" \/>\n<meta property=\"og:type\" content=\"article\" \/>\n<meta property=\"og:title\" content=\"MSA Medical Resources | Defeat MSA Canada\" \/>\n<meta property=\"og:description\" content=\"Explore essential links to medical resources related to Multiple System Atrophy. Stay informed and support for MSA patients.\" \/>\n<meta property=\"og:url\" content=\"https:\/\/msacanada.ca\/fr\/education-ams\/ressources-medicales\/\" \/>\n<meta property=\"og:site_name\" content=\"MSA Canada\" \/>\n<meta property=\"article:publisher\" content=\"https:\/\/www.facebook.com\/defeatmsacanada\/\" \/>\n<meta property=\"article:modified_time\" content=\"2025-05-15T00:30:33+00:00\" \/>\n<meta property=\"og:image\" content=\"https:\/\/msacanada.ca\/wp-content\/uploads\/2025\/04\/MSA-Featured.jpg\" \/>\n\t<meta property=\"og:image:width\" content=\"1920\" \/>\n\t<meta property=\"og:image:height\" content=\"1008\" \/>\n\t<meta property=\"og:image:type\" content=\"image\/jpeg\" \/>\n<meta name=\"twitter:card\" content=\"summary_large_image\" \/>\n<meta name=\"twitter:label1\" content=\"Dur\u00e9e de lecture estim\u00e9e\" \/>\n\t<meta name=\"twitter:data1\" content=\"2 minutes\" \/>\n<script type=\"application\/ld+json\" class=\"yoast-schema-graph\">{\"@context\":\"https:\/\/schema.org\",\"@graph\":[{\"@type\":\"WebPage\",\"@id\":\"https:\/\/msacanada.ca\/fr\/education-ams\/ressources-medicales\/\",\"url\":\"https:\/\/msacanada.ca\/fr\/education-ams\/ressources-medicales\/\",\"name\":\"MSA Medical Resources | Defeat MSA Canada\",\"isPartOf\":{\"@id\":\"https:\/\/msacanada.ca\/fr\/#website\"},\"primaryImageOfPage\":{\"@id\":\"https:\/\/msacanada.ca\/fr\/education-ams\/ressources-medicales\/#primaryimage\"},\"image\":{\"@id\":\"https:\/\/msacanada.ca\/fr\/education-ams\/ressources-medicales\/#primaryimage\"},\"thumbnailUrl\":\"https:\/\/msacanada.ca\/wp-content\/uploads\/2025\/04\/MSA-Featured.jpg\",\"datePublished\":\"2025-02-14T00:57:22+00:00\",\"dateModified\":\"2025-05-15T00:30:33+00:00\",\"description\":\"Explore essential links to medical resources related to Multiple System Atrophy. Stay informed and support for MSA patients.\",\"breadcrumb\":{\"@id\":\"https:\/\/msacanada.ca\/fr\/education-ams\/ressources-medicales\/#breadcrumb\"},\"inLanguage\":\"fr-FR\",\"potentialAction\":[{\"@type\":\"ReadAction\",\"target\":[\"https:\/\/msacanada.ca\/fr\/education-ams\/ressources-medicales\/\"]}]},{\"@type\":\"ImageObject\",\"inLanguage\":\"fr-FR\",\"@id\":\"https:\/\/msacanada.ca\/fr\/education-ams\/ressources-medicales\/#primaryimage\",\"url\":\"https:\/\/msacanada.ca\/wp-content\/uploads\/2025\/04\/MSA-Featured.jpg\",\"contentUrl\":\"https:\/\/msacanada.ca\/wp-content\/uploads\/2025\/04\/MSA-Featured.jpg\",\"width\":1920,\"height\":1008},{\"@type\":\"BreadcrumbList\",\"@id\":\"https:\/\/msacanada.ca\/fr\/education-ams\/ressources-medicales\/#breadcrumb\",\"itemListElement\":[{\"@type\":\"ListItem\",\"position\":1,\"name\":\"Home\",\"item\":\"https:\/\/msacanada.ca\/fr\/\"},{\"@type\":\"ListItem\",\"position\":2,\"name\":\"\u00c9ducation sur l\u2019AMS\",\"item\":\"https:\/\/msacanada.ca\/fr\/msa-education\/\"},{\"@type\":\"ListItem\",\"position\":3,\"name\":\"Ressources m\u00e9dicales\"}]},{\"@type\":\"WebSite\",\"@id\":\"https:\/\/msacanada.ca\/fr\/#website\",\"url\":\"https:\/\/msacanada.ca\/fr\/\",\"name\":\"MSA Canada\",\"description\":\"Defeat MSA\/Vaincre AMS Canada\",\"publisher\":{\"@id\":\"https:\/\/msacanada.ca\/fr\/#organization\"},\"potentialAction\":[{\"@type\":\"SearchAction\",\"target\":{\"@type\":\"EntryPoint\",\"urlTemplate\":\"https:\/\/msacanada.ca\/fr\/?s={search_term_string}\"},\"query-input\":{\"@type\":\"PropertyValueSpecification\",\"valueRequired\":true,\"valueName\":\"search_term_string\"}}],\"inLanguage\":\"fr-FR\"},{\"@type\":\"Organization\",\"@id\":\"https:\/\/msacanada.ca\/fr\/#organization\",\"name\":\"MSA Canada\",\"url\":\"https:\/\/msacanada.ca\/fr\/\",\"logo\":{\"@type\":\"ImageObject\",\"inLanguage\":\"fr-FR\",\"@id\":\"https:\/\/msacanada.ca\/fr\/#\/schema\/logo\/image\/\",\"url\":\"https:\/\/msacanada.ca\/wp-content\/uploads\/2024\/11\/MSA-Canada-Logo-ret.png\",\"contentUrl\":\"https:\/\/msacanada.ca\/wp-content\/uploads\/2024\/11\/MSA-Canada-Logo-ret.png\",\"width\":400,\"height\":400,\"caption\":\"MSA Canada\"},\"image\":{\"@id\":\"https:\/\/msacanada.ca\/fr\/#\/schema\/logo\/image\/\"},\"sameAs\":[\"https:\/\/www.facebook.com\/defeatmsacanada\/\",\"https:\/\/www.instagram.com\/msaamscanada\/\",\"https:\/\/www.youtube.com\/channel\/UCT9R2fSQUFmhiJ_xP3hICxg\",\"https:\/\/www.linkedin.com\/company\/defeatmsacanada\"]}]}<\/script>\n<!-- \/ Yoast SEO plugin. -->","yoast_head_json":{"title":"MSA Medical Resources | Defeat MSA Canada","description":"Explore essential links to medical resources related to Multiple System Atrophy. Stay informed and support for MSA patients.","robots":{"index":"index","follow":"follow","max-snippet":"max-snippet:-1","max-image-preview":"max-image-preview:large","max-video-preview":"max-video-preview:-1"},"canonical":"https:\/\/msacanada.ca\/fr\/education-ams\/ressources-medicales\/","og_locale":"fr_FR","og_type":"article","og_title":"MSA Medical Resources | Defeat MSA Canada","og_description":"Explore essential links to medical resources related to Multiple System Atrophy. Stay informed and support for MSA patients.","og_url":"https:\/\/msacanada.ca\/fr\/education-ams\/ressources-medicales\/","og_site_name":"MSA Canada","article_publisher":"https:\/\/www.facebook.com\/defeatmsacanada\/","article_modified_time":"2025-05-15T00:30:33+00:00","og_image":[{"width":1920,"height":1008,"url":"https:\/\/msacanada.ca\/wp-content\/uploads\/2025\/04\/MSA-Featured.jpg","type":"image\/jpeg"}],"twitter_card":"summary_large_image","twitter_misc":{"Dur\u00e9e de lecture estim\u00e9e":"2 minutes"},"schema":{"@context":"https:\/\/schema.org","@graph":[{"@type":"WebPage","@id":"https:\/\/msacanada.ca\/fr\/education-ams\/ressources-medicales\/","url":"https:\/\/msacanada.ca\/fr\/education-ams\/ressources-medicales\/","name":"MSA Medical Resources | Defeat MSA Canada","isPartOf":{"@id":"https:\/\/msacanada.ca\/fr\/#website"},"primaryImageOfPage":{"@id":"https:\/\/msacanada.ca\/fr\/education-ams\/ressources-medicales\/#primaryimage"},"image":{"@id":"https:\/\/msacanada.ca\/fr\/education-ams\/ressources-medicales\/#primaryimage"},"thumbnailUrl":"https:\/\/msacanada.ca\/wp-content\/uploads\/2025\/04\/MSA-Featured.jpg","datePublished":"2025-02-14T00:57:22+00:00","dateModified":"2025-05-15T00:30:33+00:00","description":"Explore essential links to medical resources related to Multiple System Atrophy. Stay informed and support for MSA patients.","breadcrumb":{"@id":"https:\/\/msacanada.ca\/fr\/education-ams\/ressources-medicales\/#breadcrumb"},"inLanguage":"fr-FR","potentialAction":[{"@type":"ReadAction","target":["https:\/\/msacanada.ca\/fr\/education-ams\/ressources-medicales\/"]}]},{"@type":"ImageObject","inLanguage":"fr-FR","@id":"https:\/\/msacanada.ca\/fr\/education-ams\/ressources-medicales\/#primaryimage","url":"https:\/\/msacanada.ca\/wp-content\/uploads\/2025\/04\/MSA-Featured.jpg","contentUrl":"https:\/\/msacanada.ca\/wp-content\/uploads\/2025\/04\/MSA-Featured.jpg","width":1920,"height":1008},{"@type":"BreadcrumbList","@id":"https:\/\/msacanada.ca\/fr\/education-ams\/ressources-medicales\/#breadcrumb","itemListElement":[{"@type":"ListItem","position":1,"name":"Home","item":"https:\/\/msacanada.ca\/fr\/"},{"@type":"ListItem","position":2,"name":"\u00c9ducation sur l\u2019AMS","item":"https:\/\/msacanada.ca\/fr\/msa-education\/"},{"@type":"ListItem","position":3,"name":"Ressources m\u00e9dicales"}]},{"@type":"WebSite","@id":"https:\/\/msacanada.ca\/fr\/#website","url":"https:\/\/msacanada.ca\/fr\/","name":"MSA Canada","description":"Defeat MSA\/Vaincre AMS Canada","publisher":{"@id":"https:\/\/msacanada.ca\/fr\/#organization"},"potentialAction":[{"@type":"SearchAction","target":{"@type":"EntryPoint","urlTemplate":"https:\/\/msacanada.ca\/fr\/?s={search_term_string}"},"query-input":{"@type":"PropertyValueSpecification","valueRequired":true,"valueName":"search_term_string"}}],"inLanguage":"fr-FR"},{"@type":"Organization","@id":"https:\/\/msacanada.ca\/fr\/#organization","name":"MSA Canada","url":"https:\/\/msacanada.ca\/fr\/","logo":{"@type":"ImageObject","inLanguage":"fr-FR","@id":"https:\/\/msacanada.ca\/fr\/#\/schema\/logo\/image\/","url":"https:\/\/msacanada.ca\/wp-content\/uploads\/2024\/11\/MSA-Canada-Logo-ret.png","contentUrl":"https:\/\/msacanada.ca\/wp-content\/uploads\/2024\/11\/MSA-Canada-Logo-ret.png","width":400,"height":400,"caption":"MSA Canada"},"image":{"@id":"https:\/\/msacanada.ca\/fr\/#\/schema\/logo\/image\/"},"sameAs":["https:\/\/www.facebook.com\/defeatmsacanada\/","https:\/\/www.instagram.com\/msaamscanada\/","https:\/\/www.youtube.com\/channel\/UCT9R2fSQUFmhiJ_xP3hICxg","https:\/\/www.linkedin.com\/company\/defeatmsacanada"]}]}},"_links":{"self":[{"href":"https:\/\/msacanada.ca\/fr\/wp-json\/wp\/v2\/pages\/241796","targetHints":{"allow":["GET"]}}],"collection":[{"href":"https:\/\/msacanada.ca\/fr\/wp-json\/wp\/v2\/pages"}],"about":[{"href":"https:\/\/msacanada.ca\/fr\/wp-json\/wp\/v2\/types\/page"}],"author":[{"embeddable":true,"href":"https:\/\/msacanada.ca\/fr\/wp-json\/wp\/v2\/users\/2"}],"replies":[{"embeddable":true,"href":"https:\/\/msacanada.ca\/fr\/wp-json\/wp\/v2\/comments?post=241796"}],"version-history":[{"count":2,"href":"https:\/\/msacanada.ca\/fr\/wp-json\/wp\/v2\/pages\/241796\/revisions"}],"predecessor-version":[{"id":241798,"href":"https:\/\/msacanada.ca\/fr\/wp-json\/wp\/v2\/pages\/241796\/revisions\/241798"}],"up":[{"embeddable":true,"href":"https:\/\/msacanada.ca\/fr\/wp-json\/wp\/v2\/pages\/241791"}],"wp:featuredmedia":[{"embeddable":true,"href":"https:\/\/msacanada.ca\/fr\/wp-json\/wp\/v2\/media\/241712"}],"wp:attachment":[{"href":"https:\/\/msacanada.ca\/fr\/wp-json\/wp\/v2\/media?parent=241796"}],"curies":[{"name":"wp","href":"https:\/\/api.w.org\/{rel}","templated":true}]}}