{"id":241799,"date":"2025-02-09T13:19:35","date_gmt":"2025-02-09T13:19:35","guid":{"rendered":"https:\/\/msacanada.ca\/education-ams\/professional-medical-conferences\/"},"modified":"2025-05-15T00:37:34","modified_gmt":"2025-05-15T00:37:34","slug":"conferences-medicales-professionnelles","status":"publish","type":"page","link":"https:\/\/msacanada.ca\/fr\/education-ams\/conferences-medicales-professionnelles\/","title":{"rendered":"Conf\u00e9rences m\u00e9dicales professionnelles"},"content":{"rendered":"<div class=\"wpb-content-wrapper\"><p>[vc_row][vc_column][vc_column_text css=\u00a0\u00bb\u00a0\u00bb]<\/p>\n<div align=\"center\">\n<h3>Conf\u00e9rences annuelles de l\u2019Acad\u00e9mie am\u00e9ricaine de neurologie (2014-2024)<\/h3>\n<\/div>\n<p>[\/vc_column_text][vc_separator css=\u00a0\u00bb\u00a0\u00bb][vc_column_text css=\u00a0\u00bb\u00a0\u00bb]<\/p>\n<div align=\"center\">\n<h3>Conf\u00e9rence de la Soci\u00e9t\u00e9 am\u00e9ricaine d\u2019autonomie (2022-2023)<\/h3>\n<\/div>\n<p>[\/vc_column_text][vc_separator css=\u00a0\u00bb\u00a0\u00bb][vc_column_text css=\u00a0\u00bb\u00a0\u00bb]<\/p>\n<div align=\"center\">\n<h3>Congr\u00e8s de recherche sur la MSA (2018 &amp; 2020)<\/h3>\n<\/div>\n<p>[\/vc_column_text][vc_separator css=\u00a0\u00bb\u00a0\u00bb][vc_column_text css=\u00a0\u00bb\u00a0\u00bb]<\/p>\n<div align=\"center\">\n<h3>R\u00e9union de recherche sur la synucl\u00e9ine (2022 &amp; 2025) ; Commanditaire Or 2025<\/h3>\n<\/div>\n<p>[\/vc_column_text][vc_separator css=\u00a0\u00bb\u00a0\u00bb][vc_column_text css=\u00a0\u00bb\u00a0\u00bb]<\/p>\n<div align=\"center\">\n<h3>Congr\u00e8s de la Soci\u00e9t\u00e9 Internationale des Troubles du Mouvement (2018-2024)<\/h3>\n<\/div>\n<p>[\/vc_column_text][vc_separator css=\u00a0\u00bb\u00a0\u00bb][vc_column_text css=\u00a0\u00bb\u00a0\u00bb]<\/p>\n<div align=\"center\">\n<h3>R\u00e9unions R\u00e9gionales sur les Troubles du Mouvement :<br \/>\nSections Pan-Am\u00e9ricaine et Asie\/Oc\u00e9anie (2018-2024)<\/h3>\n<\/div>\n<p>[\/vc_column_text][vc_separator css=\u00a0\u00bb\u00a0\u00bb][vc_column_text css=\u00a0\u00bb\u00a0\u00bb]<\/p>\n<div align=\"center\">\n<h3>Congr\u00e8s sur les M\u00e9dicaments Orphelins (2018-2023)<\/h3>\n<\/div>\n<p>[\/vc_column_text][vc_separator css=\u00a0\u00bb\u00a0\u00bb][vc_column_text css=\u00a0\u00bb\u00a0\u00bb]<\/p>\n<div align=\"center\">*Vaincre L&rsquo;ASM Canada partage un espace d\u2019exposition gratuit fourni \u00e0 Vaincre L&rsquo;ASM USA, au Consortium de Recherche Unifi\u00e9 ASM et \u00e0 d\u2019autres organismes alli\u00e9s. Les b\u00e9n\u00e9voles de Vaincre L&rsquo;ASM Canada y agissent en tant que repr\u00e9sentants lors de ces conf\u00e9rences.<\/div>\n<p>[\/vc_column_text][\/vc_column][\/vc_row]<\/p>\n<\/div>","protected":false},"excerpt":{"rendered":"<p>[vc_row][vc_column][vc_column_text css=\u00a0\u00bb\u00a0\u00bb] Conf\u00e9rences annuelles de l\u2019Acad\u00e9mie am\u00e9ricaine de neurologie (2014-2024) [\/vc_column_text][vc_separator css=\u00a0\u00bb\u00a0\u00bb][vc_column_text css=\u00a0\u00bb\u00a0\u00bb] Conf\u00e9rence de la Soci\u00e9t\u00e9 am\u00e9ricaine d\u2019autonomie (2022-2023) [\/vc_column_text][vc_separator css=\u00a0\u00bb\u00a0\u00bb][vc_column_text css=\u00a0\u00bb\u00a0\u00bb] Congr\u00e8s de recherche sur la MSA (2018 &amp; 2020) [\/vc_column_text][vc_separator css=\u00a0\u00bb\u00a0\u00bb][vc_column_text css=\u00a0\u00bb\u00a0\u00bb] R\u00e9union de recherche sur la synucl\u00e9ine (2022 &amp; 2025) ; Commanditaire Or 2025 [\/vc_column_text][vc_separator css=\u00a0\u00bb\u00a0\u00bb][vc_column_text css=\u00a0\u00bb\u00a0\u00bb] Congr\u00e8s de la Soci\u00e9t\u00e9&hellip;<\/p>\n","protected":false},"author":2,"featured_media":241712,"parent":241791,"menu_order":0,"comment_status":"closed","ping_status":"closed","template":"","meta":{"footnotes":""},"class_list":["post-241799","page","type-page","status-publish","has-post-thumbnail","hentry","description-off"],"yoast_head":"<!-- This site is optimized with the Yoast SEO plugin v25.3 - https:\/\/yoast.com\/wordpress\/plugins\/seo\/ -->\n<title>Conf\u00e9rences M\u00e9dicales Professionnelles sur l&#039;ASM<\/title>\n<meta name=\"description\" content=\"Explorez les prochaines conf\u00e9rences m\u00e9dicales professionnelles o\u00f9 Vaincre l&#039;ASM Canada sera repr\u00e9sent\u00e9e.\" \/>\n<meta name=\"robots\" content=\"index, follow, max-snippet:-1, max-image-preview:large, max-video-preview:-1\" \/>\n<link rel=\"canonical\" href=\"https:\/\/msacanada.ca\/fr\/education-ams\/conferences-medicales-professionnelles\/\" \/>\n<meta property=\"og:locale\" content=\"fr_FR\" \/>\n<meta property=\"og:type\" content=\"article\" \/>\n<meta property=\"og:title\" content=\"Conf\u00e9rences M\u00e9dicales Professionnelles sur l&#039;ASM\" \/>\n<meta property=\"og:description\" content=\"Explorez les prochaines conf\u00e9rences m\u00e9dicales professionnelles o\u00f9 Vaincre l&#039;ASM Canada sera repr\u00e9sent\u00e9e.\" \/>\n<meta property=\"og:url\" content=\"https:\/\/msacanada.ca\/fr\/education-ams\/conferences-medicales-professionnelles\/\" \/>\n<meta property=\"og:site_name\" content=\"MSA Canada\" \/>\n<meta property=\"article:publisher\" content=\"https:\/\/www.facebook.com\/defeatmsacanada\/\" \/>\n<meta property=\"article:modified_time\" content=\"2025-05-15T00:37:34+00:00\" \/>\n<meta property=\"og:image\" content=\"https:\/\/msacanada.ca\/wp-content\/uploads\/2025\/04\/MSA-Featured.jpg\" \/>\n\t<meta property=\"og:image:width\" content=\"1920\" \/>\n\t<meta property=\"og:image:height\" content=\"1008\" \/>\n\t<meta property=\"og:image:type\" content=\"image\/jpeg\" \/>\n<meta name=\"twitter:card\" content=\"summary_large_image\" \/>\n<meta name=\"twitter:label1\" content=\"Dur\u00e9e de lecture estim\u00e9e\" \/>\n\t<meta name=\"twitter:data1\" content=\"1 minute\" \/>\n<script type=\"application\/ld+json\" class=\"yoast-schema-graph\">{\"@context\":\"https:\/\/schema.org\",\"@graph\":[{\"@type\":\"WebPage\",\"@id\":\"https:\/\/msacanada.ca\/fr\/education-ams\/conferences-medicales-professionnelles\/\",\"url\":\"https:\/\/msacanada.ca\/fr\/education-ams\/conferences-medicales-professionnelles\/\",\"name\":\"Conf\u00e9rences M\u00e9dicales Professionnelles sur l'ASM\",\"isPartOf\":{\"@id\":\"https:\/\/msacanada.ca\/fr\/#website\"},\"primaryImageOfPage\":{\"@id\":\"https:\/\/msacanada.ca\/fr\/education-ams\/conferences-medicales-professionnelles\/#primaryimage\"},\"image\":{\"@id\":\"https:\/\/msacanada.ca\/fr\/education-ams\/conferences-medicales-professionnelles\/#primaryimage\"},\"thumbnailUrl\":\"https:\/\/msacanada.ca\/wp-content\/uploads\/2025\/04\/MSA-Featured.jpg\",\"datePublished\":\"2025-02-09T13:19:35+00:00\",\"dateModified\":\"2025-05-15T00:37:34+00:00\",\"description\":\"Explorez les prochaines conf\u00e9rences m\u00e9dicales professionnelles o\u00f9 Vaincre l'ASM Canada sera repr\u00e9sent\u00e9e.\",\"breadcrumb\":{\"@id\":\"https:\/\/msacanada.ca\/fr\/education-ams\/conferences-medicales-professionnelles\/#breadcrumb\"},\"inLanguage\":\"fr-FR\",\"potentialAction\":[{\"@type\":\"ReadAction\",\"target\":[\"https:\/\/msacanada.ca\/fr\/education-ams\/conferences-medicales-professionnelles\/\"]}]},{\"@type\":\"ImageObject\",\"inLanguage\":\"fr-FR\",\"@id\":\"https:\/\/msacanada.ca\/fr\/education-ams\/conferences-medicales-professionnelles\/#primaryimage\",\"url\":\"https:\/\/msacanada.ca\/wp-content\/uploads\/2025\/04\/MSA-Featured.jpg\",\"contentUrl\":\"https:\/\/msacanada.ca\/wp-content\/uploads\/2025\/04\/MSA-Featured.jpg\",\"width\":1920,\"height\":1008},{\"@type\":\"BreadcrumbList\",\"@id\":\"https:\/\/msacanada.ca\/fr\/education-ams\/conferences-medicales-professionnelles\/#breadcrumb\",\"itemListElement\":[{\"@type\":\"ListItem\",\"position\":1,\"name\":\"Home\",\"item\":\"https:\/\/msacanada.ca\/fr\/\"},{\"@type\":\"ListItem\",\"position\":2,\"name\":\"\u00c9ducation sur l\u2019AMS\",\"item\":\"https:\/\/msacanada.ca\/fr\/msa-education\/\"},{\"@type\":\"ListItem\",\"position\":3,\"name\":\"Conf\u00e9rences m\u00e9dicales professionnelles\"}]},{\"@type\":\"WebSite\",\"@id\":\"https:\/\/msacanada.ca\/fr\/#website\",\"url\":\"https:\/\/msacanada.ca\/fr\/\",\"name\":\"MSA Canada\",\"description\":\"Defeat MSA\/Vaincre AMS Canada\",\"publisher\":{\"@id\":\"https:\/\/msacanada.ca\/fr\/#organization\"},\"potentialAction\":[{\"@type\":\"SearchAction\",\"target\":{\"@type\":\"EntryPoint\",\"urlTemplate\":\"https:\/\/msacanada.ca\/fr\/?s={search_term_string}\"},\"query-input\":{\"@type\":\"PropertyValueSpecification\",\"valueRequired\":true,\"valueName\":\"search_term_string\"}}],\"inLanguage\":\"fr-FR\"},{\"@type\":\"Organization\",\"@id\":\"https:\/\/msacanada.ca\/fr\/#organization\",\"name\":\"MSA Canada\",\"url\":\"https:\/\/msacanada.ca\/fr\/\",\"logo\":{\"@type\":\"ImageObject\",\"inLanguage\":\"fr-FR\",\"@id\":\"https:\/\/msacanada.ca\/fr\/#\/schema\/logo\/image\/\",\"url\":\"https:\/\/msacanada.ca\/wp-content\/uploads\/2024\/11\/MSA-Canada-Logo-ret.png\",\"contentUrl\":\"https:\/\/msacanada.ca\/wp-content\/uploads\/2024\/11\/MSA-Canada-Logo-ret.png\",\"width\":400,\"height\":400,\"caption\":\"MSA Canada\"},\"image\":{\"@id\":\"https:\/\/msacanada.ca\/fr\/#\/schema\/logo\/image\/\"},\"sameAs\":[\"https:\/\/www.facebook.com\/defeatmsacanada\/\",\"https:\/\/www.instagram.com\/msaamscanada\/\",\"https:\/\/www.youtube.com\/channel\/UCT9R2fSQUFmhiJ_xP3hICxg\",\"https:\/\/www.linkedin.com\/company\/defeatmsacanada\"]}]}<\/script>\n<!-- \/ Yoast SEO plugin. -->","yoast_head_json":{"title":"Conf\u00e9rences M\u00e9dicales Professionnelles sur l'ASM","description":"Explorez les prochaines conf\u00e9rences m\u00e9dicales professionnelles o\u00f9 Vaincre l'ASM Canada sera repr\u00e9sent\u00e9e.","robots":{"index":"index","follow":"follow","max-snippet":"max-snippet:-1","max-image-preview":"max-image-preview:large","max-video-preview":"max-video-preview:-1"},"canonical":"https:\/\/msacanada.ca\/fr\/education-ams\/conferences-medicales-professionnelles\/","og_locale":"fr_FR","og_type":"article","og_title":"Conf\u00e9rences M\u00e9dicales Professionnelles sur l'ASM","og_description":"Explorez les prochaines conf\u00e9rences m\u00e9dicales professionnelles o\u00f9 Vaincre l'ASM Canada sera repr\u00e9sent\u00e9e.","og_url":"https:\/\/msacanada.ca\/fr\/education-ams\/conferences-medicales-professionnelles\/","og_site_name":"MSA Canada","article_publisher":"https:\/\/www.facebook.com\/defeatmsacanada\/","article_modified_time":"2025-05-15T00:37:34+00:00","og_image":[{"width":1920,"height":1008,"url":"https:\/\/msacanada.ca\/wp-content\/uploads\/2025\/04\/MSA-Featured.jpg","type":"image\/jpeg"}],"twitter_card":"summary_large_image","twitter_misc":{"Dur\u00e9e de lecture estim\u00e9e":"1 minute"},"schema":{"@context":"https:\/\/schema.org","@graph":[{"@type":"WebPage","@id":"https:\/\/msacanada.ca\/fr\/education-ams\/conferences-medicales-professionnelles\/","url":"https:\/\/msacanada.ca\/fr\/education-ams\/conferences-medicales-professionnelles\/","name":"Conf\u00e9rences M\u00e9dicales Professionnelles sur l'ASM","isPartOf":{"@id":"https:\/\/msacanada.ca\/fr\/#website"},"primaryImageOfPage":{"@id":"https:\/\/msacanada.ca\/fr\/education-ams\/conferences-medicales-professionnelles\/#primaryimage"},"image":{"@id":"https:\/\/msacanada.ca\/fr\/education-ams\/conferences-medicales-professionnelles\/#primaryimage"},"thumbnailUrl":"https:\/\/msacanada.ca\/wp-content\/uploads\/2025\/04\/MSA-Featured.jpg","datePublished":"2025-02-09T13:19:35+00:00","dateModified":"2025-05-15T00:37:34+00:00","description":"Explorez les prochaines conf\u00e9rences m\u00e9dicales professionnelles o\u00f9 Vaincre l'ASM Canada sera repr\u00e9sent\u00e9e.","breadcrumb":{"@id":"https:\/\/msacanada.ca\/fr\/education-ams\/conferences-medicales-professionnelles\/#breadcrumb"},"inLanguage":"fr-FR","potentialAction":[{"@type":"ReadAction","target":["https:\/\/msacanada.ca\/fr\/education-ams\/conferences-medicales-professionnelles\/"]}]},{"@type":"ImageObject","inLanguage":"fr-FR","@id":"https:\/\/msacanada.ca\/fr\/education-ams\/conferences-medicales-professionnelles\/#primaryimage","url":"https:\/\/msacanada.ca\/wp-content\/uploads\/2025\/04\/MSA-Featured.jpg","contentUrl":"https:\/\/msacanada.ca\/wp-content\/uploads\/2025\/04\/MSA-Featured.jpg","width":1920,"height":1008},{"@type":"BreadcrumbList","@id":"https:\/\/msacanada.ca\/fr\/education-ams\/conferences-medicales-professionnelles\/#breadcrumb","itemListElement":[{"@type":"ListItem","position":1,"name":"Home","item":"https:\/\/msacanada.ca\/fr\/"},{"@type":"ListItem","position":2,"name":"\u00c9ducation sur l\u2019AMS","item":"https:\/\/msacanada.ca\/fr\/msa-education\/"},{"@type":"ListItem","position":3,"name":"Conf\u00e9rences m\u00e9dicales professionnelles"}]},{"@type":"WebSite","@id":"https:\/\/msacanada.ca\/fr\/#website","url":"https:\/\/msacanada.ca\/fr\/","name":"MSA Canada","description":"Defeat MSA\/Vaincre AMS Canada","publisher":{"@id":"https:\/\/msacanada.ca\/fr\/#organization"},"potentialAction":[{"@type":"SearchAction","target":{"@type":"EntryPoint","urlTemplate":"https:\/\/msacanada.ca\/fr\/?s={search_term_string}"},"query-input":{"@type":"PropertyValueSpecification","valueRequired":true,"valueName":"search_term_string"}}],"inLanguage":"fr-FR"},{"@type":"Organization","@id":"https:\/\/msacanada.ca\/fr\/#organization","name":"MSA Canada","url":"https:\/\/msacanada.ca\/fr\/","logo":{"@type":"ImageObject","inLanguage":"fr-FR","@id":"https:\/\/msacanada.ca\/fr\/#\/schema\/logo\/image\/","url":"https:\/\/msacanada.ca\/wp-content\/uploads\/2024\/11\/MSA-Canada-Logo-ret.png","contentUrl":"https:\/\/msacanada.ca\/wp-content\/uploads\/2024\/11\/MSA-Canada-Logo-ret.png","width":400,"height":400,"caption":"MSA Canada"},"image":{"@id":"https:\/\/msacanada.ca\/fr\/#\/schema\/logo\/image\/"},"sameAs":["https:\/\/www.facebook.com\/defeatmsacanada\/","https:\/\/www.instagram.com\/msaamscanada\/","https:\/\/www.youtube.com\/channel\/UCT9R2fSQUFmhiJ_xP3hICxg","https:\/\/www.linkedin.com\/company\/defeatmsacanada"]}]}},"_links":{"self":[{"href":"https:\/\/msacanada.ca\/fr\/wp-json\/wp\/v2\/pages\/241799","targetHints":{"allow":["GET"]}}],"collection":[{"href":"https:\/\/msacanada.ca\/fr\/wp-json\/wp\/v2\/pages"}],"about":[{"href":"https:\/\/msacanada.ca\/fr\/wp-json\/wp\/v2\/types\/page"}],"author":[{"embeddable":true,"href":"https:\/\/msacanada.ca\/fr\/wp-json\/wp\/v2\/users\/2"}],"replies":[{"embeddable":true,"href":"https:\/\/msacanada.ca\/fr\/wp-json\/wp\/v2\/comments?post=241799"}],"version-history":[{"count":2,"href":"https:\/\/msacanada.ca\/fr\/wp-json\/wp\/v2\/pages\/241799\/revisions"}],"predecessor-version":[{"id":241801,"href":"https:\/\/msacanada.ca\/fr\/wp-json\/wp\/v2\/pages\/241799\/revisions\/241801"}],"up":[{"embeddable":true,"href":"https:\/\/msacanada.ca\/fr\/wp-json\/wp\/v2\/pages\/241791"}],"wp:featuredmedia":[{"embeddable":true,"href":"https:\/\/msacanada.ca\/fr\/wp-json\/wp\/v2\/media\/241712"}],"wp:attachment":[{"href":"https:\/\/msacanada.ca\/fr\/wp-json\/wp\/v2\/media?parent=241799"}],"curies":[{"name":"wp","href":"https:\/\/api.w.org\/{rel}","templated":true}]}}