{"id":241807,"date":"2025-02-08T16:09:11","date_gmt":"2025-02-08T16:09:11","guid":{"rendered":"https:\/\/msacanada.ca\/recherche-asm\/research-advisors\/"},"modified":"2025-05-15T11:59:15","modified_gmt":"2025-05-15T11:59:15","slug":"comite-consultatif","status":"publish","type":"page","link":"https:\/\/msacanada.ca\/fr\/recherche-ams\/comite-consultatif\/","title":{"rendered":"Comit\u00e9 consultatif mondial de recherche scientifique et m\u00e9dicale"},"content":{"rendered":"<div class=\"wpb-content-wrapper\"><p>[vc_row][vc_column][vc_column_text css=\u00a0\u00bb\u00a0\u00bb]<\/p>\n<div align=\"center\">\n<h2>COMIT\u00c9 CONSULTATIF EN RECHERCHE <span style=\"color: #7b54a0;\">M\u00c9DICALE<\/span><\/h2>\n<\/div>\n<p>[\/vc_column_text][vc_row_inner equal_height=\u00a0\u00bbyes\u00a0\u00bb gap=\u00a0\u00bb30&Prime;][vc_column_inner width=\u00a0\u00bb1\/3&Prime; css=\u00a0\u00bb.vc_custom_1738860355799{padding: 30px !important;background-color: #F8F8F8 !important;border-radius: 15px !important;}\u00a0\u00bb][vc_column_text css=\u00a0\u00bb\u00a0\u00bb]<\/p>\n<div align=\"center\">\n<p><img loading=\"lazy\" decoding=\"async\" class=\"alignnone size-full wp-image-262\" src=\"https:\/\/msacanada.ca\/wp-content\/uploads\/2025\/02\/pratik-bhattcharya.png\" alt=\"Pratik D. Bhattacharya, MD, MPH\" width=\"300\" height=\"300\" srcset=\"https:\/\/msacanada.ca\/wp-content\/uploads\/2025\/02\/pratik-bhattcharya.png 300w, https:\/\/msacanada.ca\/wp-content\/uploads\/2025\/02\/pratik-bhattcharya-150x150.png 150w\" sizes=\"auto, (max-width: 300px) 100vw, 300px\" \/><\/p>\n<h3>Pratik D. Bhattacharya<br \/>\nMD, MPH<\/h3>\n<p><strong>Membre, Comit\u00e9 consultatif en recherche scientifique, Comit\u00e9 consultatif en recherche m\u00e9dicale<\/strong><\/p>\n<\/div>\n<p>[\/vc_column_text][\/vc_column_inner][vc_column_inner width=\u00a0\u00bb1\/3&Prime; css=\u00a0\u00bb.vc_custom_1738860452599{padding: 30px !important;background-color: #F8F8F8 !important;border-radius: 15px !important;}\u00a0\u00bb][vc_column_text css=\u00a0\u00bb\u00a0\u00bb]<\/p>\n<div align=\"center\">\n<p><img loading=\"lazy\" decoding=\"async\" class=\"alignnone size-full wp-image-254\" src=\"https:\/\/msacanada.ca\/wp-content\/uploads\/2025\/02\/Alessio-Di-Fonzo.png\" alt=\"Alessio Di Fonzo, MD PhD\" width=\"300\" height=\"300\" srcset=\"https:\/\/msacanada.ca\/wp-content\/uploads\/2025\/02\/Alessio-Di-Fonzo.png 300w, https:\/\/msacanada.ca\/wp-content\/uploads\/2025\/02\/Alessio-Di-Fonzo-150x150.png 150w\" sizes=\"auto, (max-width: 300px) 100vw, 300px\" \/><\/p>\n<h3>Alessio Di Fonzo<br \/>\nMD, PhD<\/h3>\n<p><strong>Membre, Recherche m\u00e9dicale &amp; Conseiller, Combattiamo MSA Italia<\/strong><\/p>\n<\/div>\n<p>[\/vc_column_text][\/vc_column_inner][vc_column_inner width=\u00a0\u00bb1\/3&Prime; css=\u00a0\u00bb.vc_custom_1738860463763{padding: 30px !important;background-color: #F8F8F8 !important;border-radius: 15px !important;}\u00a0\u00bb][vc_column_text css=\u00a0\u00bb\u00a0\u00bb]<\/p>\n<div align=\"center\">\n<p><img loading=\"lazy\" decoding=\"async\" class=\"alignnone size-full wp-image-258\" src=\"https:\/\/msacanada.ca\/wp-content\/uploads\/2025\/02\/edwin-george-248.png\" alt=\"Edwin B. George II, MD, PhD\" width=\"300\" height=\"300\" srcset=\"https:\/\/msacanada.ca\/wp-content\/uploads\/2025\/02\/edwin-george-248.png 300w, https:\/\/msacanada.ca\/wp-content\/uploads\/2025\/02\/edwin-george-248-150x150.png 150w\" sizes=\"auto, (max-width: 300px) 100vw, 300px\" \/><\/p>\n<h3>Edwin B. George II<br \/>\nMD, PhD<\/h3>\n<p><strong>Pr\u00e9sident, Comit\u00e9 consultatif en recherche m\u00e9dicale<\/strong><\/p>\n<\/div>\n<p>[\/vc_column_text][\/vc_column_inner][\/vc_row_inner][vc_row_inner equal_height=\u00a0\u00bbyes\u00a0\u00bb gap=\u00a0\u00bb30&Prime;][vc_column_inner width=\u00a0\u00bb1\/3&Prime; css=\u00a0\u00bb.vc_custom_1738860355799{padding: 30px !important;background-color: #F8F8F8 !important;border-radius: 15px !important;}\u00a0\u00bb][vc_column_text css=\u00a0\u00bb\u00a0\u00bb]<\/p>\n<div align=\"center\">\n<p><img loading=\"lazy\" decoding=\"async\" class=\"alignnone size-full wp-image-263\" src=\"https:\/\/msacanada.ca\/wp-content\/uploads\/2025\/02\/prof-henry-houlden.png\" alt=\"Henry Houlden, MD, PhD, MRCP\" width=\"300\" height=\"300\" srcset=\"https:\/\/msacanada.ca\/wp-content\/uploads\/2025\/02\/prof-henry-houlden.png 300w, https:\/\/msacanada.ca\/wp-content\/uploads\/2025\/02\/prof-henry-houlden-150x150.png 150w\" sizes=\"auto, (max-width: 300px) 100vw, 300px\" \/><\/p>\n<h3>Henry Houlden<br \/>\nMD, PhD, MRCP<\/h3>\n<p><strong>Membre, Comit\u00e9 consultatif en recherche m\u00e9dicale<\/strong><\/p>\n<\/div>\n<p>[\/vc_column_text][\/vc_column_inner][vc_column_inner width=\u00a0\u00bb1\/3&Prime; css=\u00a0\u00bb.vc_custom_1738860452599{padding: 30px !important;background-color: #F8F8F8 !important;border-radius: 15px !important;}\u00a0\u00bb][vc_column_text css=\u00a0\u00bb\u00a0\u00bb]<\/p>\n<div align=\"center\">\n<p><img loading=\"lazy\" decoding=\"async\" class=\"alignnone size-full wp-image-255\" src=\"https:\/\/msacanada.ca\/wp-content\/uploads\/2025\/02\/dr-anthony-lang.png\" alt=\"Anthony Lang, OC, MD, FAAN\" width=\"300\" height=\"300\" srcset=\"https:\/\/msacanada.ca\/wp-content\/uploads\/2025\/02\/dr-anthony-lang.png 300w, https:\/\/msacanada.ca\/wp-content\/uploads\/2025\/02\/dr-anthony-lang-150x150.png 150w\" sizes=\"auto, (max-width: 300px) 100vw, 300px\" \/><\/p>\n<h3>Anthony Lang<br \/>\nOC, MD, FAAN<\/h3>\n<p><strong>Membre, Comit\u00e9 consultatif en recherche m\u00e9dicale<\/strong><\/p>\n<\/div>\n<p>[\/vc_column_text][\/vc_column_inner][vc_column_inner width=\u00a0\u00bb1\/3&Prime; css=\u00a0\u00bb.vc_custom_1738860463763{padding: 30px !important;background-color: #F8F8F8 !important;border-radius: 15px !important;}\u00a0\u00bb][vc_column_text css=\u00a0\u00bb\u00a0\u00bb]<\/p>\n<div align=\"center\">\n<p><img loading=\"lazy\" decoding=\"async\" class=\"alignnone size-full wp-image-259\" src=\"https:\/\/msacanada.ca\/wp-content\/uploads\/2025\/02\/Giulia-Lazzeri.png\" alt=\"Giulia Lazzeri, MD\" width=\"300\" height=\"300\" srcset=\"https:\/\/msacanada.ca\/wp-content\/uploads\/2025\/02\/Giulia-Lazzeri.png 300w, https:\/\/msacanada.ca\/wp-content\/uploads\/2025\/02\/Giulia-Lazzeri-150x150.png 150w\" sizes=\"auto, (max-width: 300px) 100vw, 300px\" \/><\/p>\n<h3>Isabelle Paquette<br \/>\nMD<\/h3>\n<p><strong>Membre, Comit\u00e9 consultatif en recherche m\u00e9dicale ; Combattiamo MSA Italia<\/strong><\/p>\n<\/div>\n<p>[\/vc_column_text][\/vc_column_inner][\/vc_row_inner][vc_row_inner equal_height=\u00a0\u00bbyes\u00a0\u00bb gap=\u00a0\u00bb30&Prime;][vc_column_inner width=\u00a0\u00bb1\/3&Prime; css=\u00a0\u00bb.vc_custom_1738860355799{padding: 30px !important;background-color: #F8F8F8 !important;border-radius: 15px !important;}\u00a0\u00bb][vc_column_text css=\u00a0\u00bb\u00a0\u00bb]<\/p>\n<div align=\"center\">\n<p><img loading=\"lazy\" decoding=\"async\" class=\"alignnone size-full wp-image-260\" src=\"https:\/\/msacanada.ca\/wp-content\/uploads\/2025\/02\/michael-schlossmacher.png\" alt=\"Michael Schlossmacher, MD, DABPN, FRCPC\" width=\"300\" height=\"300\" srcset=\"https:\/\/msacanada.ca\/wp-content\/uploads\/2025\/02\/michael-schlossmacher.png 300w, https:\/\/msacanada.ca\/wp-content\/uploads\/2025\/02\/michael-schlossmacher-150x150.png 150w\" sizes=\"auto, (max-width: 300px) 100vw, 300px\" \/><\/p>\n<h3>Michael Schlossmacher<br \/>\nMD, DABPN, FRCPC<\/h3>\n<p><strong>Membre, Comit\u00e9 consultatif en recherche scientifique et m\u00e9dicale<\/strong><\/p>\n<\/div>\n<p>[\/vc_column_text][\/vc_column_inner][vc_column_inner width=\u00a0\u00bb1\/3&Prime; css=\u00a0\u00bb.vc_custom_1738860452599{padding: 30px !important;background-color: #F8F8F8 !important;border-radius: 15px !important;}\u00a0\u00bb][vc_column_text css=\u00a0\u00bb\u00a0\u00bb]<\/p>\n<div align=\"center\">\n<p><img loading=\"lazy\" decoding=\"async\" class=\"alignnone size-full wp-image-261\" src=\"https:\/\/msacanada.ca\/wp-content\/uploads\/2025\/02\/oybek-turgunkhujaev.png\" alt=\"Oybek E. Turgunkhujaev, MD\" width=\"300\" height=\"300\" srcset=\"https:\/\/msacanada.ca\/wp-content\/uploads\/2025\/02\/oybek-turgunkhujaev.png 300w, https:\/\/msacanada.ca\/wp-content\/uploads\/2025\/02\/oybek-turgunkhujaev-150x150.png 150w\" sizes=\"auto, (max-width: 300px) 100vw, 300px\" \/><\/p>\n<h3>Oybek E. Turgunkhujaev<br \/>\nMD<\/h3>\n<p><strong>Membre, Comit\u00e9 consultatif en recherche m\u00e9dicale<\/strong><\/p>\n<\/div>\n<p>[\/vc_column_text][\/vc_column_inner][vc_column_inner width=\u00a0\u00bb1\/3&Prime; css=\u00a0\u00bb.vc_custom_1739032270464{padding-top: 30px !important;padding-right: 30px !important;padding-bottom: 30px !important;padding-left: 30px !important;background-color: #F8F8F8 !important;border-radius: 15px !important;}\u00a0\u00bb offset=\u00a0\u00bbvc_hidden-lg vc_hidden-md vc_hidden-sm vc_hidden-xs\u00a0\u00bb][\/vc_column_inner][\/vc_row_inner][\/vc_column][\/vc_row][vc_row css=\u00a0\u00bb.vc_custom_1739032333375{margin-top: 50px !important;}\u00a0\u00bb][vc_column][vc_column_text css=\u00a0\u00bb\u00a0\u00bb]<\/p>\n<div align=\"center\">\n<h2>COMIT\u00c9 CONSULTATIF EN RECHERCHE <span style=\"color: #7b54a0;\">SCIENTIFIQUE<\/span><\/h2>\n<\/div>\n<p>[\/vc_column_text][vc_row_inner equal_height=\u00a0\u00bbyes\u00a0\u00bb gap=\u00a0\u00bb30&Prime;][vc_column_inner width=\u00a0\u00bb1\/3&Prime; css=\u00a0\u00bb.vc_custom_1738860355799{padding: 30px !important;background-color: #F8F8F8 !important;border-radius: 15px !important;}\u00a0\u00bb][vc_column_text css=\u00a0\u00bb\u00a0\u00bb]<\/p>\n<div align=\"center\">\n<p><img loading=\"lazy\" decoding=\"async\" class=\"alignnone size-full wp-image-262\" src=\"https:\/\/msacanada.ca\/wp-content\/uploads\/2025\/02\/pratik-bhattcharya.png\" alt=\"Pratik D. Bhattacharya, MD, MPH\" width=\"300\" height=\"300\" srcset=\"https:\/\/msacanada.ca\/wp-content\/uploads\/2025\/02\/pratik-bhattcharya.png 300w, https:\/\/msacanada.ca\/wp-content\/uploads\/2025\/02\/pratik-bhattcharya-150x150.png 150w\" sizes=\"auto, (max-width: 300px) 100vw, 300px\" \/><\/p>\n<h3>Pratik D. Bhattacharya<br \/>\nMD, MPH<\/h3>\n<p><strong>Membre, Comit\u00e9 consultatif en recherche scientifique et m\u00e9dicale<\/strong><\/p>\n<\/div>\n<p>[\/vc_column_text][\/vc_column_inner][vc_column_inner width=\u00a0\u00bb1\/3&Prime; css=\u00a0\u00bb.vc_custom_1738860452599{padding: 30px !important;background-color: #F8F8F8 !important;border-radius: 15px !important;}\u00a0\u00bb][vc_column_text css=\u00a0\u00bb\u00a0\u00bb]<\/p>\n<div align=\"center\">\n<p><img loading=\"lazy\" decoding=\"async\" class=\"alignnone size-full wp-image-257\" src=\"https:\/\/msacanada.ca\/wp-content\/uploads\/2025\/02\/dr-ziv-gan.png\" alt=\"Ziv Gan-Or, MD, PhD\" width=\"300\" height=\"300\" srcset=\"https:\/\/msacanada.ca\/wp-content\/uploads\/2025\/02\/dr-ziv-gan.png 300w, https:\/\/msacanada.ca\/wp-content\/uploads\/2025\/02\/dr-ziv-gan-150x150.png 150w\" sizes=\"auto, (max-width: 300px) 100vw, 300px\" \/><\/p>\n<h3>Ziv Gan-Or<br \/>\nMD, PhD<\/h3>\n<p><strong>Membre, Comit\u00e9 consultatif en recherche scientifique<\/strong><\/p>\n<\/div>\n<p>[\/vc_column_text][\/vc_column_inner][vc_column_inner width=\u00a0\u00bb1\/3&Prime; css=\u00a0\u00bb.vc_custom_1738860463763{padding: 30px !important;background-color: #F8F8F8 !important;border-radius: 15px !important;}\u00a0\u00bb][vc_column_text css=\u00a0\u00bb\u00a0\u00bb]<\/p>\n<div align=\"center\">\n<p><img loading=\"lazy\" decoding=\"async\" class=\"alignnone size-full wp-image-256\" src=\"https:\/\/msacanada.ca\/wp-content\/uploads\/2025\/02\/dr-krowder.png\" alt=\"Jeffrey Kordower, PhD\" width=\"300\" height=\"300\" srcset=\"https:\/\/msacanada.ca\/wp-content\/uploads\/2025\/02\/dr-krowder.png 300w, https:\/\/msacanada.ca\/wp-content\/uploads\/2025\/02\/dr-krowder-150x150.png 150w\" sizes=\"auto, (max-width: 300px) 100vw, 300px\" \/><\/p>\n<h3>Jeffrey Kordower<br \/>\nPhD<\/h3>\n<p><strong>Membre, Comit\u00e9 consultatif en recherche scientifique<\/strong><\/p>\n<\/div>\n<p>[\/vc_column_text][\/vc_column_inner][\/vc_row_inner][vc_row_inner equal_height=\u00a0\u00bbyes\u00a0\u00bb gap=\u00a0\u00bb30&Prime;][vc_column_inner width=\u00a0\u00bb1\/3&Prime; css=\u00a0\u00bb.vc_custom_1738860355799{padding: 30px !important;background-color: #F8F8F8 !important;border-radius: 15px !important;}\u00a0\u00bb][vc_column_text css=\u00a0\u00bb\u00a0\u00bb]<\/p>\n<div align=\"center\">\n<p><img loading=\"lazy\" decoding=\"async\" class=\"alignnone size-full wp-image-264\" src=\"https:\/\/msacanada.ca\/wp-content\/uploads\/2025\/02\/wouter-peelearts.png\" alt=\"Wouter Peelaerts, MS, PhD\" width=\"300\" height=\"300\" srcset=\"https:\/\/msacanada.ca\/wp-content\/uploads\/2025\/02\/wouter-peelearts.png 300w, https:\/\/msacanada.ca\/wp-content\/uploads\/2025\/02\/wouter-peelearts-150x150.png 150w\" sizes=\"auto, (max-width: 300px) 100vw, 300px\" \/><\/p>\n<h3>Wouter Peelaerts<br \/>\nMS, PhD<\/h3>\n<p><strong>Pr\u00e9sident, Comit\u00e9 consultatif en recherche scientifique<\/strong><\/p>\n<\/div>\n<p>[\/vc_column_text][\/vc_column_inner][vc_column_inner width=\u00a0\u00bb1\/3&Prime; css=\u00a0\u00bb.vc_custom_1739032257241{padding-top: 30px !important;padding-right: 30px !important;padding-bottom: 30px !important;padding-left: 30px !important;background-color: #F8F8F8 !important;border-radius: 15px !important;}\u00a0\u00bb offset=\u00a0\u00bbvc_hidden-lg vc_hidden-md vc_hidden-sm vc_hidden-xs\u00a0\u00bb][\/vc_column_inner][vc_column_inner width=\u00a0\u00bb1\/3&Prime; css=\u00a0\u00bb.vc_custom_1739032262771{padding-top: 30px !important;padding-right: 30px !important;padding-bottom: 30px !important;padding-left: 30px !important;background-color: #F8F8F8 !important;border-radius: 15px !important;}\u00a0\u00bb offset=\u00a0\u00bbvc_hidden-lg vc_hidden-md vc_hidden-sm vc_hidden-xs\u00a0\u00bb][\/vc_column_inner][\/vc_row_inner][\/vc_column][\/vc_row]<\/p>\n<\/div>","protected":false},"excerpt":{"rendered":"<p>[vc_row][vc_column][vc_column_text css=\u00a0\u00bb\u00a0\u00bb] COMIT\u00c9 CONSULTATIF EN RECHERCHE M\u00c9DICALE [\/vc_column_text][vc_row_inner equal_height=\u00a0\u00bbyes\u00a0\u00bb gap=\u00a0\u00bb30&Prime;][vc_column_inner width=\u00a0\u00bb1\/3&Prime; css=\u00a0\u00bb.vc_custom_1738860355799{padding: 30px !important;background-color: #F8F8F8 !important;border-radius: 15px !important;}\u00a0\u00bb][vc_column_text css=\u00a0\u00bb\u00a0\u00bb] Pratik D. Bhattacharya MD, MPH Membre, Comit\u00e9 consultatif en recherche scientifique, Comit\u00e9 consultatif en recherche m\u00e9dicale [\/vc_column_text][\/vc_column_inner][vc_column_inner width=\u00a0\u00bb1\/3&Prime; css=\u00a0\u00bb.vc_custom_1738860452599{padding: 30px !important;background-color: #F8F8F8 !important;border-radius: 15px !important;}\u00a0\u00bb][vc_column_text css=\u00a0\u00bb\u00a0\u00bb] Alessio Di Fonzo MD, PhD Membre, Recherche m\u00e9dicale &amp; Conseiller,&hellip;<\/p>\n","protected":false},"author":2,"featured_media":241712,"parent":241802,"menu_order":0,"comment_status":"closed","ping_status":"closed","template":"","meta":{"footnotes":""},"class_list":["post-241807","page","type-page","status-publish","has-post-thumbnail","hentry","description-off"],"yoast_head":"<!-- This site is optimized with the Yoast SEO plugin v25.3 - https:\/\/yoast.com\/wordpress\/plugins\/seo\/ -->\n<title>Comit\u00e9 consultatif mondial de recherche sur l\u2019AMS<\/title>\n<meta name=\"description\" content=\"D\u00e9couvrez les experts du comit\u00e9 mondial de Vaincre l\u2019AMS Canada, leaders dans la lutte contre l\u2019atrophie multisyst\u00e9mique.\" \/>\n<meta name=\"robots\" content=\"index, follow, max-snippet:-1, max-image-preview:large, max-video-preview:-1\" \/>\n<link rel=\"canonical\" href=\"https:\/\/msacanada.ca\/fr\/recherche-ams\/comite-consultatif\/\" \/>\n<meta property=\"og:locale\" content=\"fr_FR\" \/>\n<meta property=\"og:type\" content=\"article\" \/>\n<meta property=\"og:title\" content=\"Comit\u00e9 consultatif mondial de recherche sur l\u2019AMS\" \/>\n<meta property=\"og:description\" content=\"D\u00e9couvrez les experts du comit\u00e9 mondial de Vaincre l\u2019AMS Canada, leaders dans la lutte contre l\u2019atrophie multisyst\u00e9mique.\" \/>\n<meta property=\"og:url\" content=\"https:\/\/msacanada.ca\/fr\/recherche-ams\/comite-consultatif\/\" \/>\n<meta property=\"og:site_name\" content=\"MSA Canada\" \/>\n<meta property=\"article:publisher\" content=\"https:\/\/www.facebook.com\/defeatmsacanada\/\" \/>\n<meta property=\"article:modified_time\" content=\"2025-05-15T11:59:15+00:00\" \/>\n<meta property=\"og:image\" content=\"https:\/\/msacanada.ca\/wp-content\/uploads\/2025\/04\/MSA-Featured.jpg\" \/>\n\t<meta property=\"og:image:width\" content=\"1920\" \/>\n\t<meta property=\"og:image:height\" content=\"1008\" \/>\n\t<meta property=\"og:image:type\" content=\"image\/jpeg\" \/>\n<meta name=\"twitter:card\" content=\"summary_large_image\" \/>\n<meta name=\"twitter:label1\" content=\"Dur\u00e9e de lecture estim\u00e9e\" \/>\n\t<meta name=\"twitter:data1\" content=\"5 minutes\" \/>\n<script type=\"application\/ld+json\" class=\"yoast-schema-graph\">{\"@context\":\"https:\/\/schema.org\",\"@graph\":[{\"@type\":\"WebPage\",\"@id\":\"https:\/\/msacanada.ca\/fr\/recherche-ams\/comite-consultatif\/\",\"url\":\"https:\/\/msacanada.ca\/fr\/recherche-ams\/comite-consultatif\/\",\"name\":\"Comit\u00e9 consultatif mondial de recherche sur l\u2019AMS\",\"isPartOf\":{\"@id\":\"https:\/\/msacanada.ca\/fr\/#website\"},\"primaryImageOfPage\":{\"@id\":\"https:\/\/msacanada.ca\/fr\/recherche-ams\/comite-consultatif\/#primaryimage\"},\"image\":{\"@id\":\"https:\/\/msacanada.ca\/fr\/recherche-ams\/comite-consultatif\/#primaryimage\"},\"thumbnailUrl\":\"https:\/\/msacanada.ca\/wp-content\/uploads\/2025\/04\/MSA-Featured.jpg\",\"datePublished\":\"2025-02-08T16:09:11+00:00\",\"dateModified\":\"2025-05-15T11:59:15+00:00\",\"description\":\"D\u00e9couvrez les experts du comit\u00e9 mondial de Vaincre l\u2019AMS Canada, leaders dans la lutte contre l\u2019atrophie multisyst\u00e9mique.\",\"breadcrumb\":{\"@id\":\"https:\/\/msacanada.ca\/fr\/recherche-ams\/comite-consultatif\/#breadcrumb\"},\"inLanguage\":\"fr-FR\",\"potentialAction\":[{\"@type\":\"ReadAction\",\"target\":[\"https:\/\/msacanada.ca\/fr\/recherche-ams\/comite-consultatif\/\"]}]},{\"@type\":\"ImageObject\",\"inLanguage\":\"fr-FR\",\"@id\":\"https:\/\/msacanada.ca\/fr\/recherche-ams\/comite-consultatif\/#primaryimage\",\"url\":\"https:\/\/msacanada.ca\/wp-content\/uploads\/2025\/04\/MSA-Featured.jpg\",\"contentUrl\":\"https:\/\/msacanada.ca\/wp-content\/uploads\/2025\/04\/MSA-Featured.jpg\",\"width\":1920,\"height\":1008},{\"@type\":\"BreadcrumbList\",\"@id\":\"https:\/\/msacanada.ca\/fr\/recherche-ams\/comite-consultatif\/#breadcrumb\",\"itemListElement\":[{\"@type\":\"ListItem\",\"position\":1,\"name\":\"Home\",\"item\":\"https:\/\/msacanada.ca\/fr\/\"},{\"@type\":\"ListItem\",\"position\":2,\"name\":\"Recherche sur l&#8217;AMS\",\"item\":\"https:\/\/msacanada.ca\/fr\/msa-research\/\"},{\"@type\":\"ListItem\",\"position\":3,\"name\":\"Comit\u00e9 consultatif mondial de recherche scientifique et m\u00e9dicale\"}]},{\"@type\":\"WebSite\",\"@id\":\"https:\/\/msacanada.ca\/fr\/#website\",\"url\":\"https:\/\/msacanada.ca\/fr\/\",\"name\":\"MSA Canada\",\"description\":\"Defeat MSA\/Vaincre AMS Canada\",\"publisher\":{\"@id\":\"https:\/\/msacanada.ca\/fr\/#organization\"},\"potentialAction\":[{\"@type\":\"SearchAction\",\"target\":{\"@type\":\"EntryPoint\",\"urlTemplate\":\"https:\/\/msacanada.ca\/fr\/?s={search_term_string}\"},\"query-input\":{\"@type\":\"PropertyValueSpecification\",\"valueRequired\":true,\"valueName\":\"search_term_string\"}}],\"inLanguage\":\"fr-FR\"},{\"@type\":\"Organization\",\"@id\":\"https:\/\/msacanada.ca\/fr\/#organization\",\"name\":\"MSA Canada\",\"url\":\"https:\/\/msacanada.ca\/fr\/\",\"logo\":{\"@type\":\"ImageObject\",\"inLanguage\":\"fr-FR\",\"@id\":\"https:\/\/msacanada.ca\/fr\/#\/schema\/logo\/image\/\",\"url\":\"https:\/\/msacanada.ca\/wp-content\/uploads\/2024\/11\/MSA-Canada-Logo-ret.png\",\"contentUrl\":\"https:\/\/msacanada.ca\/wp-content\/uploads\/2024\/11\/MSA-Canada-Logo-ret.png\",\"width\":400,\"height\":400,\"caption\":\"MSA Canada\"},\"image\":{\"@id\":\"https:\/\/msacanada.ca\/fr\/#\/schema\/logo\/image\/\"},\"sameAs\":[\"https:\/\/www.facebook.com\/defeatmsacanada\/\",\"https:\/\/www.instagram.com\/msaamscanada\/\",\"https:\/\/www.youtube.com\/channel\/UCT9R2fSQUFmhiJ_xP3hICxg\",\"https:\/\/www.linkedin.com\/company\/defeatmsacanada\"]}]}<\/script>\n<!-- \/ Yoast SEO plugin. -->","yoast_head_json":{"title":"Comit\u00e9 consultatif mondial de recherche sur l\u2019AMS","description":"D\u00e9couvrez les experts du comit\u00e9 mondial de Vaincre l\u2019AMS Canada, leaders dans la lutte contre l\u2019atrophie multisyst\u00e9mique.","robots":{"index":"index","follow":"follow","max-snippet":"max-snippet:-1","max-image-preview":"max-image-preview:large","max-video-preview":"max-video-preview:-1"},"canonical":"https:\/\/msacanada.ca\/fr\/recherche-ams\/comite-consultatif\/","og_locale":"fr_FR","og_type":"article","og_title":"Comit\u00e9 consultatif mondial de recherche sur l\u2019AMS","og_description":"D\u00e9couvrez les experts du comit\u00e9 mondial de Vaincre l\u2019AMS Canada, leaders dans la lutte contre l\u2019atrophie multisyst\u00e9mique.","og_url":"https:\/\/msacanada.ca\/fr\/recherche-ams\/comite-consultatif\/","og_site_name":"MSA Canada","article_publisher":"https:\/\/www.facebook.com\/defeatmsacanada\/","article_modified_time":"2025-05-15T11:59:15+00:00","og_image":[{"width":1920,"height":1008,"url":"https:\/\/msacanada.ca\/wp-content\/uploads\/2025\/04\/MSA-Featured.jpg","type":"image\/jpeg"}],"twitter_card":"summary_large_image","twitter_misc":{"Dur\u00e9e de lecture estim\u00e9e":"5 minutes"},"schema":{"@context":"https:\/\/schema.org","@graph":[{"@type":"WebPage","@id":"https:\/\/msacanada.ca\/fr\/recherche-ams\/comite-consultatif\/","url":"https:\/\/msacanada.ca\/fr\/recherche-ams\/comite-consultatif\/","name":"Comit\u00e9 consultatif mondial de recherche sur l\u2019AMS","isPartOf":{"@id":"https:\/\/msacanada.ca\/fr\/#website"},"primaryImageOfPage":{"@id":"https:\/\/msacanada.ca\/fr\/recherche-ams\/comite-consultatif\/#primaryimage"},"image":{"@id":"https:\/\/msacanada.ca\/fr\/recherche-ams\/comite-consultatif\/#primaryimage"},"thumbnailUrl":"https:\/\/msacanada.ca\/wp-content\/uploads\/2025\/04\/MSA-Featured.jpg","datePublished":"2025-02-08T16:09:11+00:00","dateModified":"2025-05-15T11:59:15+00:00","description":"D\u00e9couvrez les experts du comit\u00e9 mondial de Vaincre l\u2019AMS Canada, leaders dans la lutte contre l\u2019atrophie multisyst\u00e9mique.","breadcrumb":{"@id":"https:\/\/msacanada.ca\/fr\/recherche-ams\/comite-consultatif\/#breadcrumb"},"inLanguage":"fr-FR","potentialAction":[{"@type":"ReadAction","target":["https:\/\/msacanada.ca\/fr\/recherche-ams\/comite-consultatif\/"]}]},{"@type":"ImageObject","inLanguage":"fr-FR","@id":"https:\/\/msacanada.ca\/fr\/recherche-ams\/comite-consultatif\/#primaryimage","url":"https:\/\/msacanada.ca\/wp-content\/uploads\/2025\/04\/MSA-Featured.jpg","contentUrl":"https:\/\/msacanada.ca\/wp-content\/uploads\/2025\/04\/MSA-Featured.jpg","width":1920,"height":1008},{"@type":"BreadcrumbList","@id":"https:\/\/msacanada.ca\/fr\/recherche-ams\/comite-consultatif\/#breadcrumb","itemListElement":[{"@type":"ListItem","position":1,"name":"Home","item":"https:\/\/msacanada.ca\/fr\/"},{"@type":"ListItem","position":2,"name":"Recherche sur l&#8217;AMS","item":"https:\/\/msacanada.ca\/fr\/msa-research\/"},{"@type":"ListItem","position":3,"name":"Comit\u00e9 consultatif mondial de recherche scientifique et m\u00e9dicale"}]},{"@type":"WebSite","@id":"https:\/\/msacanada.ca\/fr\/#website","url":"https:\/\/msacanada.ca\/fr\/","name":"MSA Canada","description":"Defeat MSA\/Vaincre AMS Canada","publisher":{"@id":"https:\/\/msacanada.ca\/fr\/#organization"},"potentialAction":[{"@type":"SearchAction","target":{"@type":"EntryPoint","urlTemplate":"https:\/\/msacanada.ca\/fr\/?s={search_term_string}"},"query-input":{"@type":"PropertyValueSpecification","valueRequired":true,"valueName":"search_term_string"}}],"inLanguage":"fr-FR"},{"@type":"Organization","@id":"https:\/\/msacanada.ca\/fr\/#organization","name":"MSA Canada","url":"https:\/\/msacanada.ca\/fr\/","logo":{"@type":"ImageObject","inLanguage":"fr-FR","@id":"https:\/\/msacanada.ca\/fr\/#\/schema\/logo\/image\/","url":"https:\/\/msacanada.ca\/wp-content\/uploads\/2024\/11\/MSA-Canada-Logo-ret.png","contentUrl":"https:\/\/msacanada.ca\/wp-content\/uploads\/2024\/11\/MSA-Canada-Logo-ret.png","width":400,"height":400,"caption":"MSA Canada"},"image":{"@id":"https:\/\/msacanada.ca\/fr\/#\/schema\/logo\/image\/"},"sameAs":["https:\/\/www.facebook.com\/defeatmsacanada\/","https:\/\/www.instagram.com\/msaamscanada\/","https:\/\/www.youtube.com\/channel\/UCT9R2fSQUFmhiJ_xP3hICxg","https:\/\/www.linkedin.com\/company\/defeatmsacanada"]}]}},"_links":{"self":[{"href":"https:\/\/msacanada.ca\/fr\/wp-json\/wp\/v2\/pages\/241807","targetHints":{"allow":["GET"]}}],"collection":[{"href":"https:\/\/msacanada.ca\/fr\/wp-json\/wp\/v2\/pages"}],"about":[{"href":"https:\/\/msacanada.ca\/fr\/wp-json\/wp\/v2\/types\/page"}],"author":[{"embeddable":true,"href":"https:\/\/msacanada.ca\/fr\/wp-json\/wp\/v2\/users\/2"}],"replies":[{"embeddable":true,"href":"https:\/\/msacanada.ca\/fr\/wp-json\/wp\/v2\/comments?post=241807"}],"version-history":[{"count":2,"href":"https:\/\/msacanada.ca\/fr\/wp-json\/wp\/v2\/pages\/241807\/revisions"}],"predecessor-version":[{"id":241809,"href":"https:\/\/msacanada.ca\/fr\/wp-json\/wp\/v2\/pages\/241807\/revisions\/241809"}],"up":[{"embeddable":true,"href":"https:\/\/msacanada.ca\/fr\/wp-json\/wp\/v2\/pages\/241802"}],"wp:featuredmedia":[{"embeddable":true,"href":"https:\/\/msacanada.ca\/fr\/wp-json\/wp\/v2\/media\/241712"}],"wp:attachment":[{"href":"https:\/\/msacanada.ca\/fr\/wp-json\/wp\/v2\/media?parent=241807"}],"curies":[{"name":"wp","href":"https:\/\/api.w.org\/{rel}","templated":true}]}}