{"id":241815,"date":"2025-02-08T17:54:09","date_gmt":"2025-02-08T17:54:09","guid":{"rendered":"https:\/\/msacanada.ca\/programmes-pour-patients\/assistive-communication\/"},"modified":"2025-05-15T14:53:58","modified_gmt":"2025-05-15T14:53:58","slug":"communication-assistee","status":"publish","type":"page","link":"https:\/\/msacanada.ca\/fr\/programmes-pour-patients\/communication-assistee\/","title":{"rendered":"Communication Assist\u00e9e"},"content":{"rendered":"<div class=\"wpb-content-wrapper\"><p>[vc_row][vc_column][vc_column_text css=\u00a0\u00bb\u00a0\u00bb]Nous avons list\u00e9 quelques exemples de m\u00e9thodes de communication assist\u00e9e. Il est important de noter que leur utilit\u00e9 d\u00e9pend de la situation, des capacit\u00e9s du patient et de la consultation avec son professionnel de sant\u00e9.<\/p>\n<p>Il est recommand\u00e9 \u00e0 tous les patients de consulter leur professionnel de sant\u00e9 avant d\u2019utiliser ces outils. L\u2019Alliance Vaincre l\u2019AMS fournit ces outils et ressources \u00e0 titre informatif seulement.<\/p>\n<h4><strong>Dispositifs de suivi ou de regard oculaire<\/strong><\/h4>\n<p>Parfois, les personnes ne peuvent pas se permettre les dispositifs de communication haute technologie tels que le Dynavox (<a href=\"https:\/\/www.tobiidynavox.com\/\" target=\"_blank\" rel=\"noopener\">https:\/\/www.tobiidynavox.com<\/a>) ou un appareil PRC (<a href=\"https:\/\/www.prentrom.com\/\" target=\"_blank\" rel=\"noopener\">https:\/\/www.prentrom.com<\/a>). Voici donc une alternative technologique : <a href=\"https:\/\/github.com\/OptiKey\/OptiKey\/wiki\" target=\"_blank\" rel=\"noopener\">https:\/\/github.com\/OptiKey\/OptiKey\/wiki<\/a><br \/>\n[\/vc_column_text][vc_empty_space height=\u00a0\u00bb30px\u00a0\u00bb]<div class=\"dt-fancy-separator title-left h3-size accent-border-color\" style=\"width: 100%;\"><div class=\"dt-fancy-title\" style=\"color: #1E1E1E;\"><span class=\"separator-holder separator-left\"><\/span>AUTRES RESSOURCES DE COMMUNICATION<span class=\"separator-holder separator-right\"><\/span><\/div><\/div>[vc_empty_space height=\u00a0\u00bb30px\u00a0\u00bb][vc_column_text css=\u00a0\u00bb\u00a0\u00bb]<\/p>\n<h4><strong>Sept applications d\u2019aide \u00e0 la communication pour iPad et iPhone dans l\u2019App Store (en anglais seulement)<\/strong><\/h4>\n<p><a href=\"http:\/\/www.friendshipcircle.org\/blog\/2011\/02\/07\/7-assistive-communication-apps-in-the-ipad-app-store\/\" target=\"_blank\" rel=\"noopener\">http:\/\/www.friendshipcircle.org\/blog\/2011\/02\/07\/7-assistive-communication-apps-in-the-ipad-app-store\/<\/a><br \/>\n[\/vc_column_text][vc_separator css=\u00a0\u00bb\u00a0\u00bb][vc_column_text css=\u00a0\u00bb\u00a0\u00bb]<\/p>\n<h4><strong>Grand magasin de produits pour appareils de communication (en anglais seulement)<\/strong><\/h4>\n<p><a href=\"https:\/\/enablingdevices.com\/product-category\/communication-devices\/\" target=\"_blank\" rel=\"noopener\">https:\/\/enablingdevices.com\/product-category\/communication-devices\/<\/a>[\/vc_column_text][vc_separator css=\u00a0\u00bb\u00a0\u00bb][vc_column_text css=\u00a0\u00bb\u00a0\u00bb]<\/p>\n<h4><strong>Article pr\u00e9sentant diff\u00e9rents types d\u2019applications de communication (en anglais seulement)<\/strong><\/h4>\n<p><a href=\"https:\/\/gettecla.com\/blogs\/news\/5-assistive-apps-that-communicating-easier\" target=\"_blank\" rel=\"noopener\">https:\/\/gettecla.com\/blogs\/news\/5-assistive-apps-that-communicating-easier<\/a>[\/vc_column_text][vc_separator css=\u00a0\u00bb\u00a0\u00bb][vc_column_text css=\u00a0\u00bb\u00a0\u00bb]<\/p>\n<h4><strong>Avis sur les appareils et logiciels de synth\u00e8se vocale (en anglais seulement)<\/strong><\/h4>\n<p><a href=\"https:\/\/www.icommunicatetherapy.com\/adult-communication-difficulties-2\/assistive-communication-aac\/\" target=\"_blank\" rel=\"noopener\">https:\/\/www.icommunicatetherapy.com\/adult-communication-difficulties-2\/assistive-communication-aac\/<\/a>[\/vc_column_text][vc_separator css=\u00a0\u00bb\u00a0\u00bb][vc_column_text css=\u00a0\u00bb\u00a0\u00bb]<\/p>\n<h4><strong>Entreprise proposant des solutions de communication \u00e0 faible technologie : aides visuelles, trousses de d\u00e9part et tableaux visuels<\/strong> (en anglais seulement)<\/h4>\n<p><a href=\"http:\/\/www.acciinc.com\/categories\/Low-Tech-Solutions\/\" target=\"_blank\" rel=\"noopener\">http:\/\/www.acciinc.com\/categories\/Low-Tech-Solutions\/<\/a><br \/>\n[\/vc_column_text][vc_separator css=\u00a0\u00bb\u00a0\u00bb][vc_column_text css=\u00a0\u00bb\u00a0\u00bb]<\/p>\n<h4><em><strong>Ressource excellente : Biblioth\u00e8que des troubles de la parole \u2013 Technologies d\u2019assistance courantes<\/strong><\/em> (en anglais seulement)<\/h4>\n<p><a href=\"https:\/\/guides.library.illinois.edu\/c.php?g=613892&amp;p=4265891\" target=\"_blank\" rel=\"noopener\">https:\/\/guides.library.illinois.edu\/c.php?g=613892&amp;p=4265891<\/a>[\/vc_column_text][vc_separator css=\u00a0\u00bb\u00a0\u00bb][vc_column_text css=\u00a0\u00bb\u00a0\u00bb]<\/p>\n<h4><strong>Ressource excellente : Plusieurs options de tableaux de communication low-tech \u00e0 t\u00e9l\u00e9charger (incluant l\u2019espagnol)<\/strong> (en anglais seulement)<\/h4>\n<p><a href=\"https:\/\/saltillo.com\/chatcorner\/content\/29\" target=\"_blank\" rel=\"noopener\">https:\/\/saltillo.com\/chatcorner\/content\/29<\/a><br \/>\n[\/vc_column_text][vc_separator css=\u00a0\u00bb\u00a0\u00bb][vc_column_text css=\u00a0\u00bb\u00a0\u00bb]<\/p>\n<h4><strong>Entreprise vendant des syst\u00e8mes d\u2019alerte haute technologie et autres dispositifs de communication<\/strong> (en anglais seulement)<\/h4>\n<p><a href=\"https:\/\/teltex.com\/alerting-systems\/?sort=newest\" target=\"_blank\" rel=\"noopener\">https:\/\/teltex.com\/alerting-systems\/?sort=newest<\/a><br \/>\n[\/vc_column_text][vc_separator css=\u00a0\u00bb\u00a0\u00bb][vc_column_text css=\u00a0\u00bb\u00a0\u00bb]<\/p>\n<h4><strong>Application de communication par symboles pour les personnes ayant des troubles de la parole<\/strong> (en anglais seulement)<\/h4>\n<p><a href=\"https:\/\/voice4uaac.com\/\" target=\"_blank\" rel=\"noopener\">https:\/\/voice4uaac.com<\/a><br \/>\n[\/vc_column_text][vc_separator css=\u00a0\u00bb\u00a0\u00bb][vc_column_text css=\u00a0\u00bb\u00a0\u00bb]<\/p>\n<h4><strong>Revue de diverses applications de communication alternative et am\u00e9lior\u00e9e (CAA)<\/strong> (en anglais seulement)<\/h4>\n<p><a href=\"https:\/\/www.spectronics.com.au\/iphoneipad-apps-for-aac\" target=\"_blank\" rel=\"noopener\">https:\/\/www.spectronics.com.au\/iphoneipad-apps-for-aac<\/a><br \/>\n[\/vc_column_text][vc_separator css=\u00a0\u00bb\u00a0\u00bb][vc_column_text css=\u00a0\u00bb\u00a0\u00bb]<\/p>\n<h4><strong>SayIt! \u2013 logiciel de synth\u00e8se vocale<\/strong> (en anglais seulement)<\/h4>\n<p><a href=\"https:\/\/itunes.apple.com\/us\/app\/sayit-speak-your-mind\/id1119303404?mt=8\" target=\"_blank\" rel=\"noopener\">https:\/\/itunes.apple.com\/us\/app\/sayit-speak-your-mind\/id1119303404?mt=8<\/a><br \/>\n[\/vc_column_text][vc_separator css=\u00a0\u00bb\u00a0\u00bb][vc_column_text css=\u00a0\u00bb\u00a0\u00bb]<\/p>\n<h4><strong>HearYouNow \u2013 amplificateur de son<\/strong> (en anglais seulement)<\/h4>\n<p><a href=\"https:\/\/itunes.apple.com\/us\/app\/hearyounow-your-personal-sound-amplifier\/id569522474?mt=8\" target=\"_blank\" rel=\"noopener\">https:\/\/itunes.apple.com\/us\/app\/hearyounow-your-personal-sound-amplifier\/id569522474?mt=8<\/a><br \/>\n[\/vc_column_text][vc_separator css=\u00a0\u00bb\u00a0\u00bb][vc_column_text css=\u00a0\u00bb\u00a0\u00bb]<\/p>\n<h4><strong>Predictable \u2013 Therapy Box<\/strong> (en anglais seulement)<\/h4>\n<p><a href=\"https:\/\/itunes.apple.com\/us\/app\/predictable\/id404445007?mt=8\" target=\"_blank\" rel=\"noopener\">https:\/\/itunes.apple.com\/us\/app\/predictable\/id404445007?mt=8<\/a><br \/>\n[\/vc_column_text][vc_separator css=\u00a0\u00bb\u00a0\u00bb][vc_column_text css=\u00a0\u00bb\u00a0\u00bb]<\/p>\n<h4><strong>Proloquo2Go<\/strong><\/h4>\n<p><a href=\"https:\/\/itunes.apple.com\/us\/app\/proloquo2go\/id308368164?mt=8\" target=\"_blank\" rel=\"noopener\">https:\/\/itunes.apple.com\/us\/app\/proloquo2go\/id308368164?mt=8<\/a>[\/vc_column_text][vc_separator css=\u00a0\u00bb\u00a0\u00bb][vc_column_text css=\u00a0\u00bb\u00a0\u00bb]<\/p>\n<h4><strong>Connect\u00e9 avec Cboard (en anglais seulement)<\/strong><\/h4>\n<p><a href=\"https:\/\/www.cboard.io\/?gclid=EAIaIQobChMIj-zWwe3t3gIVRr7ACh1vIgz8EAAYBCAAEgIASfD_BwE\" target=\"_blank\" rel=\"noopener\">https:\/\/www.cboard.io\/?gclid=EAIaIQobChMIj-zWwe3t3gIVRr7ACh1vIgz8EAAYBCAAEgIASfD_BwE<\/a>[\/vc_column_text][vc_separator css=\u00a0\u00bb\u00a0\u00bb][vc_column_text css=\u00a0\u00bb\u00a0\u00bb]<\/p>\n<h4><strong>iPrompts PRO par Handhold Adaptive, LLC (en anglais seulement)<\/strong><\/h4>\n<p><a href=\"https:\/\/itunes.apple.com\/us\/app\/iprompts-pro\/id313144705?mt=8\" target=\"_blank\" rel=\"noopener\">https:\/\/itunes.apple.com\/us\/app\/iprompts-pro\/id313144705?mt=8<\/a>[\/vc_column_text][vc_separator css=\u00a0\u00bb\u00a0\u00bb][vc_column_text css=\u00a0\u00bb\u00a0\u00bb]<\/p>\n<h4><strong>Classic TC par Silver Kite (en anglais seulement)<\/strong><\/h4>\n<p><a href=\"https:\/\/itunes.apple.com\/us\/app\/classic-tc\/id377558828?mt=8\" target=\"_blank\" rel=\"noopener\">https:\/\/itunes.apple.com\/us\/app\/classic-tc\/id377558828?mt=8<\/a>[\/vc_column_text][vc_separator css=\u00a0\u00bb\u00a0\u00bb][vc_column_text css=\u00a0\u00bb\u00a0\u00bb]<\/p>\n<h4><strong>Vocabulary Lite par Red Mountain Labs, Inc. (en anglais seulement)<\/strong><\/h4>\n<p><a href=\"https:\/\/itunes.apple.com\/us\/app\/locabulary-lite\/id322448547?mt=8\" target=\"_blank\" rel=\"noopener\">https:\/\/itunes.apple.com\/us\/app\/locabulary-lite\/id322448547?mt=8<\/a>[\/vc_column_text][vc_separator css=\u00a0\u00bb\u00a0\u00bb][vc_column_text css=\u00a0\u00bb\u00a0\u00bb]Defeat MSA organise \u00e9galement deux groupes Facebook : le groupe de Pr\u00eat d\u2019\u00c9quipement M\u00e9dical MSA et le groupe de Discussion sur les Traitements Li\u00e9s \u00e0 la MSA. Ces deux groupes peuvent fournir des ressources et du mat\u00e9riel en pr\u00eat. (en anglais seulement)<\/p>\n<p><a href=\"https:\/\/www.facebook.com\/groups\/MSApatientLoaners\/?ref=shar\" target=\"_blank\" rel=\"noopener\">Groupe de Pr\u00eat d\u2019\u00c9quipement M\u00e9dical Durable Defeat MSA<\/a><\/p>\n<p><a href=\"https:\/\/www.facebook.com\/groups\/MSAtreatments\/?ref=share\" target=\"_blank\" rel=\"noopener\">Groupe de Discussion sur les Traitements et Recherches Li\u00e9s \u00e0 la MSA Defeat MSA<\/a><\/p>\n<p>&nbsp;<\/p>\n<p>Defeat MSA Alliance est la seule association am\u00e9ricaine \u00e0 soutenir le programme de pr\u00eat d\u2019\u00e9quipement MSA. Voici des informations sur le programme de pr\u00eat Defeat MSA (avec formulaires t\u00e9l\u00e9chargeables) :<\/p>\n<p><a href=\"https:\/\/www.facebook.com\/groups\/MSApatientLoaners\/\" target=\"_blank\" rel=\"noopener\">[https:\/\/defeatmsa.org\/patient-programs\/#loaner-closet](https:\/\/defeatmsa.org\/patient-programs\/#loaner-closet)<\/a> (en anglais seulement)[\/vc_column_text][\/vc_column][\/vc_row][vc_row full_width=\u00a0\u00bbstretch_row\u00a0\u00bb css=\u00a0\u00bb.vc_custom_1739035537518{margin-top: 50px !important;margin-bottom: -70px !important;padding-top: 30px !important;padding-bottom: 30px !important;background-color: #F8F8F8 !important;}\u00a0\u00bb][vc_column]<div class=\"dt-fancy-separator title-left h3-size accent-border-color\" style=\"width: 100%;\"><div class=\"dt-fancy-title\" style=\"color: #1E1E1E;\"><span class=\"separator-holder separator-left\"><\/span>AUTRES RESSOURCES<span class=\"separator-holder separator-right\"><\/span><\/div><\/div>[vc_empty_space height=\u00a0\u00bb20px\u00a0\u00bb][vc_column_text css=\u00a0\u00bb\u00a0\u00bb]<a href=\"https:\/\/find.asha.org\/pro#f:@Provider=[Speech-Language%20Pathologist]\" target=\"_blank\" rel=\"noopener\">Recherche d\u2019un orthophoniste agr\u00e9\u00e9<\/a><\/p>\n<p>(Annuaire de l\u2019American Speech-Language-Hearing Association)<\/p>\n<p>Ressources de subventions pour appareils g\u00e9n\u00e9rateurs de parole (aides \u00e0 la communication)<\/p>\n<p><a href=\"http:\/\/www.aacfundinghelp.com\/\" target=\"_blank\" rel=\"noopener\">http:\/\/www.aacfundinghelp.com\/<\/a><\/p>\n<p>&nbsp;<\/p>\n<p><strong>\u00c0 propos du financement des services de communication<\/strong><\/p>\n<p><a href=\"https:\/\/www.asha.org\/NJC\/Funding-for-Services\/\" target=\"_blank\" rel=\"noopener\">https:\/\/www.asha.org\/NJC\/Funding-for-Services\/<\/a><\/p>\n<p><a href=\"https:\/\/aacinstitute.org\/funding-2\/\" target=\"_blank\" rel=\"noopener\">https:\/\/aacinstitute.org\/funding-2\/<\/a><\/p>\n<p><a href=\"https:\/\/www.aacfunding.com\/alt-funding-sources\" target=\"_blank\" rel=\"noopener\">https:\/\/www.aacfunding.com\/alt-funding-sources<\/a><br \/>\n[\/vc_column_text][\/vc_column][\/vc_row]<\/p>\n<\/div>","protected":false},"excerpt":{"rendered":"<p>[vc_row][vc_column][vc_column_text css=\u00a0\u00bb\u00a0\u00bb]Nous avons list\u00e9 quelques exemples de m\u00e9thodes de communication assist\u00e9e. Il est important de noter que leur utilit\u00e9 d\u00e9pend de la situation, des capacit\u00e9s du patient et de la consultation avec son professionnel de sant\u00e9. Il est recommand\u00e9 \u00e0 tous les patients de consulter leur professionnel de sant\u00e9 avant d\u2019utiliser ces outils. L\u2019Alliance Vaincre&hellip;<\/p>\n","protected":false},"author":2,"featured_media":0,"parent":241813,"menu_order":0,"comment_status":"closed","ping_status":"closed","template":"","meta":{"footnotes":""},"class_list":["post-241815","page","type-page","status-publish","hentry","description-off"],"yoast_head":"<!-- This site is optimized with the Yoast SEO plugin v25.3 - https:\/\/yoast.com\/wordpress\/plugins\/seo\/ -->\n<title>Communication assist\u00e9e pour les patients atteints de MSA<\/title>\n<meta name=\"description\" content=\"Explorez les m\u00e9thodes de communication assist\u00e9e pour les patients atteints de MSA.\" \/>\n<meta name=\"robots\" content=\"index, follow, max-snippet:-1, max-image-preview:large, max-video-preview:-1\" \/>\n<link rel=\"canonical\" href=\"https:\/\/msacanada.ca\/fr\/programmes-pour-patients\/communication-assistee\/\" \/>\n<meta property=\"og:locale\" content=\"fr_FR\" \/>\n<meta property=\"og:type\" content=\"article\" \/>\n<meta property=\"og:title\" content=\"Communication assist\u00e9e pour les patients atteints de MSA\" \/>\n<meta property=\"og:description\" content=\"Explorez les m\u00e9thodes de communication assist\u00e9e pour les patients atteints de MSA.\" \/>\n<meta property=\"og:url\" content=\"https:\/\/msacanada.ca\/fr\/programmes-pour-patients\/communication-assistee\/\" \/>\n<meta property=\"og:site_name\" content=\"MSA Canada\" \/>\n<meta property=\"article:publisher\" content=\"https:\/\/www.facebook.com\/defeatmsacanada\/\" \/>\n<meta property=\"article:modified_time\" content=\"2025-05-15T14:53:58+00:00\" \/>\n<meta name=\"twitter:card\" content=\"summary_large_image\" \/>\n<meta name=\"twitter:label1\" content=\"Dur\u00e9e de lecture estim\u00e9e\" \/>\n\t<meta name=\"twitter:data1\" content=\"3 minutes\" \/>\n<script type=\"application\/ld+json\" class=\"yoast-schema-graph\">{\"@context\":\"https:\/\/schema.org\",\"@graph\":[{\"@type\":\"WebPage\",\"@id\":\"https:\/\/msacanada.ca\/fr\/programmes-pour-patients\/communication-assistee\/\",\"url\":\"https:\/\/msacanada.ca\/fr\/programmes-pour-patients\/communication-assistee\/\",\"name\":\"Communication assist\u00e9e pour les patients atteints de MSA\",\"isPartOf\":{\"@id\":\"https:\/\/msacanada.ca\/fr\/#website\"},\"datePublished\":\"2025-02-08T17:54:09+00:00\",\"dateModified\":\"2025-05-15T14:53:58+00:00\",\"description\":\"Explorez les m\u00e9thodes de communication assist\u00e9e pour les patients atteints de MSA.\",\"breadcrumb\":{\"@id\":\"https:\/\/msacanada.ca\/fr\/programmes-pour-patients\/communication-assistee\/#breadcrumb\"},\"inLanguage\":\"fr-FR\",\"potentialAction\":[{\"@type\":\"ReadAction\",\"target\":[\"https:\/\/msacanada.ca\/fr\/programmes-pour-patients\/communication-assistee\/\"]}]},{\"@type\":\"BreadcrumbList\",\"@id\":\"https:\/\/msacanada.ca\/fr\/programmes-pour-patients\/communication-assistee\/#breadcrumb\",\"itemListElement\":[{\"@type\":\"ListItem\",\"position\":1,\"name\":\"Home\",\"item\":\"https:\/\/msacanada.ca\/fr\/\"},{\"@type\":\"ListItem\",\"position\":2,\"name\":\"Programmes pour Patients\",\"item\":\"https:\/\/msacanada.ca\/fr\/patient-programs\/\"},{\"@type\":\"ListItem\",\"position\":3,\"name\":\"Communication Assist\u00e9e\"}]},{\"@type\":\"WebSite\",\"@id\":\"https:\/\/msacanada.ca\/fr\/#website\",\"url\":\"https:\/\/msacanada.ca\/fr\/\",\"name\":\"MSA Canada\",\"description\":\"Defeat MSA\/Vaincre AMS Canada\",\"publisher\":{\"@id\":\"https:\/\/msacanada.ca\/fr\/#organization\"},\"potentialAction\":[{\"@type\":\"SearchAction\",\"target\":{\"@type\":\"EntryPoint\",\"urlTemplate\":\"https:\/\/msacanada.ca\/fr\/?s={search_term_string}\"},\"query-input\":{\"@type\":\"PropertyValueSpecification\",\"valueRequired\":true,\"valueName\":\"search_term_string\"}}],\"inLanguage\":\"fr-FR\"},{\"@type\":\"Organization\",\"@id\":\"https:\/\/msacanada.ca\/fr\/#organization\",\"name\":\"MSA Canada\",\"url\":\"https:\/\/msacanada.ca\/fr\/\",\"logo\":{\"@type\":\"ImageObject\",\"inLanguage\":\"fr-FR\",\"@id\":\"https:\/\/msacanada.ca\/fr\/#\/schema\/logo\/image\/\",\"url\":\"https:\/\/msacanada.ca\/wp-content\/uploads\/2024\/11\/MSA-Canada-Logo-ret.png\",\"contentUrl\":\"https:\/\/msacanada.ca\/wp-content\/uploads\/2024\/11\/MSA-Canada-Logo-ret.png\",\"width\":400,\"height\":400,\"caption\":\"MSA Canada\"},\"image\":{\"@id\":\"https:\/\/msacanada.ca\/fr\/#\/schema\/logo\/image\/\"},\"sameAs\":[\"https:\/\/www.facebook.com\/defeatmsacanada\/\",\"https:\/\/www.instagram.com\/msaamscanada\/\",\"https:\/\/www.youtube.com\/channel\/UCT9R2fSQUFmhiJ_xP3hICxg\",\"https:\/\/www.linkedin.com\/company\/defeatmsacanada\"]}]}<\/script>\n<!-- \/ Yoast SEO plugin. -->","yoast_head_json":{"title":"Communication assist\u00e9e pour les patients atteints de MSA","description":"Explorez les m\u00e9thodes de communication assist\u00e9e pour les patients atteints de MSA.","robots":{"index":"index","follow":"follow","max-snippet":"max-snippet:-1","max-image-preview":"max-image-preview:large","max-video-preview":"max-video-preview:-1"},"canonical":"https:\/\/msacanada.ca\/fr\/programmes-pour-patients\/communication-assistee\/","og_locale":"fr_FR","og_type":"article","og_title":"Communication assist\u00e9e pour les patients atteints de MSA","og_description":"Explorez les m\u00e9thodes de communication assist\u00e9e pour les patients atteints de MSA.","og_url":"https:\/\/msacanada.ca\/fr\/programmes-pour-patients\/communication-assistee\/","og_site_name":"MSA Canada","article_publisher":"https:\/\/www.facebook.com\/defeatmsacanada\/","article_modified_time":"2025-05-15T14:53:58+00:00","twitter_card":"summary_large_image","twitter_misc":{"Dur\u00e9e de lecture estim\u00e9e":"3 minutes"},"schema":{"@context":"https:\/\/schema.org","@graph":[{"@type":"WebPage","@id":"https:\/\/msacanada.ca\/fr\/programmes-pour-patients\/communication-assistee\/","url":"https:\/\/msacanada.ca\/fr\/programmes-pour-patients\/communication-assistee\/","name":"Communication assist\u00e9e pour les patients atteints de MSA","isPartOf":{"@id":"https:\/\/msacanada.ca\/fr\/#website"},"datePublished":"2025-02-08T17:54:09+00:00","dateModified":"2025-05-15T14:53:58+00:00","description":"Explorez les m\u00e9thodes de communication assist\u00e9e pour les patients atteints de MSA.","breadcrumb":{"@id":"https:\/\/msacanada.ca\/fr\/programmes-pour-patients\/communication-assistee\/#breadcrumb"},"inLanguage":"fr-FR","potentialAction":[{"@type":"ReadAction","target":["https:\/\/msacanada.ca\/fr\/programmes-pour-patients\/communication-assistee\/"]}]},{"@type":"BreadcrumbList","@id":"https:\/\/msacanada.ca\/fr\/programmes-pour-patients\/communication-assistee\/#breadcrumb","itemListElement":[{"@type":"ListItem","position":1,"name":"Home","item":"https:\/\/msacanada.ca\/fr\/"},{"@type":"ListItem","position":2,"name":"Programmes pour Patients","item":"https:\/\/msacanada.ca\/fr\/patient-programs\/"},{"@type":"ListItem","position":3,"name":"Communication Assist\u00e9e"}]},{"@type":"WebSite","@id":"https:\/\/msacanada.ca\/fr\/#website","url":"https:\/\/msacanada.ca\/fr\/","name":"MSA Canada","description":"Defeat MSA\/Vaincre AMS Canada","publisher":{"@id":"https:\/\/msacanada.ca\/fr\/#organization"},"potentialAction":[{"@type":"SearchAction","target":{"@type":"EntryPoint","urlTemplate":"https:\/\/msacanada.ca\/fr\/?s={search_term_string}"},"query-input":{"@type":"PropertyValueSpecification","valueRequired":true,"valueName":"search_term_string"}}],"inLanguage":"fr-FR"},{"@type":"Organization","@id":"https:\/\/msacanada.ca\/fr\/#organization","name":"MSA Canada","url":"https:\/\/msacanada.ca\/fr\/","logo":{"@type":"ImageObject","inLanguage":"fr-FR","@id":"https:\/\/msacanada.ca\/fr\/#\/schema\/logo\/image\/","url":"https:\/\/msacanada.ca\/wp-content\/uploads\/2024\/11\/MSA-Canada-Logo-ret.png","contentUrl":"https:\/\/msacanada.ca\/wp-content\/uploads\/2024\/11\/MSA-Canada-Logo-ret.png","width":400,"height":400,"caption":"MSA Canada"},"image":{"@id":"https:\/\/msacanada.ca\/fr\/#\/schema\/logo\/image\/"},"sameAs":["https:\/\/www.facebook.com\/defeatmsacanada\/","https:\/\/www.instagram.com\/msaamscanada\/","https:\/\/www.youtube.com\/channel\/UCT9R2fSQUFmhiJ_xP3hICxg","https:\/\/www.linkedin.com\/company\/defeatmsacanada"]}]}},"_links":{"self":[{"href":"https:\/\/msacanada.ca\/fr\/wp-json\/wp\/v2\/pages\/241815","targetHints":{"allow":["GET"]}}],"collection":[{"href":"https:\/\/msacanada.ca\/fr\/wp-json\/wp\/v2\/pages"}],"about":[{"href":"https:\/\/msacanada.ca\/fr\/wp-json\/wp\/v2\/types\/page"}],"author":[{"embeddable":true,"href":"https:\/\/msacanada.ca\/fr\/wp-json\/wp\/v2\/users\/2"}],"replies":[{"embeddable":true,"href":"https:\/\/msacanada.ca\/fr\/wp-json\/wp\/v2\/comments?post=241815"}],"version-history":[{"count":3,"href":"https:\/\/msacanada.ca\/fr\/wp-json\/wp\/v2\/pages\/241815\/revisions"}],"predecessor-version":[{"id":241818,"href":"https:\/\/msacanada.ca\/fr\/wp-json\/wp\/v2\/pages\/241815\/revisions\/241818"}],"up":[{"embeddable":true,"href":"https:\/\/msacanada.ca\/fr\/wp-json\/wp\/v2\/pages\/241813"}],"wp:attachment":[{"href":"https:\/\/msacanada.ca\/fr\/wp-json\/wp\/v2\/media?parent=241815"}],"curies":[{"name":"wp","href":"https:\/\/api.w.org\/{rel}","templated":true}]}}