{"id":241825,"date":"2025-02-08T17:45:48","date_gmt":"2025-02-08T17:45:48","guid":{"rendered":"https:\/\/msacanada.ca\/programmes-pour-patients\/friends-allies\/"},"modified":"2025-05-15T17:18:14","modified_gmt":"2025-05-15T17:18:14","slug":"amis-et-allies","status":"publish","type":"page","link":"https:\/\/msacanada.ca\/fr\/programmes-pour-patients\/amis-et-allies\/","title":{"rendered":"Amis et alli\u00e9s"},"content":{"rendered":"<div class=\"wpb-content-wrapper\"><p>[vc_row][vc_column][vc_column_text css=\u00a0\u00bb\u00a0\u00bb]<\/p>\n<h2>ORGANISMES ASSOCI\u00c9S <span style=\"color: #7b54a0;\">&amp; AMIS<\/span><\/h2>\n<p>[\/vc_column_text]<div class=\"dt-fancy-separator title-left h3-size accent-border-color\" style=\"width: 100%;\"><div class=\"dt-fancy-title\" style=\"color: #1E1E1E;\"><span class=\"separator-holder separator-left\"><\/span>RECHERCHES, \u00c9DUCATION ET PARTENARIATS DE SOUTIEN<span class=\"separator-holder separator-right\"><\/span><\/div><\/div>[vc_empty_space height=\u00a0\u00bb20px\u00a0\u00bb][vc_column_text css=\u00a0\u00bb\u00a0\u00bb]<a href=\"https:\/\/www.movementdisorders.org\/MDS.htm\" target=\"_blank\" rel=\"noopener noreferrer\">International Parkinson\u2019s and Movement Disorder Society (MDS)<\/a><\/p>\n<p><a href=\"https:\/\/www.aan.com\/\" target=\"_blank\" rel=\"noopener noreferrer\">American Academy of Neurology (AAN)<\/a><\/p>\n<p><a href=\"https:\/\/www.rarediseasesnetwork.org\/cms\/autonomic\/Learn-More\/Disorder-Definitions\" target=\"_blank\" rel=\"noopener noreferrer\">Autonomic Disorders Consortium<\/a><\/p>\n<p><a href=\"https:\/\/iabnetz.de\/en\/weitere-informationen\/weitere-organisationen\/\" target=\"_blank\" rel=\"noopener noreferrer\">Interdisciplinary Working Group for Movement Disorders (Europe)<\/a><\/p>\n<p><a href=\"https:\/\/www.eurordis.org\/\" target=\"_blank\" rel=\"noopener noreferrer\">European Organization of Rare Diseases (EURORDIS)<\/a><\/p>\n<p><a href=\"https:\/\/rarediseases.org\/for-patients-and-families\/information-resources\/rare-disease-information\/\" target=\"_blank\" rel=\"noopener noreferrer\">National Organization of Rare Diseases (NORD)<\/a><\/p>\n<p><a href=\"https:\/\/www.raredisorders.ca\/\" target=\"_blank\" rel=\"noopener noreferrer\">Canadian Organisation of Rare Diseases (CORD)<\/a>[\/vc_column_text]<div class=\"dt-fancy-separator title-left h3-size accent-border-color\" style=\"width: 100%;\"><div class=\"dt-fancy-title\" style=\"color: #1E1E1E;\"><span class=\"separator-holder separator-left\"><\/span>AUTRES LIENS DE PARTENAIRES DE MALADIES ASSOCI\u00c9ES<span class=\"separator-holder separator-right\"><\/span><\/div><\/div>[vc_empty_space height=\u00a0\u00bb20px\u00a0\u00bb][vc_column_text css=\u00a0\u00bb\u00a0\u00bb]<a href=\"http:\/\/www.dysautonomiainternational.org\/\" target=\"_blank\" rel=\"noopener noreferrer\">Dysautonomia International<\/a><\/p>\n<p><a href=\"http:\/\/www.psp.org\/\" target=\"_blank\" rel=\"noopener noreferrer\">Cure Progressive Supranuclear Palsy and Corticobasal Degeneration (Cure PSP\/CBD)<\/a><\/p>\n<p><a href=\"https:\/\/ataxia.org\/\" target=\"_blank\" rel=\"noopener noreferrer\">National Ataxia Foundation<\/a><\/p>\n<p><a href=\"https:\/\/my.clevelandclinic.org\/departments\/neurological\/depts\/brain-health\" target=\"_blank\" rel=\"noopener\">Lou Ruvo Center for Brain Health (Host of The Kerry Simon Fund)<\/a><\/p>\n<p><a href=\"https:\/\/www.facebook.com\/Memes4MSA-705901252871761\/timeline\/\" target=\"_blank\" rel=\"noopener noreferrer\">Memes4MSA<\/a><\/p>\n<p><a href=\"https:\/\/www.worldpdcoalition.org\/default.aspx\" target=\"_blank\" rel=\"noopener\">World Parkinson\u2019s Coalition<\/a>[\/vc_column_text][\/vc_column][\/vc_row][vc_row full_width=\u00a0\u00bbstretch_row\u00a0\u00bb css=\u00a0\u00bb.vc_custom_1739035537518{margin-top: 50px !important;margin-bottom: -70px !important;padding-top: 30px !important;padding-bottom: 30px !important;background-color: #F8F8F8 !important;}\u00a0\u00bb][vc_column][vc_column_text css=\u00a0\u00bb\u00a0\u00bb]<\/p>\n<h2>PARTENAIRES <span style=\"color: #7b54a0;\">MSA<\/span> INTERNATIONAUX<\/h2>\n<p>[\/vc_column_text]<div class=\"dt-fancy-separator title-left h3-size accent-border-color\" style=\"width: 100%;\"><div class=\"dt-fancy-title\" style=\"color: #1E1E1E;\"><span class=\"separator-holder separator-left\"><\/span>LINKS<span class=\"separator-holder separator-right\"><\/span><\/div><\/div>[vc_empty_space height=\u00a0\u00bb20px\u00a0\u00bb][vc_column_text css=\u00a0\u00bb\u00a0\u00bb]<a href=\"http:\/\/www.msatrust.org.uk\/\" target=\"_blank\" rel=\"noopener noreferrer\">MSA Trust-UK<\/a><\/p>\n<p><a href=\"http:\/\/www.psp-australia.org.au\/\" target=\"_blank\" rel=\"noopener noreferrer\">Australia\u00a0 (Basic information about MSA hosted by PSP organization)<\/a><\/p>\n<p><a href=\"http:\/\/www.parkinson.ca\/\" target=\"_blank\" rel=\"noopener noreferrer\">Canada\u00a0 (Basic information about MSA hosted by Parkinson\u2019s organization)<\/a><\/p>\n<p><a href=\"http:\/\/scdmsa.tokyo\/\" target=\"_blank\" rel=\"noopener noreferrer\">Japan, National SCD\/MSA Friends<\/a><\/p>\n<p><a href=\"http:\/\/fffoundation.org.ng\/\" target=\"_blank\" rel=\"noopener noreferrer\">Fashina Funmilayo Foundation (Nigeria MSA)<\/a><\/p>\n<p><a href=\"http:\/\/www.ams-aramise.fr\/index.php?lng=fr\" target=\"_blank\" rel=\"noopener noreferrer\">AMS-Aramise (France MSA)<\/a><\/p>\n<p><a href=\"http:\/\/www.parkinsons.org.nz\/\" target=\"_blank\" rel=\"noopener noreferrer\">New Zealand (Basic information about MSA hosted by Parkinson\u2019s organization)<\/a>[\/vc_column_text][vc_empty_space height=\u00a0\u00bb20px\u00a0\u00bb][vc_column_text css=\u00a0\u00bb\u00a0\u00bb]<strong>POUR PLUS DE GROUPES ET PAGES FACEBOOK, <a href=\"https:\/\/msacanada.ca\/fr\/programmes-pour-patients\/groupes-facebook-en-ligne\/\" rel=\"noopener\">CLIQUEZ ICI<\/a><\/strong><br \/>\n[\/vc_column_text][\/vc_column][\/vc_row]<\/p>\n<\/div>","protected":false},"excerpt":{"rendered":"<p>[vc_row][vc_column][vc_column_text css=\u00a0\u00bb\u00a0\u00bb] ORGANISMES ASSOCI\u00c9S &amp; AMIS [\/vc_column_text][vc_empty_space height=\u00a0\u00bb20px\u00a0\u00bb][vc_column_text css=\u00a0\u00bb\u00a0\u00bb]International Parkinson\u2019s and Movement Disorder Society (MDS) American Academy of Neurology (AAN) Autonomic Disorders Consortium Interdisciplinary Working Group for Movement Disorders (Europe) European Organization of Rare Diseases (EURORDIS) National Organization of Rare Diseases (NORD) Canadian Organisation of Rare Diseases (CORD)[\/vc_column_text][vc_empty_space height=\u00a0\u00bb20px\u00a0\u00bb][vc_column_text css=\u00a0\u00bb\u00a0\u00bb]Dysautonomia International Cure Progressive Supranuclear Palsy&hellip;<\/p>\n","protected":false},"author":2,"featured_media":241712,"parent":241813,"menu_order":0,"comment_status":"closed","ping_status":"closed","template":"","meta":{"footnotes":""},"class_list":["post-241825","page","type-page","status-publish","has-post-thumbnail","hentry","description-off"],"yoast_head":"<!-- This site is optimized with the Yoast SEO plugin v25.3 - https:\/\/yoast.com\/wordpress\/plugins\/seo\/ -->\n<title>Partenariats de Recherche et de Soutien | Amis et Alli\u00e9s de l\u2019ASM<\/title>\n<meta name=\"description\" content=\"D\u00e9couvrez des partenariats avec des organismes de recherche, d\u2019\u00e9ducation et de soutien d\u00e9di\u00e9s \u00e0 la promotion de la sensibilisation et des soins li\u00e9s \u00e0 l\u2019ASM.\" \/>\n<meta name=\"robots\" content=\"index, follow, max-snippet:-1, max-image-preview:large, max-video-preview:-1\" \/>\n<link rel=\"canonical\" href=\"https:\/\/msacanada.ca\/fr\/programmes-pour-patients\/amis-et-allies\/\" \/>\n<meta property=\"og:locale\" content=\"fr_FR\" \/>\n<meta property=\"og:type\" content=\"article\" \/>\n<meta property=\"og:title\" content=\"Partenariats de Recherche et de Soutien | Amis et Alli\u00e9s de l\u2019ASM\" \/>\n<meta property=\"og:description\" content=\"D\u00e9couvrez des partenariats avec des organismes de recherche, d\u2019\u00e9ducation et de soutien d\u00e9di\u00e9s \u00e0 la promotion de la sensibilisation et des soins li\u00e9s \u00e0 l\u2019ASM.\" \/>\n<meta property=\"og:url\" content=\"https:\/\/msacanada.ca\/fr\/programmes-pour-patients\/amis-et-allies\/\" \/>\n<meta property=\"og:site_name\" content=\"MSA Canada\" \/>\n<meta property=\"article:publisher\" content=\"https:\/\/www.facebook.com\/defeatmsacanada\/\" \/>\n<meta property=\"article:modified_time\" content=\"2025-05-15T17:18:14+00:00\" \/>\n<meta property=\"og:image\" content=\"https:\/\/msacanada.ca\/wp-content\/uploads\/2025\/04\/MSA-Featured.jpg\" \/>\n\t<meta property=\"og:image:width\" content=\"1920\" \/>\n\t<meta property=\"og:image:height\" content=\"1008\" \/>\n\t<meta property=\"og:image:type\" content=\"image\/jpeg\" \/>\n<meta name=\"twitter:card\" content=\"summary_large_image\" \/>\n<meta name=\"twitter:label1\" content=\"Dur\u00e9e de lecture estim\u00e9e\" \/>\n\t<meta name=\"twitter:data1\" content=\"2 minutes\" \/>\n<script type=\"application\/ld+json\" class=\"yoast-schema-graph\">{\"@context\":\"https:\/\/schema.org\",\"@graph\":[{\"@type\":\"WebPage\",\"@id\":\"https:\/\/msacanada.ca\/fr\/programmes-pour-patients\/amis-et-allies\/\",\"url\":\"https:\/\/msacanada.ca\/fr\/programmes-pour-patients\/amis-et-allies\/\",\"name\":\"Partenariats de Recherche et de Soutien | Amis et Alli\u00e9s de l\u2019ASM\",\"isPartOf\":{\"@id\":\"https:\/\/msacanada.ca\/fr\/#website\"},\"primaryImageOfPage\":{\"@id\":\"https:\/\/msacanada.ca\/fr\/programmes-pour-patients\/amis-et-allies\/#primaryimage\"},\"image\":{\"@id\":\"https:\/\/msacanada.ca\/fr\/programmes-pour-patients\/amis-et-allies\/#primaryimage\"},\"thumbnailUrl\":\"https:\/\/msacanada.ca\/wp-content\/uploads\/2025\/04\/MSA-Featured.jpg\",\"datePublished\":\"2025-02-08T17:45:48+00:00\",\"dateModified\":\"2025-05-15T17:18:14+00:00\",\"description\":\"D\u00e9couvrez des partenariats avec des organismes de recherche, d\u2019\u00e9ducation et de soutien d\u00e9di\u00e9s \u00e0 la promotion de la sensibilisation et des soins li\u00e9s \u00e0 l\u2019ASM.\",\"breadcrumb\":{\"@id\":\"https:\/\/msacanada.ca\/fr\/programmes-pour-patients\/amis-et-allies\/#breadcrumb\"},\"inLanguage\":\"fr-FR\",\"potentialAction\":[{\"@type\":\"ReadAction\",\"target\":[\"https:\/\/msacanada.ca\/fr\/programmes-pour-patients\/amis-et-allies\/\"]}]},{\"@type\":\"ImageObject\",\"inLanguage\":\"fr-FR\",\"@id\":\"https:\/\/msacanada.ca\/fr\/programmes-pour-patients\/amis-et-allies\/#primaryimage\",\"url\":\"https:\/\/msacanada.ca\/wp-content\/uploads\/2025\/04\/MSA-Featured.jpg\",\"contentUrl\":\"https:\/\/msacanada.ca\/wp-content\/uploads\/2025\/04\/MSA-Featured.jpg\",\"width\":1920,\"height\":1008},{\"@type\":\"BreadcrumbList\",\"@id\":\"https:\/\/msacanada.ca\/fr\/programmes-pour-patients\/amis-et-allies\/#breadcrumb\",\"itemListElement\":[{\"@type\":\"ListItem\",\"position\":1,\"name\":\"Home\",\"item\":\"https:\/\/msacanada.ca\/fr\/\"},{\"@type\":\"ListItem\",\"position\":2,\"name\":\"Programmes pour Patients\",\"item\":\"https:\/\/msacanada.ca\/fr\/patient-programs\/\"},{\"@type\":\"ListItem\",\"position\":3,\"name\":\"Amis et alli\u00e9s\"}]},{\"@type\":\"WebSite\",\"@id\":\"https:\/\/msacanada.ca\/fr\/#website\",\"url\":\"https:\/\/msacanada.ca\/fr\/\",\"name\":\"MSA Canada\",\"description\":\"Defeat MSA\/Vaincre AMS Canada\",\"publisher\":{\"@id\":\"https:\/\/msacanada.ca\/fr\/#organization\"},\"potentialAction\":[{\"@type\":\"SearchAction\",\"target\":{\"@type\":\"EntryPoint\",\"urlTemplate\":\"https:\/\/msacanada.ca\/fr\/?s={search_term_string}\"},\"query-input\":{\"@type\":\"PropertyValueSpecification\",\"valueRequired\":true,\"valueName\":\"search_term_string\"}}],\"inLanguage\":\"fr-FR\"},{\"@type\":\"Organization\",\"@id\":\"https:\/\/msacanada.ca\/fr\/#organization\",\"name\":\"MSA Canada\",\"url\":\"https:\/\/msacanada.ca\/fr\/\",\"logo\":{\"@type\":\"ImageObject\",\"inLanguage\":\"fr-FR\",\"@id\":\"https:\/\/msacanada.ca\/fr\/#\/schema\/logo\/image\/\",\"url\":\"https:\/\/msacanada.ca\/wp-content\/uploads\/2024\/11\/MSA-Canada-Logo-ret.png\",\"contentUrl\":\"https:\/\/msacanada.ca\/wp-content\/uploads\/2024\/11\/MSA-Canada-Logo-ret.png\",\"width\":400,\"height\":400,\"caption\":\"MSA Canada\"},\"image\":{\"@id\":\"https:\/\/msacanada.ca\/fr\/#\/schema\/logo\/image\/\"},\"sameAs\":[\"https:\/\/www.facebook.com\/defeatmsacanada\/\",\"https:\/\/www.instagram.com\/msaamscanada\/\",\"https:\/\/www.youtube.com\/channel\/UCT9R2fSQUFmhiJ_xP3hICxg\",\"https:\/\/www.linkedin.com\/company\/defeatmsacanada\"]}]}<\/script>\n<!-- \/ Yoast SEO plugin. -->","yoast_head_json":{"title":"Partenariats de Recherche et de Soutien | Amis et Alli\u00e9s de l\u2019ASM","description":"D\u00e9couvrez des partenariats avec des organismes de recherche, d\u2019\u00e9ducation et de soutien d\u00e9di\u00e9s \u00e0 la promotion de la sensibilisation et des soins li\u00e9s \u00e0 l\u2019ASM.","robots":{"index":"index","follow":"follow","max-snippet":"max-snippet:-1","max-image-preview":"max-image-preview:large","max-video-preview":"max-video-preview:-1"},"canonical":"https:\/\/msacanada.ca\/fr\/programmes-pour-patients\/amis-et-allies\/","og_locale":"fr_FR","og_type":"article","og_title":"Partenariats de Recherche et de Soutien | Amis et Alli\u00e9s de l\u2019ASM","og_description":"D\u00e9couvrez des partenariats avec des organismes de recherche, d\u2019\u00e9ducation et de soutien d\u00e9di\u00e9s \u00e0 la promotion de la sensibilisation et des soins li\u00e9s \u00e0 l\u2019ASM.","og_url":"https:\/\/msacanada.ca\/fr\/programmes-pour-patients\/amis-et-allies\/","og_site_name":"MSA Canada","article_publisher":"https:\/\/www.facebook.com\/defeatmsacanada\/","article_modified_time":"2025-05-15T17:18:14+00:00","og_image":[{"width":1920,"height":1008,"url":"https:\/\/msacanada.ca\/wp-content\/uploads\/2025\/04\/MSA-Featured.jpg","type":"image\/jpeg"}],"twitter_card":"summary_large_image","twitter_misc":{"Dur\u00e9e de lecture estim\u00e9e":"2 minutes"},"schema":{"@context":"https:\/\/schema.org","@graph":[{"@type":"WebPage","@id":"https:\/\/msacanada.ca\/fr\/programmes-pour-patients\/amis-et-allies\/","url":"https:\/\/msacanada.ca\/fr\/programmes-pour-patients\/amis-et-allies\/","name":"Partenariats de Recherche et de Soutien | Amis et Alli\u00e9s de l\u2019ASM","isPartOf":{"@id":"https:\/\/msacanada.ca\/fr\/#website"},"primaryImageOfPage":{"@id":"https:\/\/msacanada.ca\/fr\/programmes-pour-patients\/amis-et-allies\/#primaryimage"},"image":{"@id":"https:\/\/msacanada.ca\/fr\/programmes-pour-patients\/amis-et-allies\/#primaryimage"},"thumbnailUrl":"https:\/\/msacanada.ca\/wp-content\/uploads\/2025\/04\/MSA-Featured.jpg","datePublished":"2025-02-08T17:45:48+00:00","dateModified":"2025-05-15T17:18:14+00:00","description":"D\u00e9couvrez des partenariats avec des organismes de recherche, d\u2019\u00e9ducation et de soutien d\u00e9di\u00e9s \u00e0 la promotion de la sensibilisation et des soins li\u00e9s \u00e0 l\u2019ASM.","breadcrumb":{"@id":"https:\/\/msacanada.ca\/fr\/programmes-pour-patients\/amis-et-allies\/#breadcrumb"},"inLanguage":"fr-FR","potentialAction":[{"@type":"ReadAction","target":["https:\/\/msacanada.ca\/fr\/programmes-pour-patients\/amis-et-allies\/"]}]},{"@type":"ImageObject","inLanguage":"fr-FR","@id":"https:\/\/msacanada.ca\/fr\/programmes-pour-patients\/amis-et-allies\/#primaryimage","url":"https:\/\/msacanada.ca\/wp-content\/uploads\/2025\/04\/MSA-Featured.jpg","contentUrl":"https:\/\/msacanada.ca\/wp-content\/uploads\/2025\/04\/MSA-Featured.jpg","width":1920,"height":1008},{"@type":"BreadcrumbList","@id":"https:\/\/msacanada.ca\/fr\/programmes-pour-patients\/amis-et-allies\/#breadcrumb","itemListElement":[{"@type":"ListItem","position":1,"name":"Home","item":"https:\/\/msacanada.ca\/fr\/"},{"@type":"ListItem","position":2,"name":"Programmes pour Patients","item":"https:\/\/msacanada.ca\/fr\/patient-programs\/"},{"@type":"ListItem","position":3,"name":"Amis et alli\u00e9s"}]},{"@type":"WebSite","@id":"https:\/\/msacanada.ca\/fr\/#website","url":"https:\/\/msacanada.ca\/fr\/","name":"MSA Canada","description":"Defeat MSA\/Vaincre AMS Canada","publisher":{"@id":"https:\/\/msacanada.ca\/fr\/#organization"},"potentialAction":[{"@type":"SearchAction","target":{"@type":"EntryPoint","urlTemplate":"https:\/\/msacanada.ca\/fr\/?s={search_term_string}"},"query-input":{"@type":"PropertyValueSpecification","valueRequired":true,"valueName":"search_term_string"}}],"inLanguage":"fr-FR"},{"@type":"Organization","@id":"https:\/\/msacanada.ca\/fr\/#organization","name":"MSA Canada","url":"https:\/\/msacanada.ca\/fr\/","logo":{"@type":"ImageObject","inLanguage":"fr-FR","@id":"https:\/\/msacanada.ca\/fr\/#\/schema\/logo\/image\/","url":"https:\/\/msacanada.ca\/wp-content\/uploads\/2024\/11\/MSA-Canada-Logo-ret.png","contentUrl":"https:\/\/msacanada.ca\/wp-content\/uploads\/2024\/11\/MSA-Canada-Logo-ret.png","width":400,"height":400,"caption":"MSA Canada"},"image":{"@id":"https:\/\/msacanada.ca\/fr\/#\/schema\/logo\/image\/"},"sameAs":["https:\/\/www.facebook.com\/defeatmsacanada\/","https:\/\/www.instagram.com\/msaamscanada\/","https:\/\/www.youtube.com\/channel\/UCT9R2fSQUFmhiJ_xP3hICxg","https:\/\/www.linkedin.com\/company\/defeatmsacanada"]}]}},"_links":{"self":[{"href":"https:\/\/msacanada.ca\/fr\/wp-json\/wp\/v2\/pages\/241825","targetHints":{"allow":["GET"]}}],"collection":[{"href":"https:\/\/msacanada.ca\/fr\/wp-json\/wp\/v2\/pages"}],"about":[{"href":"https:\/\/msacanada.ca\/fr\/wp-json\/wp\/v2\/types\/page"}],"author":[{"embeddable":true,"href":"https:\/\/msacanada.ca\/fr\/wp-json\/wp\/v2\/users\/2"}],"replies":[{"embeddable":true,"href":"https:\/\/msacanada.ca\/fr\/wp-json\/wp\/v2\/comments?post=241825"}],"version-history":[{"count":2,"href":"https:\/\/msacanada.ca\/fr\/wp-json\/wp\/v2\/pages\/241825\/revisions"}],"predecessor-version":[{"id":241827,"href":"https:\/\/msacanada.ca\/fr\/wp-json\/wp\/v2\/pages\/241825\/revisions\/241827"}],"up":[{"embeddable":true,"href":"https:\/\/msacanada.ca\/fr\/wp-json\/wp\/v2\/pages\/241813"}],"wp:featuredmedia":[{"embeddable":true,"href":"https:\/\/msacanada.ca\/fr\/wp-json\/wp\/v2\/media\/241712"}],"wp:attachment":[{"href":"https:\/\/msacanada.ca\/fr\/wp-json\/wp\/v2\/media?parent=241825"}],"curies":[{"name":"wp","href":"https:\/\/api.w.org\/{rel}","templated":true}]}}