{"id":241831,"date":"2025-02-05T20:45:16","date_gmt":"2025-02-05T20:45:16","guid":{"rendered":"https:\/\/msacanada.ca\/what-is-msa\/"},"modified":"2025-05-16T20:18:33","modified_gmt":"2025-05-16T20:18:33","slug":"quest-ce-que-ams","status":"publish","type":"page","link":"https:\/\/msacanada.ca\/fr\/quest-ce-que-ams\/","title":{"rendered":"Qu\u2019est-ce que l&rsquo;AMS ?"},"content":{"rendered":"<div class=\"wpb-content-wrapper\"><p>[vc_row][vc_column][vc_column_text css=\u00a0\u00bb\u00a0\u00bb]<\/p>\n<h2>QU\u2019EST-CE QUE <span style=\"color: #7b54a0;\">L\u2019ATROPHIE MULTISYST\u00c9MIQUE<\/span> ?<\/h2>\n<p>La MSA est une maladie neurod\u00e9g\u00e9n\u00e9rative rare et rapidement progressive qui affecte le cerveau. La MSA perturbe les syst\u00e8mes qui r\u00e9gulent la pression art\u00e9rielle, le rythme cardiaque et la vessie \u2013 plusieurs fonctions corporelles de base que les gens consid\u00e8rent comme acquises au quotidien. Les personnes atteintes de MSA souffrent d\u2019une pression art\u00e9rielle dangereusement basse, de difficult\u00e9s d\u2019\u00e9locution et de d\u00e9glutition, de troubles du sommeil, de probl\u00e8mes respiratoires, de raideur et de tremblements. L\u2019esp\u00e9rance de vie des personnes atteintes de MSA est g\u00e9n\u00e9ralement de 5 \u00e0 10 ans. Il n\u2019existe aucune r\u00e9mission de la maladie. Pr\u00e8s de 80 % des patients sont invalides dans les cinq ans suivant l\u2019apparition des sympt\u00f4mes moteurs, et moins de 20 % des cas survivent au-del\u00e0 de 10 ans. Le taux de progression et la rapidit\u00e9 du d\u00e9clin peuvent varier consid\u00e9rablement d\u2019un cas \u00e0 l\u2019autre. Les patients atteints de MSA avanc\u00e9e deviennent souvent alit\u00e9s, incapables de parler et immobiles. \u00c0 l\u2019heure actuelle, il n\u2019existe aucun rem\u00e8de contre la MSA, aucun test g\u00e9n\u00e9tique pour la d\u00e9tecter, aucune th\u00e9rapie pour en ralentir l\u2019\u00e9volution, et tr\u00e8s peu de traitements pour en g\u00e9rer les effets d\u00e9bilitants. Le diagnostic est actuellement clinique, sans certitude jusqu\u2019\u00e0 ce qu\u2019une autopsie ou un examen pathologique post-mortem soit r\u00e9alis\u00e9.<br \/>\nPour en savoir plus sur la MSA, consultez la <a href=\"https:\/\/www.mayoclinic.org\/diseases-conditions\/multiple-system-atrophy\/basics\/definition\/con-20027096\" target=\"_blank\" rel=\"noopener noreferrer\">Mayo Clinic<\/a>.<br \/>\n[\/vc_column_text][vc_column_text css=\u00a0\u00bb\u00a0\u00bb]<img loading=\"lazy\" decoding=\"async\" class=\"alignnone size-full wp-image-241170\" src=\"https:\/\/msacanada.ca\/wp-content\/uploads\/2025\/04\/MSA-Brain-01.jpg\" alt=\"Doctor or scientist holding a model of a human brain\" width=\"1920\" height=\"614\" srcset=\"https:\/\/msacanada.ca\/wp-content\/uploads\/2025\/04\/MSA-Brain-01.jpg 1920w, https:\/\/msacanada.ca\/wp-content\/uploads\/2025\/04\/MSA-Brain-01-300x96.jpg 300w, https:\/\/msacanada.ca\/wp-content\/uploads\/2025\/04\/MSA-Brain-01-768x246.jpg 768w, https:\/\/msacanada.ca\/wp-content\/uploads\/2025\/04\/MSA-Brain-01-1536x491.jpg 1536w, https:\/\/msacanada.ca\/wp-content\/uploads\/2025\/04\/MSA-Brain-01-600x192.jpg 600w\" sizes=\"auto, (max-width: 1920px) 100vw, 1920px\" \/>[\/vc_column_text]<div class=\"standard-number-list bullet-top\"><h2>AMS <span style=\"color: #7b54a0;\">101<\/span><\/h2>\n<p>L\u2019atrophie multisyst\u00e9mique (AMS) est une maladie neurod\u00e9g\u00e9n\u00e9rative rare qui affecte plusieurs syst\u00e8mes du corps. Les sympt\u00f4mes majeurs peuvent appara\u00eetre sous diff\u00e9rentes combinaisons, notamment l\u2019ataxie (perte d\u2019\u00e9quilibre et de coordination), une chute s\u00e9v\u00e8re de la pression art\u00e9rielle entra\u00eenant des \u00e9tourdissements ou des \u00e9vanouissements en position debout, la r\u00e9tention ou l\u2019incontinence urinaire, la constipation, l\u2019impuissance masculine, des difficult\u00e9s d\u2019\u00e9locution et de d\u00e9glutition, des troubles du sommeil, des probl\u00e8mes respiratoires, ainsi que la rigidit\u00e9 et les tremblements similaires \u00e0 ceux de la maladie de Parkinson. L\u2019AMS peut en fait \u00eatre consid\u00e9r\u00e9e comme trois maladies en une :<\/p>\n<ul>\n<li>Ataxie c\u00e9r\u00e9belleuse sporadique<\/li>\n<li>Parkinsonisme atypique (Parkinson plus)<\/li>\n<li>Dysfonctionnement autonome (Dysautonomie)<\/li>\n<\/ul>\n<\/div>[vc_empty_space height=\u00a0\u00bb10px\u00a0\u00bb]<div class=\"standard-number-list bullet-top\"><p>Par le pass\u00e9, ces termes \u00e9taient utilis\u00e9s pour d\u00e9crire ce qui \u00e9tait autrefois consid\u00e9r\u00e9 comme trois troubles distincts :<\/p>\n<ul>\n<li>Sporadic Olivopontocerebellar Atrophy (OPCA)<\/li>\n<li>Striatonigral Degeneration (SND)<\/li>\n<li>Shy-Drager Syndrome (SDS)<\/li>\n<\/ul>\n<\/div>[vc_empty_space height=\u00a0\u00bb10px\u00a0\u00bb]<div class=\"standard-number-list bullet-top\"><p>La terminologie actuellement reconnue comprend seulement deux types d\u2019AMS :<\/p>\n<ul>\n<li>AMS-C lorsque les sympt\u00f4mes c\u00e9r\u00e9belleux sont les premiers sympt\u00f4mes dominants<\/li>\n<li>AMS-P lorsque les sympt\u00f4mes parkinsoniens sont les premiers sympt\u00f4mes dominants<\/li>\n<\/ul>\n<\/div>[vc_empty_space height=\u00a0\u00bb10px\u00a0\u00bb]<div class=\"standard-number-list bullet-top\"><p>Le terme MSA-A \u00e9tait autrefois utilis\u00e9 pour d\u00e9signer les difficult\u00e9s autonomiques, cependant les plus r\u00e9centes lignes directrices sur le diagnostic de l\u2019Atrophie Multisyst\u00e9mique pr\u00e9cisent que les dysfonctions autonomiques et\/ou urinaires sont incluses \u00e0 la fois dans MSA-C et MSA-P. L\u2019Atrophie Multisyst\u00e9mique n\u2019est pas connue comme \u00e9tant h\u00e9r\u00e9ditaire, mais survient de mani\u00e8re sporadique sans ant\u00e9c\u00e9dents familiaux connus. Elle affecte autant les hommes que les femmes, principalement \u00e0 l\u2019\u00e2ge moyen. Les donn\u00e9es statistiques indiquent un \u00e2ge moyen d\u2019apparition de 50 ans et une dur\u00e9e moyenne de la maladie d\u2019environ 10 ans. Gr\u00e2ce aux connaissances et \u00e0 un suivi m\u00e9dical vigilant, les sympt\u00f4mes les plus pr\u00e9occupants peuvent \u00eatre g\u00e9r\u00e9s et l\u2019esp\u00e9rance de vie peut \u00eatre prolong\u00e9e. Pour en savoir plus sur la MSA, visitez la <a href=\"http:\/\/www.mayoclinic.org\/diseases-conditions\/multiple-system-atrophy\/home\/ovc-20323392\" target=\"_blank\" rel=\"noopener\">page MSA de la Mayo Clinic<\/a>.<\/p>\n<\/div>[vc_empty_space height=\u00a0\u00bb20px\u00a0\u00bb]<style type=\"text\/css\" data-type=\"the7_shortcodes-inline-css\">#default-btn-4400ee5fb12da34b38b1184fcdf67202 {\n  border-radius: 3px;\n  font-size: 16px;\n  line-height: 18px;\n}\n.btn-shadow#default-btn-4400ee5fb12da34b38b1184fcdf67202 {\n  box-shadow: 0 1px 6px rgba(0,0,0,0.12);\n  transition: box-shadow 0.2s ease-out, opacity 0.45s;\n}\n.btn-shadow#default-btn-4400ee5fb12da34b38b1184fcdf67202:hover {\n  box-shadow: 0 5px 11px 0 rgba(0,0,0,0.18), 0 4px 15px 0 rgba(0,0,0,0.15);\n}\n.btn-3d#default-btn-4400ee5fb12da34b38b1184fcdf67202 {\n  box-shadow: 0px 2px 0px 0px #5c5166;\n}\n.btn-3d#default-btn-4400ee5fb12da34b38b1184fcdf67202:hover {\n  box-shadow: 0px 2px 0px 0px #403848;\n}\n.btn-flat#default-btn-4400ee5fb12da34b38b1184fcdf67202 {\n  box-shadow: none;\n}\n.btn-flat#default-btn-4400ee5fb12da34b38b1184fcdf67202:hover {\n  box-shadow: none;\n}\n#default-btn-4400ee5fb12da34b38b1184fcdf67202.ico-right-side > i {\n  margin-right: 0px;\n  margin-left: 10px;\n}\n#default-btn-4400ee5fb12da34b38b1184fcdf67202 > i {\n  margin-right: 10px;\n  font-size: 16px;\n}\n#default-btn-4400ee5fb12da34b38b1184fcdf67202:not(:hover) {\n  border-width: 1px;\n  border-color: #7B54A0 !important;\n  color: #FFFFFF;\n  background: #7B54A0 !important;\n  padding: 10px 15px 10px 15px;\n}\n#default-btn-4400ee5fb12da34b38b1184fcdf67202:not(:hover) * {\n  color: #FFFFFF;\n}\n#default-btn-4400ee5fb12da34b38b1184fcdf67202:hover {\n  border-width: 1px;\n  border-color: #5F407D !important;\n  color: #FFFFFF;\n  background: #5F407D !important;\n  padding: 10px 15px 10px 15px;\n}\n#default-btn-4400ee5fb12da34b38b1184fcdf67202:hover * {\n  color: #FFFFFF;\n}\n#default-btn-4400ee5fb12da34b38b1184fcdf67202.ico-right-side > i {\n  margin-right: 0px;\n  margin-left: 10px;\n}\n#default-btn-4400ee5fb12da34b38b1184fcdf67202 > i {\n  margin-right: 10px;\n}\n<\/style><a href=\"https:\/\/www.mayoclinic.org\/diseases-conditions\/multiple-system-atrophy\/symptoms-causes\/syc-20356153\" class=\"default-btn-shortcode dt-btn link-hover-off ico-right-side btn-inline-left btn-flat \" target=\"_blank\" id=\"default-btn-4400ee5fb12da34b38b1184fcdf67202\" rel=\"noopener\"><span>EN SAVOIR PLUS SUR AMS (en anglais seulement)<\/span><i class=\"dt-icon-the7-arrow-0-41\"><\/i><\/a>[\/vc_column][\/vc_row][vc_row full_width=\u00a0\u00bbstretch_row\u00a0\u00bb css=\u00a0\u00bb.vc_custom_1744744694367{margin-top: 70px !important;margin-bottom: -70px !important;padding-top: 30px !important;padding-bottom: 60px !important;background-color: #F8F8F8 !important;}\u00a0\u00bb][vc_column][vc_column_text css=\u00a0\u00bb\u00a0\u00bb]<\/p>\n<h2>G\u00c9RER <span style=\"color: #7b54a0;\">AMS<\/span><\/h2>\n<p>La cause de l\u2019atrophie multisyst\u00e9mique (AMS) demeure inconnue, et aucune th\u00e9rapie actuelle ne peut inverser ou arr\u00eater la progression de la maladie. Les aspects extrapyramidaux et c\u00e9r\u00e9belleux de la maladie sont invalidants et difficiles \u00e0 traiter.<br \/>\n[\/vc_column_text][vc_row_inner][vc_column_inner]<div class=\"dt-fancy-separator title-left h3-size accent-border-color\" style=\"width: 100%;\"><div class=\"dt-fancy-title\" style=\"color: #1E1E1E;\"><span class=\"separator-holder separator-left\"><\/span>TRAITEMENT NON PHARMACOLOGIQUE<span class=\"separator-holder separator-right\"><\/span><\/div><\/div>[vc_empty_space height=\u00a0\u00bb20px\u00a0\u00bb]<div class=\"standard-arrow bullet-top\"><ul>\n<li>Constipation \u2013 Un r\u00e9gime riche en fibres, des laxatifs de lest, du lactulose et des suppositoires peuvent pr\u00e9venir la constipation<\/li>\n<li>Stridor \u2013 La orthophonie est souvent utile pour am\u00e9liorer la d\u00e9glutition et la communication<\/li>\n<li>D\u00e9conditionnement \u2013 La physioth\u00e9rapie et un programme d\u2019exercices aquatiques (l\u2019hypotension ne se produit pas lorsque les patients sont dans l\u2019eau) pr\u00e9viennent le d\u00e9conditionnement physique, sauf si le trouble du mouvement affecte tellement l\u2019\u00e9quilibre que cela n\u2019est pas recommand\u00e9<\/li>\n<li>Incontinence urinaire \u2013 La catheterisation intermittent par le patient ou la catheterisation sus-pubienne ou ur\u00e9trale peut am\u00e9liorer les sympt\u00f4mes d\u2019incontinence urinaire<\/li>\n<li>Chutes \u2013 \u00c0 mesure que la maladie progresse, le risque de chutes augmente; une instruction appropri\u00e9e \u00e0 la marche et des pr\u00e9cautions sont essentielles pour pr\u00e9venir les chutes et les blessures qui en r\u00e9sultent<\/li>\n<\/ul>\n<\/div>[\/vc_column_inner][\/vc_row_inner][vc_row_inner css=\u00a0\u00bb.vc_custom_1738792909710{margin-top: 20px !important;}\u00a0\u00bb][vc_column_inner]<div class=\"dt-fancy-separator title-left h3-size accent-border-color\" style=\"width: 100%;\"><div class=\"dt-fancy-title\" style=\"color: #1E1E1E;\"><span class=\"separator-holder separator-left\"><\/span>TRAITEMENT PHARMACOLOGIQUE<span class=\"separator-holder separator-right\"><\/span><\/div><\/div>[vc_empty_space height=\u00a0\u00bb20px\u00a0\u00bb][vc_column_text css=\u00a0\u00bb\u00a0\u00bb]La pharmacoth\u00e9rapie vise principalement \u00e0 soulager les sympt\u00f4mes des troubles du mouvement et de l\u2019hypotension orthostatique. L\u2019incontinence urinaire, la constipation, la dysfonction \u00e9rectile et l\u2019hypertension en position couch\u00e9e peuvent \u00e9galement \u00eatre trait\u00e9es par des m\u00e9dicaments.[\/vc_column_text][\/vc_column_inner][\/vc_row_inner][vc_row_inner css=\u00a0\u00bb.vc_custom_1738792914131{margin-top: 20px !important;}\u00a0\u00bb][vc_column_inner]<div class=\"dt-fancy-separator title-left h3-size accent-border-color\" style=\"width: 100%;\"><div class=\"dt-fancy-title\" style=\"color: #1E1E1E;\"><span class=\"separator-holder separator-left\"><\/span>CONSULTATIONS<span class=\"separator-holder separator-right\"><\/span><\/div><\/div>[vc_empty_space height=\u00a0\u00bb20px\u00a0\u00bb][vc_column_text css=\u00a0\u00bb\u00a0\u00bb]Les physioth\u00e9rapeutes, ergoth\u00e9rapeutes, orthophonistes, psychologues, nutritionnistes et travailleurs sociaux peuvent offrir une aide pratique consid\u00e9rable.[\/vc_column_text][\/vc_column_inner][\/vc_row_inner][vc_row_inner css=\u00a0\u00bb.vc_custom_1738792918722{margin-top: 20px !important;}\u00a0\u00bb][vc_column_inner]<div class=\"dt-fancy-separator title-left h3-size accent-border-color\" style=\"width: 100%;\"><div class=\"dt-fancy-title\" style=\"color: #1E1E1E;\"><span class=\"separator-holder separator-left\"><\/span>ALIMENTATION<span class=\"separator-holder separator-right\"><\/span><\/div><\/div>[vc_empty_space height=\u00a0\u00bb20px\u00a0\u00bb]<div class=\"standard-arrow bullet-top\"><p>Un r\u00e9gime essentiellement normal est recommand\u00e9, avec les directives suivantes :<\/p>\n<ul>\n<li>Une augmentation de la consommation de sel et de liquides pour maintenir le volume plasmatique<\/li>\n<li>Des repas petits et fr\u00e9quents peuvent aider les patients pour qui l\u2019hypotension postprandiale est un probl\u00e8me important<\/li>\n<li>Un r\u00e9gime riche en fibres, des laxatifs de masse et des suppositoires pr\u00e9viennent la constipation<\/li>\n<\/ul>\n<\/div>[\/vc_column_inner][\/vc_row_inner][vc_row_inner css=\u00a0\u00bb.vc_custom_1738792923237{margin-top: 20px !important;}\u00a0\u00bb][vc_column_inner]<div class=\"dt-fancy-separator title-left h3-size accent-border-color\" style=\"width: 100%;\"><div class=\"dt-fancy-title\" style=\"color: #1E1E1E;\"><span class=\"separator-holder separator-left\"><\/span>ACTIVIT\u00c9<span class=\"separator-holder separator-right\"><\/span><\/div><\/div>[vc_empty_space height=\u00a0\u00bb20px\u00a0\u00bb][vc_column_text css=\u00a0\u00bb\u00a0\u00bb]Des exercices ciblant les muscles des membres inf\u00e9rieurs et de l\u2019abdomen, l\u2019aquaforme \u00e0 hauteur des hanches (mais non la natation, car elle entra\u00eene une polyurie), ainsi que l&rsquo;entra\u00eenement postural, combin\u00e9s \u00e0 un traitement m\u00e9dicamenteux, sont b\u00e9n\u00e9fiques. Une \u00e9valuation en milieu hospitalier et une th\u00e9rapie personnalis\u00e9e sont souvent n\u00e9cessaires. Cependant, si les patients sont confin\u00e9s au lit, leur mobilit\u00e9 fonctionnelle peut rapidement diminuer. C\u2019est pourquoi une physioth\u00e9rapie intensive est fortement recommand\u00e9e. [R\u00e9f\u00e9rence : <a href=\"http:\/\/www.emedicine.medscape.com\/\">www.emedicine.medscape.com<\/a>][\/vc_column_text][\/vc_column_inner][\/vc_row_inner][\/vc_column][\/vc_row]<\/p>\n<\/div>","protected":false},"excerpt":{"rendered":"<p>[vc_row][vc_column][vc_column_text css=\u00a0\u00bb\u00a0\u00bb] QU\u2019EST-CE QUE L\u2019ATROPHIE MULTISYST\u00c9MIQUE ? La MSA est une maladie neurod\u00e9g\u00e9n\u00e9rative rare et rapidement progressive qui affecte le cerveau. La MSA perturbe les syst\u00e8mes qui r\u00e9gulent la pression art\u00e9rielle, le rythme cardiaque et la vessie \u2013 plusieurs fonctions corporelles de base que les gens consid\u00e8rent comme acquises au quotidien. Les personnes atteintes de&hellip;<\/p>\n","protected":false},"author":2,"featured_media":0,"parent":0,"menu_order":0,"comment_status":"closed","ping_status":"closed","template":"","meta":{"footnotes":""},"class_list":["post-241831","page","type-page","status-publish","hentry","description-off"],"yoast_head":"<!-- This site is optimized with the Yoast SEO plugin v25.3 - https:\/\/yoast.com\/wordpress\/plugins\/seo\/ -->\n<title>Qu\u2019est-ce que la MSA ? | Vaincre l&#039;AMS Canada<\/title>\n<meta name=\"description\" content=\"La MSA est une maladie neurod\u00e9g\u00e9n\u00e9rative rare, sans rem\u00e8de, qui affecte les fonctions vitales comme la pression art\u00e9rielle et la respiration.\" \/>\n<meta name=\"robots\" content=\"index, follow, max-snippet:-1, max-image-preview:large, max-video-preview:-1\" \/>\n<link rel=\"canonical\" href=\"https:\/\/msacanada.ca\/fr\/quest-ce-que-ams\/\" \/>\n<meta property=\"og:locale\" content=\"fr_FR\" \/>\n<meta property=\"og:type\" content=\"article\" \/>\n<meta property=\"og:title\" content=\"Qu\u2019est-ce que la MSA ? | Vaincre l&#039;AMS Canada\" \/>\n<meta property=\"og:description\" content=\"La MSA est une maladie neurod\u00e9g\u00e9n\u00e9rative rare, sans rem\u00e8de, qui affecte les fonctions vitales comme la pression art\u00e9rielle et la respiration.\" \/>\n<meta property=\"og:url\" content=\"https:\/\/msacanada.ca\/fr\/quest-ce-que-ams\/\" \/>\n<meta property=\"og:site_name\" content=\"MSA Canada\" \/>\n<meta property=\"article:publisher\" content=\"https:\/\/www.facebook.com\/defeatmsacanada\/\" \/>\n<meta property=\"article:modified_time\" content=\"2025-05-16T20:18:33+00:00\" \/>\n<meta property=\"og:image\" content=\"https:\/\/msacanada.ca\/wp-content\/uploads\/2025\/04\/MSA-Brain-01.jpg\" \/>\n<meta name=\"twitter:card\" content=\"summary_large_image\" \/>\n<meta name=\"twitter:label1\" content=\"Dur\u00e9e de lecture estim\u00e9e\" \/>\n\t<meta name=\"twitter:data1\" content=\"5 minutes\" \/>\n<script type=\"application\/ld+json\" class=\"yoast-schema-graph\">{\"@context\":\"https:\/\/schema.org\",\"@graph\":[{\"@type\":\"WebPage\",\"@id\":\"https:\/\/msacanada.ca\/fr\/quest-ce-que-ams\/\",\"url\":\"https:\/\/msacanada.ca\/fr\/quest-ce-que-ams\/\",\"name\":\"Qu\u2019est-ce que la MSA ? | Vaincre l'AMS Canada\",\"isPartOf\":{\"@id\":\"https:\/\/msacanada.ca\/fr\/#website\"},\"primaryImageOfPage\":{\"@id\":\"https:\/\/msacanada.ca\/fr\/quest-ce-que-ams\/#primaryimage\"},\"image\":{\"@id\":\"https:\/\/msacanada.ca\/fr\/quest-ce-que-ams\/#primaryimage\"},\"thumbnailUrl\":\"https:\/\/msacanada.ca\/wp-content\/uploads\/2025\/04\/MSA-Brain-01.jpg\",\"datePublished\":\"2025-02-05T20:45:16+00:00\",\"dateModified\":\"2025-05-16T20:18:33+00:00\",\"description\":\"La MSA est une maladie neurod\u00e9g\u00e9n\u00e9rative rare, sans rem\u00e8de, qui affecte les fonctions vitales comme la pression art\u00e9rielle et la respiration.\",\"breadcrumb\":{\"@id\":\"https:\/\/msacanada.ca\/fr\/quest-ce-que-ams\/#breadcrumb\"},\"inLanguage\":\"fr-FR\",\"potentialAction\":[{\"@type\":\"ReadAction\",\"target\":[\"https:\/\/msacanada.ca\/fr\/quest-ce-que-ams\/\"]}]},{\"@type\":\"ImageObject\",\"inLanguage\":\"fr-FR\",\"@id\":\"https:\/\/msacanada.ca\/fr\/quest-ce-que-ams\/#primaryimage\",\"url\":\"https:\/\/msacanada.ca\/wp-content\/uploads\/2025\/04\/MSA-Brain-01.jpg\",\"contentUrl\":\"https:\/\/msacanada.ca\/wp-content\/uploads\/2025\/04\/MSA-Brain-01.jpg\"},{\"@type\":\"BreadcrumbList\",\"@id\":\"https:\/\/msacanada.ca\/fr\/quest-ce-que-ams\/#breadcrumb\",\"itemListElement\":[{\"@type\":\"ListItem\",\"position\":1,\"name\":\"Home\",\"item\":\"https:\/\/msacanada.ca\/fr\/\"},{\"@type\":\"ListItem\",\"position\":2,\"name\":\"Qu\u2019est-ce que l&#8217;AMS ?\"}]},{\"@type\":\"WebSite\",\"@id\":\"https:\/\/msacanada.ca\/fr\/#website\",\"url\":\"https:\/\/msacanada.ca\/fr\/\",\"name\":\"MSA Canada\",\"description\":\"Defeat MSA\/Vaincre AMS Canada\",\"publisher\":{\"@id\":\"https:\/\/msacanada.ca\/fr\/#organization\"},\"potentialAction\":[{\"@type\":\"SearchAction\",\"target\":{\"@type\":\"EntryPoint\",\"urlTemplate\":\"https:\/\/msacanada.ca\/fr\/?s={search_term_string}\"},\"query-input\":{\"@type\":\"PropertyValueSpecification\",\"valueRequired\":true,\"valueName\":\"search_term_string\"}}],\"inLanguage\":\"fr-FR\"},{\"@type\":\"Organization\",\"@id\":\"https:\/\/msacanada.ca\/fr\/#organization\",\"name\":\"MSA Canada\",\"url\":\"https:\/\/msacanada.ca\/fr\/\",\"logo\":{\"@type\":\"ImageObject\",\"inLanguage\":\"fr-FR\",\"@id\":\"https:\/\/msacanada.ca\/fr\/#\/schema\/logo\/image\/\",\"url\":\"https:\/\/msacanada.ca\/wp-content\/uploads\/2024\/11\/MSA-Canada-Logo-ret.png\",\"contentUrl\":\"https:\/\/msacanada.ca\/wp-content\/uploads\/2024\/11\/MSA-Canada-Logo-ret.png\",\"width\":400,\"height\":400,\"caption\":\"MSA Canada\"},\"image\":{\"@id\":\"https:\/\/msacanada.ca\/fr\/#\/schema\/logo\/image\/\"},\"sameAs\":[\"https:\/\/www.facebook.com\/defeatmsacanada\/\",\"https:\/\/www.instagram.com\/msaamscanada\/\",\"https:\/\/www.youtube.com\/channel\/UCT9R2fSQUFmhiJ_xP3hICxg\",\"https:\/\/www.linkedin.com\/company\/defeatmsacanada\"]}]}<\/script>\n<!-- \/ Yoast SEO plugin. -->","yoast_head_json":{"title":"Qu\u2019est-ce que la MSA ? | Vaincre l'AMS Canada","description":"La MSA est une maladie neurod\u00e9g\u00e9n\u00e9rative rare, sans rem\u00e8de, qui affecte les fonctions vitales comme la pression art\u00e9rielle et la respiration.","robots":{"index":"index","follow":"follow","max-snippet":"max-snippet:-1","max-image-preview":"max-image-preview:large","max-video-preview":"max-video-preview:-1"},"canonical":"https:\/\/msacanada.ca\/fr\/quest-ce-que-ams\/","og_locale":"fr_FR","og_type":"article","og_title":"Qu\u2019est-ce que la MSA ? | Vaincre l'AMS Canada","og_description":"La MSA est une maladie neurod\u00e9g\u00e9n\u00e9rative rare, sans rem\u00e8de, qui affecte les fonctions vitales comme la pression art\u00e9rielle et la respiration.","og_url":"https:\/\/msacanada.ca\/fr\/quest-ce-que-ams\/","og_site_name":"MSA Canada","article_publisher":"https:\/\/www.facebook.com\/defeatmsacanada\/","article_modified_time":"2025-05-16T20:18:33+00:00","og_image":[{"url":"https:\/\/msacanada.ca\/wp-content\/uploads\/2025\/04\/MSA-Brain-01.jpg","type":"","width":"","height":""}],"twitter_card":"summary_large_image","twitter_misc":{"Dur\u00e9e de lecture estim\u00e9e":"5 minutes"},"schema":{"@context":"https:\/\/schema.org","@graph":[{"@type":"WebPage","@id":"https:\/\/msacanada.ca\/fr\/quest-ce-que-ams\/","url":"https:\/\/msacanada.ca\/fr\/quest-ce-que-ams\/","name":"Qu\u2019est-ce que la MSA ? | Vaincre l'AMS Canada","isPartOf":{"@id":"https:\/\/msacanada.ca\/fr\/#website"},"primaryImageOfPage":{"@id":"https:\/\/msacanada.ca\/fr\/quest-ce-que-ams\/#primaryimage"},"image":{"@id":"https:\/\/msacanada.ca\/fr\/quest-ce-que-ams\/#primaryimage"},"thumbnailUrl":"https:\/\/msacanada.ca\/wp-content\/uploads\/2025\/04\/MSA-Brain-01.jpg","datePublished":"2025-02-05T20:45:16+00:00","dateModified":"2025-05-16T20:18:33+00:00","description":"La MSA est une maladie neurod\u00e9g\u00e9n\u00e9rative rare, sans rem\u00e8de, qui affecte les fonctions vitales comme la pression art\u00e9rielle et la respiration.","breadcrumb":{"@id":"https:\/\/msacanada.ca\/fr\/quest-ce-que-ams\/#breadcrumb"},"inLanguage":"fr-FR","potentialAction":[{"@type":"ReadAction","target":["https:\/\/msacanada.ca\/fr\/quest-ce-que-ams\/"]}]},{"@type":"ImageObject","inLanguage":"fr-FR","@id":"https:\/\/msacanada.ca\/fr\/quest-ce-que-ams\/#primaryimage","url":"https:\/\/msacanada.ca\/wp-content\/uploads\/2025\/04\/MSA-Brain-01.jpg","contentUrl":"https:\/\/msacanada.ca\/wp-content\/uploads\/2025\/04\/MSA-Brain-01.jpg"},{"@type":"BreadcrumbList","@id":"https:\/\/msacanada.ca\/fr\/quest-ce-que-ams\/#breadcrumb","itemListElement":[{"@type":"ListItem","position":1,"name":"Home","item":"https:\/\/msacanada.ca\/fr\/"},{"@type":"ListItem","position":2,"name":"Qu\u2019est-ce que l&#8217;AMS ?"}]},{"@type":"WebSite","@id":"https:\/\/msacanada.ca\/fr\/#website","url":"https:\/\/msacanada.ca\/fr\/","name":"MSA Canada","description":"Defeat MSA\/Vaincre AMS Canada","publisher":{"@id":"https:\/\/msacanada.ca\/fr\/#organization"},"potentialAction":[{"@type":"SearchAction","target":{"@type":"EntryPoint","urlTemplate":"https:\/\/msacanada.ca\/fr\/?s={search_term_string}"},"query-input":{"@type":"PropertyValueSpecification","valueRequired":true,"valueName":"search_term_string"}}],"inLanguage":"fr-FR"},{"@type":"Organization","@id":"https:\/\/msacanada.ca\/fr\/#organization","name":"MSA Canada","url":"https:\/\/msacanada.ca\/fr\/","logo":{"@type":"ImageObject","inLanguage":"fr-FR","@id":"https:\/\/msacanada.ca\/fr\/#\/schema\/logo\/image\/","url":"https:\/\/msacanada.ca\/wp-content\/uploads\/2024\/11\/MSA-Canada-Logo-ret.png","contentUrl":"https:\/\/msacanada.ca\/wp-content\/uploads\/2024\/11\/MSA-Canada-Logo-ret.png","width":400,"height":400,"caption":"MSA Canada"},"image":{"@id":"https:\/\/msacanada.ca\/fr\/#\/schema\/logo\/image\/"},"sameAs":["https:\/\/www.facebook.com\/defeatmsacanada\/","https:\/\/www.instagram.com\/msaamscanada\/","https:\/\/www.youtube.com\/channel\/UCT9R2fSQUFmhiJ_xP3hICxg","https:\/\/www.linkedin.com\/company\/defeatmsacanada"]}]}},"_links":{"self":[{"href":"https:\/\/msacanada.ca\/fr\/wp-json\/wp\/v2\/pages\/241831","targetHints":{"allow":["GET"]}}],"collection":[{"href":"https:\/\/msacanada.ca\/fr\/wp-json\/wp\/v2\/pages"}],"about":[{"href":"https:\/\/msacanada.ca\/fr\/wp-json\/wp\/v2\/types\/page"}],"author":[{"embeddable":true,"href":"https:\/\/msacanada.ca\/fr\/wp-json\/wp\/v2\/users\/2"}],"replies":[{"embeddable":true,"href":"https:\/\/msacanada.ca\/fr\/wp-json\/wp\/v2\/comments?post=241831"}],"version-history":[{"count":5,"href":"https:\/\/msacanada.ca\/fr\/wp-json\/wp\/v2\/pages\/241831\/revisions"}],"predecessor-version":[{"id":242405,"href":"https:\/\/msacanada.ca\/fr\/wp-json\/wp\/v2\/pages\/241831\/revisions\/242405"}],"wp:attachment":[{"href":"https:\/\/msacanada.ca\/fr\/wp-json\/wp\/v2\/media?parent=241831"}],"curies":[{"name":"wp","href":"https:\/\/api.w.org\/{rel}","templated":true}]}}