{"id":241835,"date":"2025-02-05T22:06:43","date_gmt":"2025-02-05T22:06:43","guid":{"rendered":"https:\/\/msacanada.ca\/quest-ce-que-la-msa\/diseases-that-mimic-msa\/"},"modified":"2025-05-16T20:53:40","modified_gmt":"2025-05-16T20:53:40","slug":"maladies-qui-imitent-ams","status":"publish","type":"page","link":"https:\/\/msacanada.ca\/fr\/quest-ce-que-ams\/maladies-qui-imitent-ams\/","title":{"rendered":"Maladies qui imitent l\u2019AMS"},"content":{"rendered":"<div class=\"wpb-content-wrapper\"><p>[vc_row css=\u00a0\u00bb.vc_custom_1738793981250{padding-bottom: 30px !important;}\u00a0\u00bb][vc_column][vc_column_text css=\u00a0\u00bb\u00a0\u00bb]<\/p>\n<h2>MALADIES G\u00c9N\u00c9TIQUES QUI IMITENT L\u2019AMS<br \/>\n<span style=\"color: #7b54a0;\">SOUS-TYPES ET AUTRES TROUBLES<\/span><\/h2>\n<p>[\/vc_column_text][vc_row_inner][vc_column_inner]<div class=\"dt-fancy-separator title-left h3-size accent-border-color\" style=\"width: 100%;\"><div class=\"dt-fancy-title\" style=\"color: #1E1E1E;\"><span class=\"separator-holder separator-left\"><\/span>Ataxies<span class=\"separator-holder separator-right\"><\/span><\/div><\/div>[vc_empty_space height=\u00a0\u00bb10px\u00a0\u00bb]<div class=\"standard-arrow bullet-top\"><ul>\n<li>Ataxies spinoc\u00e9r\u00e9belleuses (formes g\u00e9n\u00e9tiques)<\/li>\n<li>Atrophie dentato-rubro-pallido-luysienne (DRPLA)<\/li>\n<li>Syndrome de tremblement\/ataxie associ\u00e9 au X fragile (FXTAS)<\/li>\n<li>Ataxie de Friedreich (FRDA)<\/li>\n<li>Syndrome d\u2019ataxie-apraxie oculomotrice (AOA)<\/li>\n<li>Ataxie avec d\u00e9ficit en vitamine E (AVED)<\/li>\n<li>Syndrome de Marinesco-Sj\u00f6gren (mutation du g\u00e8ne SIL1)<\/li>\n<li>Syndrome d\u2019Alexander<\/li>\n<\/ul>\n<\/div>[\/vc_column_inner][\/vc_row_inner][vc_row_inner css=\u00a0\u00bb.vc_custom_1738793353587{margin-top: 20px !important;}\u00a0\u00bb][vc_column_inner]<div class=\"dt-fancy-separator title-left h3-size accent-border-color\" style=\"width: 100%;\"><div class=\"dt-fancy-title\" style=\"color: #1E1E1E;\"><span class=\"separator-holder separator-left\"><\/span>Parkinsonisme<span class=\"separator-holder separator-right\"><\/span><\/div><\/div>[vc_empty_space height=\u00a0\u00bb10px\u00a0\u00bb]<div class=\"standard-arrow bullet-top\"><ul>\n<li>Syndrome de Perry<\/li>\n<li>Maladie de Huntington<\/li>\n<li>Maladie de Parkinson familiale avec le g\u00e8ne SNCA (MPF)<\/li>\n<li>Maladie de Parkinson familiale avec le g\u00e8ne LRRK2 (MPF)<\/li>\n<li>Maladie de Parkinson familiale avec le g\u00e8ne GBA (MPF)<\/li>\n<li>Adr\u00e9noleucodystrophie li\u00e9e \u00e0 l\u2019X (mutation du g\u00e8ne ABCD1)<\/li>\n<\/ul>\n<\/div>[\/vc_column_inner][\/vc_row_inner][vc_row_inner css=\u00a0\u00bb.vc_custom_1738793353587{margin-top: 20px !important;}\u00a0\u00bb][vc_column_inner]<div class=\"dt-fancy-separator title-left h3-size accent-border-color\" style=\"width: 100%;\"><div class=\"dt-fancy-title\" style=\"color: #1E1E1E;\"><span class=\"separator-holder separator-left\"><\/span>Marche spastique<span class=\"separator-holder separator-right\"><\/span><\/div><\/div>[vc_empty_space height=\u00a0\u00bb10px\u00a0\u00bb]<div class=\"standard-arrow bullet-top\"><ul>\n<li>Parapl\u00e9gie spastique h\u00e9r\u00e9ditaire (PSH)<\/li>\n<li>Parapl\u00e9gie spastique h\u00e9r\u00e9ditaire Paraplegin (SPG7)<\/li>\n<li>Parapl\u00e9gie spastique h\u00e9r\u00e9ditaire avec d\u00e9ficience mentale et corps calleux fin (SPG11)<\/li>\n<li>Scl\u00e9rose lat\u00e9rale primaire (SLP)<\/li>\n<\/ul>\n<\/div>[\/vc_column_inner][\/vc_row_inner][vc_row_inner css=\u00a0\u00bb.vc_custom_1738793353587{margin-top: 20px !important;}\u00a0\u00bb][vc_column_inner]<div class=\"dt-fancy-separator title-left h3-size accent-border-color\" style=\"width: 100%;\"><div class=\"dt-fancy-title\" style=\"color: #1E1E1E;\"><span class=\"separator-holder separator-left\"><\/span>D\u00e9faillance autonome<span class=\"separator-holder separator-right\"><\/span><\/div><\/div>[vc_empty_space height=\u00a0\u00bb10px\u00a0\u00bb]<div class=\"standard-arrow bullet-top\"><ul>\n<li>Leucodystrophie associ\u00e9e \u00e0 LMNB1<\/li>\n<\/ul>\n<\/div>[\/vc_column_inner][\/vc_row_inner][vc_row_inner css=\u00a0\u00bb.vc_custom_1738793353587{margin-top: 20px !important;}\u00a0\u00bb][vc_column_inner]<div class=\"dt-fancy-separator title-left h3-size accent-border-color\" style=\"width: 100%;\"><div class=\"dt-fancy-title\" style=\"color: #1E1E1E;\"><span class=\"separator-holder separator-left\"><\/span>Ph\u00e9notypes complexes<span class=\"separator-holder separator-right\"><\/span><\/div><\/div>[vc_empty_space height=\u00a0\u00bb10px\u00a0\u00bb]<div class=\"standard-arrow bullet-top\"><ul>\n<li>Mitochondriopathie<\/li>\n<li>Xanthomatose c\u00e9r\u00e9brotendineuse<\/li>\n<li>Maladie \u00e0 prions<\/li>\n<li>Mutation C9ORF72<\/li>\n<\/ul>\n<\/div>[\/vc_column_inner][\/vc_row_inner][vc_row_inner css=\u00a0\u00bb.vc_custom_1738793353587{margin-top: 20px !important;}\u00a0\u00bb][vc_column_inner]<div class=\"dt-fancy-separator title-left h3-size accent-border-color\" style=\"width: 100%;\"><div class=\"dt-fancy-title\" style=\"color: #1E1E1E;\"><span class=\"separator-holder separator-left\"><\/span>Autres affections<span class=\"separator-holder separator-right\"><\/span><\/div><\/div>[vc_empty_space height=\u00a0\u00bb10px\u00a0\u00bb]<div class=\"standard-arrow bullet-top\"><p><em>Non acquis :<\/em><\/p>\n<ul>\n<li>D\u00e9mence \u00e0 corps de Lewy<\/li>\n<li>Paralysie supranucl\u00e9aire progressive<\/li>\n<li>Maladie de Parkinson<\/li>\n<li>Insuffisance autonome pure (bien que certains consid\u00e8rent que cette entit\u00e9 fait partie d\u2019un spectre)<\/li>\n<li>D\u00e9g\u00e9n\u00e9rescence corticobasale<\/li>\n<li>Inflammation lymphocytaire chronique avec am\u00e9lioration p\u00e9rivasculaire pontine responsive aux st\u00e9ro\u00efdes (CLIPPERS)<\/li>\n<li>Parkinsonisme vasculaire<\/li>\n<li>Hydroc\u00e9phalie \u00e0 pression normale<\/li>\n<li>Maladie \u00e0 prions (g\u00e9n\u00e9tique ou sporadique)<\/li>\n<\/ul>\n<p><em>Acquis :<\/em><\/p>\n<ul>\n<li>Maladie de Whipple<\/li>\n<li>My\u00e9linolyse extrapontine<\/li>\n<li>D\u00e9g\u00e9n\u00e9rescence c\u00e9r\u00e9belleuse paran\u00e9oplasique<\/li>\n<li>D\u00e9g\u00e9n\u00e9rescence c\u00e9r\u00e9belleuse alcoolique<\/li>\n<li>D\u00e9g\u00e9n\u00e9rescence c\u00e9r\u00e9belleuse induite par les m\u00e9dicaments<\/li>\n<li>Ataxie au gluten<\/li>\n<\/ul>\n<\/div>[\/vc_column_inner][\/vc_row_inner][\/vc_column][\/vc_row][vc_row full_width=\u00a0\u00bbstretch_row\u00a0\u00bb css=\u00a0\u00bb.vc_custom_1738793999655{margin-bottom: -70px !important;padding-top: 30px !important;padding-bottom: 30px !important;background-color: #F8F8F8 !important;}\u00a0\u00bb][vc_column][vc_column_text css=\u00a0\u00bb\u00a0\u00bb]<a href=\"https:\/\/rarediseases.info.nih.gov\/\" target=\"_blank\" rel=\"noopener\"><strong>Recherchez dans le r\u00e9pertoire du<\/strong> <strong>Genetic and Rare Diseases Information Center (GARD)<\/strong><\/a>, qui offre au public un acc\u00e8s \u00e0 des informations actuelles, fiables et faciles \u00e0 comprendre sur les maladies rares ou g\u00e9n\u00e9tiques, en anglais ou en espagnol.<\/p>\n<p><a href=\"https:\/\/rarediseases.org\/for-patients-and-families\/information-resources\/rare-disease-information\/\" target=\"_blank\" rel=\"noopener\"><strong>Liste alphab\u00e9tique des maladies rares de la National Organization of Rare Diseases (NORD)<\/strong><\/a><\/p>\n<p>Pr\u00e9par\u00e9 par :<br \/>\nDr. Oybek E. Turgunkhujaev (Neurologue consultant sp\u00e9cialiste des troubles du mouvement \u2013 Defeat MSA)<br \/>\n117628, Moscou, rue Starobittsevskaya 23, b\u00e2timent 2[\/vc_column_text][\/vc_column][\/vc_row]<\/p>\n<\/div>","protected":false},"excerpt":{"rendered":"<p>[vc_row css=\u00a0\u00bb.vc_custom_1738793981250{padding-bottom: 30px !important;}\u00a0\u00bb][vc_column][vc_column_text css=\u00a0\u00bb\u00a0\u00bb] MALADIES G\u00c9N\u00c9TIQUES QUI IMITENT L\u2019AMS SOUS-TYPES ET AUTRES TROUBLES [\/vc_column_text][vc_row_inner][vc_column_inner][vc_empty_space height=\u00a0\u00bb10px\u00a0\u00bb][\/vc_column_inner][\/vc_row_inner][vc_row_inner css=\u00a0\u00bb.vc_custom_1738793353587{margin-top: 20px !important;}\u00a0\u00bb][vc_column_inner][vc_empty_space height=\u00a0\u00bb10px\u00a0\u00bb][\/vc_column_inner][\/vc_row_inner][vc_row_inner css=\u00a0\u00bb.vc_custom_1738793353587{margin-top: 20px !important;}\u00a0\u00bb][vc_column_inner][vc_empty_space height=\u00a0\u00bb10px\u00a0\u00bb][\/vc_column_inner][\/vc_row_inner][vc_row_inner css=\u00a0\u00bb.vc_custom_1738793353587{margin-top: 20px !important;}\u00a0\u00bb][vc_column_inner][vc_empty_space height=\u00a0\u00bb10px\u00a0\u00bb][\/vc_column_inner][\/vc_row_inner][vc_row_inner css=\u00a0\u00bb.vc_custom_1738793353587{margin-top: 20px !important;}\u00a0\u00bb][vc_column_inner][vc_empty_space height=\u00a0\u00bb10px\u00a0\u00bb][\/vc_column_inner][\/vc_row_inner][vc_row_inner css=\u00a0\u00bb.vc_custom_1738793353587{margin-top: 20px !important;}\u00a0\u00bb][vc_column_inner][vc_empty_space height=\u00a0\u00bb10px\u00a0\u00bb][\/vc_column_inner][\/vc_row_inner][\/vc_column][\/vc_row][vc_row full_width=\u00a0\u00bbstretch_row\u00a0\u00bb css=\u00a0\u00bb.vc_custom_1738793999655{margin-bottom: -70px !important;padding-top: 30px !important;padding-bottom: 30px !important;background-color: #F8F8F8 !important;}\u00a0\u00bb][vc_column][vc_column_text css=\u00a0\u00bb\u00a0\u00bb]Recherchez dans le r\u00e9pertoire du Genetic and Rare Diseases&hellip;<\/p>\n","protected":false},"author":2,"featured_media":241712,"parent":241831,"menu_order":0,"comment_status":"closed","ping_status":"closed","template":"","meta":{"footnotes":""},"class_list":["post-241835","page","type-page","status-publish","has-post-thumbnail","hentry","description-off"],"yoast_head":"<!-- This site is optimized with the Yoast SEO plugin v25.3 - https:\/\/yoast.com\/wordpress\/plugins\/seo\/ -->\n<title>Maladies mimant l\u2019AMS | Troubles g\u00e9n\u00e9tiques mimant l\u2019AMS<\/title>\n<meta name=\"description\" content=\"D\u00e9couvrez les maladies g\u00e9n\u00e9tiques et autres troubles qui imitent les sympt\u00f4mes de l\u2019AMS, afin de mieux distinguer l\u2019AMS des conditions similaires.\" \/>\n<meta name=\"robots\" content=\"index, follow, max-snippet:-1, max-image-preview:large, max-video-preview:-1\" \/>\n<link rel=\"canonical\" href=\"https:\/\/msacanada.ca\/fr\/quest-ce-que-ams\/maladies-qui-imitent-ams\/\" \/>\n<meta property=\"og:locale\" content=\"fr_FR\" \/>\n<meta property=\"og:type\" content=\"article\" \/>\n<meta property=\"og:title\" content=\"Maladies mimant l\u2019AMS | Troubles g\u00e9n\u00e9tiques mimant l\u2019AMS\" \/>\n<meta property=\"og:description\" content=\"D\u00e9couvrez les maladies g\u00e9n\u00e9tiques et autres troubles qui imitent les sympt\u00f4mes de l\u2019AMS, afin de mieux distinguer l\u2019AMS des conditions similaires.\" \/>\n<meta property=\"og:url\" content=\"https:\/\/msacanada.ca\/fr\/quest-ce-que-ams\/maladies-qui-imitent-ams\/\" \/>\n<meta property=\"og:site_name\" content=\"MSA Canada\" \/>\n<meta property=\"article:publisher\" content=\"https:\/\/www.facebook.com\/defeatmsacanada\/\" \/>\n<meta property=\"article:modified_time\" content=\"2025-05-16T20:53:40+00:00\" \/>\n<meta property=\"og:image\" content=\"https:\/\/msacanada.ca\/wp-content\/uploads\/2025\/04\/MSA-Featured.jpg\" \/>\n\t<meta property=\"og:image:width\" content=\"1920\" \/>\n\t<meta property=\"og:image:height\" content=\"1008\" \/>\n\t<meta property=\"og:image:type\" content=\"image\/jpeg\" \/>\n<meta name=\"twitter:card\" content=\"summary_large_image\" \/>\n<meta name=\"twitter:label1\" content=\"Dur\u00e9e de lecture estim\u00e9e\" \/>\n\t<meta name=\"twitter:data1\" content=\"2 minutes\" \/>\n<script type=\"application\/ld+json\" class=\"yoast-schema-graph\">{\"@context\":\"https:\/\/schema.org\",\"@graph\":[{\"@type\":\"WebPage\",\"@id\":\"https:\/\/msacanada.ca\/fr\/quest-ce-que-ams\/maladies-qui-imitent-ams\/\",\"url\":\"https:\/\/msacanada.ca\/fr\/quest-ce-que-ams\/maladies-qui-imitent-ams\/\",\"name\":\"Maladies mimant l\u2019AMS | Troubles g\u00e9n\u00e9tiques mimant l\u2019AMS\",\"isPartOf\":{\"@id\":\"https:\/\/msacanada.ca\/fr\/#website\"},\"primaryImageOfPage\":{\"@id\":\"https:\/\/msacanada.ca\/fr\/quest-ce-que-ams\/maladies-qui-imitent-ams\/#primaryimage\"},\"image\":{\"@id\":\"https:\/\/msacanada.ca\/fr\/quest-ce-que-ams\/maladies-qui-imitent-ams\/#primaryimage\"},\"thumbnailUrl\":\"https:\/\/msacanada.ca\/wp-content\/uploads\/2025\/04\/MSA-Featured.jpg\",\"datePublished\":\"2025-02-05T22:06:43+00:00\",\"dateModified\":\"2025-05-16T20:53:40+00:00\",\"description\":\"D\u00e9couvrez les maladies g\u00e9n\u00e9tiques et autres troubles qui imitent les sympt\u00f4mes de l\u2019AMS, afin de mieux distinguer l\u2019AMS des conditions similaires.\",\"breadcrumb\":{\"@id\":\"https:\/\/msacanada.ca\/fr\/quest-ce-que-ams\/maladies-qui-imitent-ams\/#breadcrumb\"},\"inLanguage\":\"fr-FR\",\"potentialAction\":[{\"@type\":\"ReadAction\",\"target\":[\"https:\/\/msacanada.ca\/fr\/quest-ce-que-ams\/maladies-qui-imitent-ams\/\"]}]},{\"@type\":\"ImageObject\",\"inLanguage\":\"fr-FR\",\"@id\":\"https:\/\/msacanada.ca\/fr\/quest-ce-que-ams\/maladies-qui-imitent-ams\/#primaryimage\",\"url\":\"https:\/\/msacanada.ca\/wp-content\/uploads\/2025\/04\/MSA-Featured.jpg\",\"contentUrl\":\"https:\/\/msacanada.ca\/wp-content\/uploads\/2025\/04\/MSA-Featured.jpg\",\"width\":1920,\"height\":1008},{\"@type\":\"BreadcrumbList\",\"@id\":\"https:\/\/msacanada.ca\/fr\/quest-ce-que-ams\/maladies-qui-imitent-ams\/#breadcrumb\",\"itemListElement\":[{\"@type\":\"ListItem\",\"position\":1,\"name\":\"Home\",\"item\":\"https:\/\/msacanada.ca\/fr\/\"},{\"@type\":\"ListItem\",\"position\":2,\"name\":\"Qu\u2019est-ce que l&#8217;AMS ?\",\"item\":\"https:\/\/msacanada.ca\/fr\/what-is-msa\/\"},{\"@type\":\"ListItem\",\"position\":3,\"name\":\"Maladies qui imitent l\u2019AMS\"}]},{\"@type\":\"WebSite\",\"@id\":\"https:\/\/msacanada.ca\/fr\/#website\",\"url\":\"https:\/\/msacanada.ca\/fr\/\",\"name\":\"MSA Canada\",\"description\":\"Defeat MSA\/Vaincre AMS Canada\",\"publisher\":{\"@id\":\"https:\/\/msacanada.ca\/fr\/#organization\"},\"potentialAction\":[{\"@type\":\"SearchAction\",\"target\":{\"@type\":\"EntryPoint\",\"urlTemplate\":\"https:\/\/msacanada.ca\/fr\/?s={search_term_string}\"},\"query-input\":{\"@type\":\"PropertyValueSpecification\",\"valueRequired\":true,\"valueName\":\"search_term_string\"}}],\"inLanguage\":\"fr-FR\"},{\"@type\":\"Organization\",\"@id\":\"https:\/\/msacanada.ca\/fr\/#organization\",\"name\":\"MSA Canada\",\"url\":\"https:\/\/msacanada.ca\/fr\/\",\"logo\":{\"@type\":\"ImageObject\",\"inLanguage\":\"fr-FR\",\"@id\":\"https:\/\/msacanada.ca\/fr\/#\/schema\/logo\/image\/\",\"url\":\"https:\/\/msacanada.ca\/wp-content\/uploads\/2024\/11\/MSA-Canada-Logo-ret.png\",\"contentUrl\":\"https:\/\/msacanada.ca\/wp-content\/uploads\/2024\/11\/MSA-Canada-Logo-ret.png\",\"width\":400,\"height\":400,\"caption\":\"MSA Canada\"},\"image\":{\"@id\":\"https:\/\/msacanada.ca\/fr\/#\/schema\/logo\/image\/\"},\"sameAs\":[\"https:\/\/www.facebook.com\/defeatmsacanada\/\",\"https:\/\/www.instagram.com\/msaamscanada\/\",\"https:\/\/www.youtube.com\/channel\/UCT9R2fSQUFmhiJ_xP3hICxg\",\"https:\/\/www.linkedin.com\/company\/defeatmsacanada\"]}]}<\/script>\n<!-- \/ Yoast SEO plugin. -->","yoast_head_json":{"title":"Maladies mimant l\u2019AMS | Troubles g\u00e9n\u00e9tiques mimant l\u2019AMS","description":"D\u00e9couvrez les maladies g\u00e9n\u00e9tiques et autres troubles qui imitent les sympt\u00f4mes de l\u2019AMS, afin de mieux distinguer l\u2019AMS des conditions similaires.","robots":{"index":"index","follow":"follow","max-snippet":"max-snippet:-1","max-image-preview":"max-image-preview:large","max-video-preview":"max-video-preview:-1"},"canonical":"https:\/\/msacanada.ca\/fr\/quest-ce-que-ams\/maladies-qui-imitent-ams\/","og_locale":"fr_FR","og_type":"article","og_title":"Maladies mimant l\u2019AMS | Troubles g\u00e9n\u00e9tiques mimant l\u2019AMS","og_description":"D\u00e9couvrez les maladies g\u00e9n\u00e9tiques et autres troubles qui imitent les sympt\u00f4mes de l\u2019AMS, afin de mieux distinguer l\u2019AMS des conditions similaires.","og_url":"https:\/\/msacanada.ca\/fr\/quest-ce-que-ams\/maladies-qui-imitent-ams\/","og_site_name":"MSA Canada","article_publisher":"https:\/\/www.facebook.com\/defeatmsacanada\/","article_modified_time":"2025-05-16T20:53:40+00:00","og_image":[{"width":1920,"height":1008,"url":"https:\/\/msacanada.ca\/wp-content\/uploads\/2025\/04\/MSA-Featured.jpg","type":"image\/jpeg"}],"twitter_card":"summary_large_image","twitter_misc":{"Dur\u00e9e de lecture estim\u00e9e":"2 minutes"},"schema":{"@context":"https:\/\/schema.org","@graph":[{"@type":"WebPage","@id":"https:\/\/msacanada.ca\/fr\/quest-ce-que-ams\/maladies-qui-imitent-ams\/","url":"https:\/\/msacanada.ca\/fr\/quest-ce-que-ams\/maladies-qui-imitent-ams\/","name":"Maladies mimant l\u2019AMS | Troubles g\u00e9n\u00e9tiques mimant l\u2019AMS","isPartOf":{"@id":"https:\/\/msacanada.ca\/fr\/#website"},"primaryImageOfPage":{"@id":"https:\/\/msacanada.ca\/fr\/quest-ce-que-ams\/maladies-qui-imitent-ams\/#primaryimage"},"image":{"@id":"https:\/\/msacanada.ca\/fr\/quest-ce-que-ams\/maladies-qui-imitent-ams\/#primaryimage"},"thumbnailUrl":"https:\/\/msacanada.ca\/wp-content\/uploads\/2025\/04\/MSA-Featured.jpg","datePublished":"2025-02-05T22:06:43+00:00","dateModified":"2025-05-16T20:53:40+00:00","description":"D\u00e9couvrez les maladies g\u00e9n\u00e9tiques et autres troubles qui imitent les sympt\u00f4mes de l\u2019AMS, afin de mieux distinguer l\u2019AMS des conditions similaires.","breadcrumb":{"@id":"https:\/\/msacanada.ca\/fr\/quest-ce-que-ams\/maladies-qui-imitent-ams\/#breadcrumb"},"inLanguage":"fr-FR","potentialAction":[{"@type":"ReadAction","target":["https:\/\/msacanada.ca\/fr\/quest-ce-que-ams\/maladies-qui-imitent-ams\/"]}]},{"@type":"ImageObject","inLanguage":"fr-FR","@id":"https:\/\/msacanada.ca\/fr\/quest-ce-que-ams\/maladies-qui-imitent-ams\/#primaryimage","url":"https:\/\/msacanada.ca\/wp-content\/uploads\/2025\/04\/MSA-Featured.jpg","contentUrl":"https:\/\/msacanada.ca\/wp-content\/uploads\/2025\/04\/MSA-Featured.jpg","width":1920,"height":1008},{"@type":"BreadcrumbList","@id":"https:\/\/msacanada.ca\/fr\/quest-ce-que-ams\/maladies-qui-imitent-ams\/#breadcrumb","itemListElement":[{"@type":"ListItem","position":1,"name":"Home","item":"https:\/\/msacanada.ca\/fr\/"},{"@type":"ListItem","position":2,"name":"Qu\u2019est-ce que l&#8217;AMS ?","item":"https:\/\/msacanada.ca\/fr\/what-is-msa\/"},{"@type":"ListItem","position":3,"name":"Maladies qui imitent l\u2019AMS"}]},{"@type":"WebSite","@id":"https:\/\/msacanada.ca\/fr\/#website","url":"https:\/\/msacanada.ca\/fr\/","name":"MSA Canada","description":"Defeat MSA\/Vaincre AMS Canada","publisher":{"@id":"https:\/\/msacanada.ca\/fr\/#organization"},"potentialAction":[{"@type":"SearchAction","target":{"@type":"EntryPoint","urlTemplate":"https:\/\/msacanada.ca\/fr\/?s={search_term_string}"},"query-input":{"@type":"PropertyValueSpecification","valueRequired":true,"valueName":"search_term_string"}}],"inLanguage":"fr-FR"},{"@type":"Organization","@id":"https:\/\/msacanada.ca\/fr\/#organization","name":"MSA Canada","url":"https:\/\/msacanada.ca\/fr\/","logo":{"@type":"ImageObject","inLanguage":"fr-FR","@id":"https:\/\/msacanada.ca\/fr\/#\/schema\/logo\/image\/","url":"https:\/\/msacanada.ca\/wp-content\/uploads\/2024\/11\/MSA-Canada-Logo-ret.png","contentUrl":"https:\/\/msacanada.ca\/wp-content\/uploads\/2024\/11\/MSA-Canada-Logo-ret.png","width":400,"height":400,"caption":"MSA Canada"},"image":{"@id":"https:\/\/msacanada.ca\/fr\/#\/schema\/logo\/image\/"},"sameAs":["https:\/\/www.facebook.com\/defeatmsacanada\/","https:\/\/www.instagram.com\/msaamscanada\/","https:\/\/www.youtube.com\/channel\/UCT9R2fSQUFmhiJ_xP3hICxg","https:\/\/www.linkedin.com\/company\/defeatmsacanada"]}]}},"_links":{"self":[{"href":"https:\/\/msacanada.ca\/fr\/wp-json\/wp\/v2\/pages\/241835","targetHints":{"allow":["GET"]}}],"collection":[{"href":"https:\/\/msacanada.ca\/fr\/wp-json\/wp\/v2\/pages"}],"about":[{"href":"https:\/\/msacanada.ca\/fr\/wp-json\/wp\/v2\/types\/page"}],"author":[{"embeddable":true,"href":"https:\/\/msacanada.ca\/fr\/wp-json\/wp\/v2\/users\/2"}],"replies":[{"embeddable":true,"href":"https:\/\/msacanada.ca\/fr\/wp-json\/wp\/v2\/comments?post=241835"}],"version-history":[{"count":4,"href":"https:\/\/msacanada.ca\/fr\/wp-json\/wp\/v2\/pages\/241835\/revisions"}],"predecessor-version":[{"id":242463,"href":"https:\/\/msacanada.ca\/fr\/wp-json\/wp\/v2\/pages\/241835\/revisions\/242463"}],"up":[{"embeddable":true,"href":"https:\/\/msacanada.ca\/fr\/wp-json\/wp\/v2\/pages\/241831"}],"wp:featuredmedia":[{"embeddable":true,"href":"https:\/\/msacanada.ca\/fr\/wp-json\/wp\/v2\/media\/241712"}],"wp:attachment":[{"href":"https:\/\/msacanada.ca\/fr\/wp-json\/wp\/v2\/media?parent=241835"}],"curies":[{"name":"wp","href":"https:\/\/api.w.org\/{rel}","templated":true}]}}