{"id":241838,"date":"2025-02-05T23:11:45","date_gmt":"2025-02-05T23:11:45","guid":{"rendered":"https:\/\/msacanada.ca\/quest-ce-que-la-msa\/download-quick-summary-about-msa-in-english-french\/"},"modified":"2025-05-15T18:59:09","modified_gmt":"2025-05-15T18:59:09","slug":"telecharger-un-resume-rapide-sur-lams","status":"publish","type":"page","link":"https:\/\/msacanada.ca\/fr\/quest-ce-que-ams\/telecharger-un-resume-rapide-sur-lams\/","title":{"rendered":"T\u00e9l\u00e9charger un r\u00e9sum\u00e9 rapide sur l\u2019AMS"},"content":{"rendered":"<div class=\"wpb-content-wrapper\"><p>[vc_row css=\u00a0\u00bb.vc_custom_1738797574137{margin-top: 30px !important;padding-right: 30px !important;padding-bottom: 30px !important;padding-left: 30px !important;background-color: #F8F8F8 !important;border-radius: 15px !important;}\u00a0\u00bb][vc_column][vc_column_text css=\u00a0\u00bb.vc_custom_1738797659958{margin-bottom: 15px !important;}\u00a0\u00bb]<\/p>\n<div align=\"center\">\n<h3>L\u2019Atrophie Multi Syst\u00e9matis\u00e9e (AMS)<\/h3>\n<\/div>\n<p>[\/vc_column_text]<style type=\"text\/css\" data-type=\"the7_shortcodes-inline-css\">#default-btn-fbc224ac31859b2dbc845d102cc0a278 {\n  border-radius: 3px;\n  font-size: 16px;\n  line-height: 18px;\n}\n.btn-shadow#default-btn-fbc224ac31859b2dbc845d102cc0a278 {\n  box-shadow: 0 1px 6px rgba(0,0,0,0.12);\n  transition: box-shadow 0.2s ease-out, opacity 0.45s;\n}\n.btn-shadow#default-btn-fbc224ac31859b2dbc845d102cc0a278:hover {\n  box-shadow: 0 5px 11px 0 rgba(0,0,0,0.18), 0 4px 15px 0 rgba(0,0,0,0.15);\n}\n.btn-3d#default-btn-fbc224ac31859b2dbc845d102cc0a278 {\n  box-shadow: 0px 2px 0px 0px #5c5166;\n}\n.btn-3d#default-btn-fbc224ac31859b2dbc845d102cc0a278:hover {\n  box-shadow: 0px 2px 0px 0px #403848;\n}\n.btn-flat#default-btn-fbc224ac31859b2dbc845d102cc0a278 {\n  box-shadow: none;\n}\n.btn-flat#default-btn-fbc224ac31859b2dbc845d102cc0a278:hover {\n  box-shadow: none;\n}\n#default-btn-fbc224ac31859b2dbc845d102cc0a278.ico-right-side > i {\n  margin-right: 0px;\n  margin-left: 10px;\n}\n#default-btn-fbc224ac31859b2dbc845d102cc0a278 > i {\n  margin-right: 10px;\n  font-size: 16px;\n}\n#default-btn-fbc224ac31859b2dbc845d102cc0a278:not(:hover) {\n  border-width: 1px;\n  border-color: #7B54A0 !important;\n  color: #FFFFFF;\n  background: #7B54A0 !important;\n  padding: 10px 15px 10px 15px;\n}\n#default-btn-fbc224ac31859b2dbc845d102cc0a278:not(:hover) * {\n  color: #FFFFFF;\n}\n#default-btn-fbc224ac31859b2dbc845d102cc0a278:hover {\n  border-width: 1px;\n  border-color: #5F407D !important;\n  color: #FFFFFF;\n  background: #5F407D !important;\n  padding: 10px 15px 10px 15px;\n}\n#default-btn-fbc224ac31859b2dbc845d102cc0a278:hover * {\n  color: #FFFFFF;\n}\n#default-btn-fbc224ac31859b2dbc845d102cc0a278.ico-right-side > i {\n  margin-right: 0px;\n  margin-left: 10px;\n}\n#default-btn-fbc224ac31859b2dbc845d102cc0a278 > i {\n  margin-right: 10px;\n}\n<\/style><div class=\"btn-align-center\"><a href=\"https:\/\/msacanada.ca\/wp-content\/uploads\/2025\/02\/Sommaire-AMS.pdf\" class=\"default-btn-shortcode dt-btn link-hover-off ico-right-side btn-flat \" target=\"_blank\" id=\"default-btn-fbc224ac31859b2dbc845d102cc0a278\" rel=\"noopener\"><span>T\u00c9L\u00c9CHARGER<\/span><i class=\"fas fa-file-pdf\"><\/i><\/a><\/div>[\/vc_column][\/vc_row]<\/p>\n<\/div>","protected":false},"excerpt":{"rendered":"<p>[vc_row css=\u00a0\u00bb.vc_custom_1738797574137{margin-top: 30px !important;padding-right: 30px !important;padding-bottom: 30px !important;padding-left: 30px !important;background-color: #F8F8F8 !important;border-radius: 15px !important;}\u00a0\u00bb][vc_column][vc_column_text css=\u00a0\u00bb.vc_custom_1738797659958{margin-bottom: 15px !important;}\u00a0\u00bb] L\u2019Atrophie Multi Syst\u00e9matis\u00e9e (AMS) [\/vc_column_text][\/vc_column][\/vc_row]<\/p>\n","protected":false},"author":2,"featured_media":241712,"parent":241831,"menu_order":0,"comment_status":"closed","ping_status":"closed","template":"","meta":{"footnotes":""},"class_list":["post-241838","page","type-page","status-publish","has-post-thumbnail","hentry","description-off"],"yoast_head":"<!-- This site is optimized with the Yoast SEO plugin v25.3 - https:\/\/yoast.com\/wordpress\/plugins\/seo\/ -->\n<title>T\u00e9l\u00e9charger un r\u00e9sum\u00e9 rapide sur l\u2019AMS<\/title>\n<meta name=\"description\" content=\"Acc\u00e9dez \u00e0 un r\u00e9sum\u00e9 rapide de l\u2019AMS. D\u00e9couvrez les informations cl\u00e9s sur l\u2019Atrophie Multi-Syst\u00e9matis\u00e9e en un format concis.\" \/>\n<meta name=\"robots\" content=\"index, follow, max-snippet:-1, max-image-preview:large, max-video-preview:-1\" \/>\n<link rel=\"canonical\" href=\"https:\/\/msacanada.ca\/fr\/quest-ce-que-ams\/telecharger-un-resume-rapide-sur-lams\/\" \/>\n<meta property=\"og:locale\" content=\"fr_FR\" \/>\n<meta property=\"og:type\" content=\"article\" \/>\n<meta property=\"og:title\" content=\"T\u00e9l\u00e9charger un r\u00e9sum\u00e9 rapide sur l\u2019AMS\" \/>\n<meta property=\"og:description\" content=\"Acc\u00e9dez \u00e0 un r\u00e9sum\u00e9 rapide de l\u2019AMS. D\u00e9couvrez les informations cl\u00e9s sur l\u2019Atrophie Multi-Syst\u00e9matis\u00e9e en un format concis.\" \/>\n<meta property=\"og:url\" content=\"https:\/\/msacanada.ca\/fr\/quest-ce-que-ams\/telecharger-un-resume-rapide-sur-lams\/\" \/>\n<meta property=\"og:site_name\" content=\"MSA Canada\" \/>\n<meta property=\"article:publisher\" content=\"https:\/\/www.facebook.com\/defeatmsacanada\/\" \/>\n<meta property=\"article:modified_time\" content=\"2025-05-15T18:59:09+00:00\" \/>\n<meta property=\"og:image\" content=\"https:\/\/msacanada.ca\/wp-content\/uploads\/2025\/04\/MSA-Featured.jpg\" \/>\n\t<meta property=\"og:image:width\" content=\"1920\" \/>\n\t<meta property=\"og:image:height\" content=\"1008\" \/>\n\t<meta property=\"og:image:type\" content=\"image\/jpeg\" \/>\n<meta name=\"twitter:card\" content=\"summary_large_image\" \/>\n<meta name=\"twitter:label1\" content=\"Dur\u00e9e de lecture estim\u00e9e\" \/>\n\t<meta name=\"twitter:data1\" content=\"1 minute\" \/>\n<script type=\"application\/ld+json\" class=\"yoast-schema-graph\">{\"@context\":\"https:\/\/schema.org\",\"@graph\":[{\"@type\":\"WebPage\",\"@id\":\"https:\/\/msacanada.ca\/fr\/quest-ce-que-ams\/telecharger-un-resume-rapide-sur-lams\/\",\"url\":\"https:\/\/msacanada.ca\/fr\/quest-ce-que-ams\/telecharger-un-resume-rapide-sur-lams\/\",\"name\":\"T\u00e9l\u00e9charger un r\u00e9sum\u00e9 rapide sur l\u2019AMS\",\"isPartOf\":{\"@id\":\"https:\/\/msacanada.ca\/fr\/#website\"},\"primaryImageOfPage\":{\"@id\":\"https:\/\/msacanada.ca\/fr\/quest-ce-que-ams\/telecharger-un-resume-rapide-sur-lams\/#primaryimage\"},\"image\":{\"@id\":\"https:\/\/msacanada.ca\/fr\/quest-ce-que-ams\/telecharger-un-resume-rapide-sur-lams\/#primaryimage\"},\"thumbnailUrl\":\"https:\/\/msacanada.ca\/wp-content\/uploads\/2025\/04\/MSA-Featured.jpg\",\"datePublished\":\"2025-02-05T23:11:45+00:00\",\"dateModified\":\"2025-05-15T18:59:09+00:00\",\"description\":\"Acc\u00e9dez \u00e0 un r\u00e9sum\u00e9 rapide de l\u2019AMS. D\u00e9couvrez les informations cl\u00e9s sur l\u2019Atrophie Multi-Syst\u00e9matis\u00e9e en un format concis.\",\"breadcrumb\":{\"@id\":\"https:\/\/msacanada.ca\/fr\/quest-ce-que-ams\/telecharger-un-resume-rapide-sur-lams\/#breadcrumb\"},\"inLanguage\":\"fr-FR\",\"potentialAction\":[{\"@type\":\"ReadAction\",\"target\":[\"https:\/\/msacanada.ca\/fr\/quest-ce-que-ams\/telecharger-un-resume-rapide-sur-lams\/\"]}]},{\"@type\":\"ImageObject\",\"inLanguage\":\"fr-FR\",\"@id\":\"https:\/\/msacanada.ca\/fr\/quest-ce-que-ams\/telecharger-un-resume-rapide-sur-lams\/#primaryimage\",\"url\":\"https:\/\/msacanada.ca\/wp-content\/uploads\/2025\/04\/MSA-Featured.jpg\",\"contentUrl\":\"https:\/\/msacanada.ca\/wp-content\/uploads\/2025\/04\/MSA-Featured.jpg\",\"width\":1920,\"height\":1008},{\"@type\":\"BreadcrumbList\",\"@id\":\"https:\/\/msacanada.ca\/fr\/quest-ce-que-ams\/telecharger-un-resume-rapide-sur-lams\/#breadcrumb\",\"itemListElement\":[{\"@type\":\"ListItem\",\"position\":1,\"name\":\"Home\",\"item\":\"https:\/\/msacanada.ca\/fr\/\"},{\"@type\":\"ListItem\",\"position\":2,\"name\":\"Qu\u2019est-ce que l&#8217;AMS ?\",\"item\":\"https:\/\/msacanada.ca\/fr\/what-is-msa\/\"},{\"@type\":\"ListItem\",\"position\":3,\"name\":\"T\u00e9l\u00e9charger un r\u00e9sum\u00e9 rapide sur l\u2019AMS\"}]},{\"@type\":\"WebSite\",\"@id\":\"https:\/\/msacanada.ca\/fr\/#website\",\"url\":\"https:\/\/msacanada.ca\/fr\/\",\"name\":\"MSA Canada\",\"description\":\"Defeat MSA\/Vaincre AMS Canada\",\"publisher\":{\"@id\":\"https:\/\/msacanada.ca\/fr\/#organization\"},\"potentialAction\":[{\"@type\":\"SearchAction\",\"target\":{\"@type\":\"EntryPoint\",\"urlTemplate\":\"https:\/\/msacanada.ca\/fr\/?s={search_term_string}\"},\"query-input\":{\"@type\":\"PropertyValueSpecification\",\"valueRequired\":true,\"valueName\":\"search_term_string\"}}],\"inLanguage\":\"fr-FR\"},{\"@type\":\"Organization\",\"@id\":\"https:\/\/msacanada.ca\/fr\/#organization\",\"name\":\"MSA Canada\",\"url\":\"https:\/\/msacanada.ca\/fr\/\",\"logo\":{\"@type\":\"ImageObject\",\"inLanguage\":\"fr-FR\",\"@id\":\"https:\/\/msacanada.ca\/fr\/#\/schema\/logo\/image\/\",\"url\":\"https:\/\/msacanada.ca\/wp-content\/uploads\/2024\/11\/MSA-Canada-Logo-ret.png\",\"contentUrl\":\"https:\/\/msacanada.ca\/wp-content\/uploads\/2024\/11\/MSA-Canada-Logo-ret.png\",\"width\":400,\"height\":400,\"caption\":\"MSA Canada\"},\"image\":{\"@id\":\"https:\/\/msacanada.ca\/fr\/#\/schema\/logo\/image\/\"},\"sameAs\":[\"https:\/\/www.facebook.com\/defeatmsacanada\/\",\"https:\/\/www.instagram.com\/msaamscanada\/\",\"https:\/\/www.youtube.com\/channel\/UCT9R2fSQUFmhiJ_xP3hICxg\",\"https:\/\/www.linkedin.com\/company\/defeatmsacanada\"]}]}<\/script>\n<!-- \/ Yoast SEO plugin. -->","yoast_head_json":{"title":"T\u00e9l\u00e9charger un r\u00e9sum\u00e9 rapide sur l\u2019AMS","description":"Acc\u00e9dez \u00e0 un r\u00e9sum\u00e9 rapide de l\u2019AMS. D\u00e9couvrez les informations cl\u00e9s sur l\u2019Atrophie Multi-Syst\u00e9matis\u00e9e en un format concis.","robots":{"index":"index","follow":"follow","max-snippet":"max-snippet:-1","max-image-preview":"max-image-preview:large","max-video-preview":"max-video-preview:-1"},"canonical":"https:\/\/msacanada.ca\/fr\/quest-ce-que-ams\/telecharger-un-resume-rapide-sur-lams\/","og_locale":"fr_FR","og_type":"article","og_title":"T\u00e9l\u00e9charger un r\u00e9sum\u00e9 rapide sur l\u2019AMS","og_description":"Acc\u00e9dez \u00e0 un r\u00e9sum\u00e9 rapide de l\u2019AMS. D\u00e9couvrez les informations cl\u00e9s sur l\u2019Atrophie Multi-Syst\u00e9matis\u00e9e en un format concis.","og_url":"https:\/\/msacanada.ca\/fr\/quest-ce-que-ams\/telecharger-un-resume-rapide-sur-lams\/","og_site_name":"MSA Canada","article_publisher":"https:\/\/www.facebook.com\/defeatmsacanada\/","article_modified_time":"2025-05-15T18:59:09+00:00","og_image":[{"width":1920,"height":1008,"url":"https:\/\/msacanada.ca\/wp-content\/uploads\/2025\/04\/MSA-Featured.jpg","type":"image\/jpeg"}],"twitter_card":"summary_large_image","twitter_misc":{"Dur\u00e9e de lecture estim\u00e9e":"1 minute"},"schema":{"@context":"https:\/\/schema.org","@graph":[{"@type":"WebPage","@id":"https:\/\/msacanada.ca\/fr\/quest-ce-que-ams\/telecharger-un-resume-rapide-sur-lams\/","url":"https:\/\/msacanada.ca\/fr\/quest-ce-que-ams\/telecharger-un-resume-rapide-sur-lams\/","name":"T\u00e9l\u00e9charger un r\u00e9sum\u00e9 rapide sur l\u2019AMS","isPartOf":{"@id":"https:\/\/msacanada.ca\/fr\/#website"},"primaryImageOfPage":{"@id":"https:\/\/msacanada.ca\/fr\/quest-ce-que-ams\/telecharger-un-resume-rapide-sur-lams\/#primaryimage"},"image":{"@id":"https:\/\/msacanada.ca\/fr\/quest-ce-que-ams\/telecharger-un-resume-rapide-sur-lams\/#primaryimage"},"thumbnailUrl":"https:\/\/msacanada.ca\/wp-content\/uploads\/2025\/04\/MSA-Featured.jpg","datePublished":"2025-02-05T23:11:45+00:00","dateModified":"2025-05-15T18:59:09+00:00","description":"Acc\u00e9dez \u00e0 un r\u00e9sum\u00e9 rapide de l\u2019AMS. D\u00e9couvrez les informations cl\u00e9s sur l\u2019Atrophie Multi-Syst\u00e9matis\u00e9e en un format concis.","breadcrumb":{"@id":"https:\/\/msacanada.ca\/fr\/quest-ce-que-ams\/telecharger-un-resume-rapide-sur-lams\/#breadcrumb"},"inLanguage":"fr-FR","potentialAction":[{"@type":"ReadAction","target":["https:\/\/msacanada.ca\/fr\/quest-ce-que-ams\/telecharger-un-resume-rapide-sur-lams\/"]}]},{"@type":"ImageObject","inLanguage":"fr-FR","@id":"https:\/\/msacanada.ca\/fr\/quest-ce-que-ams\/telecharger-un-resume-rapide-sur-lams\/#primaryimage","url":"https:\/\/msacanada.ca\/wp-content\/uploads\/2025\/04\/MSA-Featured.jpg","contentUrl":"https:\/\/msacanada.ca\/wp-content\/uploads\/2025\/04\/MSA-Featured.jpg","width":1920,"height":1008},{"@type":"BreadcrumbList","@id":"https:\/\/msacanada.ca\/fr\/quest-ce-que-ams\/telecharger-un-resume-rapide-sur-lams\/#breadcrumb","itemListElement":[{"@type":"ListItem","position":1,"name":"Home","item":"https:\/\/msacanada.ca\/fr\/"},{"@type":"ListItem","position":2,"name":"Qu\u2019est-ce que l&#8217;AMS ?","item":"https:\/\/msacanada.ca\/fr\/what-is-msa\/"},{"@type":"ListItem","position":3,"name":"T\u00e9l\u00e9charger un r\u00e9sum\u00e9 rapide sur l\u2019AMS"}]},{"@type":"WebSite","@id":"https:\/\/msacanada.ca\/fr\/#website","url":"https:\/\/msacanada.ca\/fr\/","name":"MSA Canada","description":"Defeat MSA\/Vaincre AMS Canada","publisher":{"@id":"https:\/\/msacanada.ca\/fr\/#organization"},"potentialAction":[{"@type":"SearchAction","target":{"@type":"EntryPoint","urlTemplate":"https:\/\/msacanada.ca\/fr\/?s={search_term_string}"},"query-input":{"@type":"PropertyValueSpecification","valueRequired":true,"valueName":"search_term_string"}}],"inLanguage":"fr-FR"},{"@type":"Organization","@id":"https:\/\/msacanada.ca\/fr\/#organization","name":"MSA Canada","url":"https:\/\/msacanada.ca\/fr\/","logo":{"@type":"ImageObject","inLanguage":"fr-FR","@id":"https:\/\/msacanada.ca\/fr\/#\/schema\/logo\/image\/","url":"https:\/\/msacanada.ca\/wp-content\/uploads\/2024\/11\/MSA-Canada-Logo-ret.png","contentUrl":"https:\/\/msacanada.ca\/wp-content\/uploads\/2024\/11\/MSA-Canada-Logo-ret.png","width":400,"height":400,"caption":"MSA Canada"},"image":{"@id":"https:\/\/msacanada.ca\/fr\/#\/schema\/logo\/image\/"},"sameAs":["https:\/\/www.facebook.com\/defeatmsacanada\/","https:\/\/www.instagram.com\/msaamscanada\/","https:\/\/www.youtube.com\/channel\/UCT9R2fSQUFmhiJ_xP3hICxg","https:\/\/www.linkedin.com\/company\/defeatmsacanada"]}]}},"_links":{"self":[{"href":"https:\/\/msacanada.ca\/fr\/wp-json\/wp\/v2\/pages\/241838","targetHints":{"allow":["GET"]}}],"collection":[{"href":"https:\/\/msacanada.ca\/fr\/wp-json\/wp\/v2\/pages"}],"about":[{"href":"https:\/\/msacanada.ca\/fr\/wp-json\/wp\/v2\/types\/page"}],"author":[{"embeddable":true,"href":"https:\/\/msacanada.ca\/fr\/wp-json\/wp\/v2\/users\/2"}],"replies":[{"embeddable":true,"href":"https:\/\/msacanada.ca\/fr\/wp-json\/wp\/v2\/comments?post=241838"}],"version-history":[{"count":2,"href":"https:\/\/msacanada.ca\/fr\/wp-json\/wp\/v2\/pages\/241838\/revisions"}],"predecessor-version":[{"id":241840,"href":"https:\/\/msacanada.ca\/fr\/wp-json\/wp\/v2\/pages\/241838\/revisions\/241840"}],"up":[{"embeddable":true,"href":"https:\/\/msacanada.ca\/fr\/wp-json\/wp\/v2\/pages\/241831"}],"wp:featuredmedia":[{"embeddable":true,"href":"https:\/\/msacanada.ca\/fr\/wp-json\/wp\/v2\/media\/241712"}],"wp:attachment":[{"href":"https:\/\/msacanada.ca\/fr\/wp-json\/wp\/v2\/media?parent=241838"}],"curies":[{"name":"wp","href":"https:\/\/api.w.org\/{rel}","templated":true}]}}