{"id":242636,"date":"2025-12-19T04:41:02","date_gmt":"2025-12-19T04:41:02","guid":{"rendered":"https:\/\/msacanada.ca\/?page_id=242636"},"modified":"2025-12-19T04:41:02","modified_gmt":"2025-12-19T04:41:02","slug":"fonds-beverly-rundle-woolcock-pour-la-recherche-et-la-sensibilisation-a-lams-2","status":"publish","type":"page","link":"https:\/\/msacanada.ca\/fr\/programmes-de-dons\/fonds-de-legs\/fonds-beverly-rundle-woolcock-pour-la-recherche-et-la-sensibilisation-a-lams-2\/","title":{"rendered":"Fonds Beverly Rundle Woolcock pour la recherche et la sensibilisation \u00e0 l\u2019AMS"},"content":{"rendered":"<div class=\"wpb-content-wrapper\"><p>[vc_row][vc_column][vc_row_inner][vc_column_inner width=\u00a0\u00bb1\/4&Prime;][vc_column_text css=\u00a0\u00bb\u00a0\u00bb]<img loading=\"lazy\" decoding=\"async\" class=\"alignnone size-full wp-image-459\" src=\"https:\/\/msacanada.ca\/wp-content\/uploads\/2025\/02\/Beverly-Rundle-Woolcock.png\" alt=\"Beverly Rundle Woolcock\" width=\"479\" height=\"479\" srcset=\"https:\/\/msacanada.ca\/wp-content\/uploads\/2025\/02\/Beverly-Rundle-Woolcock.png 479w, https:\/\/msacanada.ca\/wp-content\/uploads\/2025\/02\/Beverly-Rundle-Woolcock-300x300.png 300w, https:\/\/msacanada.ca\/wp-content\/uploads\/2025\/02\/Beverly-Rundle-Woolcock-150x150.png 150w\" sizes=\"auto, (max-width: 479px) 100vw, 479px\" \/>[\/vc_column_text][\/vc_column_inner][vc_column_inner width=\u00a0\u00bb3\/4&Prime;][vc_column_text css=\u00a0\u00bb\u00a0\u00bb]1956-2021<\/p>\n<p>C\u2019est le c\u0153ur lourd que nous annon\u00e7ons le d\u00e9c\u00e8s de Beverly Rundle-Woolcock survenu le 4 janvier 2021.<\/p>\n<p>Beverly est n\u00e9e le 10 d\u00e9cembre 1956 \u00e0 Iroquois Falls, Ontario.<\/p>\n<p>Elle \u00e9tait tr\u00e8s aim\u00e9e et manquera \u00e9norm\u00e9ment \u00e0 son \u00e9poux Barry, qu\u2019elle a aim\u00e9 pendant 45 ans\u202f; \u00e0 sa s\u0153ur Deidre\u202f; \u00e0 ses belles-s\u0153urs Brenda (Terry) et Betty\u202f; ainsi qu\u2019\u00e0 ses ni\u00e8ces, neveux et nombreux amis. Elle a \u00e9t\u00e9 pr\u00e9c\u00e9d\u00e9e dans la mort par ses parents.<\/p>\n<p>Beverly a grandi \u00e0 Portage La Prairie, Manitoba, avant de s\u2019installer en Colombie-Britannique o\u00f9 elle a rencontr\u00e9 l\u2019amour de sa vie, Barry. Beverly a travaill\u00e9 pour plusieurs entreprises tout au long de sa vie avant de prendre sa retraite \u00e0 Summerland, en Colombie-Britannique.<\/p>\n<p>Beverly avait de nombreux passe-temps et int\u00e9r\u00eats, notamment le crochet, les longues promenades, le camping, ainsi que leurs chiens.<\/p>\n<p>Elle aimait chanter et faisait partie du ch\u0153ur de la Handel Society of Music. Elle a particip\u00e9 avec eux \u00e0 des concerts avec le VSO (Vancouver Symphony Orchestra) et des solistes renomm\u00e9s, interpr\u00e9tant le \u201cMessie\u201d de Handel \u00e0 White Rock pendant la p\u00e9riode de No\u00ebl. Elle a effectu\u00e9 six repr\u00e9sentations en trois ans devant des salles combles. Elle a aussi jou\u00e9 pendant deux ans dans la troupe de Gilbert &amp; Sullivan dans la pi\u00e8ce \u201cMother Goose\u201d. Elle adorait jouer du piano au Dr. Andrew Pavilion et faire du b\u00e9n\u00e9volat \u00e0 la boutique d\u2019articles usag\u00e9s du Summerland Health Auxiliary, o\u00f9 son rire contagieux \u00e9tait appr\u00e9ci\u00e9 de tous.<br \/>\n[\/vc_column_text]<style type=\"text\/css\" data-type=\"the7_shortcodes-inline-css\">#default-btn-4317857619e3143cff4eb3febc85c2d3 {\n  border-radius: 3px;\n  font-size: 16px;\n  line-height: 18px;\n}\n.btn-shadow#default-btn-4317857619e3143cff4eb3febc85c2d3 {\n  box-shadow: 0 1px 6px rgba(0,0,0,0.12);\n  transition: box-shadow 0.2s ease-out, opacity 0.45s;\n}\n.btn-shadow#default-btn-4317857619e3143cff4eb3febc85c2d3:hover {\n  box-shadow: 0 5px 11px 0 rgba(0,0,0,0.18), 0 4px 15px 0 rgba(0,0,0,0.15);\n}\n.btn-3d#default-btn-4317857619e3143cff4eb3febc85c2d3 {\n  box-shadow: 0px 2px 0px 0px #903143;\n}\n.btn-3d#default-btn-4317857619e3143cff4eb3febc85c2d3:hover {\n  box-shadow: 0px 2px 0px 0px #562b2f;\n}\n.btn-flat#default-btn-4317857619e3143cff4eb3febc85c2d3 {\n  box-shadow: none;\n}\n.btn-flat#default-btn-4317857619e3143cff4eb3febc85c2d3:hover {\n  box-shadow: none;\n}\n#default-btn-4317857619e3143cff4eb3febc85c2d3.ico-right-side > i {\n  margin-right: 0px;\n  margin-left: 10px;\n}\n#default-btn-4317857619e3143cff4eb3febc85c2d3 > i {\n  margin-right: 10px;\n  font-size: 16px;\n}\n#default-btn-4317857619e3143cff4eb3febc85c2d3:not(:hover) {\n  border-width: 1px;\n  border-color: #D72749 !important;\n  color: #FFFFFF;\n  background: #D72749 !important;\n  padding: 15px 20px 15px 20px;\n}\n#default-btn-4317857619e3143cff4eb3febc85c2d3:not(:hover) * {\n  color: #FFFFFF;\n}\n#default-btn-4317857619e3143cff4eb3febc85c2d3:hover {\n  border-width: 1px;\n  border-color: #922C35 !important;\n  color: #FFFFFF;\n  background: #922C35 !important;\n  padding: 15px 20px 15px 20px;\n}\n#default-btn-4317857619e3143cff4eb3febc85c2d3:hover * {\n  color: #FFFFFF;\n}\n#default-btn-4317857619e3143cff4eb3febc85c2d3.ico-right-side > i {\n  margin-right: 0px;\n  margin-left: 10px;\n}\n#default-btn-4317857619e3143cff4eb3febc85c2d3 > i {\n  margin-right: 10px;\n}\n<\/style><a href=\"https:\/\/msacanada.ca\/donate\/\" class=\"default-btn-shortcode dt-btn link-hover-off ico-right-side btn-inline-left btn-flat \" id=\"default-btn-4317857619e3143cff4eb3febc85c2d3\"><span>FAIRE UN DON AU FONDS COMM\u00c9MORATIF DAVID EDEY<\/span><i class=\"dt-icon-the7-arrow-0-41\"><\/i><\/a>[\/vc_column_inner][\/vc_row_inner][\/vc_column][\/vc_row]<\/p>\n<\/div>","protected":false},"excerpt":{"rendered":"<p>[vc_row][vc_column][vc_row_inner][vc_column_inner width=\u00a0\u00bb1\/4&Prime;][vc_column_text css=\u00a0\u00bb\u00a0\u00bb][\/vc_column_text][\/vc_column_inner][vc_column_inner width=\u00a0\u00bb3\/4&Prime;][vc_column_text css=\u00a0\u00bb\u00a0\u00bb]1956-2021 C\u2019est le c\u0153ur lourd que nous annon\u00e7ons le d\u00e9c\u00e8s de Beverly Rundle-Woolcock survenu le 4 janvier 2021. Beverly est n\u00e9e le 10 d\u00e9cembre 1956 \u00e0 Iroquois Falls, Ontario. Elle \u00e9tait tr\u00e8s aim\u00e9e et manquera \u00e9norm\u00e9ment \u00e0 son \u00e9poux Barry, qu\u2019elle a aim\u00e9 pendant 45 ans\u202f; \u00e0 sa s\u0153ur Deidre\u202f; \u00e0&hellip;<\/p>\n","protected":false},"author":2,"featured_media":241712,"parent":241747,"menu_order":0,"comment_status":"closed","ping_status":"closed","template":"","meta":{"footnotes":""},"class_list":["post-242636","page","type-page","status-publish","has-post-thumbnail","hentry","description-off"],"yoast_head":"<!-- This site is optimized with the Yoast SEO plugin v25.3 - https:\/\/yoast.com\/wordpress\/plugins\/seo\/ -->\n<title>Fonds Beverly Rundle Woolcock pour la recherche et la sensibilisation \u00e0 l\u2019AMS<\/title>\n<meta name=\"description\" content=\"En m\u00e9moire de Beverly Rundle Woolcock. Les dons faits en son honneur soutiennent la recherche et la d\u00e9fense des droits li\u00e9s \u00e0 l\u2019AMS par l\u2019interm\u00e9diaire de Vaincre l\u2019AMS Canada.\" \/>\n<meta name=\"robots\" content=\"index, follow, max-snippet:-1, max-image-preview:large, max-video-preview:-1\" \/>\n<link rel=\"canonical\" href=\"https:\/\/msacanada.ca\/fr\/programmes-de-dons\/fonds-de-legs\/fonds-beverly-rundle-woolcock-pour-la-recherche-et-la-sensibilisation-a-lams-2\/\" \/>\n<meta property=\"og:locale\" content=\"fr_FR\" \/>\n<meta property=\"og:type\" content=\"article\" \/>\n<meta property=\"og:title\" content=\"Fonds Beverly Rundle Woolcock pour la recherche et la sensibilisation \u00e0 l\u2019AMS\" \/>\n<meta property=\"og:description\" content=\"En m\u00e9moire de Beverly Rundle Woolcock. Les dons faits en son honneur soutiennent la recherche et la d\u00e9fense des droits li\u00e9s \u00e0 l\u2019AMS par l\u2019interm\u00e9diaire de Vaincre l\u2019AMS Canada.\" \/>\n<meta property=\"og:url\" content=\"https:\/\/msacanada.ca\/fr\/programmes-de-dons\/fonds-de-legs\/fonds-beverly-rundle-woolcock-pour-la-recherche-et-la-sensibilisation-a-lams-2\/\" \/>\n<meta property=\"og:site_name\" content=\"MSA Canada\" \/>\n<meta property=\"article:publisher\" content=\"https:\/\/www.facebook.com\/defeatmsacanada\/\" \/>\n<meta property=\"og:image\" content=\"https:\/\/msacanada.ca\/wp-content\/uploads\/2025\/04\/MSA-Featured.jpg\" \/>\n\t<meta property=\"og:image:width\" content=\"1920\" \/>\n\t<meta property=\"og:image:height\" content=\"1008\" \/>\n\t<meta property=\"og:image:type\" content=\"image\/jpeg\" \/>\n<meta name=\"twitter:card\" content=\"summary_large_image\" \/>\n<meta name=\"twitter:label1\" content=\"Dur\u00e9e de lecture estim\u00e9e\" \/>\n\t<meta name=\"twitter:data1\" content=\"2 minutes\" \/>\n<script type=\"application\/ld+json\" class=\"yoast-schema-graph\">{\"@context\":\"https:\/\/schema.org\",\"@graph\":[{\"@type\":\"WebPage\",\"@id\":\"https:\/\/msacanada.ca\/fr\/programmes-de-dons\/fonds-de-legs\/fonds-beverly-rundle-woolcock-pour-la-recherche-et-la-sensibilisation-a-lams-2\/\",\"url\":\"https:\/\/msacanada.ca\/fr\/programmes-de-dons\/fonds-de-legs\/fonds-beverly-rundle-woolcock-pour-la-recherche-et-la-sensibilisation-a-lams-2\/\",\"name\":\"Fonds Beverly Rundle Woolcock pour la recherche et la sensibilisation \u00e0 l\u2019AMS\",\"isPartOf\":{\"@id\":\"https:\/\/msacanada.ca\/fr\/#website\"},\"primaryImageOfPage\":{\"@id\":\"https:\/\/msacanada.ca\/fr\/programmes-de-dons\/fonds-de-legs\/fonds-beverly-rundle-woolcock-pour-la-recherche-et-la-sensibilisation-a-lams-2\/#primaryimage\"},\"image\":{\"@id\":\"https:\/\/msacanada.ca\/fr\/programmes-de-dons\/fonds-de-legs\/fonds-beverly-rundle-woolcock-pour-la-recherche-et-la-sensibilisation-a-lams-2\/#primaryimage\"},\"thumbnailUrl\":\"https:\/\/msacanada.ca\/wp-content\/uploads\/2025\/04\/MSA-Featured.jpg\",\"datePublished\":\"2025-12-19T04:41:02+00:00\",\"description\":\"En m\u00e9moire de Beverly Rundle Woolcock. Les dons faits en son honneur soutiennent la recherche et la d\u00e9fense des droits li\u00e9s \u00e0 l\u2019AMS par l\u2019interm\u00e9diaire de Vaincre l\u2019AMS Canada.\",\"breadcrumb\":{\"@id\":\"https:\/\/msacanada.ca\/fr\/programmes-de-dons\/fonds-de-legs\/fonds-beverly-rundle-woolcock-pour-la-recherche-et-la-sensibilisation-a-lams-2\/#breadcrumb\"},\"inLanguage\":\"fr-FR\",\"potentialAction\":[{\"@type\":\"ReadAction\",\"target\":[\"https:\/\/msacanada.ca\/fr\/programmes-de-dons\/fonds-de-legs\/fonds-beverly-rundle-woolcock-pour-la-recherche-et-la-sensibilisation-a-lams-2\/\"]}]},{\"@type\":\"ImageObject\",\"inLanguage\":\"fr-FR\",\"@id\":\"https:\/\/msacanada.ca\/fr\/programmes-de-dons\/fonds-de-legs\/fonds-beverly-rundle-woolcock-pour-la-recherche-et-la-sensibilisation-a-lams-2\/#primaryimage\",\"url\":\"https:\/\/msacanada.ca\/wp-content\/uploads\/2025\/04\/MSA-Featured.jpg\",\"contentUrl\":\"https:\/\/msacanada.ca\/wp-content\/uploads\/2025\/04\/MSA-Featured.jpg\",\"width\":1920,\"height\":1008},{\"@type\":\"BreadcrumbList\",\"@id\":\"https:\/\/msacanada.ca\/fr\/programmes-de-dons\/fonds-de-legs\/fonds-beverly-rundle-woolcock-pour-la-recherche-et-la-sensibilisation-a-lams-2\/#breadcrumb\",\"itemListElement\":[{\"@type\":\"ListItem\",\"position\":1,\"name\":\"Home\",\"item\":\"https:\/\/msacanada.ca\/fr\/\"},{\"@type\":\"ListItem\",\"position\":2,\"name\":\"Programmes de dons\",\"item\":\"https:\/\/msacanada.ca\/fr\/giving-programs\/\"},{\"@type\":\"ListItem\",\"position\":3,\"name\":\"Fonds de legs\",\"item\":\"https:\/\/msacanada.ca\/fr\/giving-programs\/legacy-funds\/\"},{\"@type\":\"ListItem\",\"position\":4,\"name\":\"Fonds Beverly Rundle Woolcock pour la recherche et la sensibilisation \u00e0 l\u2019AMS\"}]},{\"@type\":\"WebSite\",\"@id\":\"https:\/\/msacanada.ca\/fr\/#website\",\"url\":\"https:\/\/msacanada.ca\/fr\/\",\"name\":\"MSA Canada\",\"description\":\"Defeat MSA\/Vaincre AMS Canada\",\"publisher\":{\"@id\":\"https:\/\/msacanada.ca\/fr\/#organization\"},\"potentialAction\":[{\"@type\":\"SearchAction\",\"target\":{\"@type\":\"EntryPoint\",\"urlTemplate\":\"https:\/\/msacanada.ca\/fr\/?s={search_term_string}\"},\"query-input\":{\"@type\":\"PropertyValueSpecification\",\"valueRequired\":true,\"valueName\":\"search_term_string\"}}],\"inLanguage\":\"fr-FR\"},{\"@type\":\"Organization\",\"@id\":\"https:\/\/msacanada.ca\/fr\/#organization\",\"name\":\"MSA Canada\",\"url\":\"https:\/\/msacanada.ca\/fr\/\",\"logo\":{\"@type\":\"ImageObject\",\"inLanguage\":\"fr-FR\",\"@id\":\"https:\/\/msacanada.ca\/fr\/#\/schema\/logo\/image\/\",\"url\":\"https:\/\/msacanada.ca\/wp-content\/uploads\/2024\/11\/MSA-Canada-Logo-ret.png\",\"contentUrl\":\"https:\/\/msacanada.ca\/wp-content\/uploads\/2024\/11\/MSA-Canada-Logo-ret.png\",\"width\":400,\"height\":400,\"caption\":\"MSA Canada\"},\"image\":{\"@id\":\"https:\/\/msacanada.ca\/fr\/#\/schema\/logo\/image\/\"},\"sameAs\":[\"https:\/\/www.facebook.com\/defeatmsacanada\/\",\"https:\/\/www.instagram.com\/msaamscanada\/\",\"https:\/\/www.youtube.com\/channel\/UCT9R2fSQUFmhiJ_xP3hICxg\",\"https:\/\/www.linkedin.com\/company\/defeatmsacanada\"]}]}<\/script>\n<!-- \/ Yoast SEO plugin. -->","yoast_head_json":{"title":"Fonds Beverly Rundle Woolcock pour la recherche et la sensibilisation \u00e0 l\u2019AMS","description":"En m\u00e9moire de Beverly Rundle Woolcock. Les dons faits en son honneur soutiennent la recherche et la d\u00e9fense des droits li\u00e9s \u00e0 l\u2019AMS par l\u2019interm\u00e9diaire de Vaincre l\u2019AMS Canada.","robots":{"index":"index","follow":"follow","max-snippet":"max-snippet:-1","max-image-preview":"max-image-preview:large","max-video-preview":"max-video-preview:-1"},"canonical":"https:\/\/msacanada.ca\/fr\/programmes-de-dons\/fonds-de-legs\/fonds-beverly-rundle-woolcock-pour-la-recherche-et-la-sensibilisation-a-lams-2\/","og_locale":"fr_FR","og_type":"article","og_title":"Fonds Beverly Rundle Woolcock pour la recherche et la sensibilisation \u00e0 l\u2019AMS","og_description":"En m\u00e9moire de Beverly Rundle Woolcock. Les dons faits en son honneur soutiennent la recherche et la d\u00e9fense des droits li\u00e9s \u00e0 l\u2019AMS par l\u2019interm\u00e9diaire de Vaincre l\u2019AMS Canada.","og_url":"https:\/\/msacanada.ca\/fr\/programmes-de-dons\/fonds-de-legs\/fonds-beverly-rundle-woolcock-pour-la-recherche-et-la-sensibilisation-a-lams-2\/","og_site_name":"MSA Canada","article_publisher":"https:\/\/www.facebook.com\/defeatmsacanada\/","og_image":[{"width":1920,"height":1008,"url":"https:\/\/msacanada.ca\/wp-content\/uploads\/2025\/04\/MSA-Featured.jpg","type":"image\/jpeg"}],"twitter_card":"summary_large_image","twitter_misc":{"Dur\u00e9e de lecture estim\u00e9e":"2 minutes"},"schema":{"@context":"https:\/\/schema.org","@graph":[{"@type":"WebPage","@id":"https:\/\/msacanada.ca\/fr\/programmes-de-dons\/fonds-de-legs\/fonds-beverly-rundle-woolcock-pour-la-recherche-et-la-sensibilisation-a-lams-2\/","url":"https:\/\/msacanada.ca\/fr\/programmes-de-dons\/fonds-de-legs\/fonds-beverly-rundle-woolcock-pour-la-recherche-et-la-sensibilisation-a-lams-2\/","name":"Fonds Beverly Rundle Woolcock pour la recherche et la sensibilisation \u00e0 l\u2019AMS","isPartOf":{"@id":"https:\/\/msacanada.ca\/fr\/#website"},"primaryImageOfPage":{"@id":"https:\/\/msacanada.ca\/fr\/programmes-de-dons\/fonds-de-legs\/fonds-beverly-rundle-woolcock-pour-la-recherche-et-la-sensibilisation-a-lams-2\/#primaryimage"},"image":{"@id":"https:\/\/msacanada.ca\/fr\/programmes-de-dons\/fonds-de-legs\/fonds-beverly-rundle-woolcock-pour-la-recherche-et-la-sensibilisation-a-lams-2\/#primaryimage"},"thumbnailUrl":"https:\/\/msacanada.ca\/wp-content\/uploads\/2025\/04\/MSA-Featured.jpg","datePublished":"2025-12-19T04:41:02+00:00","description":"En m\u00e9moire de Beverly Rundle Woolcock. Les dons faits en son honneur soutiennent la recherche et la d\u00e9fense des droits li\u00e9s \u00e0 l\u2019AMS par l\u2019interm\u00e9diaire de Vaincre l\u2019AMS Canada.","breadcrumb":{"@id":"https:\/\/msacanada.ca\/fr\/programmes-de-dons\/fonds-de-legs\/fonds-beverly-rundle-woolcock-pour-la-recherche-et-la-sensibilisation-a-lams-2\/#breadcrumb"},"inLanguage":"fr-FR","potentialAction":[{"@type":"ReadAction","target":["https:\/\/msacanada.ca\/fr\/programmes-de-dons\/fonds-de-legs\/fonds-beverly-rundle-woolcock-pour-la-recherche-et-la-sensibilisation-a-lams-2\/"]}]},{"@type":"ImageObject","inLanguage":"fr-FR","@id":"https:\/\/msacanada.ca\/fr\/programmes-de-dons\/fonds-de-legs\/fonds-beverly-rundle-woolcock-pour-la-recherche-et-la-sensibilisation-a-lams-2\/#primaryimage","url":"https:\/\/msacanada.ca\/wp-content\/uploads\/2025\/04\/MSA-Featured.jpg","contentUrl":"https:\/\/msacanada.ca\/wp-content\/uploads\/2025\/04\/MSA-Featured.jpg","width":1920,"height":1008},{"@type":"BreadcrumbList","@id":"https:\/\/msacanada.ca\/fr\/programmes-de-dons\/fonds-de-legs\/fonds-beverly-rundle-woolcock-pour-la-recherche-et-la-sensibilisation-a-lams-2\/#breadcrumb","itemListElement":[{"@type":"ListItem","position":1,"name":"Home","item":"https:\/\/msacanada.ca\/fr\/"},{"@type":"ListItem","position":2,"name":"Programmes de dons","item":"https:\/\/msacanada.ca\/fr\/giving-programs\/"},{"@type":"ListItem","position":3,"name":"Fonds de legs","item":"https:\/\/msacanada.ca\/fr\/giving-programs\/legacy-funds\/"},{"@type":"ListItem","position":4,"name":"Fonds Beverly Rundle Woolcock pour la recherche et la sensibilisation \u00e0 l\u2019AMS"}]},{"@type":"WebSite","@id":"https:\/\/msacanada.ca\/fr\/#website","url":"https:\/\/msacanada.ca\/fr\/","name":"MSA Canada","description":"Defeat MSA\/Vaincre AMS Canada","publisher":{"@id":"https:\/\/msacanada.ca\/fr\/#organization"},"potentialAction":[{"@type":"SearchAction","target":{"@type":"EntryPoint","urlTemplate":"https:\/\/msacanada.ca\/fr\/?s={search_term_string}"},"query-input":{"@type":"PropertyValueSpecification","valueRequired":true,"valueName":"search_term_string"}}],"inLanguage":"fr-FR"},{"@type":"Organization","@id":"https:\/\/msacanada.ca\/fr\/#organization","name":"MSA Canada","url":"https:\/\/msacanada.ca\/fr\/","logo":{"@type":"ImageObject","inLanguage":"fr-FR","@id":"https:\/\/msacanada.ca\/fr\/#\/schema\/logo\/image\/","url":"https:\/\/msacanada.ca\/wp-content\/uploads\/2024\/11\/MSA-Canada-Logo-ret.png","contentUrl":"https:\/\/msacanada.ca\/wp-content\/uploads\/2024\/11\/MSA-Canada-Logo-ret.png","width":400,"height":400,"caption":"MSA Canada"},"image":{"@id":"https:\/\/msacanada.ca\/fr\/#\/schema\/logo\/image\/"},"sameAs":["https:\/\/www.facebook.com\/defeatmsacanada\/","https:\/\/www.instagram.com\/msaamscanada\/","https:\/\/www.youtube.com\/channel\/UCT9R2fSQUFmhiJ_xP3hICxg","https:\/\/www.linkedin.com\/company\/defeatmsacanada"]}]}},"_links":{"self":[{"href":"https:\/\/msacanada.ca\/fr\/wp-json\/wp\/v2\/pages\/242636","targetHints":{"allow":["GET"]}}],"collection":[{"href":"https:\/\/msacanada.ca\/fr\/wp-json\/wp\/v2\/pages"}],"about":[{"href":"https:\/\/msacanada.ca\/fr\/wp-json\/wp\/v2\/types\/page"}],"author":[{"embeddable":true,"href":"https:\/\/msacanada.ca\/fr\/wp-json\/wp\/v2\/users\/2"}],"replies":[{"embeddable":true,"href":"https:\/\/msacanada.ca\/fr\/wp-json\/wp\/v2\/comments?post=242636"}],"version-history":[{"count":1,"href":"https:\/\/msacanada.ca\/fr\/wp-json\/wp\/v2\/pages\/242636\/revisions"}],"predecessor-version":[{"id":242637,"href":"https:\/\/msacanada.ca\/fr\/wp-json\/wp\/v2\/pages\/242636\/revisions\/242637"}],"up":[{"embeddable":true,"href":"https:\/\/msacanada.ca\/fr\/wp-json\/wp\/v2\/pages\/241747"}],"wp:featuredmedia":[{"embeddable":true,"href":"https:\/\/msacanada.ca\/fr\/wp-json\/wp\/v2\/media\/241712"}],"wp:attachment":[{"href":"https:\/\/msacanada.ca\/fr\/wp-json\/wp\/v2\/media?parent=242636"}],"curies":[{"name":"wp","href":"https:\/\/api.w.org\/{rel}","templated":true}]}}