{"id":242679,"date":"2026-02-03T08:21:16","date_gmt":"2026-02-03T08:21:16","guid":{"rendered":"https:\/\/msacanada.ca\/?page_id=242679"},"modified":"2026-02-03T08:21:16","modified_gmt":"2026-02-03T08:21:16","slug":"a-propos-de-lams","status":"publish","type":"page","link":"https:\/\/msacanada.ca\/fr\/a-propos-de-lams\/","title":{"rendered":"\u00c0 propos de l&rsquo;AMS"},"content":{"rendered":"<div class=\"wpb-content-wrapper\"><p>[vc_row][vc_column][vc_column_text css=\u00a0\u00bb.vc_custom_1747246279358{margin-bottom: 20px !important;}\u00a0\u00bb]<\/p>\n<h2>NOTRE <span style=\"color: #7b54a0;\">MISSION<\/span><\/h2>\n<p>[\/vc_column_text][vc_row_inner][vc_column_inner width=\u00a0\u00bb2\/3&Prime;]<div class=\"standard-arrow bullet-top\"><p>Constatant que l\u2019attention actuelle se concentre principalement sur des maladies plus connues, l\u2019atrophie multisyst\u00e9matis\u00e9e (AMS) est souvent n\u00e9glig\u00e9e. Les patients atteints d\u2019AMS font face \u00e0 un sombre pronostic et disposent de peu d\u2019options. Membre essentiel du consortium MSA United, **Vaincre l\u2019Atrophie Multisyst\u00e9matis\u00e9e Canada \u2013 Defeat Multiple System Atrophy Canada** est un organisme de bienfaisance canadien inclusif, enregistr\u00e9 sous le num\u00e9ro 758784284RR0001. Son objectif est d\u2019\u00e9quilibrer les efforts pour soutenir les patients, informer les professionnels de la sant\u00e9, sensibiliser le public, encourager la recherche prometteuse et d\u00e9fendre les int\u00e9r\u00eats de la communaut\u00e9 AMS.<\/p>\n<p>Enti\u00e8rement compos\u00e9 de b\u00e9n\u00e9voles, **Vaincre l\u2019AMS Canada \u2013 Defeat MSA Canada** poursuit une mission en cinq volets :<\/p>\n<ul>\n<li>Construire un monde qui soutient v\u00e9ritablement les personnes atteintes d\u2019AMS<\/li>\n<li>Favoriser une meilleure formation m\u00e9dicale sur l\u2019AMS<\/li>\n<li>Accro\u00eetre la sensibilisation du public \u00e0 la vie avec l\u2019AMS<\/li>\n<li>Encourager la recherche prometteuse sur les traitements et le ralentissement de l\u2019AMS<\/li>\n<li>Faire progresser les droits et int\u00e9r\u00eats de toutes les personnes touch\u00e9es par l\u2019AMS<\/li>\n<\/ul>\n<\/div>[\/vc_column_inner][vc_column_inner width=\u00a0\u00bb1\/3&Prime;][vc_column_text css=\u00a0\u00bb\u00a0\u00bb]<img loading=\"lazy\" decoding=\"async\" class=\"alignnone size-full wp-image-241174\" src=\"https:\/\/msacanada.ca\/wp-content\/uploads\/2025\/04\/Defeat-MSA-Canada-01.png\" alt=\"Caregiver helping man in his wheelchair\" width=\"800\" height=\"800\" srcset=\"https:\/\/msacanada.ca\/wp-content\/uploads\/2025\/04\/Defeat-MSA-Canada-01.png 800w, https:\/\/msacanada.ca\/wp-content\/uploads\/2025\/04\/Defeat-MSA-Canada-01-300x300.png 300w, https:\/\/msacanada.ca\/wp-content\/uploads\/2025\/04\/Defeat-MSA-Canada-01-150x150.png 150w, https:\/\/msacanada.ca\/wp-content\/uploads\/2025\/04\/Defeat-MSA-Canada-01-768x768.png 768w, https:\/\/msacanada.ca\/wp-content\/uploads\/2025\/04\/Defeat-MSA-Canada-01-600x600.png 600w, https:\/\/msacanada.ca\/wp-content\/uploads\/2025\/04\/Defeat-MSA-Canada-01-200x200.png 200w\" sizes=\"auto, (max-width: 800px) 100vw, 800px\" \/>[\/vc_column_text][\/vc_column_inner][\/vc_row_inner][vc_empty_space height=\u00a0\u00bb10px\u00a0\u00bb][vc_column_text css=\u00a0\u00bb\u00a0\u00bb]<em>Vaincre l\u2019AMS Canada \u2013 Defeat MSA Canada<\/em> invite toutes les personnes, partout dans le monde, \u00e0 se joindre \u00e0 nous dans ce noble combat : parler au nom de ceux qui ne le peuvent pas, d\u2019un seul esprit, d\u2019un seul c\u0153ur et d\u2019une seule voix, pour vaincre l\u2019AMS une fois pour toutes\u202f![\/vc_column_text][\/vc_column][\/vc_row][vc_row css=\u00a0\u00bb.vc_custom_1738798364339{background-color: #D72749 !important;border-radius: 15px !important;}\u00a0\u00bb][vc_column][vc_column_text css=\u00a0\u00bb\u00a0\u00bb]<\/p>\n<div align=\"center\">\n<h2 class=\"whitetext\">SENSIBILISATION. SOULAGEMENT. PROGR\u00c8S.<\/h2>\n<\/div>\n<p>[\/vc_column_text][\/vc_column][\/vc_row][vc_row css=\u00a0\u00bb.vc_custom_1738793981250{padding-bottom: 30px !important;}\u00a0\u00bb][vc_column][vc_column_text css=\u00a0\u00bb.vc_custom_1747246080208{margin-bottom: 20px !important;}\u00a0\u00bb]<\/p>\n<h2>NOTRE <span style=\"color: #7b54a0;\">APPROCHE<\/span><\/h2>\n<p>[\/vc_column_text][vc_column_text css=\u00a0\u00bb\u00a0\u00bb]Nous nous engageons \u00e0 sensibiliser le milieu m\u00e9dical et la soci\u00e9t\u00e9 aux r\u00e9alit\u00e9s de l\u2019atrophie multisyst\u00e9matis\u00e9e et aux d\u00e9fis quotidiens que vivent les personnes atteintes de cette maladie.<br \/>\nNous nous engageons \u00e0 contribuer \u00e0 la cr\u00e9ation d\u2019un r\u00e9seau de soutien pour les patients atteints d\u2019atrophie multisyst\u00e9matis\u00e9e et leurs proches aidants.<br \/>\nNous nous engageons \u00e0 encourager un dialogue libre et ouvert qui favorise l\u2019avancement de la recherche scientifique.<br \/>\nNous nous engageons \u00e0 mener nos activit\u00e9s avec les plus hauts standards d\u2019\u00e9thique professionnelle, d\u2019int\u00e9grit\u00e9 organisationnelle et de transparence financi\u00e8re.<\/p>\n<p>Avec confiance, et en collaboration avec d\u2019autres organismes partageant les m\u00eames valeurs, nous construirons une coalition de patients, de proches aidants, de chercheurs, de donateurs et de d\u00e9cideurs afin de poursuivre une cause commune : remporter la bataille et vaincre \u00e0 jamais l\u2019atrophie multisyst\u00e9matis\u00e9e.<br \/>\n[\/vc_column_text][\/vc_column][\/vc_row][vc_row full_width=\u00a0\u00bbstretch_row\u00a0\u00bb css=\u00a0\u00bb.vc_custom_1738793999655{margin-bottom: -70px !important;padding-top: 30px !important;padding-bottom: 30px !important;background-color: #F8F8F8 !important;}\u00a0\u00bb][vc_column][vc_column_text css=\u00a0\u00bb\u00a0\u00bb]<strong>POUR TOUTE QUESTION, VEUILLEZ NOUS CONTACTER \u00c0 :<\/strong><\/p>\n<p><strong><a href=\"mailto:DEFEATMSA@GMAIL.COM\" target=\"_blank\" rel=\"noopener\">DEFEATMSA@GMAIL.COM<\/a><\/strong><\/p>\n<p>OU<\/p>\n<p><a href=\"mailto:DIRECTOR@MSACANADA.CA\" target=\"_blank\" rel=\"noopener\"><strong>DIRECTOR@MSACANADA.CA<\/strong><\/a>[\/vc_column_text][\/vc_column][\/vc_row]<\/p>\n<\/div>","protected":false},"excerpt":{"rendered":"<p>[vc_row][vc_column][vc_column_text css=\u00a0\u00bb.vc_custom_1747246279358{margin-bottom: 20px !important;}\u00a0\u00bb] NOTRE MISSION [\/vc_column_text][vc_row_inner][vc_column_inner width=\u00a0\u00bb2\/3&Prime;][\/vc_column_inner][vc_column_inner width=\u00a0\u00bb1\/3&Prime;][vc_column_text css=\u00a0\u00bb\u00a0\u00bb][\/vc_column_text][\/vc_column_inner][\/vc_row_inner][vc_empty_space height=\u00a0\u00bb10px\u00a0\u00bb][vc_column_text css=\u00a0\u00bb\u00a0\u00bb]Vaincre l\u2019AMS Canada \u2013 Defeat MSA Canada invite toutes les personnes, partout dans le monde, \u00e0 se joindre \u00e0 nous dans ce noble combat : parler au nom de ceux qui ne le peuvent pas, d\u2019un seul esprit, d\u2019un seul c\u0153ur et d\u2019une seule&hellip;<\/p>\n","protected":false},"author":3,"featured_media":241712,"parent":0,"menu_order":0,"comment_status":"closed","ping_status":"closed","template":"","meta":{"footnotes":""},"class_list":["post-242679","page","type-page","status-publish","has-post-thumbnail","hentry","description-off"],"yoast_head":"<!-- This site is optimized with the Yoast SEO plugin v25.3 - https:\/\/yoast.com\/wordpress\/plugins\/seo\/ -->\n<title>Soutien aux patients atteints d\u2019AMS | Vaincre l\u2019AMS Canada<\/title>\n<meta name=\"description\" content=\"Vaincre l\u2019AMS Canada soutient les patients, sensibilise le public, \u00e9duque, finance la recherche et d\u00e9fend les int\u00e9r\u00eats de la communaut\u00e9 AMS.\" \/>\n<meta name=\"robots\" content=\"index, follow, max-snippet:-1, max-image-preview:large, max-video-preview:-1\" \/>\n<link rel=\"canonical\" href=\"https:\/\/msacanada.ca\/fr\/a-propos-de-lams\/\" \/>\n<meta property=\"og:locale\" content=\"fr_FR\" \/>\n<meta property=\"og:type\" content=\"article\" \/>\n<meta property=\"og:title\" content=\"Soutien aux patients atteints d\u2019AMS | Vaincre l\u2019AMS Canada\" \/>\n<meta property=\"og:description\" content=\"Vaincre l\u2019AMS Canada soutient les patients, sensibilise le public, \u00e9duque, finance la recherche et d\u00e9fend les int\u00e9r\u00eats de la communaut\u00e9 AMS.\" \/>\n<meta property=\"og:url\" content=\"https:\/\/msacanada.ca\/fr\/a-propos-de-lams\/\" \/>\n<meta property=\"og:site_name\" content=\"MSA Canada\" \/>\n<meta property=\"article:publisher\" content=\"https:\/\/www.facebook.com\/defeatmsacanada\/\" \/>\n<meta property=\"og:image\" content=\"https:\/\/msacanada.ca\/wp-content\/uploads\/2025\/04\/MSA-Featured.jpg\" \/>\n\t<meta property=\"og:image:width\" content=\"1920\" \/>\n\t<meta property=\"og:image:height\" content=\"1008\" \/>\n\t<meta property=\"og:image:type\" content=\"image\/jpeg\" \/>\n<meta name=\"twitter:card\" content=\"summary_large_image\" \/>\n<meta name=\"twitter:label1\" content=\"Dur\u00e9e de lecture estim\u00e9e\" \/>\n\t<meta name=\"twitter:data1\" content=\"3 minutes\" \/>\n<script type=\"application\/ld+json\" class=\"yoast-schema-graph\">{\"@context\":\"https:\/\/schema.org\",\"@graph\":[{\"@type\":\"WebPage\",\"@id\":\"https:\/\/msacanada.ca\/fr\/a-propos-de-lams\/\",\"url\":\"https:\/\/msacanada.ca\/fr\/a-propos-de-lams\/\",\"name\":\"Soutien aux patients atteints d\u2019AMS | Vaincre l\u2019AMS Canada\",\"isPartOf\":{\"@id\":\"https:\/\/msacanada.ca\/fr\/#website\"},\"primaryImageOfPage\":{\"@id\":\"https:\/\/msacanada.ca\/fr\/a-propos-de-lams\/#primaryimage\"},\"image\":{\"@id\":\"https:\/\/msacanada.ca\/fr\/a-propos-de-lams\/#primaryimage\"},\"thumbnailUrl\":\"https:\/\/msacanada.ca\/wp-content\/uploads\/2025\/04\/MSA-Featured.jpg\",\"datePublished\":\"2026-02-03T08:21:16+00:00\",\"description\":\"Vaincre l\u2019AMS Canada soutient les patients, sensibilise le public, \u00e9duque, finance la recherche et d\u00e9fend les int\u00e9r\u00eats de la communaut\u00e9 AMS.\",\"breadcrumb\":{\"@id\":\"https:\/\/msacanada.ca\/fr\/a-propos-de-lams\/#breadcrumb\"},\"inLanguage\":\"fr-FR\",\"potentialAction\":[{\"@type\":\"ReadAction\",\"target\":[\"https:\/\/msacanada.ca\/fr\/a-propos-de-lams\/\"]}]},{\"@type\":\"ImageObject\",\"inLanguage\":\"fr-FR\",\"@id\":\"https:\/\/msacanada.ca\/fr\/a-propos-de-lams\/#primaryimage\",\"url\":\"https:\/\/msacanada.ca\/wp-content\/uploads\/2025\/04\/MSA-Featured.jpg\",\"contentUrl\":\"https:\/\/msacanada.ca\/wp-content\/uploads\/2025\/04\/MSA-Featured.jpg\",\"width\":1920,\"height\":1008},{\"@type\":\"BreadcrumbList\",\"@id\":\"https:\/\/msacanada.ca\/fr\/a-propos-de-lams\/#breadcrumb\",\"itemListElement\":[{\"@type\":\"ListItem\",\"position\":1,\"name\":\"Home\",\"item\":\"https:\/\/msacanada.ca\/fr\/\"},{\"@type\":\"ListItem\",\"position\":2,\"name\":\"\u00c0 propos de l&#8217;AMS\"}]},{\"@type\":\"WebSite\",\"@id\":\"https:\/\/msacanada.ca\/fr\/#website\",\"url\":\"https:\/\/msacanada.ca\/fr\/\",\"name\":\"MSA Canada\",\"description\":\"Defeat MSA\/Vaincre AMS Canada\",\"publisher\":{\"@id\":\"https:\/\/msacanada.ca\/fr\/#organization\"},\"potentialAction\":[{\"@type\":\"SearchAction\",\"target\":{\"@type\":\"EntryPoint\",\"urlTemplate\":\"https:\/\/msacanada.ca\/fr\/?s={search_term_string}\"},\"query-input\":{\"@type\":\"PropertyValueSpecification\",\"valueRequired\":true,\"valueName\":\"search_term_string\"}}],\"inLanguage\":\"fr-FR\"},{\"@type\":\"Organization\",\"@id\":\"https:\/\/msacanada.ca\/fr\/#organization\",\"name\":\"MSA Canada\",\"url\":\"https:\/\/msacanada.ca\/fr\/\",\"logo\":{\"@type\":\"ImageObject\",\"inLanguage\":\"fr-FR\",\"@id\":\"https:\/\/msacanada.ca\/fr\/#\/schema\/logo\/image\/\",\"url\":\"https:\/\/msacanada.ca\/wp-content\/uploads\/2024\/11\/MSA-Canada-Logo-ret.png\",\"contentUrl\":\"https:\/\/msacanada.ca\/wp-content\/uploads\/2024\/11\/MSA-Canada-Logo-ret.png\",\"width\":400,\"height\":400,\"caption\":\"MSA Canada\"},\"image\":{\"@id\":\"https:\/\/msacanada.ca\/fr\/#\/schema\/logo\/image\/\"},\"sameAs\":[\"https:\/\/www.facebook.com\/defeatmsacanada\/\",\"https:\/\/www.instagram.com\/msaamscanada\/\",\"https:\/\/www.youtube.com\/channel\/UCT9R2fSQUFmhiJ_xP3hICxg\",\"https:\/\/www.linkedin.com\/company\/defeatmsacanada\"]}]}<\/script>\n<!-- \/ Yoast SEO plugin. -->","yoast_head_json":{"title":"Soutien aux patients atteints d\u2019AMS | Vaincre l\u2019AMS Canada","description":"Vaincre l\u2019AMS Canada soutient les patients, sensibilise le public, \u00e9duque, finance la recherche et d\u00e9fend les int\u00e9r\u00eats de la communaut\u00e9 AMS.","robots":{"index":"index","follow":"follow","max-snippet":"max-snippet:-1","max-image-preview":"max-image-preview:large","max-video-preview":"max-video-preview:-1"},"canonical":"https:\/\/msacanada.ca\/fr\/a-propos-de-lams\/","og_locale":"fr_FR","og_type":"article","og_title":"Soutien aux patients atteints d\u2019AMS | Vaincre l\u2019AMS Canada","og_description":"Vaincre l\u2019AMS Canada soutient les patients, sensibilise le public, \u00e9duque, finance la recherche et d\u00e9fend les int\u00e9r\u00eats de la communaut\u00e9 AMS.","og_url":"https:\/\/msacanada.ca\/fr\/a-propos-de-lams\/","og_site_name":"MSA Canada","article_publisher":"https:\/\/www.facebook.com\/defeatmsacanada\/","og_image":[{"width":1920,"height":1008,"url":"https:\/\/msacanada.ca\/wp-content\/uploads\/2025\/04\/MSA-Featured.jpg","type":"image\/jpeg"}],"twitter_card":"summary_large_image","twitter_misc":{"Dur\u00e9e de lecture estim\u00e9e":"3 minutes"},"schema":{"@context":"https:\/\/schema.org","@graph":[{"@type":"WebPage","@id":"https:\/\/msacanada.ca\/fr\/a-propos-de-lams\/","url":"https:\/\/msacanada.ca\/fr\/a-propos-de-lams\/","name":"Soutien aux patients atteints d\u2019AMS | Vaincre l\u2019AMS Canada","isPartOf":{"@id":"https:\/\/msacanada.ca\/fr\/#website"},"primaryImageOfPage":{"@id":"https:\/\/msacanada.ca\/fr\/a-propos-de-lams\/#primaryimage"},"image":{"@id":"https:\/\/msacanada.ca\/fr\/a-propos-de-lams\/#primaryimage"},"thumbnailUrl":"https:\/\/msacanada.ca\/wp-content\/uploads\/2025\/04\/MSA-Featured.jpg","datePublished":"2026-02-03T08:21:16+00:00","description":"Vaincre l\u2019AMS Canada soutient les patients, sensibilise le public, \u00e9duque, finance la recherche et d\u00e9fend les int\u00e9r\u00eats de la communaut\u00e9 AMS.","breadcrumb":{"@id":"https:\/\/msacanada.ca\/fr\/a-propos-de-lams\/#breadcrumb"},"inLanguage":"fr-FR","potentialAction":[{"@type":"ReadAction","target":["https:\/\/msacanada.ca\/fr\/a-propos-de-lams\/"]}]},{"@type":"ImageObject","inLanguage":"fr-FR","@id":"https:\/\/msacanada.ca\/fr\/a-propos-de-lams\/#primaryimage","url":"https:\/\/msacanada.ca\/wp-content\/uploads\/2025\/04\/MSA-Featured.jpg","contentUrl":"https:\/\/msacanada.ca\/wp-content\/uploads\/2025\/04\/MSA-Featured.jpg","width":1920,"height":1008},{"@type":"BreadcrumbList","@id":"https:\/\/msacanada.ca\/fr\/a-propos-de-lams\/#breadcrumb","itemListElement":[{"@type":"ListItem","position":1,"name":"Home","item":"https:\/\/msacanada.ca\/fr\/"},{"@type":"ListItem","position":2,"name":"\u00c0 propos de l&#8217;AMS"}]},{"@type":"WebSite","@id":"https:\/\/msacanada.ca\/fr\/#website","url":"https:\/\/msacanada.ca\/fr\/","name":"MSA Canada","description":"Defeat MSA\/Vaincre AMS Canada","publisher":{"@id":"https:\/\/msacanada.ca\/fr\/#organization"},"potentialAction":[{"@type":"SearchAction","target":{"@type":"EntryPoint","urlTemplate":"https:\/\/msacanada.ca\/fr\/?s={search_term_string}"},"query-input":{"@type":"PropertyValueSpecification","valueRequired":true,"valueName":"search_term_string"}}],"inLanguage":"fr-FR"},{"@type":"Organization","@id":"https:\/\/msacanada.ca\/fr\/#organization","name":"MSA Canada","url":"https:\/\/msacanada.ca\/fr\/","logo":{"@type":"ImageObject","inLanguage":"fr-FR","@id":"https:\/\/msacanada.ca\/fr\/#\/schema\/logo\/image\/","url":"https:\/\/msacanada.ca\/wp-content\/uploads\/2024\/11\/MSA-Canada-Logo-ret.png","contentUrl":"https:\/\/msacanada.ca\/wp-content\/uploads\/2024\/11\/MSA-Canada-Logo-ret.png","width":400,"height":400,"caption":"MSA Canada"},"image":{"@id":"https:\/\/msacanada.ca\/fr\/#\/schema\/logo\/image\/"},"sameAs":["https:\/\/www.facebook.com\/defeatmsacanada\/","https:\/\/www.instagram.com\/msaamscanada\/","https:\/\/www.youtube.com\/channel\/UCT9R2fSQUFmhiJ_xP3hICxg","https:\/\/www.linkedin.com\/company\/defeatmsacanada"]}]}},"_links":{"self":[{"href":"https:\/\/msacanada.ca\/fr\/wp-json\/wp\/v2\/pages\/242679","targetHints":{"allow":["GET"]}}],"collection":[{"href":"https:\/\/msacanada.ca\/fr\/wp-json\/wp\/v2\/pages"}],"about":[{"href":"https:\/\/msacanada.ca\/fr\/wp-json\/wp\/v2\/types\/page"}],"author":[{"embeddable":true,"href":"https:\/\/msacanada.ca\/fr\/wp-json\/wp\/v2\/users\/3"}],"replies":[{"embeddable":true,"href":"https:\/\/msacanada.ca\/fr\/wp-json\/wp\/v2\/comments?post=242679"}],"version-history":[{"count":1,"href":"https:\/\/msacanada.ca\/fr\/wp-json\/wp\/v2\/pages\/242679\/revisions"}],"predecessor-version":[{"id":242680,"href":"https:\/\/msacanada.ca\/fr\/wp-json\/wp\/v2\/pages\/242679\/revisions\/242680"}],"wp:featuredmedia":[{"embeddable":true,"href":"https:\/\/msacanada.ca\/fr\/wp-json\/wp\/v2\/media\/241712"}],"wp:attachment":[{"href":"https:\/\/msacanada.ca\/fr\/wp-json\/wp\/v2\/media?parent=242679"}],"curies":[{"name":"wp","href":"https:\/\/api.w.org\/{rel}","templated":true}]}}