{"id":241865,"date":"2025-03-15T14:51:13","date_gmt":"2025-03-15T14:51:13","guid":{"rendered":"https:\/\/msacanada.ca\/product\/official-msa-awareness-all-animals-bandana-miles-4-msa-march-may-challenge\/"},"modified":"2025-05-16T19:27:58","modified_gmt":"2025-05-16T19:27:58","slug":"bandana-officiel-de-sensibilisation-ams-pour-tous-les-animaux","status":"publish","type":"product","link":"https:\/\/msacanada.ca\/fr\/product\/bandana-officiel-de-sensibilisation-ams-pour-tous-les-animaux\/","title":{"rendered":"BANDANA OFFICIEL DE SENSIBILISATION AMS POUR TOUS LES ANIMAUX \u2013 D\u00e9fi Miles 4 MSA Mars-Mai"},"content":{"rendered":"<p>Achetez un bandana officiel de sensibilisation \u00e0 l\u2019AMS (ou plus), prenez une photo de votre animal portant le bandana, puis publiez-la dans le groupe Facebook \u00ab Miles 4 MSA \u00bb de Defeat MSA.<\/p>\n<p>Message du bandana :<br \/>\n\u00ab Sensibiliser \u00e0 l\u2019AMS, une patte \u00e0 la fois \u00bb<\/p>\n<p>Pr\u00e9parez-vous \u00e0 sensibiliser sur l\u2019Atrophie Multisyst\u00e9matis\u00e9e de mars \u00e0 mai avec ce bandana imprim\u00e9 int\u00e9gralement pour votre meilleur ami !<\/p>\n<p>Choisissez le rose pour votre douce femelle ou le bleu pour votre doux m\u00e2le !<\/p>\n<p>N\u2019OUBLIEZ PAS \u2013 vous devez organiser une collecte de fonds sur Facebook pour Defeat MSA (avec un objectif en \\$ quelconque) afin de participer \u00e0 notre concours pour le calendrier 2026 !<\/p>\n<p>Et pourquoi ne pas prendre un deuxi\u00e8me bandana pour vous assortir \u00e0 votre animal ?<\/p>\n<p>\u2022 65 % polyester recycl\u00e9, 35 % polyester<br \/>\n\u2022 Poids du tissu : 2,95 oz\/yd\u00b2 (100 g\/m\u00b2)<br \/>\n\u2022 Mati\u00e8re respirante et \u00e9vacuant l\u2019humidit\u00e9<br \/>\n\u2022 L\u00e9ger et doux au toucher<br \/>\n\u2022 Bords doublement repli\u00e9s<br \/>\n\u2022 Impression sur un seul c\u00f4t\u00e9<br \/>\n\u2022 Multifonctionnel<br \/>\n\u2022 Protection UPF50+<br \/>\n\u2022 Tissu certifi\u00e9 OEKO-TEX 100 et Global Recycled Standard (GRS)<br \/>\n\u2022 Composants du produit vierge provenant de Chine<\/p>\n<p>Informations importantes sur les tailles : la plus petite taille de bandana est con\u00e7ue pour les petits animaux et ne convient pas \u00e0 un adulte. Veuillez choisir la taille moyenne ou grande si vous commandez pour un adulte.<\/p>\n","protected":false},"excerpt":{"rendered":"<p>Achetez un bandana officiel de sensibilisation \u00e0 l\u2019AMS (ou plus), prenez une photo de votre animal portant le bandana, puis publiez-la dans le groupe Facebook \u00ab Miles 4 MSA \u00bb de Defeat MSA. Message du bandana : \u00ab Sensibiliser \u00e0 l\u2019AMS, une patte \u00e0 la fois \u00bb Pr\u00e9parez-vous \u00e0 sensibiliser sur l\u2019Atrophie Multisyst\u00e9matis\u00e9e de mars&hellip;<\/p>\n","protected":false},"featured_media":241717,"comment_status":"closed","ping_status":"closed","template":"","meta":[],"product_brand":[],"product_cat":[80],"product_tag":[],"class_list":{"0":"post-241865","1":"product","2":"type-product","3":"status-publish","4":"has-post-thumbnail","6":"product_cat-clothing-fr","7":"description-off","9":"first","10":"instock","11":"taxable","12":"shipping-taxable","13":"purchasable","14":"product-type-variable"},"yoast_head":"<!-- This site is optimized with the Yoast SEO plugin v25.3 - https:\/\/yoast.com\/wordpress\/plugins\/seo\/ -->\n<title>BANDANA OFFICIEL DE SENSIBILISATION AMS POUR TOUS LES ANIMAUX \u2013 D\u00e9fi Miles 4 MSA Mars-Mai - MSA Canada<\/title>\n<meta name=\"robots\" content=\"index, follow, max-snippet:-1, max-image-preview:large, max-video-preview:-1\" \/>\n<link rel=\"canonical\" href=\"https:\/\/msacanada.ca\/fr\/product\/bandana-officiel-de-sensibilisation-ams-pour-tous-les-animaux\/\" \/>\n<meta property=\"og:locale\" content=\"fr_FR\" \/>\n<meta property=\"og:type\" content=\"article\" \/>\n<meta property=\"og:title\" content=\"BANDANA OFFICIEL DE SENSIBILISATION AMS POUR TOUS LES ANIMAUX \u2013 D\u00e9fi Miles 4 MSA Mars-Mai - MSA Canada\" \/>\n<meta property=\"og:description\" content=\"Achetez un bandana officiel de sensibilisation \u00e0 l\u2019AMS (ou plus), prenez une photo de votre animal portant le bandana, puis publiez-la dans le groupe Facebook \u00ab Miles 4 MSA \u00bb de Defeat MSA. Message du bandana : \u00ab Sensibiliser \u00e0 l\u2019AMS, une patte \u00e0 la fois \u00bb Pr\u00e9parez-vous \u00e0 sensibiliser sur l\u2019Atrophie Multisyst\u00e9matis\u00e9e de mars&hellip;\" \/>\n<meta property=\"og:url\" content=\"https:\/\/msacanada.ca\/fr\/product\/bandana-officiel-de-sensibilisation-ams-pour-tous-les-animaux\/\" \/>\n<meta property=\"og:site_name\" content=\"MSA Canada\" \/>\n<meta property=\"article:publisher\" content=\"https:\/\/www.facebook.com\/defeatmsacanada\/\" \/>\n<meta property=\"article:modified_time\" content=\"2025-05-16T19:27:58+00:00\" \/>\n<meta property=\"og:image\" content=\"https:\/\/msacanada.ca\/wp-content\/uploads\/2025\/03\/all-over-print-bandana-white-s-front-67d593d842611.jpg\" \/>\n\t<meta property=\"og:image:width\" content=\"2000\" \/>\n\t<meta property=\"og:image:height\" content=\"2000\" \/>\n\t<meta property=\"og:image:type\" content=\"image\/jpeg\" \/>\n<meta name=\"twitter:card\" content=\"summary_large_image\" \/>\n<meta name=\"twitter:label1\" content=\"Dur\u00e9e de lecture estim\u00e9e\" \/>\n\t<meta name=\"twitter:data1\" content=\"2 minutes\" \/>\n<script type=\"application\/ld+json\" class=\"yoast-schema-graph\">{\"@context\":\"https:\/\/schema.org\",\"@graph\":[{\"@type\":\"WebPage\",\"@id\":\"https:\/\/msacanada.ca\/fr\/product\/bandana-officiel-de-sensibilisation-ams-pour-tous-les-animaux\/\",\"url\":\"https:\/\/msacanada.ca\/fr\/product\/bandana-officiel-de-sensibilisation-ams-pour-tous-les-animaux\/\",\"name\":\"BANDANA OFFICIEL DE SENSIBILISATION AMS POUR TOUS LES ANIMAUX \u2013 D\u00e9fi Miles 4 MSA Mars-Mai - MSA Canada\",\"isPartOf\":{\"@id\":\"https:\/\/msacanada.ca\/fr\/#website\"},\"primaryImageOfPage\":{\"@id\":\"https:\/\/msacanada.ca\/fr\/product\/bandana-officiel-de-sensibilisation-ams-pour-tous-les-animaux\/#primaryimage\"},\"image\":{\"@id\":\"https:\/\/msacanada.ca\/fr\/product\/bandana-officiel-de-sensibilisation-ams-pour-tous-les-animaux\/#primaryimage\"},\"thumbnailUrl\":\"https:\/\/msacanada.ca\/wp-content\/uploads\/2025\/03\/all-over-print-bandana-white-s-front-67d593d842611.jpg\",\"datePublished\":\"2025-03-15T14:51:13+00:00\",\"dateModified\":\"2025-05-16T19:27:58+00:00\",\"breadcrumb\":{\"@id\":\"https:\/\/msacanada.ca\/fr\/product\/bandana-officiel-de-sensibilisation-ams-pour-tous-les-animaux\/#breadcrumb\"},\"inLanguage\":\"fr-FR\",\"potentialAction\":[{\"@type\":\"ReadAction\",\"target\":[\"https:\/\/msacanada.ca\/fr\/product\/bandana-officiel-de-sensibilisation-ams-pour-tous-les-animaux\/\"]}]},{\"@type\":\"ImageObject\",\"inLanguage\":\"fr-FR\",\"@id\":\"https:\/\/msacanada.ca\/fr\/product\/bandana-officiel-de-sensibilisation-ams-pour-tous-les-animaux\/#primaryimage\",\"url\":\"https:\/\/msacanada.ca\/wp-content\/uploads\/2025\/03\/all-over-print-bandana-white-s-front-67d593d842611.jpg\",\"contentUrl\":\"https:\/\/msacanada.ca\/wp-content\/uploads\/2025\/03\/all-over-print-bandana-white-s-front-67d593d842611.jpg\",\"width\":2000,\"height\":2000},{\"@type\":\"BreadcrumbList\",\"@id\":\"https:\/\/msacanada.ca\/fr\/product\/bandana-officiel-de-sensibilisation-ams-pour-tous-les-animaux\/#breadcrumb\",\"itemListElement\":[{\"@type\":\"ListItem\",\"position\":1,\"name\":\"Home\",\"item\":\"https:\/\/msacanada.ca\/fr\/\"},{\"@type\":\"ListItem\",\"position\":2,\"name\":\"Boutique\",\"item\":\"https:\/\/msacanada.ca\/fr\/boutique\/\"},{\"@type\":\"ListItem\",\"position\":3,\"name\":\"BANDANA OFFICIEL DE SENSIBILISATION AMS POUR TOUS LES ANIMAUX \u2013 D\u00e9fi Miles 4 MSA Mars-Mai\"}]},{\"@type\":\"WebSite\",\"@id\":\"https:\/\/msacanada.ca\/fr\/#website\",\"url\":\"https:\/\/msacanada.ca\/fr\/\",\"name\":\"MSA Canada\",\"description\":\"Defeat MSA\/Vaincre AMS Canada\",\"publisher\":{\"@id\":\"https:\/\/msacanada.ca\/fr\/#organization\"},\"potentialAction\":[{\"@type\":\"SearchAction\",\"target\":{\"@type\":\"EntryPoint\",\"urlTemplate\":\"https:\/\/msacanada.ca\/fr\/?s={search_term_string}\"},\"query-input\":{\"@type\":\"PropertyValueSpecification\",\"valueRequired\":true,\"valueName\":\"search_term_string\"}}],\"inLanguage\":\"fr-FR\"},{\"@type\":\"Organization\",\"@id\":\"https:\/\/msacanada.ca\/fr\/#organization\",\"name\":\"MSA Canada\",\"url\":\"https:\/\/msacanada.ca\/fr\/\",\"logo\":{\"@type\":\"ImageObject\",\"inLanguage\":\"fr-FR\",\"@id\":\"https:\/\/msacanada.ca\/fr\/#\/schema\/logo\/image\/\",\"url\":\"https:\/\/msacanada.ca\/wp-content\/uploads\/2024\/11\/MSA-Canada-Logo-ret.png\",\"contentUrl\":\"https:\/\/msacanada.ca\/wp-content\/uploads\/2024\/11\/MSA-Canada-Logo-ret.png\",\"width\":400,\"height\":400,\"caption\":\"MSA Canada\"},\"image\":{\"@id\":\"https:\/\/msacanada.ca\/fr\/#\/schema\/logo\/image\/\"},\"sameAs\":[\"https:\/\/www.facebook.com\/defeatmsacanada\/\",\"https:\/\/www.instagram.com\/msaamscanada\/\",\"https:\/\/www.youtube.com\/channel\/UCT9R2fSQUFmhiJ_xP3hICxg\",\"https:\/\/www.linkedin.com\/company\/defeatmsacanada\"]}]}<\/script>\n<!-- \/ Yoast SEO plugin. -->","yoast_head_json":{"title":"BANDANA OFFICIEL DE SENSIBILISATION AMS POUR TOUS LES ANIMAUX \u2013 D\u00e9fi Miles 4 MSA Mars-Mai - MSA Canada","robots":{"index":"index","follow":"follow","max-snippet":"max-snippet:-1","max-image-preview":"max-image-preview:large","max-video-preview":"max-video-preview:-1"},"canonical":"https:\/\/msacanada.ca\/fr\/product\/bandana-officiel-de-sensibilisation-ams-pour-tous-les-animaux\/","og_locale":"fr_FR","og_type":"article","og_title":"BANDANA OFFICIEL DE SENSIBILISATION AMS POUR TOUS LES ANIMAUX \u2013 D\u00e9fi Miles 4 MSA Mars-Mai - MSA Canada","og_description":"Achetez un bandana officiel de sensibilisation \u00e0 l\u2019AMS (ou plus), prenez une photo de votre animal portant le bandana, puis publiez-la dans le groupe Facebook \u00ab Miles 4 MSA \u00bb de Defeat MSA. Message du bandana : \u00ab Sensibiliser \u00e0 l\u2019AMS, une patte \u00e0 la fois \u00bb Pr\u00e9parez-vous \u00e0 sensibiliser sur l\u2019Atrophie Multisyst\u00e9matis\u00e9e de mars&hellip;","og_url":"https:\/\/msacanada.ca\/fr\/product\/bandana-officiel-de-sensibilisation-ams-pour-tous-les-animaux\/","og_site_name":"MSA Canada","article_publisher":"https:\/\/www.facebook.com\/defeatmsacanada\/","article_modified_time":"2025-05-16T19:27:58+00:00","og_image":[{"width":2000,"height":2000,"url":"https:\/\/msacanada.ca\/wp-content\/uploads\/2025\/03\/all-over-print-bandana-white-s-front-67d593d842611.jpg","type":"image\/jpeg"}],"twitter_card":"summary_large_image","twitter_misc":{"Dur\u00e9e de lecture estim\u00e9e":"2 minutes"},"schema":{"@context":"https:\/\/schema.org","@graph":[{"@type":"WebPage","@id":"https:\/\/msacanada.ca\/fr\/product\/bandana-officiel-de-sensibilisation-ams-pour-tous-les-animaux\/","url":"https:\/\/msacanada.ca\/fr\/product\/bandana-officiel-de-sensibilisation-ams-pour-tous-les-animaux\/","name":"BANDANA OFFICIEL DE SENSIBILISATION AMS POUR TOUS LES ANIMAUX \u2013 D\u00e9fi Miles 4 MSA Mars-Mai - MSA Canada","isPartOf":{"@id":"https:\/\/msacanada.ca\/fr\/#website"},"primaryImageOfPage":{"@id":"https:\/\/msacanada.ca\/fr\/product\/bandana-officiel-de-sensibilisation-ams-pour-tous-les-animaux\/#primaryimage"},"image":{"@id":"https:\/\/msacanada.ca\/fr\/product\/bandana-officiel-de-sensibilisation-ams-pour-tous-les-animaux\/#primaryimage"},"thumbnailUrl":"https:\/\/msacanada.ca\/wp-content\/uploads\/2025\/03\/all-over-print-bandana-white-s-front-67d593d842611.jpg","datePublished":"2025-03-15T14:51:13+00:00","dateModified":"2025-05-16T19:27:58+00:00","breadcrumb":{"@id":"https:\/\/msacanada.ca\/fr\/product\/bandana-officiel-de-sensibilisation-ams-pour-tous-les-animaux\/#breadcrumb"},"inLanguage":"fr-FR","potentialAction":[{"@type":"ReadAction","target":["https:\/\/msacanada.ca\/fr\/product\/bandana-officiel-de-sensibilisation-ams-pour-tous-les-animaux\/"]}]},{"@type":"ImageObject","inLanguage":"fr-FR","@id":"https:\/\/msacanada.ca\/fr\/product\/bandana-officiel-de-sensibilisation-ams-pour-tous-les-animaux\/#primaryimage","url":"https:\/\/msacanada.ca\/wp-content\/uploads\/2025\/03\/all-over-print-bandana-white-s-front-67d593d842611.jpg","contentUrl":"https:\/\/msacanada.ca\/wp-content\/uploads\/2025\/03\/all-over-print-bandana-white-s-front-67d593d842611.jpg","width":2000,"height":2000},{"@type":"BreadcrumbList","@id":"https:\/\/msacanada.ca\/fr\/product\/bandana-officiel-de-sensibilisation-ams-pour-tous-les-animaux\/#breadcrumb","itemListElement":[{"@type":"ListItem","position":1,"name":"Home","item":"https:\/\/msacanada.ca\/fr\/"},{"@type":"ListItem","position":2,"name":"Boutique","item":"https:\/\/msacanada.ca\/fr\/boutique\/"},{"@type":"ListItem","position":3,"name":"BANDANA OFFICIEL DE SENSIBILISATION AMS POUR TOUS LES ANIMAUX \u2013 D\u00e9fi Miles 4 MSA Mars-Mai"}]},{"@type":"WebSite","@id":"https:\/\/msacanada.ca\/fr\/#website","url":"https:\/\/msacanada.ca\/fr\/","name":"MSA Canada","description":"Defeat MSA\/Vaincre AMS Canada","publisher":{"@id":"https:\/\/msacanada.ca\/fr\/#organization"},"potentialAction":[{"@type":"SearchAction","target":{"@type":"EntryPoint","urlTemplate":"https:\/\/msacanada.ca\/fr\/?s={search_term_string}"},"query-input":{"@type":"PropertyValueSpecification","valueRequired":true,"valueName":"search_term_string"}}],"inLanguage":"fr-FR"},{"@type":"Organization","@id":"https:\/\/msacanada.ca\/fr\/#organization","name":"MSA Canada","url":"https:\/\/msacanada.ca\/fr\/","logo":{"@type":"ImageObject","inLanguage":"fr-FR","@id":"https:\/\/msacanada.ca\/fr\/#\/schema\/logo\/image\/","url":"https:\/\/msacanada.ca\/wp-content\/uploads\/2024\/11\/MSA-Canada-Logo-ret.png","contentUrl":"https:\/\/msacanada.ca\/wp-content\/uploads\/2024\/11\/MSA-Canada-Logo-ret.png","width":400,"height":400,"caption":"MSA Canada"},"image":{"@id":"https:\/\/msacanada.ca\/fr\/#\/schema\/logo\/image\/"},"sameAs":["https:\/\/www.facebook.com\/defeatmsacanada\/","https:\/\/www.instagram.com\/msaamscanada\/","https:\/\/www.youtube.com\/channel\/UCT9R2fSQUFmhiJ_xP3hICxg","https:\/\/www.linkedin.com\/company\/defeatmsacanada"]}]}},"_links":{"self":[{"href":"https:\/\/msacanada.ca\/fr\/wp-json\/wp\/v2\/product\/241865","targetHints":{"allow":["GET"]}}],"collection":[{"href":"https:\/\/msacanada.ca\/fr\/wp-json\/wp\/v2\/product"}],"about":[{"href":"https:\/\/msacanada.ca\/fr\/wp-json\/wp\/v2\/types\/product"}],"replies":[{"embeddable":true,"href":"https:\/\/msacanada.ca\/fr\/wp-json\/wp\/v2\/comments?post=241865"}],"wp:featuredmedia":[{"embeddable":true,"href":"https:\/\/msacanada.ca\/fr\/wp-json\/wp\/v2\/media\/241717"}],"wp:attachment":[{"href":"https:\/\/msacanada.ca\/fr\/wp-json\/wp\/v2\/media?parent=241865"}],"wp:term":[{"taxonomy":"product_brand","embeddable":true,"href":"https:\/\/msacanada.ca\/fr\/wp-json\/wp\/v2\/product_brand?post=241865"},{"taxonomy":"product_cat","embeddable":true,"href":"https:\/\/msacanada.ca\/fr\/wp-json\/wp\/v2\/product_cat?post=241865"},{"taxonomy":"product_tag","embeddable":true,"href":"https:\/\/msacanada.ca\/fr\/wp-json\/wp\/v2\/product_tag?post=241865"}],"curies":[{"name":"wp","href":"https:\/\/api.w.org\/{rel}","templated":true}]}}