{"id":241887,"date":"2021-11-15T22:43:13","date_gmt":"2021-11-15T22:43:13","guid":{"rendered":"https:\/\/msacanada.ca\/product\/unisex-hoodie-5\/"},"modified":"2025-05-16T19:30:50","modified_gmt":"2025-05-16T19:30:50","slug":"chandail-a-capuche-unisexe","status":"publish","type":"product","link":"https:\/\/msacanada.ca\/fr\/product\/chandail-a-capuche-unisexe\/","title":{"rendered":"Chandail \u00e0 capuche unisexe"},"content":{"rendered":"<p>Tout le monde a besoin d\u2019un chandail \u00e0 capuche douillet pour se blottir, alors optez pour un mod\u00e8le doux, lisse et \u00e9l\u00e9gant. C\u2019est le choix parfait pour les soir\u00e9es fra\u00eeches !<\/p>\n<p>\u2022 50 % coton pr\u00e9-r\u00e9tr\u00e9ci, 50 % polyester<br \/>\n\u2022 Poids du tissu : 271,25 g\/m\u00b2 (8,0 oz\/yd\u00b2)<br \/>\n\u2022 Filature \u00e0 jet d\u2019air pour une sensation douce et moins de boulochage<br \/>\n\u2022 Capuche doubl\u00e9e avec cordon assorti<br \/>\n\u2022 Corps tourn\u00e9 d\u2019un quart pour \u00e9viter les plis au milieu<br \/>\n\u2022 Poignets et taille en c\u00f4te 1 \u00d7 1 avec spandex<br \/>\n\u2022 Poche kangourou \u00e0 l\u2019avant<br \/>\n\u2022 Coutures doubles aux cols, \u00e9paules, emmanchures, poignets et ourlet<br \/>\n\u2022 Produit vierge provenant du Honduras, du Mexique ou du Nicaragua<\/p>\n","protected":false},"excerpt":{"rendered":"<p>Tout le monde a besoin d\u2019un chandail \u00e0 capuche douillet pour se blottir, alors optez pour un mod\u00e8le doux, lisse et \u00e9l\u00e9gant. C\u2019est le choix parfait pour les soir\u00e9es fra\u00eeches ! \u2022 50 % coton pr\u00e9-r\u00e9tr\u00e9ci, 50 % polyester \u2022 Poids du tissu : 271,25 g\/m\u00b2 (8,0 oz\/yd\u00b2) \u2022 Filature \u00e0 jet d\u2019air pour une&hellip;<\/p>\n","protected":false},"featured_media":241682,"comment_status":"closed","ping_status":"closed","template":"","meta":[],"product_brand":[],"product_cat":[80],"product_tag":[],"class_list":{"0":"post-241887","1":"product","2":"type-product","3":"status-publish","4":"has-post-thumbnail","6":"product_cat-clothing-fr","7":"description-off","9":"first","10":"instock","11":"taxable","12":"shipping-taxable","13":"purchasable","14":"product-type-variable"},"yoast_head":"<!-- This site is optimized with the Yoast SEO plugin v25.3 - https:\/\/yoast.com\/wordpress\/plugins\/seo\/ -->\n<title>Chandail \u00e0 capuche unisexe - MSA Canada<\/title>\n<meta name=\"robots\" content=\"index, follow, max-snippet:-1, max-image-preview:large, max-video-preview:-1\" \/>\n<link rel=\"canonical\" href=\"https:\/\/msacanada.ca\/fr\/product\/chandail-a-capuche-unisexe\/\" \/>\n<meta property=\"og:locale\" content=\"fr_FR\" \/>\n<meta property=\"og:type\" content=\"article\" \/>\n<meta property=\"og:title\" content=\"Chandail \u00e0 capuche unisexe - MSA Canada\" \/>\n<meta property=\"og:description\" content=\"Tout le monde a besoin d\u2019un chandail \u00e0 capuche douillet pour se blottir, alors optez pour un mod\u00e8le doux, lisse et \u00e9l\u00e9gant. C\u2019est le choix parfait pour les soir\u00e9es fra\u00eeches ! \u2022 50 % coton pr\u00e9-r\u00e9tr\u00e9ci, 50 % polyester \u2022 Poids du tissu : 271,25 g\/m\u00b2 (8,0 oz\/yd\u00b2) \u2022 Filature \u00e0 jet d\u2019air pour une&hellip;\" \/>\n<meta property=\"og:url\" content=\"https:\/\/msacanada.ca\/fr\/product\/chandail-a-capuche-unisexe\/\" \/>\n<meta property=\"og:site_name\" content=\"MSA Canada\" \/>\n<meta property=\"article:publisher\" content=\"https:\/\/www.facebook.com\/defeatmsacanada\/\" \/>\n<meta property=\"article:modified_time\" content=\"2025-05-16T19:30:50+00:00\" \/>\n<meta property=\"og:image\" content=\"https:\/\/msacanada.ca\/wp-content\/uploads\/2025\/02\/unisex-heavy-blend-hoodie-white-front-6192e2703e1b4.jpg\" \/>\n\t<meta property=\"og:image:width\" content=\"1000\" \/>\n\t<meta property=\"og:image:height\" content=\"1000\" \/>\n\t<meta property=\"og:image:type\" content=\"image\/jpeg\" \/>\n<meta name=\"twitter:card\" content=\"summary_large_image\" \/>\n<meta name=\"twitter:label1\" content=\"Dur\u00e9e de lecture estim\u00e9e\" \/>\n\t<meta name=\"twitter:data1\" content=\"1 minute\" \/>\n<script type=\"application\/ld+json\" class=\"yoast-schema-graph\">{\"@context\":\"https:\/\/schema.org\",\"@graph\":[{\"@type\":\"WebPage\",\"@id\":\"https:\/\/msacanada.ca\/fr\/product\/chandail-a-capuche-unisexe\/\",\"url\":\"https:\/\/msacanada.ca\/fr\/product\/chandail-a-capuche-unisexe\/\",\"name\":\"Chandail \u00e0 capuche unisexe - MSA Canada\",\"isPartOf\":{\"@id\":\"https:\/\/msacanada.ca\/fr\/#website\"},\"primaryImageOfPage\":{\"@id\":\"https:\/\/msacanada.ca\/fr\/product\/chandail-a-capuche-unisexe\/#primaryimage\"},\"image\":{\"@id\":\"https:\/\/msacanada.ca\/fr\/product\/chandail-a-capuche-unisexe\/#primaryimage\"},\"thumbnailUrl\":\"https:\/\/msacanada.ca\/wp-content\/uploads\/2025\/02\/unisex-heavy-blend-hoodie-white-front-6192e2703e1b4.jpg\",\"datePublished\":\"2021-11-15T22:43:13+00:00\",\"dateModified\":\"2025-05-16T19:30:50+00:00\",\"breadcrumb\":{\"@id\":\"https:\/\/msacanada.ca\/fr\/product\/chandail-a-capuche-unisexe\/#breadcrumb\"},\"inLanguage\":\"fr-FR\",\"potentialAction\":[{\"@type\":\"ReadAction\",\"target\":[\"https:\/\/msacanada.ca\/fr\/product\/chandail-a-capuche-unisexe\/\"]}]},{\"@type\":\"ImageObject\",\"inLanguage\":\"fr-FR\",\"@id\":\"https:\/\/msacanada.ca\/fr\/product\/chandail-a-capuche-unisexe\/#primaryimage\",\"url\":\"https:\/\/msacanada.ca\/wp-content\/uploads\/2025\/02\/unisex-heavy-blend-hoodie-white-front-6192e2703e1b4.jpg\",\"contentUrl\":\"https:\/\/msacanada.ca\/wp-content\/uploads\/2025\/02\/unisex-heavy-blend-hoodie-white-front-6192e2703e1b4.jpg\",\"width\":1000,\"height\":1000},{\"@type\":\"BreadcrumbList\",\"@id\":\"https:\/\/msacanada.ca\/fr\/product\/chandail-a-capuche-unisexe\/#breadcrumb\",\"itemListElement\":[{\"@type\":\"ListItem\",\"position\":1,\"name\":\"Home\",\"item\":\"https:\/\/msacanada.ca\/fr\/\"},{\"@type\":\"ListItem\",\"position\":2,\"name\":\"Boutique\",\"item\":\"https:\/\/msacanada.ca\/fr\/boutique\/\"},{\"@type\":\"ListItem\",\"position\":3,\"name\":\"Chandail \u00e0 capuche unisexe\"}]},{\"@type\":\"WebSite\",\"@id\":\"https:\/\/msacanada.ca\/fr\/#website\",\"url\":\"https:\/\/msacanada.ca\/fr\/\",\"name\":\"MSA Canada\",\"description\":\"Defeat MSA\/Vaincre AMS Canada\",\"publisher\":{\"@id\":\"https:\/\/msacanada.ca\/fr\/#organization\"},\"potentialAction\":[{\"@type\":\"SearchAction\",\"target\":{\"@type\":\"EntryPoint\",\"urlTemplate\":\"https:\/\/msacanada.ca\/fr\/?s={search_term_string}\"},\"query-input\":{\"@type\":\"PropertyValueSpecification\",\"valueRequired\":true,\"valueName\":\"search_term_string\"}}],\"inLanguage\":\"fr-FR\"},{\"@type\":\"Organization\",\"@id\":\"https:\/\/msacanada.ca\/fr\/#organization\",\"name\":\"MSA Canada\",\"url\":\"https:\/\/msacanada.ca\/fr\/\",\"logo\":{\"@type\":\"ImageObject\",\"inLanguage\":\"fr-FR\",\"@id\":\"https:\/\/msacanada.ca\/fr\/#\/schema\/logo\/image\/\",\"url\":\"https:\/\/msacanada.ca\/wp-content\/uploads\/2024\/11\/MSA-Canada-Logo-ret.png\",\"contentUrl\":\"https:\/\/msacanada.ca\/wp-content\/uploads\/2024\/11\/MSA-Canada-Logo-ret.png\",\"width\":400,\"height\":400,\"caption\":\"MSA Canada\"},\"image\":{\"@id\":\"https:\/\/msacanada.ca\/fr\/#\/schema\/logo\/image\/\"},\"sameAs\":[\"https:\/\/www.facebook.com\/defeatmsacanada\/\",\"https:\/\/www.instagram.com\/msaamscanada\/\",\"https:\/\/www.youtube.com\/channel\/UCT9R2fSQUFmhiJ_xP3hICxg\",\"https:\/\/www.linkedin.com\/company\/defeatmsacanada\"]}]}<\/script>\n<!-- \/ Yoast SEO plugin. -->","yoast_head_json":{"title":"Chandail \u00e0 capuche unisexe - MSA Canada","robots":{"index":"index","follow":"follow","max-snippet":"max-snippet:-1","max-image-preview":"max-image-preview:large","max-video-preview":"max-video-preview:-1"},"canonical":"https:\/\/msacanada.ca\/fr\/product\/chandail-a-capuche-unisexe\/","og_locale":"fr_FR","og_type":"article","og_title":"Chandail \u00e0 capuche unisexe - MSA Canada","og_description":"Tout le monde a besoin d\u2019un chandail \u00e0 capuche douillet pour se blottir, alors optez pour un mod\u00e8le doux, lisse et \u00e9l\u00e9gant. C\u2019est le choix parfait pour les soir\u00e9es fra\u00eeches ! \u2022 50 % coton pr\u00e9-r\u00e9tr\u00e9ci, 50 % polyester \u2022 Poids du tissu : 271,25 g\/m\u00b2 (8,0 oz\/yd\u00b2) \u2022 Filature \u00e0 jet d\u2019air pour une&hellip;","og_url":"https:\/\/msacanada.ca\/fr\/product\/chandail-a-capuche-unisexe\/","og_site_name":"MSA Canada","article_publisher":"https:\/\/www.facebook.com\/defeatmsacanada\/","article_modified_time":"2025-05-16T19:30:50+00:00","og_image":[{"width":1000,"height":1000,"url":"https:\/\/msacanada.ca\/wp-content\/uploads\/2025\/02\/unisex-heavy-blend-hoodie-white-front-6192e2703e1b4.jpg","type":"image\/jpeg"}],"twitter_card":"summary_large_image","twitter_misc":{"Dur\u00e9e de lecture estim\u00e9e":"1 minute"},"schema":{"@context":"https:\/\/schema.org","@graph":[{"@type":"WebPage","@id":"https:\/\/msacanada.ca\/fr\/product\/chandail-a-capuche-unisexe\/","url":"https:\/\/msacanada.ca\/fr\/product\/chandail-a-capuche-unisexe\/","name":"Chandail \u00e0 capuche unisexe - MSA Canada","isPartOf":{"@id":"https:\/\/msacanada.ca\/fr\/#website"},"primaryImageOfPage":{"@id":"https:\/\/msacanada.ca\/fr\/product\/chandail-a-capuche-unisexe\/#primaryimage"},"image":{"@id":"https:\/\/msacanada.ca\/fr\/product\/chandail-a-capuche-unisexe\/#primaryimage"},"thumbnailUrl":"https:\/\/msacanada.ca\/wp-content\/uploads\/2025\/02\/unisex-heavy-blend-hoodie-white-front-6192e2703e1b4.jpg","datePublished":"2021-11-15T22:43:13+00:00","dateModified":"2025-05-16T19:30:50+00:00","breadcrumb":{"@id":"https:\/\/msacanada.ca\/fr\/product\/chandail-a-capuche-unisexe\/#breadcrumb"},"inLanguage":"fr-FR","potentialAction":[{"@type":"ReadAction","target":["https:\/\/msacanada.ca\/fr\/product\/chandail-a-capuche-unisexe\/"]}]},{"@type":"ImageObject","inLanguage":"fr-FR","@id":"https:\/\/msacanada.ca\/fr\/product\/chandail-a-capuche-unisexe\/#primaryimage","url":"https:\/\/msacanada.ca\/wp-content\/uploads\/2025\/02\/unisex-heavy-blend-hoodie-white-front-6192e2703e1b4.jpg","contentUrl":"https:\/\/msacanada.ca\/wp-content\/uploads\/2025\/02\/unisex-heavy-blend-hoodie-white-front-6192e2703e1b4.jpg","width":1000,"height":1000},{"@type":"BreadcrumbList","@id":"https:\/\/msacanada.ca\/fr\/product\/chandail-a-capuche-unisexe\/#breadcrumb","itemListElement":[{"@type":"ListItem","position":1,"name":"Home","item":"https:\/\/msacanada.ca\/fr\/"},{"@type":"ListItem","position":2,"name":"Boutique","item":"https:\/\/msacanada.ca\/fr\/boutique\/"},{"@type":"ListItem","position":3,"name":"Chandail \u00e0 capuche unisexe"}]},{"@type":"WebSite","@id":"https:\/\/msacanada.ca\/fr\/#website","url":"https:\/\/msacanada.ca\/fr\/","name":"MSA Canada","description":"Defeat MSA\/Vaincre AMS Canada","publisher":{"@id":"https:\/\/msacanada.ca\/fr\/#organization"},"potentialAction":[{"@type":"SearchAction","target":{"@type":"EntryPoint","urlTemplate":"https:\/\/msacanada.ca\/fr\/?s={search_term_string}"},"query-input":{"@type":"PropertyValueSpecification","valueRequired":true,"valueName":"search_term_string"}}],"inLanguage":"fr-FR"},{"@type":"Organization","@id":"https:\/\/msacanada.ca\/fr\/#organization","name":"MSA Canada","url":"https:\/\/msacanada.ca\/fr\/","logo":{"@type":"ImageObject","inLanguage":"fr-FR","@id":"https:\/\/msacanada.ca\/fr\/#\/schema\/logo\/image\/","url":"https:\/\/msacanada.ca\/wp-content\/uploads\/2024\/11\/MSA-Canada-Logo-ret.png","contentUrl":"https:\/\/msacanada.ca\/wp-content\/uploads\/2024\/11\/MSA-Canada-Logo-ret.png","width":400,"height":400,"caption":"MSA Canada"},"image":{"@id":"https:\/\/msacanada.ca\/fr\/#\/schema\/logo\/image\/"},"sameAs":["https:\/\/www.facebook.com\/defeatmsacanada\/","https:\/\/www.instagram.com\/msaamscanada\/","https:\/\/www.youtube.com\/channel\/UCT9R2fSQUFmhiJ_xP3hICxg","https:\/\/www.linkedin.com\/company\/defeatmsacanada"]}]}},"_links":{"self":[{"href":"https:\/\/msacanada.ca\/fr\/wp-json\/wp\/v2\/product\/241887","targetHints":{"allow":["GET"]}}],"collection":[{"href":"https:\/\/msacanada.ca\/fr\/wp-json\/wp\/v2\/product"}],"about":[{"href":"https:\/\/msacanada.ca\/fr\/wp-json\/wp\/v2\/types\/product"}],"replies":[{"embeddable":true,"href":"https:\/\/msacanada.ca\/fr\/wp-json\/wp\/v2\/comments?post=241887"}],"wp:featuredmedia":[{"embeddable":true,"href":"https:\/\/msacanada.ca\/fr\/wp-json\/wp\/v2\/media\/241682"}],"wp:attachment":[{"href":"https:\/\/msacanada.ca\/fr\/wp-json\/wp\/v2\/media?parent=241887"}],"wp:term":[{"taxonomy":"product_brand","embeddable":true,"href":"https:\/\/msacanada.ca\/fr\/wp-json\/wp\/v2\/product_brand?post=241887"},{"taxonomy":"product_cat","embeddable":true,"href":"https:\/\/msacanada.ca\/fr\/wp-json\/wp\/v2\/product_cat?post=241887"},{"taxonomy":"product_tag","embeddable":true,"href":"https:\/\/msacanada.ca\/fr\/wp-json\/wp\/v2\/product_tag?post=241887"}],"curies":[{"name":"wp","href":"https:\/\/api.w.org\/{rel}","templated":true}]}}