{"id":242111,"date":"2021-06-02T10:55:42","date_gmt":"2021-06-02T10:55:42","guid":{"rendered":"https:\/\/msacanada.ca\/product\/short-sleeve-unisex-t-shirt-4\/"},"modified":"2025-05-16T19:35:03","modified_gmt":"2025-05-16T19:35:03","slug":"t-shirt-unisexe-a-manches-courtes-3","status":"publish","type":"product","link":"https:\/\/msacanada.ca\/fr\/product\/t-shirt-unisexe-a-manches-courtes-3\/","title":{"rendered":"T-shirt unisexe \u00e0 manches courtes"},"content":{"rendered":"<p>Ce t-shirt est tout ce dont vous avez toujours r\u00eav\u00e9 et bien plus encore. Il est doux et l\u00e9ger, avec juste ce qu\u2019il faut d\u2019\u00e9lasticit\u00e9. Il est confortable et met en valeur autant les hommes que les femmes.<\/p>\n<p>\u2022 100 % coton peign\u00e9 et fil\u00e9 \u00e0 l\u2019anneau (les couleurs chin\u00e9es contiennent du polyester)<br \/>\n\u2022 Couleur Ash : 99 % coton peign\u00e9 et fil\u00e9 \u00e0 l\u2019anneau, 1 % polyester<br \/>\n\u2022 Couleurs chin\u00e9es : 52 % coton peign\u00e9 et fil\u00e9 \u00e0 l\u2019anneau, 48 % polyester<br \/>\n\u2022 Athletic et Black Heather : 90 % coton peign\u00e9 et fil\u00e9 \u00e0 l\u2019anneau, 10 % polyester<br \/>\n\u2022 Couleurs Heather Prism : 99 % coton peign\u00e9 et fil\u00e9 \u00e0 l\u2019anneau, 1 % polyester<br \/>\n\u2022 Poids du tissu : 142 g\/m\u00b2 (4,2 oz)<br \/>\n\u2022 Tissu pr\u00e9-r\u00e9tr\u00e9ci<br \/>\n\u2022 Construction avec coutures lat\u00e9rales<br \/>\n\u2022 Bande d\u2019\u00e9paule \u00e0 \u00e9paule<\/p>\n","protected":false},"excerpt":{"rendered":"<p>Ce t-shirt est tout ce dont vous avez toujours r\u00eav\u00e9 et bien plus encore. Il est doux et l\u00e9ger, avec juste ce qu\u2019il faut d\u2019\u00e9lasticit\u00e9. Il est confortable et met en valeur autant les hommes que les femmes. \u2022 100 % coton peign\u00e9 et fil\u00e9 \u00e0 l\u2019anneau (les couleurs chin\u00e9es contiennent du polyester) \u2022 Couleur&hellip;<\/p>\n","protected":false},"featured_media":241640,"comment_status":"closed","ping_status":"closed","template":"","meta":[],"product_brand":[],"product_cat":[80],"product_tag":[],"class_list":{"0":"post-242111","1":"product","2":"type-product","3":"status-publish","4":"has-post-thumbnail","6":"product_cat-clothing-fr","7":"description-off","9":"first","10":"instock","11":"taxable","12":"shipping-taxable","13":"purchasable","14":"product-type-variable"},"yoast_head":"<!-- This site is optimized with the Yoast SEO plugin v25.3 - https:\/\/yoast.com\/wordpress\/plugins\/seo\/ -->\n<title>T-shirt unisexe \u00e0 manches courtes - MSA Canada<\/title>\n<meta name=\"robots\" content=\"index, follow, max-snippet:-1, max-image-preview:large, max-video-preview:-1\" \/>\n<link rel=\"canonical\" href=\"https:\/\/msacanada.ca\/fr\/product\/t-shirt-unisexe-a-manches-courtes-3\/\" \/>\n<meta property=\"og:locale\" content=\"fr_FR\" \/>\n<meta property=\"og:type\" content=\"article\" \/>\n<meta property=\"og:title\" content=\"T-shirt unisexe \u00e0 manches courtes - MSA Canada\" \/>\n<meta property=\"og:description\" content=\"Ce t-shirt est tout ce dont vous avez toujours r\u00eav\u00e9 et bien plus encore. Il est doux et l\u00e9ger, avec juste ce qu\u2019il faut d\u2019\u00e9lasticit\u00e9. Il est confortable et met en valeur autant les hommes que les femmes. \u2022 100 % coton peign\u00e9 et fil\u00e9 \u00e0 l\u2019anneau (les couleurs chin\u00e9es contiennent du polyester) \u2022 Couleur&hellip;\" \/>\n<meta property=\"og:url\" content=\"https:\/\/msacanada.ca\/fr\/product\/t-shirt-unisexe-a-manches-courtes-3\/\" \/>\n<meta property=\"og:site_name\" content=\"MSA Canada\" \/>\n<meta property=\"article:publisher\" content=\"https:\/\/www.facebook.com\/defeatmsacanada\/\" \/>\n<meta property=\"article:modified_time\" content=\"2025-05-16T19:35:03+00:00\" \/>\n<meta property=\"og:image\" content=\"https:\/\/msacanada.ca\/wp-content\/uploads\/2025\/02\/unisex-premium-t-shirt-black-front-60b7639b1680c.jpg\" \/>\n\t<meta property=\"og:image:width\" content=\"1000\" \/>\n\t<meta property=\"og:image:height\" content=\"1000\" \/>\n\t<meta property=\"og:image:type\" content=\"image\/jpeg\" \/>\n<meta name=\"twitter:card\" content=\"summary_large_image\" \/>\n<meta name=\"twitter:label1\" content=\"Dur\u00e9e de lecture estim\u00e9e\" \/>\n\t<meta name=\"twitter:data1\" content=\"1 minute\" \/>\n<script type=\"application\/ld+json\" class=\"yoast-schema-graph\">{\"@context\":\"https:\/\/schema.org\",\"@graph\":[{\"@type\":\"WebPage\",\"@id\":\"https:\/\/msacanada.ca\/fr\/product\/t-shirt-unisexe-a-manches-courtes-3\/\",\"url\":\"https:\/\/msacanada.ca\/fr\/product\/t-shirt-unisexe-a-manches-courtes-3\/\",\"name\":\"T-shirt unisexe \u00e0 manches courtes - MSA Canada\",\"isPartOf\":{\"@id\":\"https:\/\/msacanada.ca\/fr\/#website\"},\"primaryImageOfPage\":{\"@id\":\"https:\/\/msacanada.ca\/fr\/product\/t-shirt-unisexe-a-manches-courtes-3\/#primaryimage\"},\"image\":{\"@id\":\"https:\/\/msacanada.ca\/fr\/product\/t-shirt-unisexe-a-manches-courtes-3\/#primaryimage\"},\"thumbnailUrl\":\"https:\/\/msacanada.ca\/wp-content\/uploads\/2025\/02\/unisex-premium-t-shirt-black-front-60b7639b1680c.jpg\",\"datePublished\":\"2021-06-02T10:55:42+00:00\",\"dateModified\":\"2025-05-16T19:35:03+00:00\",\"breadcrumb\":{\"@id\":\"https:\/\/msacanada.ca\/fr\/product\/t-shirt-unisexe-a-manches-courtes-3\/#breadcrumb\"},\"inLanguage\":\"fr-FR\",\"potentialAction\":[{\"@type\":\"ReadAction\",\"target\":[\"https:\/\/msacanada.ca\/fr\/product\/t-shirt-unisexe-a-manches-courtes-3\/\"]}]},{\"@type\":\"ImageObject\",\"inLanguage\":\"fr-FR\",\"@id\":\"https:\/\/msacanada.ca\/fr\/product\/t-shirt-unisexe-a-manches-courtes-3\/#primaryimage\",\"url\":\"https:\/\/msacanada.ca\/wp-content\/uploads\/2025\/02\/unisex-premium-t-shirt-black-front-60b7639b1680c.jpg\",\"contentUrl\":\"https:\/\/msacanada.ca\/wp-content\/uploads\/2025\/02\/unisex-premium-t-shirt-black-front-60b7639b1680c.jpg\",\"width\":1000,\"height\":1000},{\"@type\":\"BreadcrumbList\",\"@id\":\"https:\/\/msacanada.ca\/fr\/product\/t-shirt-unisexe-a-manches-courtes-3\/#breadcrumb\",\"itemListElement\":[{\"@type\":\"ListItem\",\"position\":1,\"name\":\"Home\",\"item\":\"https:\/\/msacanada.ca\/fr\/\"},{\"@type\":\"ListItem\",\"position\":2,\"name\":\"Boutique\",\"item\":\"https:\/\/msacanada.ca\/fr\/boutique\/\"},{\"@type\":\"ListItem\",\"position\":3,\"name\":\"T-shirt unisexe \u00e0 manches courtes\"}]},{\"@type\":\"WebSite\",\"@id\":\"https:\/\/msacanada.ca\/fr\/#website\",\"url\":\"https:\/\/msacanada.ca\/fr\/\",\"name\":\"MSA Canada\",\"description\":\"Defeat MSA\/Vaincre AMS Canada\",\"publisher\":{\"@id\":\"https:\/\/msacanada.ca\/fr\/#organization\"},\"potentialAction\":[{\"@type\":\"SearchAction\",\"target\":{\"@type\":\"EntryPoint\",\"urlTemplate\":\"https:\/\/msacanada.ca\/fr\/?s={search_term_string}\"},\"query-input\":{\"@type\":\"PropertyValueSpecification\",\"valueRequired\":true,\"valueName\":\"search_term_string\"}}],\"inLanguage\":\"fr-FR\"},{\"@type\":\"Organization\",\"@id\":\"https:\/\/msacanada.ca\/fr\/#organization\",\"name\":\"MSA Canada\",\"url\":\"https:\/\/msacanada.ca\/fr\/\",\"logo\":{\"@type\":\"ImageObject\",\"inLanguage\":\"fr-FR\",\"@id\":\"https:\/\/msacanada.ca\/fr\/#\/schema\/logo\/image\/\",\"url\":\"https:\/\/msacanada.ca\/wp-content\/uploads\/2024\/11\/MSA-Canada-Logo-ret.png\",\"contentUrl\":\"https:\/\/msacanada.ca\/wp-content\/uploads\/2024\/11\/MSA-Canada-Logo-ret.png\",\"width\":400,\"height\":400,\"caption\":\"MSA Canada\"},\"image\":{\"@id\":\"https:\/\/msacanada.ca\/fr\/#\/schema\/logo\/image\/\"},\"sameAs\":[\"https:\/\/www.facebook.com\/defeatmsacanada\/\",\"https:\/\/www.instagram.com\/msaamscanada\/\",\"https:\/\/www.youtube.com\/channel\/UCT9R2fSQUFmhiJ_xP3hICxg\",\"https:\/\/www.linkedin.com\/company\/defeatmsacanada\"]}]}<\/script>\n<!-- \/ Yoast SEO plugin. -->","yoast_head_json":{"title":"T-shirt unisexe \u00e0 manches courtes - MSA Canada","robots":{"index":"index","follow":"follow","max-snippet":"max-snippet:-1","max-image-preview":"max-image-preview:large","max-video-preview":"max-video-preview:-1"},"canonical":"https:\/\/msacanada.ca\/fr\/product\/t-shirt-unisexe-a-manches-courtes-3\/","og_locale":"fr_FR","og_type":"article","og_title":"T-shirt unisexe \u00e0 manches courtes - MSA Canada","og_description":"Ce t-shirt est tout ce dont vous avez toujours r\u00eav\u00e9 et bien plus encore. Il est doux et l\u00e9ger, avec juste ce qu\u2019il faut d\u2019\u00e9lasticit\u00e9. Il est confortable et met en valeur autant les hommes que les femmes. \u2022 100 % coton peign\u00e9 et fil\u00e9 \u00e0 l\u2019anneau (les couleurs chin\u00e9es contiennent du polyester) \u2022 Couleur&hellip;","og_url":"https:\/\/msacanada.ca\/fr\/product\/t-shirt-unisexe-a-manches-courtes-3\/","og_site_name":"MSA Canada","article_publisher":"https:\/\/www.facebook.com\/defeatmsacanada\/","article_modified_time":"2025-05-16T19:35:03+00:00","og_image":[{"width":1000,"height":1000,"url":"https:\/\/msacanada.ca\/wp-content\/uploads\/2025\/02\/unisex-premium-t-shirt-black-front-60b7639b1680c.jpg","type":"image\/jpeg"}],"twitter_card":"summary_large_image","twitter_misc":{"Dur\u00e9e de lecture estim\u00e9e":"1 minute"},"schema":{"@context":"https:\/\/schema.org","@graph":[{"@type":"WebPage","@id":"https:\/\/msacanada.ca\/fr\/product\/t-shirt-unisexe-a-manches-courtes-3\/","url":"https:\/\/msacanada.ca\/fr\/product\/t-shirt-unisexe-a-manches-courtes-3\/","name":"T-shirt unisexe \u00e0 manches courtes - MSA Canada","isPartOf":{"@id":"https:\/\/msacanada.ca\/fr\/#website"},"primaryImageOfPage":{"@id":"https:\/\/msacanada.ca\/fr\/product\/t-shirt-unisexe-a-manches-courtes-3\/#primaryimage"},"image":{"@id":"https:\/\/msacanada.ca\/fr\/product\/t-shirt-unisexe-a-manches-courtes-3\/#primaryimage"},"thumbnailUrl":"https:\/\/msacanada.ca\/wp-content\/uploads\/2025\/02\/unisex-premium-t-shirt-black-front-60b7639b1680c.jpg","datePublished":"2021-06-02T10:55:42+00:00","dateModified":"2025-05-16T19:35:03+00:00","breadcrumb":{"@id":"https:\/\/msacanada.ca\/fr\/product\/t-shirt-unisexe-a-manches-courtes-3\/#breadcrumb"},"inLanguage":"fr-FR","potentialAction":[{"@type":"ReadAction","target":["https:\/\/msacanada.ca\/fr\/product\/t-shirt-unisexe-a-manches-courtes-3\/"]}]},{"@type":"ImageObject","inLanguage":"fr-FR","@id":"https:\/\/msacanada.ca\/fr\/product\/t-shirt-unisexe-a-manches-courtes-3\/#primaryimage","url":"https:\/\/msacanada.ca\/wp-content\/uploads\/2025\/02\/unisex-premium-t-shirt-black-front-60b7639b1680c.jpg","contentUrl":"https:\/\/msacanada.ca\/wp-content\/uploads\/2025\/02\/unisex-premium-t-shirt-black-front-60b7639b1680c.jpg","width":1000,"height":1000},{"@type":"BreadcrumbList","@id":"https:\/\/msacanada.ca\/fr\/product\/t-shirt-unisexe-a-manches-courtes-3\/#breadcrumb","itemListElement":[{"@type":"ListItem","position":1,"name":"Home","item":"https:\/\/msacanada.ca\/fr\/"},{"@type":"ListItem","position":2,"name":"Boutique","item":"https:\/\/msacanada.ca\/fr\/boutique\/"},{"@type":"ListItem","position":3,"name":"T-shirt unisexe \u00e0 manches courtes"}]},{"@type":"WebSite","@id":"https:\/\/msacanada.ca\/fr\/#website","url":"https:\/\/msacanada.ca\/fr\/","name":"MSA Canada","description":"Defeat MSA\/Vaincre AMS Canada","publisher":{"@id":"https:\/\/msacanada.ca\/fr\/#organization"},"potentialAction":[{"@type":"SearchAction","target":{"@type":"EntryPoint","urlTemplate":"https:\/\/msacanada.ca\/fr\/?s={search_term_string}"},"query-input":{"@type":"PropertyValueSpecification","valueRequired":true,"valueName":"search_term_string"}}],"inLanguage":"fr-FR"},{"@type":"Organization","@id":"https:\/\/msacanada.ca\/fr\/#organization","name":"MSA Canada","url":"https:\/\/msacanada.ca\/fr\/","logo":{"@type":"ImageObject","inLanguage":"fr-FR","@id":"https:\/\/msacanada.ca\/fr\/#\/schema\/logo\/image\/","url":"https:\/\/msacanada.ca\/wp-content\/uploads\/2024\/11\/MSA-Canada-Logo-ret.png","contentUrl":"https:\/\/msacanada.ca\/wp-content\/uploads\/2024\/11\/MSA-Canada-Logo-ret.png","width":400,"height":400,"caption":"MSA Canada"},"image":{"@id":"https:\/\/msacanada.ca\/fr\/#\/schema\/logo\/image\/"},"sameAs":["https:\/\/www.facebook.com\/defeatmsacanada\/","https:\/\/www.instagram.com\/msaamscanada\/","https:\/\/www.youtube.com\/channel\/UCT9R2fSQUFmhiJ_xP3hICxg","https:\/\/www.linkedin.com\/company\/defeatmsacanada"]}]}},"_links":{"self":[{"href":"https:\/\/msacanada.ca\/fr\/wp-json\/wp\/v2\/product\/242111","targetHints":{"allow":["GET"]}}],"collection":[{"href":"https:\/\/msacanada.ca\/fr\/wp-json\/wp\/v2\/product"}],"about":[{"href":"https:\/\/msacanada.ca\/fr\/wp-json\/wp\/v2\/types\/product"}],"replies":[{"embeddable":true,"href":"https:\/\/msacanada.ca\/fr\/wp-json\/wp\/v2\/comments?post=242111"}],"wp:featuredmedia":[{"embeddable":true,"href":"https:\/\/msacanada.ca\/fr\/wp-json\/wp\/v2\/media\/241640"}],"wp:attachment":[{"href":"https:\/\/msacanada.ca\/fr\/wp-json\/wp\/v2\/media?parent=242111"}],"wp:term":[{"taxonomy":"product_brand","embeddable":true,"href":"https:\/\/msacanada.ca\/fr\/wp-json\/wp\/v2\/product_brand?post=242111"},{"taxonomy":"product_cat","embeddable":true,"href":"https:\/\/msacanada.ca\/fr\/wp-json\/wp\/v2\/product_cat?post=242111"},{"taxonomy":"product_tag","embeddable":true,"href":"https:\/\/msacanada.ca\/fr\/wp-json\/wp\/v2\/product_tag?post=242111"}],"curies":[{"name":"wp","href":"https:\/\/api.w.org\/{rel}","templated":true}]}}