{"id":242345,"date":"2020-09-20T18:06:08","date_gmt":"2020-09-20T18:06:08","guid":{"rendered":"https:\/\/msacanada.ca\/product\/unisex-hoodie-2\/"},"modified":"2025-05-16T19:45:46","modified_gmt":"2025-05-16T19:45:46","slug":"chandail-a-capuche-unisexe-5","status":"publish","type":"product","link":"https:\/\/msacanada.ca\/fr\/product\/chandail-a-capuche-unisexe-5\/","title":{"rendered":"Chandail \u00e0 capuche unisexe"},"content":{"rendered":"<p>Tout le monde a besoin d\u2019un hoodie douillet pour se blottir, alors choisissez-en un qui soit doux, lisse et styl\u00e9. C\u2019est le choix parfait pour les soir\u00e9es plus fra\u00eeches !<\/p>\n<p>\u2022 50 % coton, 50 % polyester<br \/>\n\u2022 Capuche doubl\u00e9e<br \/>\n\u2022 Couture double \u00e9paisseur partout<br \/>\n\u2022 Fil fil\u00e9 \u00e0 l\u2019air offrant une texture douce et moins de bouloches<br \/>\n\u2022 Poignets et ourlet en tricot c\u00f4tel\u00e9 1&#215;1 avec \u00e9lasthanne<br \/>\n\u2022 Poche ventrale kangourou<\/p>\n","protected":false},"excerpt":{"rendered":"<p>Tout le monde a besoin d\u2019un hoodie douillet pour se blottir, alors choisissez-en un qui soit doux, lisse et styl\u00e9. C\u2019est le choix parfait pour les soir\u00e9es plus fra\u00eeches ! \u2022 50 % coton, 50 % polyester \u2022 Capuche doubl\u00e9e \u2022 Couture double \u00e9paisseur partout \u2022 Fil fil\u00e9 \u00e0 l\u2019air offrant une texture douce et&hellip;<\/p>\n","protected":false},"featured_media":241562,"comment_status":"closed","ping_status":"closed","template":"","meta":[],"product_brand":[],"product_cat":[80],"product_tag":[],"class_list":{"0":"post-242345","1":"product","2":"type-product","3":"status-publish","4":"has-post-thumbnail","6":"product_cat-clothing-fr","7":"description-off","9":"first","10":"instock","11":"taxable","12":"shipping-taxable","13":"purchasable","14":"product-type-variable","15":"has-default-attributes"},"yoast_head":"<!-- This site is optimized with the Yoast SEO plugin v25.3 - https:\/\/yoast.com\/wordpress\/plugins\/seo\/ -->\n<title>Chandail \u00e0 capuche unisexe - MSA Canada<\/title>\n<meta name=\"robots\" content=\"index, follow, max-snippet:-1, max-image-preview:large, max-video-preview:-1\" \/>\n<link rel=\"canonical\" href=\"https:\/\/msacanada.ca\/fr\/product\/chandail-a-capuche-unisexe-5\/\" \/>\n<meta property=\"og:locale\" content=\"fr_FR\" \/>\n<meta property=\"og:type\" content=\"article\" \/>\n<meta property=\"og:title\" content=\"Chandail \u00e0 capuche unisexe - MSA Canada\" \/>\n<meta property=\"og:description\" content=\"Tout le monde a besoin d\u2019un hoodie douillet pour se blottir, alors choisissez-en un qui soit doux, lisse et styl\u00e9. C\u2019est le choix parfait pour les soir\u00e9es plus fra\u00eeches ! \u2022 50 % coton, 50 % polyester \u2022 Capuche doubl\u00e9e \u2022 Couture double \u00e9paisseur partout \u2022 Fil fil\u00e9 \u00e0 l\u2019air offrant une texture douce et&hellip;\" \/>\n<meta property=\"og:url\" content=\"https:\/\/msacanada.ca\/fr\/product\/chandail-a-capuche-unisexe-5\/\" \/>\n<meta property=\"og:site_name\" content=\"MSA Canada\" \/>\n<meta property=\"article:publisher\" content=\"https:\/\/www.facebook.com\/defeatmsacanada\/\" \/>\n<meta property=\"article:modified_time\" content=\"2025-05-16T19:45:46+00:00\" \/>\n<meta property=\"og:image\" content=\"https:\/\/msacanada.ca\/wp-content\/uploads\/2025\/02\/mockup-913763da.jpg\" \/>\n\t<meta property=\"og:image:width\" content=\"1000\" \/>\n\t<meta property=\"og:image:height\" content=\"1000\" \/>\n\t<meta property=\"og:image:type\" content=\"image\/jpeg\" \/>\n<meta name=\"twitter:card\" content=\"summary_large_image\" \/>\n<meta name=\"twitter:label1\" content=\"Dur\u00e9e de lecture estim\u00e9e\" \/>\n\t<meta name=\"twitter:data1\" content=\"1 minute\" \/>\n<script type=\"application\/ld+json\" class=\"yoast-schema-graph\">{\"@context\":\"https:\/\/schema.org\",\"@graph\":[{\"@type\":\"WebPage\",\"@id\":\"https:\/\/msacanada.ca\/fr\/product\/chandail-a-capuche-unisexe-5\/\",\"url\":\"https:\/\/msacanada.ca\/fr\/product\/chandail-a-capuche-unisexe-5\/\",\"name\":\"Chandail \u00e0 capuche unisexe - MSA Canada\",\"isPartOf\":{\"@id\":\"https:\/\/msacanada.ca\/fr\/#website\"},\"primaryImageOfPage\":{\"@id\":\"https:\/\/msacanada.ca\/fr\/product\/chandail-a-capuche-unisexe-5\/#primaryimage\"},\"image\":{\"@id\":\"https:\/\/msacanada.ca\/fr\/product\/chandail-a-capuche-unisexe-5\/#primaryimage\"},\"thumbnailUrl\":\"https:\/\/msacanada.ca\/wp-content\/uploads\/2025\/02\/mockup-913763da.jpg\",\"datePublished\":\"2020-09-20T18:06:08+00:00\",\"dateModified\":\"2025-05-16T19:45:46+00:00\",\"breadcrumb\":{\"@id\":\"https:\/\/msacanada.ca\/fr\/product\/chandail-a-capuche-unisexe-5\/#breadcrumb\"},\"inLanguage\":\"fr-FR\",\"potentialAction\":[{\"@type\":\"ReadAction\",\"target\":[\"https:\/\/msacanada.ca\/fr\/product\/chandail-a-capuche-unisexe-5\/\"]}]},{\"@type\":\"ImageObject\",\"inLanguage\":\"fr-FR\",\"@id\":\"https:\/\/msacanada.ca\/fr\/product\/chandail-a-capuche-unisexe-5\/#primaryimage\",\"url\":\"https:\/\/msacanada.ca\/wp-content\/uploads\/2025\/02\/mockup-913763da.jpg\",\"contentUrl\":\"https:\/\/msacanada.ca\/wp-content\/uploads\/2025\/02\/mockup-913763da.jpg\",\"width\":1000,\"height\":1000},{\"@type\":\"BreadcrumbList\",\"@id\":\"https:\/\/msacanada.ca\/fr\/product\/chandail-a-capuche-unisexe-5\/#breadcrumb\",\"itemListElement\":[{\"@type\":\"ListItem\",\"position\":1,\"name\":\"Home\",\"item\":\"https:\/\/msacanada.ca\/fr\/\"},{\"@type\":\"ListItem\",\"position\":2,\"name\":\"Boutique\",\"item\":\"https:\/\/msacanada.ca\/fr\/boutique\/\"},{\"@type\":\"ListItem\",\"position\":3,\"name\":\"Chandail \u00e0 capuche unisexe\"}]},{\"@type\":\"WebSite\",\"@id\":\"https:\/\/msacanada.ca\/fr\/#website\",\"url\":\"https:\/\/msacanada.ca\/fr\/\",\"name\":\"MSA Canada\",\"description\":\"Defeat MSA\/Vaincre AMS Canada\",\"publisher\":{\"@id\":\"https:\/\/msacanada.ca\/fr\/#organization\"},\"potentialAction\":[{\"@type\":\"SearchAction\",\"target\":{\"@type\":\"EntryPoint\",\"urlTemplate\":\"https:\/\/msacanada.ca\/fr\/?s={search_term_string}\"},\"query-input\":{\"@type\":\"PropertyValueSpecification\",\"valueRequired\":true,\"valueName\":\"search_term_string\"}}],\"inLanguage\":\"fr-FR\"},{\"@type\":\"Organization\",\"@id\":\"https:\/\/msacanada.ca\/fr\/#organization\",\"name\":\"MSA Canada\",\"url\":\"https:\/\/msacanada.ca\/fr\/\",\"logo\":{\"@type\":\"ImageObject\",\"inLanguage\":\"fr-FR\",\"@id\":\"https:\/\/msacanada.ca\/fr\/#\/schema\/logo\/image\/\",\"url\":\"https:\/\/msacanada.ca\/wp-content\/uploads\/2024\/11\/MSA-Canada-Logo-ret.png\",\"contentUrl\":\"https:\/\/msacanada.ca\/wp-content\/uploads\/2024\/11\/MSA-Canada-Logo-ret.png\",\"width\":400,\"height\":400,\"caption\":\"MSA Canada\"},\"image\":{\"@id\":\"https:\/\/msacanada.ca\/fr\/#\/schema\/logo\/image\/\"},\"sameAs\":[\"https:\/\/www.facebook.com\/defeatmsacanada\/\",\"https:\/\/www.instagram.com\/msaamscanada\/\",\"https:\/\/www.youtube.com\/channel\/UCT9R2fSQUFmhiJ_xP3hICxg\",\"https:\/\/www.linkedin.com\/company\/defeatmsacanada\"]}]}<\/script>\n<!-- \/ Yoast SEO plugin. -->","yoast_head_json":{"title":"Chandail \u00e0 capuche unisexe - MSA Canada","robots":{"index":"index","follow":"follow","max-snippet":"max-snippet:-1","max-image-preview":"max-image-preview:large","max-video-preview":"max-video-preview:-1"},"canonical":"https:\/\/msacanada.ca\/fr\/product\/chandail-a-capuche-unisexe-5\/","og_locale":"fr_FR","og_type":"article","og_title":"Chandail \u00e0 capuche unisexe - MSA Canada","og_description":"Tout le monde a besoin d\u2019un hoodie douillet pour se blottir, alors choisissez-en un qui soit doux, lisse et styl\u00e9. C\u2019est le choix parfait pour les soir\u00e9es plus fra\u00eeches ! \u2022 50 % coton, 50 % polyester \u2022 Capuche doubl\u00e9e \u2022 Couture double \u00e9paisseur partout \u2022 Fil fil\u00e9 \u00e0 l\u2019air offrant une texture douce et&hellip;","og_url":"https:\/\/msacanada.ca\/fr\/product\/chandail-a-capuche-unisexe-5\/","og_site_name":"MSA Canada","article_publisher":"https:\/\/www.facebook.com\/defeatmsacanada\/","article_modified_time":"2025-05-16T19:45:46+00:00","og_image":[{"width":1000,"height":1000,"url":"https:\/\/msacanada.ca\/wp-content\/uploads\/2025\/02\/mockup-913763da.jpg","type":"image\/jpeg"}],"twitter_card":"summary_large_image","twitter_misc":{"Dur\u00e9e de lecture estim\u00e9e":"1 minute"},"schema":{"@context":"https:\/\/schema.org","@graph":[{"@type":"WebPage","@id":"https:\/\/msacanada.ca\/fr\/product\/chandail-a-capuche-unisexe-5\/","url":"https:\/\/msacanada.ca\/fr\/product\/chandail-a-capuche-unisexe-5\/","name":"Chandail \u00e0 capuche unisexe - MSA Canada","isPartOf":{"@id":"https:\/\/msacanada.ca\/fr\/#website"},"primaryImageOfPage":{"@id":"https:\/\/msacanada.ca\/fr\/product\/chandail-a-capuche-unisexe-5\/#primaryimage"},"image":{"@id":"https:\/\/msacanada.ca\/fr\/product\/chandail-a-capuche-unisexe-5\/#primaryimage"},"thumbnailUrl":"https:\/\/msacanada.ca\/wp-content\/uploads\/2025\/02\/mockup-913763da.jpg","datePublished":"2020-09-20T18:06:08+00:00","dateModified":"2025-05-16T19:45:46+00:00","breadcrumb":{"@id":"https:\/\/msacanada.ca\/fr\/product\/chandail-a-capuche-unisexe-5\/#breadcrumb"},"inLanguage":"fr-FR","potentialAction":[{"@type":"ReadAction","target":["https:\/\/msacanada.ca\/fr\/product\/chandail-a-capuche-unisexe-5\/"]}]},{"@type":"ImageObject","inLanguage":"fr-FR","@id":"https:\/\/msacanada.ca\/fr\/product\/chandail-a-capuche-unisexe-5\/#primaryimage","url":"https:\/\/msacanada.ca\/wp-content\/uploads\/2025\/02\/mockup-913763da.jpg","contentUrl":"https:\/\/msacanada.ca\/wp-content\/uploads\/2025\/02\/mockup-913763da.jpg","width":1000,"height":1000},{"@type":"BreadcrumbList","@id":"https:\/\/msacanada.ca\/fr\/product\/chandail-a-capuche-unisexe-5\/#breadcrumb","itemListElement":[{"@type":"ListItem","position":1,"name":"Home","item":"https:\/\/msacanada.ca\/fr\/"},{"@type":"ListItem","position":2,"name":"Boutique","item":"https:\/\/msacanada.ca\/fr\/boutique\/"},{"@type":"ListItem","position":3,"name":"Chandail \u00e0 capuche unisexe"}]},{"@type":"WebSite","@id":"https:\/\/msacanada.ca\/fr\/#website","url":"https:\/\/msacanada.ca\/fr\/","name":"MSA Canada","description":"Defeat MSA\/Vaincre AMS Canada","publisher":{"@id":"https:\/\/msacanada.ca\/fr\/#organization"},"potentialAction":[{"@type":"SearchAction","target":{"@type":"EntryPoint","urlTemplate":"https:\/\/msacanada.ca\/fr\/?s={search_term_string}"},"query-input":{"@type":"PropertyValueSpecification","valueRequired":true,"valueName":"search_term_string"}}],"inLanguage":"fr-FR"},{"@type":"Organization","@id":"https:\/\/msacanada.ca\/fr\/#organization","name":"MSA Canada","url":"https:\/\/msacanada.ca\/fr\/","logo":{"@type":"ImageObject","inLanguage":"fr-FR","@id":"https:\/\/msacanada.ca\/fr\/#\/schema\/logo\/image\/","url":"https:\/\/msacanada.ca\/wp-content\/uploads\/2024\/11\/MSA-Canada-Logo-ret.png","contentUrl":"https:\/\/msacanada.ca\/wp-content\/uploads\/2024\/11\/MSA-Canada-Logo-ret.png","width":400,"height":400,"caption":"MSA Canada"},"image":{"@id":"https:\/\/msacanada.ca\/fr\/#\/schema\/logo\/image\/"},"sameAs":["https:\/\/www.facebook.com\/defeatmsacanada\/","https:\/\/www.instagram.com\/msaamscanada\/","https:\/\/www.youtube.com\/channel\/UCT9R2fSQUFmhiJ_xP3hICxg","https:\/\/www.linkedin.com\/company\/defeatmsacanada"]}]}},"_links":{"self":[{"href":"https:\/\/msacanada.ca\/fr\/wp-json\/wp\/v2\/product\/242345","targetHints":{"allow":["GET"]}}],"collection":[{"href":"https:\/\/msacanada.ca\/fr\/wp-json\/wp\/v2\/product"}],"about":[{"href":"https:\/\/msacanada.ca\/fr\/wp-json\/wp\/v2\/types\/product"}],"replies":[{"embeddable":true,"href":"https:\/\/msacanada.ca\/fr\/wp-json\/wp\/v2\/comments?post=242345"}],"wp:featuredmedia":[{"embeddable":true,"href":"https:\/\/msacanada.ca\/fr\/wp-json\/wp\/v2\/media\/241562"}],"wp:attachment":[{"href":"https:\/\/msacanada.ca\/fr\/wp-json\/wp\/v2\/media?parent=242345"}],"wp:term":[{"taxonomy":"product_brand","embeddable":true,"href":"https:\/\/msacanada.ca\/fr\/wp-json\/wp\/v2\/product_brand?post=242345"},{"taxonomy":"product_cat","embeddable":true,"href":"https:\/\/msacanada.ca\/fr\/wp-json\/wp\/v2\/product_cat?post=242345"},{"taxonomy":"product_tag","embeddable":true,"href":"https:\/\/msacanada.ca\/fr\/wp-json\/wp\/v2\/product_tag?post=242345"}],"curies":[{"name":"wp","href":"https:\/\/api.w.org\/{rel}","templated":true}]}}