{"id":242363,"date":"2020-09-20T17:21:19","date_gmt":"2020-09-20T17:21:19","guid":{"rendered":"https:\/\/msacanada.ca\/product\/unisex-fleece-pullover\/"},"modified":"2025-05-16T19:52:41","modified_gmt":"2025-05-16T19:52:41","slug":"chandail-en-molleton-unisexe","status":"publish","type":"product","link":"https:\/\/msacanada.ca\/fr\/product\/chandail-en-molleton-unisexe\/","title":{"rendered":"Chandail en molleton unisexe"},"content":{"rendered":"<p>Adoptez une silhouette classique avec ce chandail \u00e0 enfiler dot\u00e9 d\u2019un col rond c\u00f4tel\u00e9, de poignets longs et d\u2019un ourlet plat. Portez-le en superposition ou seul pour un look urbain et moderne. Gr\u00e2ce \u00e0 son molleton doux \u00e0 l\u2019int\u00e9rieur et sa coupe confortable, il deviendra sans doute votre chandail pr\u00e9f\u00e9r\u00e9 au quotidien\u202f!<\/p>\n<p>\u2022 Ext\u00e9rieur 100\u202f% coton<br \/>\n\u2022 65\u202f% coton, 35\u202f% polyester<br \/>\n\u2022 Charcoal Heather : 60\u202f% coton, 40\u202f% polyester<br \/>\n\u2022 Molleton \u00e0 3 fils serr\u00e9s<br \/>\n\u2022 Coutures lat\u00e9rales<br \/>\n\u2022 Col, poignets et ourlet \u00e0 surpiq\u00fbres doubles<\/p>\n","protected":false},"excerpt":{"rendered":"<p>Adoptez une silhouette classique avec ce chandail \u00e0 enfiler dot\u00e9 d\u2019un col rond c\u00f4tel\u00e9, de poignets longs et d\u2019un ourlet plat. Portez-le en superposition ou seul pour un look urbain et moderne. Gr\u00e2ce \u00e0 son molleton doux \u00e0 l\u2019int\u00e9rieur et sa coupe confortable, il deviendra sans doute votre chandail pr\u00e9f\u00e9r\u00e9 au quotidien\u202f! \u2022 Ext\u00e9rieur 100\u202f%&hellip;<\/p>\n","protected":false},"featured_media":241547,"comment_status":"closed","ping_status":"closed","template":"","meta":[],"product_brand":[],"product_cat":[80],"product_tag":[],"class_list":{"0":"post-242363","1":"product","2":"type-product","3":"status-publish","4":"has-post-thumbnail","6":"product_cat-clothing-fr","7":"description-off","9":"first","10":"instock","11":"taxable","12":"shipping-taxable","13":"purchasable","14":"product-type-variable","15":"has-default-attributes"},"yoast_head":"<!-- This site is optimized with the Yoast SEO plugin v25.3 - https:\/\/yoast.com\/wordpress\/plugins\/seo\/ -->\n<title>Chandail en molleton unisexe - MSA Canada<\/title>\n<meta name=\"robots\" content=\"index, follow, max-snippet:-1, max-image-preview:large, max-video-preview:-1\" \/>\n<link rel=\"canonical\" href=\"https:\/\/msacanada.ca\/fr\/product\/chandail-en-molleton-unisexe\/\" \/>\n<meta property=\"og:locale\" content=\"fr_FR\" \/>\n<meta property=\"og:type\" content=\"article\" \/>\n<meta property=\"og:title\" content=\"Chandail en molleton unisexe - MSA Canada\" \/>\n<meta property=\"og:description\" content=\"Adoptez une silhouette classique avec ce chandail \u00e0 enfiler dot\u00e9 d\u2019un col rond c\u00f4tel\u00e9, de poignets longs et d\u2019un ourlet plat. Portez-le en superposition ou seul pour un look urbain et moderne. Gr\u00e2ce \u00e0 son molleton doux \u00e0 l\u2019int\u00e9rieur et sa coupe confortable, il deviendra sans doute votre chandail pr\u00e9f\u00e9r\u00e9 au quotidien\u202f! \u2022 Ext\u00e9rieur 100\u202f%&hellip;\" \/>\n<meta property=\"og:url\" content=\"https:\/\/msacanada.ca\/fr\/product\/chandail-en-molleton-unisexe\/\" \/>\n<meta property=\"og:site_name\" content=\"MSA Canada\" \/>\n<meta property=\"article:publisher\" content=\"https:\/\/www.facebook.com\/defeatmsacanada\/\" \/>\n<meta property=\"article:modified_time\" content=\"2025-05-16T19:52:41+00:00\" \/>\n<meta property=\"og:image\" content=\"https:\/\/msacanada.ca\/wp-content\/uploads\/2025\/02\/mockup-36a02b0e.jpg\" \/>\n\t<meta property=\"og:image:width\" content=\"1000\" \/>\n\t<meta property=\"og:image:height\" content=\"1000\" \/>\n\t<meta property=\"og:image:type\" content=\"image\/jpeg\" \/>\n<meta name=\"twitter:card\" content=\"summary_large_image\" \/>\n<meta name=\"twitter:label1\" content=\"Dur\u00e9e de lecture estim\u00e9e\" \/>\n\t<meta name=\"twitter:data1\" content=\"1 minute\" \/>\n<script type=\"application\/ld+json\" class=\"yoast-schema-graph\">{\"@context\":\"https:\/\/schema.org\",\"@graph\":[{\"@type\":\"WebPage\",\"@id\":\"https:\/\/msacanada.ca\/fr\/product\/chandail-en-molleton-unisexe\/\",\"url\":\"https:\/\/msacanada.ca\/fr\/product\/chandail-en-molleton-unisexe\/\",\"name\":\"Chandail en molleton unisexe - MSA Canada\",\"isPartOf\":{\"@id\":\"https:\/\/msacanada.ca\/fr\/#website\"},\"primaryImageOfPage\":{\"@id\":\"https:\/\/msacanada.ca\/fr\/product\/chandail-en-molleton-unisexe\/#primaryimage\"},\"image\":{\"@id\":\"https:\/\/msacanada.ca\/fr\/product\/chandail-en-molleton-unisexe\/#primaryimage\"},\"thumbnailUrl\":\"https:\/\/msacanada.ca\/wp-content\/uploads\/2025\/02\/mockup-36a02b0e.jpg\",\"datePublished\":\"2020-09-20T17:21:19+00:00\",\"dateModified\":\"2025-05-16T19:52:41+00:00\",\"breadcrumb\":{\"@id\":\"https:\/\/msacanada.ca\/fr\/product\/chandail-en-molleton-unisexe\/#breadcrumb\"},\"inLanguage\":\"fr-FR\",\"potentialAction\":[{\"@type\":\"ReadAction\",\"target\":[\"https:\/\/msacanada.ca\/fr\/product\/chandail-en-molleton-unisexe\/\"]}]},{\"@type\":\"ImageObject\",\"inLanguage\":\"fr-FR\",\"@id\":\"https:\/\/msacanada.ca\/fr\/product\/chandail-en-molleton-unisexe\/#primaryimage\",\"url\":\"https:\/\/msacanada.ca\/wp-content\/uploads\/2025\/02\/mockup-36a02b0e.jpg\",\"contentUrl\":\"https:\/\/msacanada.ca\/wp-content\/uploads\/2025\/02\/mockup-36a02b0e.jpg\",\"width\":1000,\"height\":1000},{\"@type\":\"BreadcrumbList\",\"@id\":\"https:\/\/msacanada.ca\/fr\/product\/chandail-en-molleton-unisexe\/#breadcrumb\",\"itemListElement\":[{\"@type\":\"ListItem\",\"position\":1,\"name\":\"Home\",\"item\":\"https:\/\/msacanada.ca\/fr\/\"},{\"@type\":\"ListItem\",\"position\":2,\"name\":\"Boutique\",\"item\":\"https:\/\/msacanada.ca\/fr\/boutique\/\"},{\"@type\":\"ListItem\",\"position\":3,\"name\":\"Chandail en molleton unisexe\"}]},{\"@type\":\"WebSite\",\"@id\":\"https:\/\/msacanada.ca\/fr\/#website\",\"url\":\"https:\/\/msacanada.ca\/fr\/\",\"name\":\"MSA Canada\",\"description\":\"Defeat MSA\/Vaincre AMS Canada\",\"publisher\":{\"@id\":\"https:\/\/msacanada.ca\/fr\/#organization\"},\"potentialAction\":[{\"@type\":\"SearchAction\",\"target\":{\"@type\":\"EntryPoint\",\"urlTemplate\":\"https:\/\/msacanada.ca\/fr\/?s={search_term_string}\"},\"query-input\":{\"@type\":\"PropertyValueSpecification\",\"valueRequired\":true,\"valueName\":\"search_term_string\"}}],\"inLanguage\":\"fr-FR\"},{\"@type\":\"Organization\",\"@id\":\"https:\/\/msacanada.ca\/fr\/#organization\",\"name\":\"MSA Canada\",\"url\":\"https:\/\/msacanada.ca\/fr\/\",\"logo\":{\"@type\":\"ImageObject\",\"inLanguage\":\"fr-FR\",\"@id\":\"https:\/\/msacanada.ca\/fr\/#\/schema\/logo\/image\/\",\"url\":\"https:\/\/msacanada.ca\/wp-content\/uploads\/2024\/11\/MSA-Canada-Logo-ret.png\",\"contentUrl\":\"https:\/\/msacanada.ca\/wp-content\/uploads\/2024\/11\/MSA-Canada-Logo-ret.png\",\"width\":400,\"height\":400,\"caption\":\"MSA Canada\"},\"image\":{\"@id\":\"https:\/\/msacanada.ca\/fr\/#\/schema\/logo\/image\/\"},\"sameAs\":[\"https:\/\/www.facebook.com\/defeatmsacanada\/\",\"https:\/\/www.instagram.com\/msaamscanada\/\",\"https:\/\/www.youtube.com\/channel\/UCT9R2fSQUFmhiJ_xP3hICxg\",\"https:\/\/www.linkedin.com\/company\/defeatmsacanada\"]}]}<\/script>\n<!-- \/ Yoast SEO plugin. -->","yoast_head_json":{"title":"Chandail en molleton unisexe - MSA Canada","robots":{"index":"index","follow":"follow","max-snippet":"max-snippet:-1","max-image-preview":"max-image-preview:large","max-video-preview":"max-video-preview:-1"},"canonical":"https:\/\/msacanada.ca\/fr\/product\/chandail-en-molleton-unisexe\/","og_locale":"fr_FR","og_type":"article","og_title":"Chandail en molleton unisexe - MSA Canada","og_description":"Adoptez une silhouette classique avec ce chandail \u00e0 enfiler dot\u00e9 d\u2019un col rond c\u00f4tel\u00e9, de poignets longs et d\u2019un ourlet plat. Portez-le en superposition ou seul pour un look urbain et moderne. Gr\u00e2ce \u00e0 son molleton doux \u00e0 l\u2019int\u00e9rieur et sa coupe confortable, il deviendra sans doute votre chandail pr\u00e9f\u00e9r\u00e9 au quotidien\u202f! \u2022 Ext\u00e9rieur 100\u202f%&hellip;","og_url":"https:\/\/msacanada.ca\/fr\/product\/chandail-en-molleton-unisexe\/","og_site_name":"MSA Canada","article_publisher":"https:\/\/www.facebook.com\/defeatmsacanada\/","article_modified_time":"2025-05-16T19:52:41+00:00","og_image":[{"width":1000,"height":1000,"url":"https:\/\/msacanada.ca\/wp-content\/uploads\/2025\/02\/mockup-36a02b0e.jpg","type":"image\/jpeg"}],"twitter_card":"summary_large_image","twitter_misc":{"Dur\u00e9e de lecture estim\u00e9e":"1 minute"},"schema":{"@context":"https:\/\/schema.org","@graph":[{"@type":"WebPage","@id":"https:\/\/msacanada.ca\/fr\/product\/chandail-en-molleton-unisexe\/","url":"https:\/\/msacanada.ca\/fr\/product\/chandail-en-molleton-unisexe\/","name":"Chandail en molleton unisexe - MSA Canada","isPartOf":{"@id":"https:\/\/msacanada.ca\/fr\/#website"},"primaryImageOfPage":{"@id":"https:\/\/msacanada.ca\/fr\/product\/chandail-en-molleton-unisexe\/#primaryimage"},"image":{"@id":"https:\/\/msacanada.ca\/fr\/product\/chandail-en-molleton-unisexe\/#primaryimage"},"thumbnailUrl":"https:\/\/msacanada.ca\/wp-content\/uploads\/2025\/02\/mockup-36a02b0e.jpg","datePublished":"2020-09-20T17:21:19+00:00","dateModified":"2025-05-16T19:52:41+00:00","breadcrumb":{"@id":"https:\/\/msacanada.ca\/fr\/product\/chandail-en-molleton-unisexe\/#breadcrumb"},"inLanguage":"fr-FR","potentialAction":[{"@type":"ReadAction","target":["https:\/\/msacanada.ca\/fr\/product\/chandail-en-molleton-unisexe\/"]}]},{"@type":"ImageObject","inLanguage":"fr-FR","@id":"https:\/\/msacanada.ca\/fr\/product\/chandail-en-molleton-unisexe\/#primaryimage","url":"https:\/\/msacanada.ca\/wp-content\/uploads\/2025\/02\/mockup-36a02b0e.jpg","contentUrl":"https:\/\/msacanada.ca\/wp-content\/uploads\/2025\/02\/mockup-36a02b0e.jpg","width":1000,"height":1000},{"@type":"BreadcrumbList","@id":"https:\/\/msacanada.ca\/fr\/product\/chandail-en-molleton-unisexe\/#breadcrumb","itemListElement":[{"@type":"ListItem","position":1,"name":"Home","item":"https:\/\/msacanada.ca\/fr\/"},{"@type":"ListItem","position":2,"name":"Boutique","item":"https:\/\/msacanada.ca\/fr\/boutique\/"},{"@type":"ListItem","position":3,"name":"Chandail en molleton unisexe"}]},{"@type":"WebSite","@id":"https:\/\/msacanada.ca\/fr\/#website","url":"https:\/\/msacanada.ca\/fr\/","name":"MSA Canada","description":"Defeat MSA\/Vaincre AMS Canada","publisher":{"@id":"https:\/\/msacanada.ca\/fr\/#organization"},"potentialAction":[{"@type":"SearchAction","target":{"@type":"EntryPoint","urlTemplate":"https:\/\/msacanada.ca\/fr\/?s={search_term_string}"},"query-input":{"@type":"PropertyValueSpecification","valueRequired":true,"valueName":"search_term_string"}}],"inLanguage":"fr-FR"},{"@type":"Organization","@id":"https:\/\/msacanada.ca\/fr\/#organization","name":"MSA Canada","url":"https:\/\/msacanada.ca\/fr\/","logo":{"@type":"ImageObject","inLanguage":"fr-FR","@id":"https:\/\/msacanada.ca\/fr\/#\/schema\/logo\/image\/","url":"https:\/\/msacanada.ca\/wp-content\/uploads\/2024\/11\/MSA-Canada-Logo-ret.png","contentUrl":"https:\/\/msacanada.ca\/wp-content\/uploads\/2024\/11\/MSA-Canada-Logo-ret.png","width":400,"height":400,"caption":"MSA Canada"},"image":{"@id":"https:\/\/msacanada.ca\/fr\/#\/schema\/logo\/image\/"},"sameAs":["https:\/\/www.facebook.com\/defeatmsacanada\/","https:\/\/www.instagram.com\/msaamscanada\/","https:\/\/www.youtube.com\/channel\/UCT9R2fSQUFmhiJ_xP3hICxg","https:\/\/www.linkedin.com\/company\/defeatmsacanada"]}]}},"_links":{"self":[{"href":"https:\/\/msacanada.ca\/fr\/wp-json\/wp\/v2\/product\/242363","targetHints":{"allow":["GET"]}}],"collection":[{"href":"https:\/\/msacanada.ca\/fr\/wp-json\/wp\/v2\/product"}],"about":[{"href":"https:\/\/msacanada.ca\/fr\/wp-json\/wp\/v2\/types\/product"}],"replies":[{"embeddable":true,"href":"https:\/\/msacanada.ca\/fr\/wp-json\/wp\/v2\/comments?post=242363"}],"wp:featuredmedia":[{"embeddable":true,"href":"https:\/\/msacanada.ca\/fr\/wp-json\/wp\/v2\/media\/241547"}],"wp:attachment":[{"href":"https:\/\/msacanada.ca\/fr\/wp-json\/wp\/v2\/media?parent=242363"}],"wp:term":[{"taxonomy":"product_brand","embeddable":true,"href":"https:\/\/msacanada.ca\/fr\/wp-json\/wp\/v2\/product_brand?post=242363"},{"taxonomy":"product_cat","embeddable":true,"href":"https:\/\/msacanada.ca\/fr\/wp-json\/wp\/v2\/product_cat?post=242363"},{"taxonomy":"product_tag","embeddable":true,"href":"https:\/\/msacanada.ca\/fr\/wp-json\/wp\/v2\/product_tag?post=242363"}],"curies":[{"name":"wp","href":"https:\/\/api.w.org\/{rel}","templated":true}]}}